{"id":4157,"date":"2023-02-23T00:31:41","date_gmt":"2023-02-23T06:31:41","guid":{"rendered":"https:\/\/tecsecmty.com\/index.php\/producto\/dsc-hs2lcdwfdmk-neo-kit-de-escritorio-para-teclado-sin-cable-hs2lcdwfp9-programador\/"},"modified":"2023-03-22T23:23:17","modified_gmt":"2023-03-23T05:23:17","slug":"dsc-hs2lcdwfdmk-neo-kit-de-escritorio-para-teclado-sin-cable-hs2lcdwfp9-programador","status":"publish","type":"product","link":"https:\/\/tecsecmty.com\/index.php\/producto\/dsc-hs2lcdwfdmk-neo-kit-de-escritorio-para-teclado-sin-cable-hs2lcdwfp9-programador\/","title":{"rendered":"DSC HS2LCDWFDMK &#8211; NEO Kit de Escritorio para Teclado sin Cable HS2LCDWFP9 Programador"},"content":{"rendered":"<div class=\"row aling-items-center padding-bottom-2x\">\n<div class=\"col-lg-12\">\n<h5 class=\"card-title text-center\">Informaci\u00f3n General<\/h5>\n<p>Descripci\u00f3n<\/p>\n<p>Soporte de mesa con adaptador de corriente para los teclados inal\u00e1mbricos PowerSeries Neo. Buenos accesorios para usar cuando el teclado inal\u00e1mbrico no se va a montar en la pared. El soporte de la mesa tambi\u00e9n se puede utilizar como complemento de una colocaci\u00f3n de pared \u00ab\u00bb normal \u00ab. Por ejemplo, el teclado puede ser moverse f\u00e1cilmente entre la ubicaci\u00f3n \u00ab\u00bb normal \u00aben la puerta de entrada de la habitaci\u00f3n \/ casa al soporte del escritorio cuando sea necesario<\/p>\n<p><img decoding=\"async\" class=\"overview-center-img-web\" src=\"https:\/\/tvc.mx\/media\/469754\/DSC-HS2LCDWFDMK-NEO-Kit-de-Escritorio-para-Teclado-sin-Cable-HS2LCDWFP9-Programador.png\" alt=\"\" \/><\/div>\n<\/div>\n<div class=\"row align-items-center padding-bottom-2x\">\n<div class=\"col-md-5\"><img decoding=\"async\" class=\"d-block m-auto img-thumbnail\" src=\"https:\/\/tvc.mx\/media\/469758\/DSC-HS2LCDWFDMK-NEO-Kit-de-Escritorio-para-Teclado-sin-Cable-HS2LCDWFP9-Programador-4.png\" alt=\" \" \/><\/div>\n<div class=\"col-md-7 text-md-left text-center\">\n<h2>Incluye:<\/h2>\n<p class=\"text-muted\">\n<p>1 Soporte de escritorio<\/p>\n<p>1 Adaptador de potencia 9,0 VCC, 1,25 A, 2,25 W<\/p>\n<p>*No incluye teclado<\/p>\n<\/div>\n<\/div>\n","protected":false},"excerpt":{"rendered":"<p>Informaci\u00f3n General Descripci\u00f3n Soporte de mesa con adaptador de corriente para los teclados inal\u00e1mbricos PowerSeries Neo. Buenos accesorios para usar cuando el teclado inal\u00e1mbrico no se va a montar en la pared. El soporte de la mesa tambi\u00e9n se puede utilizar como complemento de una&hellip;<\/p>\n","protected":false},"featured_media":4156,"comment_status":"open","ping_status":"closed","template":"","meta":{"om_disable_all_campaigns":false,"_monsterinsights_skip_tracking":false,"_monsterinsights_sitenote_active":false,"_monsterinsights_sitenote_note":"","_monsterinsights_sitenote_category":0},"product_brand":[],"product_cat":[295],"product_tag":[212,211,151],"class_list":{"0":"post-4157","1":"product","2":"type-product","3":"status-publish","4":"has-post-thumbnail","6":"product_cat-teclados-alarmas-dsc","7":"product_tag-alarmas","8":"product_tag-alarmas-e-intrusion","9":"product_tag-seguridad","11":"first","12":"instock","13":"sale","14":"taxable","15":"shipping-taxable","16":"purchasable","17":"product-type-simple"},"aioseo_notices":[],"_links":{"self":[{"href":"https:\/\/tecsecmty.com\/index.php\/wp-json\/wp\/v2\/product\/4157","targetHints":{"allow":["GET"]}}],"collection":[{"href":"https:\/\/tecsecmty.com\/index.php\/wp-json\/wp\/v2\/product"}],"about":[{"href":"https:\/\/tecsecmty.com\/index.php\/wp-json\/wp\/v2\/types\/product"}],"replies":[{"embeddable":true,"href":"https:\/\/tecsecmty.com\/index.php\/wp-json\/wp\/v2\/comments?post=4157"}],"version-history":[{"count":0,"href":"https:\/\/tecsecmty.com\/index.php\/wp-json\/wp\/v2\/product\/4157\/revisions"}],"wp:featuredmedia":[{"embeddable":true,"href":"https:\/\/tecsecmty.com\/index.php\/wp-json\/wp\/v2\/media\/4156"}],"wp:attachment":[{"href":"https:\/\/tecsecmty.com\/index.php\/wp-json\/wp\/v2\/media?parent=4157"}],"wp:term":[{"taxonomy":"product_brand","embeddable":true,"href":"https:\/\/tecsecmty.com\/index.php\/wp-json\/wp\/v2\/product_brand?post=4157"},{"taxonomy":"product_cat","embeddable":true,"href":"https:\/\/tecsecmty.com\/index.php\/wp-json\/wp\/v2\/product_cat?post=4157"},{"taxonomy":"product_tag","embeddable":true,"href":"https:\/\/tecsecmty.com\/index.php\/wp-json\/wp\/v2\/product_tag?post=4157"}],"curies":[{"name":"wp","href":"https:\/\/api.w.org\/{rel}","templated":true}]}}