{"id":4167,"date":"2023-02-23T00:31:50","date_gmt":"2023-02-23T06:31:50","guid":{"rendered":"https:\/\/tecsecmty.com\/index.php\/producto\/dsc-pc1404rkzwh-teclado-cableado-de-led-admite-8-zonas-compatible-con-panel-power-series\/"},"modified":"2023-03-22T23:23:20","modified_gmt":"2023-03-23T05:23:20","slug":"dsc-pc1404rkzwh-teclado-cableado-de-led-admite-8-zonas-compatible-con-panel-power-series","status":"publish","type":"product","link":"https:\/\/tecsecmty.com\/index.php\/producto\/dsc-pc1404rkzwh-teclado-cableado-de-led-admite-8-zonas-compatible-con-panel-power-series\/","title":{"rendered":"DSC PC1404RKZWH &#8211; Teclado Cableado de LED admite 8 zonas compatible con panel Power Series"},"content":{"rendered":"<div class=\"row aling-items-center padding-bottom-2x\">\n<div class=\"col-lg-12\">\n<h5 class=\"card-title text-center\">Informaci\u00f3n General<\/h5>\n<p>Presentamos el nuevo teclado PowerSeries PC1404RKZ de DSC de 8 zonas \u2013 la \u00faltima incorporaci\u00f3n a la familia de teclados PowerSeries. Ideal para instalaciones de bajo costo o como teclado adicional, esta valiosa serie de teclados cableados logra el equilibrio entre est\u00e9tica y funcionalidad con la calidad que usted espera de DSC.<\/p>\n<p>Estos teclados de alta calidad y dise\u00f1o de bajo perfil se instalan r\u00e1pidamente gracias al canal para pasaje de cables incorporado para aplicaciones de montaje en superficie, tienen cuatro teclas de funci\u00f3n programables y teclas FAP duales (Fuego, Auxilio y P\u00e1nico).<\/p>\n<p><img decoding=\"async\" class=\"overview-center-img-web\" src=\"https:\/\/tvc.mx\/media\/28843\/principalcomer.jpg\" alt=\"\" \/><\/div>\n<\/div>\n<div class=\"row align-items-center padding-bottom-2x\">\n<div class=\"col-md-5 order-md-2\"><img decoding=\"async\" class=\"d-block m-auto img-thumbnail\" src=\"https:\/\/tvc.mx\/media\/28856\/300x400-F.jpg\" alt=\" \" \/><\/div>\n<div class=\"col-md-7 order-md-1 text-md-left text-center\">\n<h2>Principales Caracteristicas<\/h2>\n<p class=\"text-muted\">\n<ul>\n<li>Teclado moderno y delgado para retratos<\/li>\n<li>Grandes botones retroiluminados en el teclado para una visualizaci\u00f3n y activaci\u00f3n sin problemas<\/li>\n<li>4 teclas de funci\u00f3n programables<\/li>\n<li>Teclas FAP duales<\/li>\n<li>Soporte de sabotaje de pared<\/li>\n<li>Entrada de zona<\/li>\n<li>Montaje en caja de superficie o de una unidad<\/li>\n<li>Canal de alambre<\/li>\n<li>Timbre y control de bot\u00f3n retroiluminado<\/li>\n<li>Luz de noche blanca opcional<\/li>\n<li>ICONO de estado de CA<\/li>\n<\/ul>\n<p>Compatible solo con el panel de control PC1404<\/p>\n<p>&nbsp;<\/p>\n<\/div>\n<\/div>\n<hr class=\"padding-bottom-2x\" \/>\n<div class=\"row align-items-center padding-bottom-2x\">\n<div class=\"col-md-5\"><img decoding=\"async\" class=\"d-block m-auto img-thumbnail\" src=\"https:\/\/tvc.mx\/media\/28866\/300x400L.jpg\" alt=\" \" \/><\/div>\n<div class=\"col-md-7 text-md-left text-center\">\n<h2>Teclado PowerSeries<\/h2>\n<p class=\"text-muted\">\n<p>Para el teclado PowerSeries PC1404RKZ, claro y simple, el usuario es lo m\u00e1s importante. Su dise\u00f1o elegante, color blanco, combina con cualquier decorado. El teclado num\u00e9rico de gran tama\u00f1o y el display de \u00edconos tiene s\u00f3lo 12 botones y 16 luces de estado de f\u00e1cil lectura. Los avisos de emergencia son de muy f\u00e1cil acceso \u2013 presione y mantenga por 2 segundos las teclas #1 y #3 para Fuego, #4 y #6 para Auxilio y #7 y #9 para P\u00e1nico. Las teclas #2,#5,#8 y #0 pueden ser programadas para funciones que operan con un solo bot\u00f3n, al presionarlas por 2 segundos activan funciones del sistema de uso habitual tales como Armado presente, Armado ausente o Timbre de puerta.<\/p>\n<p>Los teclados presentan \u00edconos f\u00e1ciles de leer, reconocidos universalmente, retroiluminados por LEDs que muestran el estado en tiempo real de toda la actividad del panel. Los n\u00fameros de la parte superior derecha indican las zonas en alarma. La pr\u00e1ctica funci\u00f3n de iluminaci\u00f3n nocturna, implementada mediante dos leds internos, hace que sea m\u00e1s f\u00e1cil poder ubicar el teclado en la oscuridad. Al presionar cualquier tecla se vuelve a iluminar la totalidad del teclado. El nivel de brillo de iluminaci\u00f3n nocturna puede graduarse seg\u00fan sea necesario o incluso deshabilitarse.<\/p>\n<p><strong>Calidad y valor agregado asegurados<\/strong><\/p>\n<p>El teclado PowerSeries PC1404RKZ ofrece una valiosa soluci\u00f3n asegurando calidad y confiabilidad. Cada teclado cableado soporta una zona con un m\u00e1ximo de 4 teclados por sistema permitiendo expansi\u00f3n hasta 8 zonas en total. La programaci\u00f3n es similar a otros teclados PowerSeries, su instalaci\u00f3n es f\u00e1cil y r\u00e1pida.<\/p>\n<p>&nbsp;<\/p>\n<\/div>\n<\/div>\n<hr class=\"padding-bottom-2x\" \/>\n<div class=\"row align-items-center padding-bottom-2x\">\n<div class=\"col-md-5 order-md-2\"><img decoding=\"async\" class=\"d-block m-auto img-thumbnail\" src=\"https:\/\/tvc.mx\/media\/28875\/300x400-g.jpg\" alt=\" \" \/><\/div>\n<div class=\"col-md-7 order-md-1 text-md-left text-center\">\n<h2>Especificaciones<\/h2>\n<p class=\"text-muted\">\n<p><strong>Dise\u00f1o compacto<\/strong><\/p>\n<p>\u00bfPoco espacio para instalar el teclado? El compacto teclado PowerSeries PC1404RKZ presenta el menor tama\u00f1o de todos los teclados PowerSeries. El dise\u00f1o de su carcasa incluye adem\u00e1s un canal para pasaje de cables facilitando su instalaci\u00f3n.<\/p>\n<p>Dimensiones: 12.7 cm x 7.8 cm x 1.8 cm<\/p>\n<p>Consumo de corriente:125 mA (M\u00e1x.)<\/p>\n<p>Tensi\u00f3n: 12 VDC Nominal<\/p>\n<p>Temperatura de operaci\u00f3n: 0\u00b0 a 49\u00b0 C (32\u00b0 a 120\u00b0 F)<\/p>\n<p>Humedad relativa: 5 a 93%<\/p>\n<\/div>\n<\/div>\n","protected":false},"excerpt":{"rendered":"<p>Informaci\u00f3n General Presentamos el nuevo teclado PowerSeries PC1404RKZ de DSC de 8 zonas \u2013 la \u00faltima incorporaci\u00f3n a la familia de teclados PowerSeries. Ideal para instalaciones de bajo costo o como teclado adicional, esta valiosa serie de teclados cableados logra el equilibrio entre est\u00e9tica y&hellip;<\/p>\n","protected":false},"featured_media":4166,"comment_status":"open","ping_status":"closed","template":"","meta":{"om_disable_all_campaigns":false,"_monsterinsights_skip_tracking":false,"_monsterinsights_sitenote_active":false,"_monsterinsights_sitenote_note":"","_monsterinsights_sitenote_category":0},"product_brand":[],"product_cat":[295],"product_tag":[212,211,151],"class_list":{"0":"post-4167","1":"product","2":"type-product","3":"status-publish","4":"has-post-thumbnail","6":"product_cat-teclados-alarmas-dsc","7":"product_tag-alarmas","8":"product_tag-alarmas-e-intrusion","9":"product_tag-seguridad","11":"first","12":"instock","13":"sale","14":"taxable","15":"shipping-taxable","16":"purchasable","17":"product-type-simple"},"aioseo_notices":[],"_links":{"self":[{"href":"https:\/\/tecsecmty.com\/index.php\/wp-json\/wp\/v2\/product\/4167","targetHints":{"allow":["GET"]}}],"collection":[{"href":"https:\/\/tecsecmty.com\/index.php\/wp-json\/wp\/v2\/product"}],"about":[{"href":"https:\/\/tecsecmty.com\/index.php\/wp-json\/wp\/v2\/types\/product"}],"replies":[{"embeddable":true,"href":"https:\/\/tecsecmty.com\/index.php\/wp-json\/wp\/v2\/comments?post=4167"}],"version-history":[{"count":0,"href":"https:\/\/tecsecmty.com\/index.php\/wp-json\/wp\/v2\/product\/4167\/revisions"}],"wp:featuredmedia":[{"embeddable":true,"href":"https:\/\/tecsecmty.com\/index.php\/wp-json\/wp\/v2\/media\/4166"}],"wp:attachment":[{"href":"https:\/\/tecsecmty.com\/index.php\/wp-json\/wp\/v2\/media?parent=4167"}],"wp:term":[{"taxonomy":"product_brand","embeddable":true,"href":"https:\/\/tecsecmty.com\/index.php\/wp-json\/wp\/v2\/product_brand?post=4167"},{"taxonomy":"product_cat","embeddable":true,"href":"https:\/\/tecsecmty.com\/index.php\/wp-json\/wp\/v2\/product_cat?post=4167"},{"taxonomy":"product_tag","embeddable":true,"href":"https:\/\/tecsecmty.com\/index.php\/wp-json\/wp\/v2\/product_tag?post=4167"}],"curies":[{"name":"wp","href":"https:\/\/api.w.org\/{rel}","templated":true}]}}