{"id":4169,"date":"2023-02-23T00:31:52","date_gmt":"2023-02-23T06:31:52","guid":{"rendered":"https:\/\/tecsecmty.com\/index.php\/producto\/dsc-pk5500l1-teclado-cableado-lcd-alfanumerico-32-caracteres-admite-64-zonas-compatible-con-panel-power-series\/"},"modified":"2023-03-22T23:23:23","modified_gmt":"2023-03-23T05:23:23","slug":"dsc-pk5500l1-teclado-cableado-lcd-alfanumerico-32-caracteres-admite-64-zonas-compatible-con-panel-power-series","status":"publish","type":"product","link":"https:\/\/tecsecmty.com\/index.php\/producto\/dsc-pk5500l1-teclado-cableado-lcd-alfanumerico-32-caracteres-admite-64-zonas-compatible-con-panel-power-series\/","title":{"rendered":"DSC PK5500L1 &#8211; Teclado Cableado LCD Alfanum\u00e9rico 32 caracteres admite 64 zonas compatible con panel Power Series"},"content":{"rendered":"<p class=\"ql-align-justify\"><strong>Descripci\u00f3n comercial<\/strong><\/p>\n<p class=\"ql-align-justify\">Teclado alfanum\u00e9rico, pantalla lcd ofrece una manera f\u00e1cil de identificar las indicaciones y programaci\u00f3n del sistema.<\/p>\n<p class=\"ql-align-justify\"><strong>Descripci\u00f3n t\u00e9cnica<\/strong><\/p>\n<p class=\"ql-align-justify\">Alimentaci\u00f3n 12 vcd, consumo m\u00e1x. 125 ma. Temperatura de operaci\u00f3n -10\u00b0c a 55\u00b0c, protecci\u00f3n ip30\/ik04, pantalla lcd, indicadores led.<\/p>\n<ul>\n<li class=\"ql-align-justify\">Disponible en 13 idiomas.<\/li>\n<li class=\"ql-align-justify\">Estado de partici\u00f3n global<\/li>\n<li class=\"ql-align-justify\">Etiquetas programables completas de 32 caracteres<\/li>\n<li class=\"ql-align-justify\">Teclado horizontal moderno y delgado<\/li>\n<li class=\"ql-align-justify\">Botones de teclado agrandados<\/li>\n<li class=\"ql-align-justify\">5 teclas de funci\u00f3n programables<\/li>\n<li class=\"ql-align-justify\">Programaci\u00f3n intuitiva del reloj *<\/li>\n<li class=\"ql-align-justify\">El terminal de entrada \/ salida se puede programar para funcionar como entrada de zona, salida programable o como sensor de baja temperatura<\/li>\n<li class=\"ql-align-justify\">3 teclas de emergencia de un toque<\/li>\n<li class=\"ql-align-justify\">Timbre de puerta m\u00faltiple por zona<\/li>\n<li class=\"ql-align-justify\">Luz de fondo ajustable y teclado zumbador<\/li>\n<li class=\"ql-align-justify\">Canal de alambre<\/li>\n<li class=\"ql-align-justify\">Sabotaje doble de montaje en pared y tapa frontal<\/li>\n<li class=\"ql-align-justify\">Bisagra de montaje f\u00e1cil de instalar<\/li>\n<li class=\"ql-align-justify\">Montaje en caja de superficie o de una unidad<\/li>\n<li class=\"ql-align-justify\">ICONO de estado de CA<\/li>\n<\/ul>\n<p class=\"ql-align-justify\"><strong>Beneficios adicionales<\/strong><\/p>\n<p class=\"ql-align-justify\">Fiabilidad y f\u00e1cil instalaci\u00f3n del teclado.<\/p>\n<p class=\"ql-align-justify\"><strong>Para que sirve<\/strong><\/p>\n<p class=\"ql-align-justify\">Permite programar el sistema de alarma por medio del teclado, permitiendo as\u00ed la identificaci\u00f3n de los dispositivos que integran el sistema y la comunicaci\u00f3n con el panel de alarma.<\/p>\n<p><img decoding=\"async\" class=\"overview-center-img-web\" src=\"https:\/\/tvc.mx\/media\/29103\/principalcomerPK5500L1.jpg\" alt=\"\" \/><\/p>\n","protected":false},"excerpt":{"rendered":"<p>Descripci\u00f3n comercial Teclado alfanum\u00e9rico, pantalla lcd ofrece una manera f\u00e1cil de identificar las indicaciones y programaci\u00f3n del sistema. Descripci\u00f3n t\u00e9cnica Alimentaci\u00f3n 12 vcd, consumo m\u00e1x. 125 ma. Temperatura de operaci\u00f3n -10\u00b0c a 55\u00b0c, protecci\u00f3n ip30\/ik04, pantalla lcd, indicadores led. Disponible en 13 idiomas. Estado de&hellip;<\/p>\n","protected":false},"featured_media":4168,"comment_status":"open","ping_status":"closed","template":"","meta":{"om_disable_all_campaigns":false,"_monsterinsights_skip_tracking":false,"_monsterinsights_sitenote_active":false,"_monsterinsights_sitenote_note":"","_monsterinsights_sitenote_category":0},"product_brand":[],"product_cat":[295],"product_tag":[212,211,151],"class_list":{"0":"post-4169","1":"product","2":"type-product","3":"status-publish","4":"has-post-thumbnail","6":"product_cat-teclados-alarmas-dsc","7":"product_tag-alarmas","8":"product_tag-alarmas-e-intrusion","9":"product_tag-seguridad","11":"first","12":"instock","13":"sale","14":"taxable","15":"shipping-taxable","16":"purchasable","17":"product-type-simple"},"aioseo_notices":[],"_links":{"self":[{"href":"https:\/\/tecsecmty.com\/index.php\/wp-json\/wp\/v2\/product\/4169","targetHints":{"allow":["GET"]}}],"collection":[{"href":"https:\/\/tecsecmty.com\/index.php\/wp-json\/wp\/v2\/product"}],"about":[{"href":"https:\/\/tecsecmty.com\/index.php\/wp-json\/wp\/v2\/types\/product"}],"replies":[{"embeddable":true,"href":"https:\/\/tecsecmty.com\/index.php\/wp-json\/wp\/v2\/comments?post=4169"}],"version-history":[{"count":0,"href":"https:\/\/tecsecmty.com\/index.php\/wp-json\/wp\/v2\/product\/4169\/revisions"}],"wp:featuredmedia":[{"embeddable":true,"href":"https:\/\/tecsecmty.com\/index.php\/wp-json\/wp\/v2\/media\/4168"}],"wp:attachment":[{"href":"https:\/\/tecsecmty.com\/index.php\/wp-json\/wp\/v2\/media?parent=4169"}],"wp:term":[{"taxonomy":"product_brand","embeddable":true,"href":"https:\/\/tecsecmty.com\/index.php\/wp-json\/wp\/v2\/product_brand?post=4169"},{"taxonomy":"product_cat","embeddable":true,"href":"https:\/\/tecsecmty.com\/index.php\/wp-json\/wp\/v2\/product_cat?post=4169"},{"taxonomy":"product_tag","embeddable":true,"href":"https:\/\/tecsecmty.com\/index.php\/wp-json\/wp\/v2\/product_tag?post=4169"}],"curies":[{"name":"wp","href":"https:\/\/api.w.org\/{rel}","templated":true}]}}