{"id":4171,"date":"2023-02-23T00:31:53","date_gmt":"2023-02-23T06:31:53","guid":{"rendered":"https:\/\/tecsecmty.com\/index.php\/producto\/dsc-pk5501-teclado-cableado-de-iconos-admite-64-zonas-compatible-con-panel-power-series\/"},"modified":"2023-03-22T23:23:23","modified_gmt":"2023-03-23T05:23:23","slug":"dsc-pk5501-teclado-cableado-de-iconos-admite-64-zonas-compatible-con-panel-power-series","status":"publish","type":"product","link":"https:\/\/tecsecmty.com\/index.php\/producto\/dsc-pk5501-teclado-cableado-de-iconos-admite-64-zonas-compatible-con-panel-power-series\/","title":{"rendered":"DSC PK5501 &#8211; Teclado Cableado de Iconos admite 64 zonas compatible con panel Power Series"},"content":{"rendered":"<h5 class=\"card-title text-center\">Descripci\u00f3n<\/h5>\n<p><strong>Seguridad al alcance de su mano<\/strong><\/p>\n<p>Los teclados PowerSeries son de alta calidad y de perfil delgado presentando un agradable y discreto formato para los propietarios y que los instaladores sabr\u00e1n apreciar por su facilidad de programaci\u00f3n e instalaci\u00f3n. Los teclados cuentan con una terminal de entrada\/salida que puede ser programado para funcionar como una entrada de zona, salida programable o como sensor de baja temperatura. Los teclados incluyen adem\u00e1s teclas con iluminaci\u00f3n de fondo ajustable pensadas para situaciones de poca iluminaci\u00f3n y cinco teclas programables para poder activar las funciones del sistema presionando un solo bot\u00f3n. Los teclados PK5500\/RFK5500 de 64 zonas y mensajes alfanum\u00e9ricos soportan ocho idiomas, estado de partici\u00f3n global y frases programables de 32 caracteres.<\/p>\n<p><strong>Caracter\u00edsticas comunes de todos los teclados:<\/strong><\/p>\n<ul>\n<li>Teclado con moderno dise\u00f1o de bajo perfil<\/li>\n<li>Botones grandes e iluminados<\/li>\n<li>5 teclas de funci\u00f3n programables<\/li>\n<li>Terminal de entrada\/salida programable<\/li>\n<li>Teclas FAP individuales<\/li>\n<li>M\u00faltiples timbres de puerta por zona<\/li>\n<li>Iluminaci\u00f3n de fondo de teclado y zumbador audible graduables<\/li>\n<li>Canal para cableado<\/li>\n<li>Interruptor anti-sabotaje dual, en base de pared y tapa frontal<\/li>\n<li>Bisagra de montaje f\u00e1cil de instalar<\/li>\n<li>Montaje de superficie o en caja el\u00e9ctrica rectangular<\/li>\n<\/ul>\n<p><strong>F\u00e1cil uso<\/strong><\/p>\n<p>Para simplificar el uso los teclados presentan cinco teclas programables para activar f\u00e1cilmente las funciones del sistema desde un solo bot\u00f3n. Las funciones asignadas de f\u00e1brica a estas cinco teclas son armado presente, armado ausente, timbre de puerta, restablecimiento de detectores de humo y salida r\u00e1pida. Con la funci\u00f3n de salida r\u00e1pida no hay necesidad de desarmar y volver a armar el sistema cada vez que un ocupante se retira de la casa o deja salir a su perro, por ejemplo.<\/p>\n<p><strong>Flexibilidad\u00a0<\/strong><\/p>\n<p>El sensor de temperatura integrado en el teclado puede ser programado para activarse cuando la temperatura del ambiente cae por debajo de 43\u00b0 F (6\u00b0 C) y restablecerse a<\/p>\n<p>47\u00b0 F (8\u00b0 C). El panel posee una l\u00f3gica dise\u00f1ada para que no oscile entre el estado de alarma y no alarma cuando existan leves fluctuaciones de temperatura, ayudando a<\/p>\n<p>reducir las falsas alarmas.<\/p>\n<p><strong>Comodidad inal\u00e1mbrica<\/strong><\/p>\n<p>Existen versiones RF disponibles de los teclados. Estas incluyen las mismas caracter\u00edsticas que sus equivalentes versiones cableadas y pueden soportar 32 zonas inal\u00e1mbricas y 16 controles inal\u00e1mbricos sin ocupar direcciones de zonas inal\u00e1mbricas.<\/p>\n<p><strong>Compatibilidad<\/strong><\/p>\n<p>Los teclados son compatibles con todos los paneles de control PowerSeries.<\/p>\n<p><strong>Especificaciones<\/strong><\/p>\n<p>Dimensiones&#8230;&#8230;&#8230;&#8230;&#8230;&#8230;&#8230;&#8230;&#8230;.. 6 1\/16\u201d x 4 7\/16\u201d x 13\/16\u201d (154 mm x 113 mm x 20,5 mm)<\/p>\n<p>Area visible del LCD&#8230;&#8230;&#8230;&#8230;&#8230;&#8230;&#8230;&#8230;&#8230;&#8230;&#8230;.3 9\/10\u201d x 15\/16\u201d (99 mm x 24 mm)<\/p>\n<p>Consumo de corriente&#8230;&#8230;&#8230;&#8230;&#8230;&#8230;&#8230;&#8230;&#8230;&#8230;&#8230;125 mA (M\u00e1x.)<\/p>\n<p>Tensi\u00f3n&#8230;&#8230;&#8230;&#8230;&#8230;&#8230;&#8230;&#8230;&#8230;&#8230;&#8230;&#8230;&#8230;&#8230;&#8230;&#8230;&#8230;..12 VDC Nominal<\/p>\n<p>Temperatura de operaci\u00f3n&#8230;&#8230;&#8230;&#8230;&#8230;&#8230;&#8230;&#8230;&#8230;&#8230;32\u00b0 a 120\u00b0 F (0\u00b0 a 49\u00b0 C)<\/p>\n<p>Humedad relativa &#8230;&#8230;&#8230;&#8230;&#8230;&#8230;&#8230;&#8230;&#8230;&#8230;&#8230;&#8230;&#8230;&#8230;&#8230;&#8230;. 5 a 93%<\/p>\n<p><img decoding=\"async\" class=\"overview-center-img-web\" src=\"https:\/\/tvc.mx\/media\/28844\/principalcomerPK5501-.jpg\" alt=\"\" \/><\/p>\n","protected":false},"excerpt":{"rendered":"<p>Descripci\u00f3n Seguridad al alcance de su mano Los teclados PowerSeries son de alta calidad y de perfil delgado presentando un agradable y discreto formato para los propietarios y que los instaladores sabr\u00e1n apreciar por su facilidad de programaci\u00f3n e instalaci\u00f3n. Los teclados cuentan con una&hellip;<\/p>\n","protected":false},"featured_media":4170,"comment_status":"open","ping_status":"closed","template":"","meta":{"om_disable_all_campaigns":false,"_monsterinsights_skip_tracking":false,"_monsterinsights_sitenote_active":false,"_monsterinsights_sitenote_note":"","_monsterinsights_sitenote_category":0},"product_brand":[],"product_cat":[295],"product_tag":[212,211,151],"class_list":{"0":"post-4171","1":"product","2":"type-product","3":"status-publish","4":"has-post-thumbnail","6":"product_cat-teclados-alarmas-dsc","7":"product_tag-alarmas","8":"product_tag-alarmas-e-intrusion","9":"product_tag-seguridad","11":"first","12":"instock","13":"sale","14":"taxable","15":"shipping-taxable","16":"purchasable","17":"product-type-simple"},"aioseo_notices":[],"_links":{"self":[{"href":"https:\/\/tecsecmty.com\/index.php\/wp-json\/wp\/v2\/product\/4171","targetHints":{"allow":["GET"]}}],"collection":[{"href":"https:\/\/tecsecmty.com\/index.php\/wp-json\/wp\/v2\/product"}],"about":[{"href":"https:\/\/tecsecmty.com\/index.php\/wp-json\/wp\/v2\/types\/product"}],"replies":[{"embeddable":true,"href":"https:\/\/tecsecmty.com\/index.php\/wp-json\/wp\/v2\/comments?post=4171"}],"version-history":[{"count":0,"href":"https:\/\/tecsecmty.com\/index.php\/wp-json\/wp\/v2\/product\/4171\/revisions"}],"wp:featuredmedia":[{"embeddable":true,"href":"https:\/\/tecsecmty.com\/index.php\/wp-json\/wp\/v2\/media\/4170"}],"wp:attachment":[{"href":"https:\/\/tecsecmty.com\/index.php\/wp-json\/wp\/v2\/media?parent=4171"}],"wp:term":[{"taxonomy":"product_brand","embeddable":true,"href":"https:\/\/tecsecmty.com\/index.php\/wp-json\/wp\/v2\/product_brand?post=4171"},{"taxonomy":"product_cat","embeddable":true,"href":"https:\/\/tecsecmty.com\/index.php\/wp-json\/wp\/v2\/product_cat?post=4171"},{"taxonomy":"product_tag","embeddable":true,"href":"https:\/\/tecsecmty.com\/index.php\/wp-json\/wp\/v2\/product_tag?post=4171"}],"curies":[{"name":"wp","href":"https:\/\/api.w.org\/{rel}","templated":true}]}}