{"id":4179,"date":"2023-02-23T00:31:58","date_gmt":"2023-02-23T06:31:58","guid":{"rendered":"https:\/\/tecsecmty.com\/index.php\/producto\/dsc-hs2lcdpro-teclado-cableado-lcd-alfanumerico-admite-248-zonas-con-32-caracteres-compatible-con-panel-pro\/"},"modified":"2023-03-22T23:23:28","modified_gmt":"2023-03-23T05:23:28","slug":"dsc-hs2lcdpro-teclado-cableado-lcd-alfanumerico-admite-248-zonas-con-32-caracteres-compatible-con-panel-pro","status":"publish","type":"product","link":"https:\/\/tecsecmty.com\/index.php\/producto\/dsc-hs2lcdpro-teclado-cableado-lcd-alfanumerico-admite-248-zonas-con-32-caracteres-compatible-con-panel-pro\/","title":{"rendered":"DSC-HS2LCDPRO &#8211; Teclado Cableado LCD Alfanum\u00e9rico admite 248 zonas con 32 caracteres compatible con panel PRO"},"content":{"rendered":"<div class=\"row aling-items-center padding-bottom-2x\">\n<div class=\"col-lg-12\">\n<h5 class=\"card-title text-center\">Descripci\u00f3n<\/h5>\n<p>Compatible con paneles HS3132 \/ HS3128 \/ HS3248<\/p>\n<p><img decoding=\"async\" class=\"overview-center-img-web\" src=\"https:\/\/tvc.mx\/media\/64323\/HS232PRO.jpg\" alt=\"\" \/><\/div>\n<\/div>\n<div class=\"row align-items-center padding-bottom-2x\">\n<div class=\"col-md-5\"><img decoding=\"async\" class=\"d-block m-auto img-thumbnail\" src=\"https:\/\/tvc.mx\/media\/64326\/especificacion-hslcdpro.jpg\" alt=\" \" \/><\/div>\n<div class=\"col-md-7 text-md-left text-center\">\n<h2>Especificaciones<\/h2>\n<p class=\"text-muted\">\n<ul>\n<li>Soporte para seis idiomas<\/li>\n<li>Estado de partici\u00f3n global<\/li>\n<li>Admite hasta 128 zonas cableadas o inal\u00e1mbricas<\/li>\n<li>Etiquetas programables completas de 32 caracteres<\/li>\n<li>Programaci\u00f3n del men\u00fa<\/li>\n<li>Teclado horizontal con moderno dise\u00f1o de bajo perfil<\/li>\n<li>Teclas blancas retroiluminadas<\/li>\n<li>Pantalla LCD color azul<\/li>\n<li>Muestra la temperatura exterior<\/li>\n<li>Cinco teclas de funci\u00f3n programables<\/li>\n<li>Programaci\u00f3n intuitiva del reloj<\/li>\n<li>Terminal de entrada\/salida<\/li>\n<li>Teclas de incendio, emergencia m\u00e9dica y p\u00e1nico<\/li>\n<li>Retro-iluminaci\u00f3n y sonido de teclado graduables<\/li>\n<li>Interruptor anti sabotaje dual para montaje de pared y tapa frontal<\/li>\n<li>Disponible con teclas de funci\u00f3n en ingl\u00e9s<\/li>\n<li>Proximidad con mini credenciales MPT<\/li>\n<\/ul>\n<\/div>\n<\/div>\n","protected":false},"excerpt":{"rendered":"<p>Descripci\u00f3n Compatible con paneles HS3132 \/ HS3128 \/ HS3248 Especificaciones Soporte para seis idiomas Estado de partici\u00f3n global Admite hasta 128 zonas cableadas o inal\u00e1mbricas Etiquetas programables completas de 32 caracteres Programaci\u00f3n del men\u00fa Teclado horizontal con moderno dise\u00f1o de bajo perfil Teclas blancas retroiluminadas&hellip;<\/p>\n","protected":false},"featured_media":4178,"comment_status":"open","ping_status":"closed","template":"","meta":{"om_disable_all_campaigns":false,"_monsterinsights_skip_tracking":false,"_monsterinsights_sitenote_active":false,"_monsterinsights_sitenote_note":"","_monsterinsights_sitenote_category":0},"product_brand":[],"product_cat":[295],"product_tag":[212,211,151],"class_list":{"0":"post-4179","1":"product","2":"type-product","3":"status-publish","4":"has-post-thumbnail","6":"product_cat-teclados-alarmas-dsc","7":"product_tag-alarmas","8":"product_tag-alarmas-e-intrusion","9":"product_tag-seguridad","11":"first","12":"instock","13":"sale","14":"taxable","15":"shipping-taxable","16":"purchasable","17":"product-type-simple"},"aioseo_notices":[],"_links":{"self":[{"href":"https:\/\/tecsecmty.com\/index.php\/wp-json\/wp\/v2\/product\/4179","targetHints":{"allow":["GET"]}}],"collection":[{"href":"https:\/\/tecsecmty.com\/index.php\/wp-json\/wp\/v2\/product"}],"about":[{"href":"https:\/\/tecsecmty.com\/index.php\/wp-json\/wp\/v2\/types\/product"}],"replies":[{"embeddable":true,"href":"https:\/\/tecsecmty.com\/index.php\/wp-json\/wp\/v2\/comments?post=4179"}],"version-history":[{"count":0,"href":"https:\/\/tecsecmty.com\/index.php\/wp-json\/wp\/v2\/product\/4179\/revisions"}],"wp:featuredmedia":[{"embeddable":true,"href":"https:\/\/tecsecmty.com\/index.php\/wp-json\/wp\/v2\/media\/4178"}],"wp:attachment":[{"href":"https:\/\/tecsecmty.com\/index.php\/wp-json\/wp\/v2\/media?parent=4179"}],"wp:term":[{"taxonomy":"product_brand","embeddable":true,"href":"https:\/\/tecsecmty.com\/index.php\/wp-json\/wp\/v2\/product_brand?post=4179"},{"taxonomy":"product_cat","embeddable":true,"href":"https:\/\/tecsecmty.com\/index.php\/wp-json\/wp\/v2\/product_cat?post=4179"},{"taxonomy":"product_tag","embeddable":true,"href":"https:\/\/tecsecmty.com\/index.php\/wp-json\/wp\/v2\/product_tag?post=4179"}],"curies":[{"name":"wp","href":"https:\/\/api.w.org\/{rel}","templated":true}]}}