{"id":4183,"date":"2023-02-23T00:32:01","date_gmt":"2023-02-23T06:32:01","guid":{"rendered":"https:\/\/tecsecmty.com\/index.php\/producto\/risco-rp432kp-teclado-lcd-armado-y-desarmado-configuracion-compatible-lightsys-plus\/"},"modified":"2023-03-22T23:23:48","modified_gmt":"2023-03-23T05:23:48","slug":"risco-rp432kp-teclado-lcd-armado-y-desarmado-configuracion-compatible-lightsys-plus","status":"publish","type":"product","link":"https:\/\/tecsecmty.com\/index.php\/producto\/risco-rp432kp-teclado-lcd-armado-y-desarmado-configuracion-compatible-lightsys-plus\/","title":{"rendered":"RISCO RP432KP-Teclado LCD \/ Armado y Desarmado \/ Configuraci\u00f3n \/ Compatible LightSYS Plus+"},"content":{"rendered":"<div class=\"row aling-items-center padding-bottom-2x\">\n<div class=\"col-lg-12\">\n<h5 class=\"card-title text-center\">RP432KP-Teclado LCD<\/h5>\n<p>Los teclados LCD y LCD con Proximidad de LightSYS son sencillos de utilizar, permitiendo un f\u00e1cil manejo y programaci\u00f3n de los sistemas de seguridad LightSYS y ProSYS.<\/p>\n<p><img decoding=\"async\" class=\"overview-center-img-web\" src=\"https:\/\/tvc.mx\/media\/372691\/RISCO-RP432KP-Teclado--LCD-Armado-y-Desarmado-Configuracion-Compatible-con-Lightsys-y-Prosys-Plus1.png\" alt=\"\" \/><\/div>\n<\/div>\n<div class=\"row align-items-center padding-bottom-2x\">\n<div class=\"col-md-5 order-md-2\"><img decoding=\"async\" class=\"d-block m-auto img-thumbnail\" src=\"https:\/\/tvc.mx\/media\/372711\/RISCO-RP432KP-Teclado--LCD-Armado-y-Desarmado-Configuracion-Compatible-con-Lightsys-y-Prosys-Plus2.png\" alt=\" \" \/><\/div>\n<div class=\"col-md-7 order-md-1 text-md-left text-center\">\n<h2>Funciones<\/h2>\n<p class=\"text-muted\">\n<p>Los siguiente indicadores ofrecen una breve descripci\u00f3n del funcionamiento del teclado. Para una informaci\u00f3n m\u00e1s detallada de la programaci\u00f3n del sistema, consulte los manuales de Instalaci\u00f3n y Usuario de LightSYS o ProSYS.<\/p>\n<p>&nbsp;<\/p>\n<\/div>\n<\/div>\n<hr class=\"padding-bottom-2x\" \/>\n<div class=\"row align-items-center padding-bottom-2x\">\n<div class=\"col-md-5\"><img decoding=\"async\" class=\"d-block m-auto img-thumbnail\" src=\"https:\/\/tvc.mx\/media\/372707\/RISCO-RP432KP-Teclado--LCD-Armado-y-Desarmado-Configuracion-Compatible-con-Lightsys-y-Prosys-Plus-3.png\" alt=\" \" \/><\/div>\n<div class=\"col-md-7 text-md-left text-center\">\n<h2>Caracter\u00edsticas<\/h2>\n<p class=\"text-muted\">\n<p>\u2022 Teclado gr\u00e1fico LCD.<\/p>\n<p>\u2022\u00a0Compatible con todos los paneles y LightSYS ProSYS.<\/p>\n<p>\u2022 Iluminaci\u00f3n color Azul.<\/p>\n<p>\u2022 Armar\/Desarmar.<\/p>\n<p>\u2022 Registro de eventos.<\/p>\n<p>&nbsp;<\/p>\n<\/div>\n<\/div>\n<hr class=\"padding-bottom-2x\" \/>\n<div class=\"row align-items-center padding-bottom-2x\">\n<div class=\"col-md-5 order-md-2\"><img decoding=\"async\" class=\"d-block m-auto img-thumbnail\" src=\"https:\/\/tvc.mx\/media\/372739\/RISCO-RP432KP-Teclado--LCD-Armado-y-Desarmado-Configuracion-Compatible-con-Lightsys-y-Prosys-Plus-10.png\" alt=\" \" \/><\/div>\n<div class=\"col-md-7 order-md-1 text-md-left text-center\">\n<h2>Incluye:<\/h2>\n<p class=\"text-muted\">\n<ul>\n<li>Teclado LCD<\/li>\n<li>Tornillos de fijaci\u00f3n<\/li>\n<li>Manual de instalaci\u00f3n<\/li>\n<\/ul>\n<\/div>\n<\/div>\n","protected":false},"excerpt":{"rendered":"<p>RP432KP-Teclado LCD Los teclados LCD y LCD con Proximidad de LightSYS son sencillos de utilizar, permitiendo un f\u00e1cil manejo y programaci\u00f3n de los sistemas de seguridad LightSYS y ProSYS. Funciones Los siguiente indicadores ofrecen una breve descripci\u00f3n del funcionamiento del teclado. Para una informaci\u00f3n m\u00e1s&hellip;<\/p>\n","protected":false},"featured_media":4182,"comment_status":"open","ping_status":"closed","template":"","meta":{"om_disable_all_campaigns":false,"_monsterinsights_skip_tracking":false,"_monsterinsights_sitenote_active":false,"_monsterinsights_sitenote_note":"","_monsterinsights_sitenote_category":0},"product_brand":[],"product_cat":[297],"product_tag":[212,211,151],"class_list":{"0":"post-4183","1":"product","2":"type-product","3":"status-publish","4":"has-post-thumbnail","6":"product_cat-teclados-alarmas-risco","7":"product_tag-alarmas","8":"product_tag-alarmas-e-intrusion","9":"product_tag-seguridad","11":"first","12":"instock","13":"sale","14":"taxable","15":"shipping-taxable","16":"purchasable","17":"product-type-simple"},"aioseo_notices":[],"_links":{"self":[{"href":"https:\/\/tecsecmty.com\/index.php\/wp-json\/wp\/v2\/product\/4183","targetHints":{"allow":["GET"]}}],"collection":[{"href":"https:\/\/tecsecmty.com\/index.php\/wp-json\/wp\/v2\/product"}],"about":[{"href":"https:\/\/tecsecmty.com\/index.php\/wp-json\/wp\/v2\/types\/product"}],"replies":[{"embeddable":true,"href":"https:\/\/tecsecmty.com\/index.php\/wp-json\/wp\/v2\/comments?post=4183"}],"version-history":[{"count":0,"href":"https:\/\/tecsecmty.com\/index.php\/wp-json\/wp\/v2\/product\/4183\/revisions"}],"wp:featuredmedia":[{"embeddable":true,"href":"https:\/\/tecsecmty.com\/index.php\/wp-json\/wp\/v2\/media\/4182"}],"wp:attachment":[{"href":"https:\/\/tecsecmty.com\/index.php\/wp-json\/wp\/v2\/media?parent=4183"}],"wp:term":[{"taxonomy":"product_brand","embeddable":true,"href":"https:\/\/tecsecmty.com\/index.php\/wp-json\/wp\/v2\/product_brand?post=4183"},{"taxonomy":"product_cat","embeddable":true,"href":"https:\/\/tecsecmty.com\/index.php\/wp-json\/wp\/v2\/product_cat?post=4183"},{"taxonomy":"product_tag","embeddable":true,"href":"https:\/\/tecsecmty.com\/index.php\/wp-json\/wp\/v2\/product_tag?post=4183"}],"curies":[{"name":"wp","href":"https:\/\/api.w.org\/{rel}","templated":true}]}}