{"id":4185,"date":"2023-02-23T00:32:04","date_gmt":"2023-02-23T06:32:04","guid":{"rendered":"https:\/\/tecsecmty.com\/index.php\/producto\/risco-rpkelpwt000a-teclado-elegante-cableado-por-bus-para-programacion-armado-y-desarmado-con-proximidad-compatible-con-wicomm-lightsys-plus\/"},"modified":"2023-03-22T23:23:48","modified_gmt":"2023-03-23T05:23:48","slug":"risco-rpkelpwt000a-teclado-elegante-cableado-por-bus-para-programacion-armado-y-desarmado-con-proximidad-compatible-con-wicomm-lightsys-plus","status":"publish","type":"product","link":"https:\/\/tecsecmty.com\/index.php\/producto\/risco-rpkelpwt000a-teclado-elegante-cableado-por-bus-para-programacion-armado-y-desarmado-con-proximidad-compatible-con-wicomm-lightsys-plus\/","title":{"rendered":"RISCO RPKELPWT000A &#8211; Teclado Elegante \/ Cableado por BUS \/ Para Programacion Armado y Desarmado Con Proximidad \/ Compatible con Wicomm-LightSYS Plus+"},"content":{"rendered":"<div class=\"row aling-items-center padding-bottom-2x\">\n<div class=\"col-lg-12\">\n<h5 class=\"card-title text-center\">Descripci\u00f3n<\/h5>\n<p>Teclado de LCD t\u00e1ctil para centrales LightSYS, ProSYS y ProSYS Plus. Elegante dise\u00f1o de bajo perfil con pantalla de cristal t\u00e1ctil de r\u00e1pida respuesta. Pantalla LCD con retroiluminaci\u00f3n azul. Interfaz de men\u00fas intuitivos para f\u00e1cil uso y programaci\u00f3n. Instalaci\u00f3n sencilla mediante placa posterior desmontable.<\/p>\n<p><img decoding=\"async\" class=\"overview-center-img-web\" src=\"https:\/\/tvc.mx\/media\/332330\/RSC109025-RISCO-RPKELPWT000A-Teclado-Elegante-Cableado-por-BUS-Programacion-Armado-y-Desarmado-Con-Proximidad-Compatible-con-Lightsys-y-Prosys-Plus-%282%29.png\" alt=\"\" \/><\/div>\n<\/div>\n<div class=\"row align-items-center padding-bottom-2x\">\n<div class=\"col-md-5\"><img decoding=\"async\" class=\"d-block m-auto img-thumbnail\" src=\"https:\/\/tvc.mx\/media\/193710\/Teclado_elegante_Risco_LightSys_ProSys_Plus.jpg\" alt=\" \" \/><\/div>\n<div class=\"col-md-7 text-md-left text-center\">\n<h2>Caracter\u00edsticas<\/h2>\n<p class=\"text-muted\">\n<p class=\"ql-align-justify\">Compatible con todos los sistemas de detecci\u00f3n de intrusos RISCO, tanto por cable e h\u00edbridos (radio \/ hilo).<\/p>\n<ul>\n<li class=\"ql-align-justify\">Teclado blanco toque elegante a ProSYSTM Plus y LightSYSTM2: Pantalla 2 x 16 caracteres.<\/li>\n<li class=\"ql-align-justify\">pantalla t\u00e1ctil.<\/li>\n<li class=\"ql-align-justify\">Volumen, contraste y retroiluminaci\u00f3n ajustable.<\/li>\n<li class=\"ql-align-justify\">Manipular y alterar.<\/li>\n<li class=\"ql-align-justify\">F\u00e1cil de instalar con su soporte para montaje en pared.<\/li>\n<li class=\"ql-align-justify\">Listo para ser instalado en la caja el\u00e9ctrica.<\/li>\n<li class=\"ql-align-justify\">Incluye una entrada de zona adicional para un cableado del detector de relay.<\/li>\n<li class=\"ql-align-justify\">Teclado de actualizaci\u00f3n del firmware de forma autom\u00e1tica lleva a cabo por los LightSYS central durante la instalaci\u00f3n *.<\/li>\n<\/ul>\n<p class=\"ql-align-justify\">\n<p>&nbsp;<\/p>\n<\/div>\n<\/div>\n<hr class=\"padding-bottom-2x\" \/>\n<div class=\"row align-items-center padding-bottom-2x\">\n<div class=\"col-md-5 order-md-2\"><img decoding=\"async\" class=\"d-block m-auto img-thumbnail\" src=\"https:\/\/tvc.mx\/media\/332381\/RSC109025-RISCO-RPKELPWT000A-Teclado-Elegante-Cableado-por-BUS-Programacion-Armado-y-Desarmado-Con-Proximidad-Compatible-con-Lightsys-y-Prosys-Plus-6.png\" alt=\" \" \/><\/div>\n<div class=\"col-md-7 order-md-1 text-md-left text-center\">\n<h2>Especificaciones<\/h2>\n<p class=\"text-muted\">\n<ul>\n<li class=\"ql-align-justify\">\u00a0Acabado en color blanco.<\/li>\n<li class=\"ql-align-justify\">Conexi\u00f3n mediante bus de 4 hilos.<\/li>\n<li class=\"ql-align-justify\">Distancia m\u00e1xima del panel 300 m.<\/li>\n<li class=\"ql-align-justify\">Temperatura de funcionamiento: -10 a 50\u00ba C.<\/li>\n<li class=\"ql-align-justify\">Consumo m\u00e1x.: 100 mA.<\/li>\n<li class=\"ql-align-justify\">Dimensiones(LxAxP): 176 mm x 130 mm x 25 mm.<\/li>\n<\/ul>\n<\/div>\n<\/div>\n","protected":false},"excerpt":{"rendered":"<p>Descripci\u00f3n Teclado de LCD t\u00e1ctil para centrales LightSYS, ProSYS y ProSYS Plus. Elegante dise\u00f1o de bajo perfil con pantalla de cristal t\u00e1ctil de r\u00e1pida respuesta. Pantalla LCD con retroiluminaci\u00f3n azul. Interfaz de men\u00fas intuitivos para f\u00e1cil uso y programaci\u00f3n. Instalaci\u00f3n sencilla mediante placa posterior desmontable.&hellip;<\/p>\n","protected":false},"featured_media":4184,"comment_status":"open","ping_status":"closed","template":"","meta":{"om_disable_all_campaigns":false,"_monsterinsights_skip_tracking":false,"_monsterinsights_sitenote_active":false,"_monsterinsights_sitenote_note":"","_monsterinsights_sitenote_category":0},"product_brand":[],"product_cat":[297],"product_tag":[212,211,151],"class_list":{"0":"post-4185","1":"product","2":"type-product","3":"status-publish","4":"has-post-thumbnail","6":"product_cat-teclados-alarmas-risco","7":"product_tag-alarmas","8":"product_tag-alarmas-e-intrusion","9":"product_tag-seguridad","11":"first","12":"instock","13":"sale","14":"taxable","15":"shipping-taxable","16":"purchasable","17":"product-type-simple"},"aioseo_notices":[],"_links":{"self":[{"href":"https:\/\/tecsecmty.com\/index.php\/wp-json\/wp\/v2\/product\/4185","targetHints":{"allow":["GET"]}}],"collection":[{"href":"https:\/\/tecsecmty.com\/index.php\/wp-json\/wp\/v2\/product"}],"about":[{"href":"https:\/\/tecsecmty.com\/index.php\/wp-json\/wp\/v2\/types\/product"}],"replies":[{"embeddable":true,"href":"https:\/\/tecsecmty.com\/index.php\/wp-json\/wp\/v2\/comments?post=4185"}],"version-history":[{"count":0,"href":"https:\/\/tecsecmty.com\/index.php\/wp-json\/wp\/v2\/product\/4185\/revisions"}],"wp:featuredmedia":[{"embeddable":true,"href":"https:\/\/tecsecmty.com\/index.php\/wp-json\/wp\/v2\/media\/4184"}],"wp:attachment":[{"href":"https:\/\/tecsecmty.com\/index.php\/wp-json\/wp\/v2\/media?parent=4185"}],"wp:term":[{"taxonomy":"product_brand","embeddable":true,"href":"https:\/\/tecsecmty.com\/index.php\/wp-json\/wp\/v2\/product_brand?post=4185"},{"taxonomy":"product_cat","embeddable":true,"href":"https:\/\/tecsecmty.com\/index.php\/wp-json\/wp\/v2\/product_cat?post=4185"},{"taxonomy":"product_tag","embeddable":true,"href":"https:\/\/tecsecmty.com\/index.php\/wp-json\/wp\/v2\/product_tag?post=4185"}],"curies":[{"name":"wp","href":"https:\/\/api.w.org\/{rel}","templated":true}]}}