{"id":4187,"date":"2023-02-23T00:32:07","date_gmt":"2023-02-23T06:32:07","guid":{"rendered":"https:\/\/tecsecmty.com\/index.php\/producto\/wulian-courtainhidens-interruptor-de-cortinas-automatice-su-motor-electrico-de-persianas-o-cortinas-enrollables-control-y-admistracion-desde-celular-y-de-manera-remota-con-aplicacion-en-celular\/"},"modified":"2023-03-22T23:24:57","modified_gmt":"2023-03-23T05:24:57","slug":"wulian-courtainhidens-interruptor-de-cortinas-automatice-su-motor-electrico-de-persianas-o-cortinas-enrollables-control-y-admistracion-desde-celular-y-de-manera-remota-con-aplicacion-en-celular","status":"publish","type":"product","link":"https:\/\/tecsecmty.com\/index.php\/producto\/wulian-courtainhidens-interruptor-de-cortinas-automatice-su-motor-electrico-de-persianas-o-cortinas-enrollables-control-y-admistracion-desde-celular-y-de-manera-remota-con-aplicacion-en-celular\/","title":{"rendered":"WULIAN COURTAINHIDENS &#8211; Interruptor de Cortinas \/ Automatice su Motor El\u00e9ctrico de Persianas o Cortinas Enrollables\/ Control y admistracion desde celular y de manera remota con aplicacion en celular\/ Protocolo Zigbee"},"content":{"rendered":"<div class=\"row aling-items-center padding-bottom-2x\">\n<div class=\"col-lg-12\">\n<h5 class=\"card-title text-center\">Descripci\u00f3n<\/h5>\n<p class=\"ql-align-justify\"><strong>Control de cortinas Inteligente Embedido:\u00a0<\/strong>Con este modelo puedes controlar de forma presencial y remota la apertura y cierre de tus cortinas. Este modelo es compatible con cualquier motor para cortinas que funcione a 110 o 220 VCA y se controle con voltaje vivo como se muestra en los diagramas de conexi\u00f3n del producto.<\/p>\n<p class=\"ql-align-justify\">Se caracteriza por su tama\u00f1o compacto y su m\u00e9todo de instalaci\u00f3n oculto, volvi\u00e9ndolo una soluci\u00f3n discreta e inteligente en tu hogar.<\/p>\n<p><img decoding=\"async\" class=\"overview-center-img-web\" src=\"https:\/\/tvc.mx\/media\/414211\/WULIAN-COURTAINHIDENS-INTERRUPTOR-DE-CORTINAS-BANER.png\" alt=\"\" \/><\/div>\n<\/div>\n<div class=\"row align-items-center padding-bottom-2x\">\n<div class=\"col-md-5\"><img decoding=\"async\" class=\"d-block m-auto img-thumbnail\" src=\"https:\/\/tvc.mx\/media\/412623\/WULIAN-COURTAINHIDENS-INTERRUPTOR-DE-CORTINAS-PRINCIPAL4.1.png\" alt=\" \" \/><\/div>\n<div class=\"col-md-7 text-md-left text-center\">\n<h2>ESPECIFIACIONES<\/h2>\n<p class=\"text-muted\">\n<ul>\n<li>Protocolo de comunicaci\u00f3n&#8230;&#8230;&#8230;&#8230;&#8230;&#8230;&#8230;&#8230;&#8230;&#8230;&#8230;.IEEE 802.15.4 ZigBee<\/li>\n<li>Tipo de antena&#8230;&#8230;&#8230;&#8230;&#8230;&#8230;&#8230;&#8230;&#8230;&#8230;&#8230;&#8230;&#8230;&#8230;&#8230;&#8230;&#8230;..Antena tipo PCB<\/li>\n<li>Alimentaci\u00f3n&#8230;&#8230;&#8230;&#8230;&#8230;&#8230;&#8230;&#8230;&#8230;&#8230;&#8230;&#8230;&#8230;&#8230;&#8230;&#8230;&#8230;&#8230;&#8230;120\/220 VAC 50\/60 Hz<\/li>\n<li>Consumo en StandBy&#8230;&#8230;&#8230;&#8230;&#8230;&#8230;&#8230;&#8230;&#8230;&#8230;&#8230;&#8230;&#8230;&#8230;\u00a0\u2264.05W<\/li>\n<li>Frecuencia de Operaci\u00f3n&#8230;&#8230;&#8230;&#8230;&#8230;&#8230;&#8230;&#8230;&#8230;&#8230;&#8230;&#8230;..2405-2480 MHz<\/li>\n<li>Potencia del motor &#8230;&#8230;&#8230;&#8230;&#8230;&#8230;&#8230;&#8230;&#8230;&#8230;&#8230;&#8230;&#8230;&#8230;&#8230;&#8230;.240V: 300W \/ 100V: 125W<\/li>\n<li>Dimensiones (largo\u00d7 Ancho\u00d7 alto)&#8230;&#8230;&#8230;&#8230;&#8230;&#8230;&#8230;..42\u00d742\u00d717mm<\/li>\n<li>Material y Color &#8230;&#8230;&#8230;&#8230;&#8230;&#8230;&#8230;&#8230;&#8230;&#8230;&#8230;&#8230;&#8230;&#8230;&#8230;&#8230;&#8230;&#8230;.PC, Negro<\/li>\n<li>Retardante a la Flama&#8230;&#8230;&#8230;&#8230;&#8230;&#8230;&#8230;&#8230;&#8230;&#8230;&#8230;&#8230;&#8230;&#8230;UL94 V-0<\/li>\n<li>Peso neto&#8230;&#8230;&#8230;&#8230;&#8230;&#8230;&#8230;&#8230;&#8230;&#8230;&#8230;&#8230;&#8230;&#8230;&#8230;&#8230;&#8230;&#8230;&#8230;&#8230;&#8230;&#8230;25g<\/li>\n<li>Temperatura de Operaci\u00f3n&#8230;&#8230;&#8230;&#8230;&#8230;&#8230;&#8230;&#8230;&#8230;&#8230;&#8230; -10\u00b0C a +45\u00b0C<\/li>\n<\/ul>\n<p>&nbsp;<\/p>\n<\/div>\n<\/div>\n<hr class=\"padding-bottom-2x\" \/>\n<div class=\"row align-items-center padding-bottom-2x\">\n<div class=\"col-md-5 order-md-2\"><img decoding=\"async\" class=\"d-block m-auto img-thumbnail\" src=\"https:\/\/tvc.mx\/media\/414439\/WULIAN-COURTAINHIDENS-INTERRUPTOR-DE-CORTINAS-OVERVIEWS.png\" alt=\" \" \/><\/div>\n<div class=\"col-md-7 order-md-1 text-md-left text-center\">\n<h2>Funci\u00f3n<\/h2>\n<p class=\"text-muted\">\n<ul>\n<li class=\"ql-align-justify\">Soporta el m\u00e9todo de comunicaci\u00f3n IEEE 802.15.4 (ZigBee\/SmartRoom).<\/li>\n<li class=\"ql-align-justify\">Interruptor de Cortinas monitoreo mediante la aplicaci\u00f3n para el usuario.<\/li>\n<li class=\"ql-align-justify\">Control preciso, f\u00e1cil instalaci\u00f3n, uso simple y confiable.<\/li>\n<li class=\"ql-align-justify\">Dise\u00f1o exquisito, apto a todos los estilos de decoraci\u00f3n.<\/li>\n<\/ul>\n<p>&nbsp;<\/p>\n<\/div>\n<\/div>\n<hr class=\"padding-bottom-2x\" \/>\n<div class=\"row align-items-center padding-bottom-2x\">\n<div class=\"col-md-5\"><img decoding=\"async\" class=\"d-block m-auto img-thumbnail\" src=\"https:\/\/tvc.mx\/media\/414255\/WULIAN-COURTAINHIDENS-INTERRUPTOR-DE-CORTINAS-INCLUYE.png\" alt=\" \" \/><\/div>\n<div class=\"col-md-7 text-md-left text-center\">\n<h2>Incluye<\/h2>\n<p class=\"text-muted\">\n<ul>\n<li>Interruptor de Cortinas<\/li>\n<li>Bornera<\/li>\n<li>Manual de Instalaci\u00f3n<\/li>\n<\/ul>\n<\/div>\n<\/div>\n","protected":false},"excerpt":{"rendered":"<p>Descripci\u00f3n Control de cortinas Inteligente Embedido:\u00a0Con este modelo puedes controlar de forma presencial y remota la apertura y cierre de tus cortinas. Este modelo es compatible con cualquier motor para cortinas que funcione a 110 o 220 VCA y se controle con voltaje vivo como&hellip;<\/p>\n","protected":false},"featured_media":4186,"comment_status":"open","ping_status":"closed","template":"","meta":{"om_disable_all_campaigns":false,"_monsterinsights_skip_tracking":false,"_monsterinsights_sitenote_active":false,"_monsterinsights_sitenote_note":"","_monsterinsights_sitenote_category":0},"product_brand":[],"product_cat":[300],"product_tag":[212,211,151],"class_list":{"0":"post-4187","1":"product","2":"type-product","3":"status-publish","4":"has-post-thumbnail","6":"product_cat-ambientacion","7":"product_tag-alarmas","8":"product_tag-alarmas-e-intrusion","9":"product_tag-seguridad","11":"first","12":"instock","13":"sale","14":"taxable","15":"shipping-taxable","16":"purchasable","17":"product-type-simple"},"aioseo_notices":[],"_links":{"self":[{"href":"https:\/\/tecsecmty.com\/index.php\/wp-json\/wp\/v2\/product\/4187","targetHints":{"allow":["GET"]}}],"collection":[{"href":"https:\/\/tecsecmty.com\/index.php\/wp-json\/wp\/v2\/product"}],"about":[{"href":"https:\/\/tecsecmty.com\/index.php\/wp-json\/wp\/v2\/types\/product"}],"replies":[{"embeddable":true,"href":"https:\/\/tecsecmty.com\/index.php\/wp-json\/wp\/v2\/comments?post=4187"}],"version-history":[{"count":0,"href":"https:\/\/tecsecmty.com\/index.php\/wp-json\/wp\/v2\/product\/4187\/revisions"}],"wp:featuredmedia":[{"embeddable":true,"href":"https:\/\/tecsecmty.com\/index.php\/wp-json\/wp\/v2\/media\/4186"}],"wp:attachment":[{"href":"https:\/\/tecsecmty.com\/index.php\/wp-json\/wp\/v2\/media?parent=4187"}],"wp:term":[{"taxonomy":"product_brand","embeddable":true,"href":"https:\/\/tecsecmty.com\/index.php\/wp-json\/wp\/v2\/product_brand?post=4187"},{"taxonomy":"product_cat","embeddable":true,"href":"https:\/\/tecsecmty.com\/index.php\/wp-json\/wp\/v2\/product_cat?post=4187"},{"taxonomy":"product_tag","embeddable":true,"href":"https:\/\/tecsecmty.com\/index.php\/wp-json\/wp\/v2\/product_tag?post=4187"}],"curies":[{"name":"wp","href":"https:\/\/api.w.org\/{rel}","templated":true}]}}