{"id":4191,"date":"2023-02-23T00:32:11","date_gmt":"2023-02-23T06:32:11","guid":{"rendered":"https:\/\/tecsecmty.com\/index.php\/producto\/wulian-courtainm12v-motor-para-abrir-o-cerrar-cortinas-de-manera-remota-desde-celular-automatice-las-cortinas-de-su-casa-requiere-uso-de-brain\/"},"modified":"2023-03-22T23:24:57","modified_gmt":"2023-03-23T05:24:57","slug":"wulian-courtainm12v-motor-para-abrir-o-cerrar-cortinas-de-manera-remota-desde-celular-automatice-las-cortinas-de-su-casa-requiere-uso-de-brain","status":"publish","type":"product","link":"https:\/\/tecsecmty.com\/index.php\/producto\/wulian-courtainm12v-motor-para-abrir-o-cerrar-cortinas-de-manera-remota-desde-celular-automatice-las-cortinas-de-su-casa-requiere-uso-de-brain\/","title":{"rendered":"WULIAN COURTAINM12V &#8211; Motor para Abrir o Cerrar Cortinas de manera remota desde celular \/ Automatice las Cortinas de su Casa \/ Requiere uso de Brain"},"content":{"rendered":"<div class=\"row aling-items-center padding-bottom-2x\">\n<div class=\"col-lg-12\">\n<h5 class=\"card-title text-center\">Descripci\u00f3n<\/h5>\n<p class=\"ql-align-justify\">El motor inteligente\u00a0<strong>COURTAINM12V\u00a0<\/strong>para cortinas es un dispositivo que nos permite controlar las cortinas corredizas de nuestro hogar u oficina mediante un smpartphone o tablet desde la aplicaci\u00f3n de WULIAN, este motor opera con corriente directa, a su vez puede conectarse al toma corriente.<\/p>\n<p><img decoding=\"async\" class=\"overview-center-img-web\" src=\"https:\/\/tvc.mx\/media\/407787\/Motor-para-automatizar-aperturas-en-cortinas-de-ventanas-para-casa-inteligente-WULIAN-COURTAINM12V-O1.png\" alt=\"\" \/><\/div>\n<\/div>\n<div class=\"row align-items-center padding-bottom-2x\">\n<div class=\"col-md-5\"><img decoding=\"async\" class=\"d-block m-auto img-thumbnail\" src=\"https:\/\/tvc.mx\/media\/407799\/Motor-para-automatizar-aperturas-en-cortinas-de-ventanas-para-casa-inteligente-WULIAN-COURTAINM12V-O3.png\" alt=\" \" \/><\/div>\n<div class=\"col-md-7 text-md-left text-center\">\n<h2>Especificaciones<\/h2>\n<p class=\"text-muted\">\n<ul>\n<li>Voltaje de operaci\u00f3n: 12VDC.<\/li>\n<li>Soporta riel de 3 metros WULIAN.<\/li>\n<li>Comunicaci\u00f3n ZigBee.<\/li>\n<li>Funcionamiento silencioso.<\/li>\n<\/ul>\n<p>&nbsp;<\/p>\n<\/div>\n<\/div>\n<hr class=\"padding-bottom-2x\" \/>\n<div class=\"row aling-items-center padding-bottom-2x\">\n<div class=\"col-lg-12\">\n<h5 class=\"card-title text-center\">Instalaci\u00f3n<\/h5>\n<p>Im\u00e1genes s\u00f3lo ilustrativas.<\/p>\n<p><img decoding=\"async\" class=\"overview-center-img-web\" src=\"https:\/\/tvc.mx\/media\/411147\/Motor-para-automatizar-aperturas-en-cortinas-de-ventanas-para-casa-inteligente-WULIAN-COURTAINM12V-O6.png\" alt=\"\" \/><\/div>\n<\/div>\n<div class=\"row align-items-center padding-bottom-2x\">\n<div class=\"col-md-5\"><img decoding=\"async\" class=\"d-block m-auto img-thumbnail\" src=\"https:\/\/tvc.mx\/media\/407795\/Motor-para-automatizar-aperturas-en-cortinas-de-ventanas-para-casa-inteligente-WULIAN-COURTAINM12V-O4.png\" alt=\" \" \/><\/div>\n<div class=\"col-md-7 text-md-left text-center\">\n<h2>ZigBee<\/h2>\n<p class=\"text-muted\">\n<p class=\"ql-align-justify\">Es un est\u00e1ndar de comunicaciones inal\u00e1mbricas ZigBee\u00ae dise\u00f1ado por la ZigBee Alliance (una asociaci\u00f3n de m\u00e1s de 100 empresas, sin \u00e1nimo de lucro, reunidas para crear un est\u00e1ndar inal\u00e1mbrico de bajo costo, bajo consumo de energ\u00eda que adem\u00e1s cubra algunos vac\u00edos dejados por Bluetooth) est\u00e1 basado en la norma IEEE para redes inal\u00e1mbricas de \u00e1rea personal WPAN (Wireless Personal Area Network, por sus siglas en ingl\u00e9s). Las aplicaciones del est\u00e1ndar ZigBee\u00ae van desde la dom\u00f3tica, el control industrial hasta soluciones en equipos m\u00e9dicos.<\/p>\n<p>&nbsp;<\/p>\n<\/div>\n<\/div>\n<hr class=\"padding-bottom-2x\" \/>\n<div class=\"row align-items-center padding-bottom-2x\">\n<div class=\"col-md-5\"><img decoding=\"async\" class=\"d-block m-auto img-thumbnail\" src=\"https:\/\/tvc.mx\/media\/407807\/Motor-para-automatizar-aperturas-en-cortinas-de-ventanas-para-casa-inteligente-WULIAN-COURTAINM12V-O5.png\" alt=\" \" \/><\/div>\n<div class=\"col-md-7 text-md-left text-center\">\n<h2>Incluye<\/h2>\n<p class=\"text-muted\">\n<ul>\n<li>Un motor para cortinas.<\/li>\n<li>Fuente de alimentaci\u00f3n 12V CD.<\/li>\n<\/ul>\n<\/div>\n<\/div>\n","protected":false},"excerpt":{"rendered":"<p>Descripci\u00f3n El motor inteligente\u00a0COURTAINM12V\u00a0para cortinas es un dispositivo que nos permite controlar las cortinas corredizas de nuestro hogar u oficina mediante un smpartphone o tablet desde la aplicaci\u00f3n de WULIAN, este motor opera con corriente directa, a su vez puede conectarse al toma corriente. Especificaciones&hellip;<\/p>\n","protected":false},"featured_media":4190,"comment_status":"open","ping_status":"closed","template":"","meta":{"om_disable_all_campaigns":false,"_monsterinsights_skip_tracking":false,"_monsterinsights_sitenote_active":false,"_monsterinsights_sitenote_note":"","_monsterinsights_sitenote_category":0},"product_brand":[],"product_cat":[300],"product_tag":[212,211,151],"class_list":{"0":"post-4191","1":"product","2":"type-product","3":"status-publish","4":"has-post-thumbnail","6":"product_cat-ambientacion","7":"product_tag-alarmas","8":"product_tag-alarmas-e-intrusion","9":"product_tag-seguridad","11":"first","12":"instock","13":"sale","14":"taxable","15":"shipping-taxable","16":"purchasable","17":"product-type-simple"},"aioseo_notices":[],"_links":{"self":[{"href":"https:\/\/tecsecmty.com\/index.php\/wp-json\/wp\/v2\/product\/4191","targetHints":{"allow":["GET"]}}],"collection":[{"href":"https:\/\/tecsecmty.com\/index.php\/wp-json\/wp\/v2\/product"}],"about":[{"href":"https:\/\/tecsecmty.com\/index.php\/wp-json\/wp\/v2\/types\/product"}],"replies":[{"embeddable":true,"href":"https:\/\/tecsecmty.com\/index.php\/wp-json\/wp\/v2\/comments?post=4191"}],"version-history":[{"count":0,"href":"https:\/\/tecsecmty.com\/index.php\/wp-json\/wp\/v2\/product\/4191\/revisions"}],"wp:featuredmedia":[{"embeddable":true,"href":"https:\/\/tecsecmty.com\/index.php\/wp-json\/wp\/v2\/media\/4190"}],"wp:attachment":[{"href":"https:\/\/tecsecmty.com\/index.php\/wp-json\/wp\/v2\/media?parent=4191"}],"wp:term":[{"taxonomy":"product_brand","embeddable":true,"href":"https:\/\/tecsecmty.com\/index.php\/wp-json\/wp\/v2\/product_brand?post=4191"},{"taxonomy":"product_cat","embeddable":true,"href":"https:\/\/tecsecmty.com\/index.php\/wp-json\/wp\/v2\/product_cat?post=4191"},{"taxonomy":"product_tag","embeddable":true,"href":"https:\/\/tecsecmty.com\/index.php\/wp-json\/wp\/v2\/product_tag?post=4191"}],"curies":[{"name":"wp","href":"https:\/\/api.w.org\/{rel}","templated":true}]}}