{"id":4197,"date":"2023-02-23T00:32:23","date_gmt":"2023-02-23T06:32:23","guid":{"rendered":"https:\/\/tecsecmty.com\/index.php\/producto\/wulian-humiditytempsensor-sensor-inteligente-de-humedad-y-temperatura-zigbee-vincula-con-los-repetidores-ir-inteligentes-para-controlar-el-aire-acondicionado\/"},"modified":"2023-03-22T23:24:57","modified_gmt":"2023-03-23T05:24:57","slug":"wulian-humiditytempsensor-sensor-inteligente-de-humedad-y-temperatura-zigbee-vincula-con-los-repetidores-ir-inteligentes-para-controlar-el-aire-acondicionado","status":"publish","type":"product","link":"https:\/\/tecsecmty.com\/index.php\/producto\/wulian-humiditytempsensor-sensor-inteligente-de-humedad-y-temperatura-zigbee-vincula-con-los-repetidores-ir-inteligentes-para-controlar-el-aire-acondicionado\/","title":{"rendered":"WULIAN HUMIDITYTEMPSENSOR &#8211; Sensor Inteligente de Humedad y Temperatura \/ Zigbee \/ Vincula con los Repetidores IR Inteligentes para Controlar el Aire Acondicionado"},"content":{"rendered":"<div class=\"row aling-items-center padding-bottom-2x\">\n<div class=\"col-lg-12\">\n<h5 class=\"card-title text-center\">Descripci\u00f3n<\/h5>\n<p class=\"ql-align-justify\">El sensor de Temperatura y Humedad de Wulian ayuda en las tareas de automatizaci\u00f3n del hogar a optimizar el uso del aire acondicionado manteniendo una temperatura adecuada y registrando los valores de humedad y temperatura a lo largo de los d\u00edas. Desde la aplicaci\u00f3n de Wulian se puede ver en tiempo real el valor de humedad y temperatura del ambiente en donde se ubica.<\/p>\n<p><img decoding=\"async\" class=\"overview-center-img-web\" src=\"https:\/\/tvc.mx\/media\/422459\/WULIAN-SXI479001-HUMIDITYTEMPSENSOR-TVC-BANER.png\" alt=\"\" \/><\/div>\n<\/div>\n<div class=\"row align-items-center padding-bottom-2x\">\n<div class=\"col-md-5\"><img decoding=\"async\" class=\"d-block m-auto img-thumbnail\" src=\"https:\/\/tvc.mx\/media\/73098\/sthlateral.jpg\" alt=\" \" \/><\/div>\n<div class=\"col-md-7 text-md-left text-center\">\n<h2>Especificaciones<\/h2>\n<p class=\"text-muted\">\n<ul>\n<li><strong>NOMBRE:\u00a0<\/strong>Sensor Inteligente de Humedad Y temperatura<\/li>\n<li><strong>MODO DE COMUNICACI\u00d3N:\u00a0<\/strong>IEEE 802.15.4<\/li>\n<li><strong>PAR\u00c1METROS DE PODER:\u00a0<\/strong>6V DC<\/li>\n<li><strong>FUENTE DE ALIMENTACI\u00d3N:\u00a0<\/strong>3V DC, CR2 (x1)<\/li>\n<li><strong>CONSUMO EN STANDBY:\u00a0<\/strong>&lt;2\u00b5A<\/li>\n<li><strong>CONSUMO DE DETECCI\u00d3N:\u00a0<\/strong>&lt;1mA<\/li>\n<li><strong>DISTANCIA DE COMUNICACI\u00d3N:\u00a0<\/strong>100m Dependiendo de las condiciones clim\u00e1ticas<\/li>\n<li><strong>PRECISI\u00d3N DEL RANGO DE MEDICI\u00d3N:\u00a0<\/strong>(-10\u00b0 a 0\u00b0C\/\u00b11\u00b0C) (0\u00b0C a 60\u00b0C\/\u00b10.5\u00b0C) (60\u00b0C a 70\u00b0C\/\u00b11\u00b0C)<\/li>\n<li><strong>RANGO DE PRECISI\u00d3N DE HUMEDAD:\u00a0<\/strong>5%a 95%RH\/\u00b14.5<\/li>\n<li><strong>M\u00c9TODO DE INSTALACI\u00d3N:\u00a0<\/strong>Base Fijada<\/li>\n<li><strong>TEMPERATURA\/HUMEDAD DE TRABAJO:\u00a0<\/strong>-10\u00b0C A 45\u00b0C%RH (SIN CONDENSACI\u00d3N)<\/li>\n<li><strong>MATERIAL Y COLOR:\u00a0<\/strong>PC, Blanco<\/li>\n<li><strong>DIMENSIONES (ESPESOR DEL DI\u00c1METRO):\u00a0<\/strong>64&#215;32 mm<\/li>\n<\/ul>\n<p>&nbsp;<\/p>\n<\/div>\n<\/div>\n<hr class=\"padding-bottom-2x\" \/>\n<div class=\"row align-items-center padding-bottom-2x\">\n<div class=\"col-md-5 order-md-2\"><img decoding=\"async\" class=\"d-block m-auto img-thumbnail\" src=\"https:\/\/tvc.mx\/media\/422479\/WULIAN-SXI479001-HUMIDITYTEMPSENSOR-TVC-FUNCION.png\" alt=\" \" \/><\/div>\n<div class=\"col-md-7 order-md-1 text-md-left text-center\">\n<h2>Funci\u00f3n<\/h2>\n<p class=\"text-muted\">\n<ul>\n<li>Soporta el protocolo de comunicaci\u00f3n IEEE 802.15.4 (ZigBee\/HA1.2).<\/li>\n<li>Monitoreo de temperatura y humedad, y transmisi\u00f3n de informaci\u00f3n relevante al Smartphone mediante la App.<\/li>\n<li>Cuando la bater\u00eda tiene un voltaje bajo, El smartphone mostrar\u00e1 una alarma de notificaci\u00f3n informando que hay que reemplazar las bater\u00edas.<\/li>\n<li>Bajo consumo de energ\u00eda, ahorrador de energ\u00eda y amigable con el medio ambiente<\/li>\n<li>Delicado, inal\u00e1mbrico y f\u00e1cil de instalar.<\/li>\n<\/ul>\n<p>&nbsp;<\/p>\n<\/div>\n<\/div>\n<hr class=\"padding-bottom-2x\" \/>\n<div class=\"row align-items-center padding-bottom-2x\">\n<div class=\"col-md-5\"><img decoding=\"async\" class=\"d-block m-auto img-thumbnail\" src=\"https:\/\/tvc.mx\/media\/422483\/WULIAN-SXI479001-HUMIDITYTEMPSENSOR-TVC-INCLUYE.png\" alt=\" \" \/><\/div>\n<div class=\"col-md-7 text-md-left text-center\">\n<h2>Incluye<\/h2>\n<p class=\"text-muted\">\n<ul>\n<li>Sensor Inteligente de Humedad y Temperatura<\/li>\n<li>Base para techo<\/li>\n<li>Accesorios de fijaci\u00f3n<\/li>\n<\/ul>\n<p>&nbsp;<\/p>\n<\/div>\n<\/div>\n<hr class=\"padding-bottom-2x\" \/>\n<div class=\"row align-items-center padding-bottom-2x\">\n<div class=\"col-md-5 order-md-2\"><img decoding=\"async\" class=\"d-block m-auto img-thumbnail\" src=\"https:\/\/tvc.mx\/media\/422463\/WULIAN-SXI479001-HUMIDITYTEMPSENSOR-TVC-ZIGBEE.png\" alt=\" \" \/><\/div>\n<div class=\"col-md-7 order-md-1 text-md-left text-center\">\n<h2>ZigBee<\/h2>\n<p class=\"text-muted\">\n<h2><\/h2>\n<p>&nbsp;<\/p>\n<p><strong>\u00bfQu\u00e9 es ZigBee? Es un est\u00e1ndar de comunicaciones inal\u00e1mbricas ZigBee\u00ae dise\u00f1ado por la ZigBee Alliance (una asociaci\u00f3n de mas de 100 empresas, sin \u00e1nimo de lucro, reunidas para crear un est\u00e1ndar inal\u00e1mbrico de bajo costo, bajo consumo de energ\u00eda que adem\u00e1s cubra algunos vac\u00edos dejados por Bluetooth) est\u00e1 basado en la norma IEEE para redes inal\u00e1mbricas de \u00e1rea personal WPAN (Wireless Personal Area Network, por sus siglas en ingl\u00e9s). Las aplicaciones del est\u00e1ndar ZigBee\u00ae van desde la dom\u00f3tica, el control industrial hasta soluciones en equipos m\u00e9dicos.<\/strong><\/p>\n<p>&nbsp;<\/p>\n<\/div>\n<\/div>\n","protected":false},"excerpt":{"rendered":"<p>Descripci\u00f3n El sensor de Temperatura y Humedad de Wulian ayuda en las tareas de automatizaci\u00f3n del hogar a optimizar el uso del aire acondicionado manteniendo una temperatura adecuada y registrando los valores de humedad y temperatura a lo largo de los d\u00edas. Desde la aplicaci\u00f3n&hellip;<\/p>\n","protected":false},"featured_media":4196,"comment_status":"open","ping_status":"closed","template":"","meta":{"om_disable_all_campaigns":false,"_monsterinsights_skip_tracking":false,"_monsterinsights_sitenote_active":false,"_monsterinsights_sitenote_note":"","_monsterinsights_sitenote_category":0},"product_brand":[],"product_cat":[300],"product_tag":[212,211,151],"class_list":{"0":"post-4197","1":"product","2":"type-product","3":"status-publish","4":"has-post-thumbnail","6":"product_cat-ambientacion","7":"product_tag-alarmas","8":"product_tag-alarmas-e-intrusion","9":"product_tag-seguridad","11":"first","12":"instock","13":"sale","14":"taxable","15":"shipping-taxable","16":"purchasable","17":"product-type-simple"},"aioseo_notices":[],"_links":{"self":[{"href":"https:\/\/tecsecmty.com\/index.php\/wp-json\/wp\/v2\/product\/4197","targetHints":{"allow":["GET"]}}],"collection":[{"href":"https:\/\/tecsecmty.com\/index.php\/wp-json\/wp\/v2\/product"}],"about":[{"href":"https:\/\/tecsecmty.com\/index.php\/wp-json\/wp\/v2\/types\/product"}],"replies":[{"embeddable":true,"href":"https:\/\/tecsecmty.com\/index.php\/wp-json\/wp\/v2\/comments?post=4197"}],"version-history":[{"count":0,"href":"https:\/\/tecsecmty.com\/index.php\/wp-json\/wp\/v2\/product\/4197\/revisions"}],"wp:featuredmedia":[{"embeddable":true,"href":"https:\/\/tecsecmty.com\/index.php\/wp-json\/wp\/v2\/media\/4196"}],"wp:attachment":[{"href":"https:\/\/tecsecmty.com\/index.php\/wp-json\/wp\/v2\/media?parent=4197"}],"wp:term":[{"taxonomy":"product_brand","embeddable":true,"href":"https:\/\/tecsecmty.com\/index.php\/wp-json\/wp\/v2\/product_brand?post=4197"},{"taxonomy":"product_cat","embeddable":true,"href":"https:\/\/tecsecmty.com\/index.php\/wp-json\/wp\/v2\/product_cat?post=4197"},{"taxonomy":"product_tag","embeddable":true,"href":"https:\/\/tecsecmty.com\/index.php\/wp-json\/wp\/v2\/product_tag?post=4197"}],"curies":[{"name":"wp","href":"https:\/\/api.w.org\/{rel}","templated":true}]}}