{"id":4203,"date":"2023-02-23T00:32:31","date_gmt":"2023-02-23T06:32:31","guid":{"rendered":"https:\/\/tecsecmty.com\/index.php\/producto\/wulian-smartaux-convertidor-de-analogico-a-inteligente-receptor-de-informacion-para-cambiar-pulsos-secos-a-alertas-zigbee\/"},"modified":"2023-03-22T23:24:58","modified_gmt":"2023-03-23T05:24:58","slug":"wulian-smartaux-convertidor-de-analogico-a-inteligente-receptor-de-informacion-para-cambiar-pulsos-secos-a-alertas-zigbee","status":"publish","type":"product","link":"https:\/\/tecsecmty.com\/index.php\/producto\/wulian-smartaux-convertidor-de-analogico-a-inteligente-receptor-de-informacion-para-cambiar-pulsos-secos-a-alertas-zigbee\/","title":{"rendered":"WULIAN SMARTAUX &#8211; Convertidor de Anal\u00f3gico a Inteligente Receptor de Informaci\u00f3n para cambiar Pulsos Secos a Alertas Zigbee"},"content":{"rendered":"<div class=\"row aling-items-center padding-bottom-2x\">\n<div class=\"col-lg-12\">\n<h5 class=\"card-title text-center\">Descripci\u00f3n<\/h5>\n<p>El traductor inteligente modelo\u00a0<strong>WL-ZWWWDPW-IN04-01\u00a0<\/strong>es un dispositivo que transfiere las se\u00f1ales de tipo pulso seco al gateway para posteriormente poder ejecutar tareas de automatizaci\u00f3n, funciona bajo las conexiones del tipo NA (Normalmente abierto) o NC (Normalmente cerrado) para obtener las se\u00f1ales de entrada y as\u00ed poder comunicar al sistema wulian.<\/p>\n<ul>\n<li>Notificaci\u00f3n en tiempo real de los eventos (Desde la app de wulian)<\/li>\n<li>Integraci\u00f3n con sensores de cableado tradicional de alarma<\/li>\n<li>Integraci\u00f3n con controles de acceso peatonales y vehiculares<\/li>\n<\/ul>\n<p><img decoding=\"async\" class=\"overview-center-img-web\" src=\"https:\/\/tvc.mx\/media\/606463\/WULIAN-SMARTAUX-BANER-PRINCIPAL-TVC1.png\" alt=\"\" \/><\/div>\n<\/div>\n<div class=\"row align-items-center padding-bottom-2x\">\n<div class=\"col-md-5\"><img decoding=\"async\" class=\"d-block m-auto img-thumbnail\" src=\"https:\/\/tvc.mx\/media\/336939\/Convertidor-anal%C3%B3gico-a-pulsos-secos-WULIAN-SMARTAUX-WLN481025-TVC-Overviews4.png\" alt=\" \" \/><\/div>\n<div class=\"col-md-7 text-md-left text-center\">\n<h2>Especificaciones t\u00e9cnicas<\/h2>\n<p class=\"text-muted\">\n<ul>\n<li><strong>Nombre:\u00a0<\/strong>CONVERSOR DE COMUNICACI\u00d3N SERIAL A ZIGBEE<\/li>\n<li><strong>Fuente de alimentaci\u00f3n:\u00a0<\/strong>12V DC<\/li>\n<li><strong>Modo de comunicaci\u00f3n:\u00a0<\/strong>IEEE802.15.4 (ZIGBEE\/SMARTROOM)<\/li>\n<li><strong>Consumo en Standby:\u00a0<\/strong>0.5W<\/li>\n<li><strong>Tipo de Interfaz:<\/strong>\u00a0COM, T1,T2,T3,T4<\/li>\n<li><strong>M\u00e9todo de Instalaci\u00f3n:\u00a0<\/strong>De pared<\/li>\n<li><strong>Humedad\/Temperatura de trabajo:\u00a0<\/strong>\u226495%(Sin condesaci\u00f3n) -10\u00b0C a 45\u00b0C<\/li>\n<li><strong>Material y Color:\u00a0<\/strong>PC, blanco<\/li>\n<li><strong>Dimensiones:\u00a0<\/strong>51 x 51 x 20 (mm)<\/li>\n<li><strong>Peso Neto:\u00a0<\/strong>30G<\/li>\n<li><strong>Peso Bruto:\u00a0<\/strong>150g<\/li>\n<\/ul>\n<p>&nbsp;<\/p>\n<\/div>\n<\/div>\n<hr class=\"padding-bottom-2x\" \/>\n<div class=\"row align-items-center padding-bottom-2x\">\n<div class=\"col-md-5 order-md-2\"><img decoding=\"async\" class=\"d-block m-auto img-thumbnail\" src=\"https:\/\/tvc.mx\/media\/434467\/WULIAN-SMARTAUX-CONVERTIDOR-INTELIGENTE-TVC-FUNCIONAMIENTO.png\" alt=\" \" \/><\/div>\n<div class=\"col-md-7 order-md-1 text-md-left text-center\">\n<h2>Funci\u00f3n<\/h2>\n<p class=\"text-muted\">\n<p class=\"ql-align-justify\">Su funcionamiento consta en recibir pulsos secos, normalmente abiertos o cerrados y al recibirlos notificar\u00e1 en la aplicaci\u00f3n la recepci\u00f3n de los mismos y a\u00f1adido a esto podr\u00e1 ejecutar tareas para que al activarse el traductor se ejecuten las tareas. (tiene 4 entradas de contacto para integrar).<\/p>\n<ul>\n<li class=\"ql-align-justify\">Realiza la conexi\u00f3n\u00a0<strong>ZigBee<\/strong>\u00a0y interpretaci\u00f3n de pulsos secos<\/li>\n<li class=\"ql-align-justify\">Bajo consumo de energ\u00eda el\u00e9ctrica<\/li>\n<li class=\"ql-align-justify\">Delicado y compacto<\/li>\n<li class=\"ql-align-justify\">Dise\u00f1o innovador<\/li>\n<li class=\"ql-align-justify\">Disparador de Tareas de vinculaci\u00f3n<\/li>\n<li class=\"ql-align-justify\">Integraci\u00f3n a escenas y tareas temporizadas<\/li>\n<li class=\"ql-align-justify\">Integraci\u00f3n a sistemas con salida de contacto seco N.A y N.C<\/li>\n<\/ul>\n<p>&nbsp;<\/p>\n<\/div>\n<\/div>\n<hr class=\"padding-bottom-2x\" \/>\n<div class=\"row align-items-center padding-bottom-2x\">\n<div class=\"col-md-5\"><img decoding=\"async\" class=\"d-block m-auto img-thumbnail\" src=\"https:\/\/tvc.mx\/media\/434519\/WULIAN-SMARTAUX-CONVERTIDOR-INTELIGENTE-TVC-CONEXION.png\" alt=\" \" \/><\/div>\n<div class=\"col-md-7 text-md-left text-center\">\n<h2>Conexi\u00f3n<\/h2>\n<p class=\"text-muted\">\n<ul>\n<li>Se alimenta con 12VDC en las terminales de 12VDC y GND<\/li>\n<li>El indicador led comenzar\u00e1 a parpadear indicando el inicio de modo de vinculaci\u00f3n<\/li>\n<li>Podr\u00e1 mandar a valores de f\u00e1brica el producto o ponerlo en modo de aprendizaje con el bot\u00f3n multifuncional<\/li>\n<li>Para conectar correctamente realic\u00e9 la conexi\u00f3n entre COM y cualquier terminal (t1,t2,t3,t4)<\/li>\n<\/ul>\n<p>El sensor detectar\u00e1 que un circuito se ha abierto o cerrado y lo notificar\u00e1 en la app de wulian. Podr\u00e1 ejecutar tareas de vinculaci\u00f3n con ayuda de este equipo<\/p>\n<p>El estado de los contactos los definir\u00e1 desde la app (si requiere contacto abierto o contacto cerrado)<\/p>\n<p>&nbsp;<\/p>\n<\/div>\n<\/div>\n<hr class=\"padding-bottom-2x\" \/>\n<div class=\"row align-items-center padding-bottom-2x\">\n<div class=\"col-md-5 order-md-2\"><img decoding=\"async\" class=\"d-block m-auto img-thumbnail\" src=\"https:\/\/tvc.mx\/media\/434419\/WULIAN-SMARTAUX-CONVERTIDOR-INTELIGENTE-TVC-ZIGBEE.png\" alt=\" \" \/><\/div>\n<div class=\"col-md-7 order-md-1 text-md-left text-center\">\n<h2>ZigBee<\/h2>\n<p class=\"text-muted\">\n<p><strong>\u00a0\u00bfQu\u00e9 es ZigBee? Es un est\u00e1ndar de comunicaciones inal\u00e1mbricas ZigBee\u00ae dise\u00f1ado por la ZigBee Alliance (una asociaci\u00f3n de mas de 100 empresas, sin \u00e1nimo de lucro, reunidas para crear un est\u00e1ndar inal\u00e1mbrico de bajo costo, bajo consumo de energ\u00eda que adem\u00e1s cubra algunos vac\u00edos dejados por Bluetooth) est\u00e1 basado en la norma IEEE para redes inal\u00e1mbricas de \u00e1rea personal WPAN (Wireless Personal Area Network, por sus siglas en ingl\u00e9s). Las aplicaciones del est\u00e1ndar ZigBee\u00ae van desde la dom\u00f3tica, el control industrial hasta soluciones en equipos m\u00e9dicos.<\/strong><\/p>\n<\/div>\n<\/div>\n","protected":false},"excerpt":{"rendered":"<p>Descripci\u00f3n El traductor inteligente modelo\u00a0WL-ZWWWDPW-IN04-01\u00a0es un dispositivo que transfiere las se\u00f1ales de tipo pulso seco al gateway para posteriormente poder ejecutar tareas de automatizaci\u00f3n, funciona bajo las conexiones del tipo NA (Normalmente abierto) o NC (Normalmente cerrado) para obtener las se\u00f1ales de entrada y as\u00ed&hellip;<\/p>\n","protected":false},"featured_media":4202,"comment_status":"open","ping_status":"closed","template":"","meta":{"om_disable_all_campaigns":false,"_monsterinsights_skip_tracking":false,"_monsterinsights_sitenote_active":false,"_monsterinsights_sitenote_note":"","_monsterinsights_sitenote_category":0},"product_brand":[],"product_cat":[300],"product_tag":[212,211,151],"class_list":{"0":"post-4203","1":"product","2":"type-product","3":"status-publish","4":"has-post-thumbnail","6":"product_cat-ambientacion","7":"product_tag-alarmas","8":"product_tag-alarmas-e-intrusion","9":"product_tag-seguridad","11":"first","12":"instock","13":"sale","14":"taxable","15":"shipping-taxable","16":"purchasable","17":"product-type-simple"},"aioseo_notices":[],"_links":{"self":[{"href":"https:\/\/tecsecmty.com\/index.php\/wp-json\/wp\/v2\/product\/4203","targetHints":{"allow":["GET"]}}],"collection":[{"href":"https:\/\/tecsecmty.com\/index.php\/wp-json\/wp\/v2\/product"}],"about":[{"href":"https:\/\/tecsecmty.com\/index.php\/wp-json\/wp\/v2\/types\/product"}],"replies":[{"embeddable":true,"href":"https:\/\/tecsecmty.com\/index.php\/wp-json\/wp\/v2\/comments?post=4203"}],"version-history":[{"count":0,"href":"https:\/\/tecsecmty.com\/index.php\/wp-json\/wp\/v2\/product\/4203\/revisions"}],"wp:featuredmedia":[{"embeddable":true,"href":"https:\/\/tecsecmty.com\/index.php\/wp-json\/wp\/v2\/media\/4202"}],"wp:attachment":[{"href":"https:\/\/tecsecmty.com\/index.php\/wp-json\/wp\/v2\/media?parent=4203"}],"wp:term":[{"taxonomy":"product_brand","embeddable":true,"href":"https:\/\/tecsecmty.com\/index.php\/wp-json\/wp\/v2\/product_brand?post=4203"},{"taxonomy":"product_cat","embeddable":true,"href":"https:\/\/tecsecmty.com\/index.php\/wp-json\/wp\/v2\/product_cat?post=4203"},{"taxonomy":"product_tag","embeddable":true,"href":"https:\/\/tecsecmty.com\/index.php\/wp-json\/wp\/v2\/product_tag?post=4203"}],"curies":[{"name":"wp","href":"https:\/\/api.w.org\/{rel}","templated":true}]}}