{"id":4207,"date":"2023-02-23T00:32:35","date_gmt":"2023-02-23T06:32:35","guid":{"rendered":"https:\/\/tecsecmty.com\/index.php\/producto\/ngteco-ngl200-foco-led-inteligente-wifi-9w-control-remoto-via-app-control-por-voz-color-regulable-frecuencia-wifi-de-24-ghz-compatible-con-amazon-alexa-y-con-el-asistente-de-google-en\/"},"modified":"2023-03-22T23:23:44","modified_gmt":"2023-03-23T05:23:44","slug":"ngteco-ngl200-foco-led-inteligente-wifi-9w-control-remoto-via-app-control-por-voz-color-regulable-frecuencia-wifi-de-24-ghz-compatible-con-amazon-alexa-y-con-el-asistente-de-google-en","status":"publish","type":"product","link":"https:\/\/tecsecmty.com\/index.php\/producto\/ngteco-ngl200-foco-led-inteligente-wifi-9w-control-remoto-via-app-control-por-voz-color-regulable-frecuencia-wifi-de-24-ghz-compatible-con-amazon-alexa-y-con-el-asistente-de-google-en\/","title":{"rendered":"NGTECO NGL200 &#8211; Foco LED Inteligente WiFi \/ 9W \/ Control Remoto v\u00eda App \/ Control por Voz \/ Color Regulable \/ Frecuencia WiFi de 2,4 GHz \/ Compatible con Amazon Alexa y con el Asistente de Google \/ Entrada 110V \/ 60 Hz"},"content":{"rendered":"<div class=\"row aling-items-center padding-bottom-2x\">\n<div class=\"col-lg-12\">\n<h5 class=\"card-title text-center\">Informaci\u00f3n General<\/h5>\n<p><strong>NGL200<\/strong>\u00a0es un foco<strong>\u00a0LED<\/strong>\u00a0<strong>inteligente\u00a0<\/strong>con conexi\u00f3n\u00a0<strong>Wifi<\/strong>, este se puede encender y apagar f\u00e1cilmente a trav\u00e9s de su tel\u00e9fono celular inteligente desde cualquier lugar: cambiar el brillo o el color o programarlo para que se encienda y apague autom\u00e1ticamente seg\u00fan sea necesario. Puede liberar sus manos y controlarlo directamente con los comandos de voz cuando se vincula con dispositivos dom\u00e9sticos como\u00a0<strong><em>Alexa<\/em><\/strong>\u00a0y el\u00a0<strong><em>Asistente de Google<\/em><\/strong>. El foco inteligente NGL200 es adecuado para las l\u00e1mparas de su dormitorio, cocina o estudio ya que aporta gran inteligencia y comodidad a su vida..<\/p>\n<p><img decoding=\"async\" class=\"overview-center-img-web\" src=\"https:\/\/tvc.mx\/media\/640887\/baner.png\" alt=\"\" \/><\/div>\n<\/div>\n<div class=\"row align-items-center padding-bottom-2x\">\n<div class=\"col-md-5\"><img decoding=\"async\" class=\"d-block m-auto img-thumbnail\" src=\"https:\/\/tvc.mx\/media\/647777\/Foco-LED-Inteligente-Foco-de-Color--9W-NGL200-ZKTECO-con-Alexa.png\" alt=\" \" \/><\/div>\n<div class=\"col-md-7 text-md-left text-center\">\n<h2>Principales caracter\u00edsticas.<\/h2>\n<p class=\"text-muted\">\n<ul>\n<li>Conexi\u00f3n por Wifi: Trabaje con una red Wi-Fi segura de 2,4 GHz<\/li>\n<li>Control Remoto: Enci\u00e9ndalo y apaguelo desde cualquier lugar<\/li>\n<li>Dimerizable: Cambia el brillo o el color seg\u00fan sea necesario.<\/li>\n<li>Configure horarios: Configure los dispositivos para que se enciendan o apaguen autom\u00e1ticamente.<\/li>\n<li>Control por Voz: Trabaja con Amazon Alexa and Google Assistant<\/li>\n<li>Grupos:Cree grupos para controlar m\u00faltiples dispositivos de una sola vez<\/li>\n<\/ul>\n<p>&nbsp;<\/p>\n<\/div>\n<\/div>\n<hr class=\"padding-bottom-2x\" \/>\n<div class=\"row align-items-center padding-bottom-2x\">\n<div class=\"col-md-5 order-md-2\"><img decoding=\"async\" class=\"d-block m-auto img-thumbnail\" src=\"https:\/\/tvc.mx\/media\/494656\/Foco-LED-Inteligente-Foco-de-Color--9W-NGL200-ZKTECO-controla-remoto.png\" alt=\" \" \/><\/div>\n<div class=\"col-md-7 order-md-1 text-md-left text-center\">\n<h2>Especificaciones T\u00e9cnicas<\/h2>\n<p class=\"text-muted\">\n<ul>\n<li>Material: PPT+Policarbonato<\/li>\n<li>Factor de forma: A19<\/li>\n<li>Base de l\u00e1mpara: E26<\/li>\n<li>Voltaje de entrada: 110-130V<\/li>\n<li>Temperatura del color 2800K-6500K + RGB<\/li>\n<li>Salida de l\u00famenes 950 lm<\/li>\n<li>CRI \u226580<\/li>\n<li>Potencia 9W<\/li>\n<li>Vida \u00fatil aprox 30000 horas<\/li>\n<li>Asistente de voz Amazon Alexa, Google Assistant<\/li>\n<\/ul>\n<p>&nbsp;<\/p>\n<\/div>\n<\/div>\n<hr class=\"padding-bottom-2x\" \/>\n<div class=\"row align-items-center padding-bottom-2x\">\n<div class=\"col-md-5\"><img decoding=\"async\" class=\"d-block m-auto img-thumbnail\" src=\"https:\/\/tvc.mx\/media\/639667\/Foco-LED-Inteligente-Foco-de-Color--9W-NGL200-ZKTECO-comparte.png\" alt=\" \" \/><\/div>\n<div class=\"col-md-7 text-md-left text-center\">\n<h2>Especificaciones T\u00e9cnicas<\/h2>\n<p class=\"text-muted\">\n<ul>\n<li>Protocolo inal\u00e1mbrico: 802.11 b\/g\/n 2.4GHz Wi-Fi\u00a0<em>* No funciona con 5 GHz.<\/em><\/li>\n<li>Seguridad inal\u00e1mbrica: WPA \/ WPA2<\/li>\n<li>Dimensiones: 110*60mm<\/li>\n<li>Peso neto: 70 g<\/li>\n<li>Peso bruto: 105 g<\/li>\n<li>Temperatura de funcionamiento: -20\u00b0C a 50\u00b0C<\/li>\n<li>Humedad de funcionamiento: 10%~80% HR (sin condensaci\u00f3n)<\/li>\n<li>Certificaciones: CE, FCC, RoHS<\/li>\n<\/ul>\n<\/div>\n<\/div>\n","protected":false},"excerpt":{"rendered":"<p>Informaci\u00f3n General NGL200\u00a0es un foco\u00a0LED\u00a0inteligente\u00a0con conexi\u00f3n\u00a0Wifi, este se puede encender y apagar f\u00e1cilmente a trav\u00e9s de su tel\u00e9fono celular inteligente desde cualquier lugar: cambiar el brillo o el color o programarlo para que se encienda y apague autom\u00e1ticamente seg\u00fan sea necesario. Puede liberar sus manos&hellip;<\/p>\n","protected":false},"featured_media":4206,"comment_status":"open","ping_status":"closed","template":"","meta":{"om_disable_all_campaigns":false,"_monsterinsights_skip_tracking":false,"_monsterinsights_sitenote_active":false,"_monsterinsights_sitenote_note":"","_monsterinsights_sitenote_category":0},"product_brand":[],"product_cat":[303],"product_tag":[212,211,151],"class_list":{"0":"post-4207","1":"product","2":"type-product","3":"status-publish","4":"has-post-thumbnail","6":"product_cat-control-de-iluminacion","7":"product_tag-alarmas","8":"product_tag-alarmas-e-intrusion","9":"product_tag-seguridad","11":"first","12":"instock","13":"sale","14":"taxable","15":"shipping-taxable","16":"purchasable","17":"product-type-simple"},"aioseo_notices":[],"_links":{"self":[{"href":"https:\/\/tecsecmty.com\/index.php\/wp-json\/wp\/v2\/product\/4207","targetHints":{"allow":["GET"]}}],"collection":[{"href":"https:\/\/tecsecmty.com\/index.php\/wp-json\/wp\/v2\/product"}],"about":[{"href":"https:\/\/tecsecmty.com\/index.php\/wp-json\/wp\/v2\/types\/product"}],"replies":[{"embeddable":true,"href":"https:\/\/tecsecmty.com\/index.php\/wp-json\/wp\/v2\/comments?post=4207"}],"version-history":[{"count":0,"href":"https:\/\/tecsecmty.com\/index.php\/wp-json\/wp\/v2\/product\/4207\/revisions"}],"wp:featuredmedia":[{"embeddable":true,"href":"https:\/\/tecsecmty.com\/index.php\/wp-json\/wp\/v2\/media\/4206"}],"wp:attachment":[{"href":"https:\/\/tecsecmty.com\/index.php\/wp-json\/wp\/v2\/media?parent=4207"}],"wp:term":[{"taxonomy":"product_brand","embeddable":true,"href":"https:\/\/tecsecmty.com\/index.php\/wp-json\/wp\/v2\/product_brand?post=4207"},{"taxonomy":"product_cat","embeddable":true,"href":"https:\/\/tecsecmty.com\/index.php\/wp-json\/wp\/v2\/product_cat?post=4207"},{"taxonomy":"product_tag","embeddable":true,"href":"https:\/\/tecsecmty.com\/index.php\/wp-json\/wp\/v2\/product_tag?post=4207"}],"curies":[{"name":"wp","href":"https:\/\/api.w.org\/{rel}","templated":true}]}}