{"id":4209,"date":"2023-02-23T00:32:38","date_gmt":"2023-02-23T06:32:38","guid":{"rendered":"https:\/\/tecsecmty.com\/index.php\/producto\/wulian-dimmer-dimmer-inteligente-carga-minima-25-watts-10-amp-ajuste-la-intensidad-de-iluminacion\/"},"modified":"2023-03-22T23:24:57","modified_gmt":"2023-03-23T05:24:57","slug":"wulian-dimmer-dimmer-inteligente-carga-minima-25-watts-10-amp-ajuste-la-intensidad-de-iluminacion","status":"publish","type":"product","link":"https:\/\/tecsecmty.com\/index.php\/producto\/wulian-dimmer-dimmer-inteligente-carga-minima-25-watts-10-amp-ajuste-la-intensidad-de-iluminacion\/","title":{"rendered":"WULIAN DIMMER &#8211; Dimmer Inteligente \/ Carga m\u00ednima 25 Watts \/ 10 Amp \/ Ajuste la Intensidad de iluminaci\u00f3n"},"content":{"rendered":"<div class=\"row aling-items-center padding-bottom-2x\">\n<div class=\"col-lg-12\">\n<h5 class=\"card-title text-center\">Descripci\u00f3n<\/h5>\n<p class=\"ql-align-justify\">El\u00a0<strong>Dimmer\u00a0<\/strong>touch, es un nuevo producto basado en el protocolo ZigBee. Los usuarios no solo pueden activar y desactivar de forma manual el interruptor atenuador para ajustar el brillo de la luz, sino que tambi\u00e9n pueden controlar el dimmer Inteligente remotamente a trav\u00e9s de un smartphone. Por lo tanto, los usuarios pueden disfrutar de la elegancia y la belleza de su iluminaci\u00f3n<\/p>\n<p><img decoding=\"async\" class=\"overview-center-img-web\" src=\"https:\/\/tvc.mx\/media\/430923\/Dimmer-inteligente-10A-25W-para-ajustar-iluminaci%C3%B3n-DIMMER-WULIAN-TVC-OV..png\" alt=\"\" \/><\/div>\n<\/div>\n<div class=\"row align-items-center padding-bottom-2x\">\n<div class=\"col-md-5\"><img decoding=\"async\" class=\"d-block m-auto img-thumbnail\" src=\"https:\/\/tvc.mx\/media\/430939\/Dimmer-inteligente-10A-25W-para-ajustar-iluminaci%C3%B3n-DIMMER-WULIAN-TVC-OV...png\" alt=\" \" \/><\/div>\n<div class=\"col-md-7 text-md-left text-center\">\n<h2>Especificaciones t\u00e9cnicas<\/h2>\n<p class=\"text-muted\">\n<ul>\n<li class=\"ql-align-justify\"><strong>Protocolo de comunicaci\u00f3n:\u00a0<\/strong>IEEE 802.15.4 ZigBee\/ SmartRoom.<\/li>\n<li><strong>Tipo de Antena:\u00a0<\/strong>Antena PCB.<\/li>\n<li><strong>Alimentaci\u00f3n:\u00a0<\/strong>110v AC 50Hz.<\/li>\n<li><strong>Consumo de energ\u00eda en espera:\u00a0<\/strong>\u22640.03W.<\/li>\n<li><strong>Carga M\u00ednima:\u00a0<\/strong>25W.<\/li>\n<li><strong>Carga total de Impedancia:\u00a0<\/strong>300W (L\u00e1mpara incandescente\/L\u00e1mpara de hal\u00f3geno).<\/li>\n<li><strong>Color:\u00a0<\/strong>Blanco.<\/li>\n<li><strong>Dimensiones de la cubierta:\u00a0<\/strong>86.8mm x 87.2mm.<\/li>\n<li><strong>\u00cdndice de protecci\u00f3n:\u00a0<\/strong>UL94 V-0.<\/li>\n<li><strong>Temperatura de operaci\u00f3n:\u00a0<\/strong>-10\u00b0C a +45\u00b0C.<\/li>\n<li><strong>Humedad de operaci\u00f3n:\u00a0<\/strong>\u226495%RH (Sin Condensaci\u00f3n).<\/li>\n<\/ul>\n<p>&nbsp;<\/p>\n<\/div>\n<\/div>\n<hr class=\"padding-bottom-2x\" \/>\n<div class=\"row aling-items-center padding-bottom-2x\">\n<div class=\"col-lg-12\">\n<h5 class=\"card-title text-center\">Funci\u00f3n<\/h5>\n<p><strong>Notas:<\/strong><\/p>\n<ul>\n<li class=\"ql-align-justify\">Corte el suministro el\u00e9ctrico en la zona en donde vaya a realizar la instalaci\u00f3n.<\/li>\n<li class=\"ql-align-justify\">Es peligroso realizar conexiones con las l\u00edneas de energ\u00eda vivas, su instalaci\u00f3n por personal no capacitado queda estrictamente prohibida.<\/li>\n<li class=\"ql-align-justify\">Presione el bot\u00f3n de clip para remover la cubierta, posteriormente podr\u00e1 fijar el cuerpo principal a la caja del muro por medio de los dos tornillos con punta como se muestra a continuaci\u00f3n.<\/li>\n<\/ul>\n<p><img decoding=\"async\" class=\"overview-center-img-web\" src=\"https:\/\/tvc.mx\/media\/430935\/Dimmer-inteligente-10A-25W-para-ajustar-iluminaci%C3%B3n-DIMMER-WULIAN-TVC-OV.....png\" alt=\"\" \/><\/div>\n<\/div>\n<div class=\"row align-items-center padding-bottom-2x\">\n<div class=\"col-md-5\"><img decoding=\"async\" class=\"d-block m-auto img-thumbnail\" src=\"https:\/\/tvc.mx\/media\/430871\/Dimmer-inteligente-10A-25W-para-ajustar-iluminaci%C3%B3n-DIMMER-WULIAN-TVC-OV.png\" alt=\" \" \/><\/div>\n<div class=\"col-md-7 text-md-left text-center\">\n<h2>ZigBee<\/h2>\n<p class=\"text-muted\">\n<p class=\"ql-align-justify\">\u00bfQu\u00e9 es ZigBee?<\/p>\n<p class=\"ql-indent-1 ql-align-justify\">Es un est\u00e1ndar de comunicaciones inal\u00e1mbricas ZigBee\u00ae dise\u00f1ado por la ZigBee Alliance (una asociaci\u00f3n de m\u00e1s de 100 empresas, sin \u00e1nimo de lucro, reunidas para crear un est\u00e1ndar inal\u00e1mbrico de bajo costo, bajo consumo de energ\u00eda que adem\u00e1s cubra algunos vac\u00edos dejados por Bluetooth) est\u00e1 basado en la norma IEEE para redes inal\u00e1mbricas de \u00e1rea personal WPAN (Wireless Personal Area Network, por sus siglas en ingl\u00e9s). Las aplicaciones del est\u00e1ndar ZigBee\u00ae van desde la dom\u00f3tica, el control industrial hasta soluciones en equipos m\u00e9dicos.<\/p>\n<p>&nbsp;<\/p>\n<\/div>\n<\/div>\n<hr class=\"padding-bottom-2x\" \/>\n<div class=\"row align-items-center padding-bottom-2x\">\n<div class=\"col-md-5\"><img decoding=\"async\" class=\"d-block m-auto img-thumbnail\" src=\"https:\/\/tvc.mx\/media\/430999\/Dimmer-inteligente-10A-25W-para-ajustar-iluminaci%C3%B3n-DIMMER-WULIAN-TVC-OV.....png\" alt=\" \" \/><\/div>\n<div class=\"col-md-7 text-md-left text-center\">\n<h2>Incluye<\/h2>\n<p class=\"text-muted\">\n<ul>\n<li>Dimmer inteligente.<\/li>\n<\/ul>\n<\/div>\n<\/div>\n","protected":false},"excerpt":{"rendered":"<p>Descripci\u00f3n El\u00a0Dimmer\u00a0touch, es un nuevo producto basado en el protocolo ZigBee. Los usuarios no solo pueden activar y desactivar de forma manual el interruptor atenuador para ajustar el brillo de la luz, sino que tambi\u00e9n pueden controlar el dimmer Inteligente remotamente a trav\u00e9s de un&hellip;<\/p>\n","protected":false},"featured_media":4208,"comment_status":"open","ping_status":"closed","template":"","meta":{"om_disable_all_campaigns":false,"_monsterinsights_skip_tracking":false,"_monsterinsights_sitenote_active":false,"_monsterinsights_sitenote_note":"","_monsterinsights_sitenote_category":0},"product_brand":[],"product_cat":[304],"product_tag":[212,211,151],"class_list":{"0":"post-4209","1":"product","2":"type-product","3":"status-publish","4":"has-post-thumbnail","6":"product_cat-control-de-iluminacion-automatizacion","7":"product_tag-alarmas","8":"product_tag-alarmas-e-intrusion","9":"product_tag-seguridad","11":"first","12":"instock","13":"sale","14":"taxable","15":"shipping-taxable","16":"purchasable","17":"product-type-simple"},"aioseo_notices":[],"_links":{"self":[{"href":"https:\/\/tecsecmty.com\/index.php\/wp-json\/wp\/v2\/product\/4209","targetHints":{"allow":["GET"]}}],"collection":[{"href":"https:\/\/tecsecmty.com\/index.php\/wp-json\/wp\/v2\/product"}],"about":[{"href":"https:\/\/tecsecmty.com\/index.php\/wp-json\/wp\/v2\/types\/product"}],"replies":[{"embeddable":true,"href":"https:\/\/tecsecmty.com\/index.php\/wp-json\/wp\/v2\/comments?post=4209"}],"version-history":[{"count":0,"href":"https:\/\/tecsecmty.com\/index.php\/wp-json\/wp\/v2\/product\/4209\/revisions"}],"wp:featuredmedia":[{"embeddable":true,"href":"https:\/\/tecsecmty.com\/index.php\/wp-json\/wp\/v2\/media\/4208"}],"wp:attachment":[{"href":"https:\/\/tecsecmty.com\/index.php\/wp-json\/wp\/v2\/media?parent=4209"}],"wp:term":[{"taxonomy":"product_brand","embeddable":true,"href":"https:\/\/tecsecmty.com\/index.php\/wp-json\/wp\/v2\/product_brand?post=4209"},{"taxonomy":"product_cat","embeddable":true,"href":"https:\/\/tecsecmty.com\/index.php\/wp-json\/wp\/v2\/product_cat?post=4209"},{"taxonomy":"product_tag","embeddable":true,"href":"https:\/\/tecsecmty.com\/index.php\/wp-json\/wp\/v2\/product_tag?post=4209"}],"curies":[{"name":"wp","href":"https:\/\/api.w.org\/{rel}","templated":true}]}}