{"id":4211,"date":"2023-02-23T00:32:39","date_gmt":"2023-02-23T06:32:39","guid":{"rendered":"https:\/\/tecsecmty.com\/index.php\/producto\/wulian-adimmer-dimmer-formato-americano-carga-minima-25-watts-110v-permite-incrementar-o-disminuir-intensidad-de-luz-requiere-foco-dimmeable\/"},"modified":"2023-03-22T23:24:56","modified_gmt":"2023-03-23T05:24:56","slug":"wulian-adimmer-dimmer-formato-americano-carga-minima-25-watts-110v-permite-incrementar-o-disminuir-intensidad-de-luz-requiere-foco-dimmeable","status":"publish","type":"product","link":"https:\/\/tecsecmty.com\/index.php\/producto\/wulian-adimmer-dimmer-formato-americano-carga-minima-25-watts-110v-permite-incrementar-o-disminuir-intensidad-de-luz-requiere-foco-dimmeable\/","title":{"rendered":"WULIAN ADIMMER &#8211; Dimmer Formato Americano Carga m\u00ednima 25 Watts \/ 110V \/ Permite incrementar o disminuir intensidad de luz, requiere foco dimmeable"},"content":{"rendered":"<div class=\"row aling-items-center padding-bottom-2x\">\n<div class=\"col-lg-12\">\n<h5 class=\"card-title text-center\">Caracter\u00edsticas<\/h5>\n<h4 class=\"ql-align-center\"><strong>WULIAN ADIMMER &#8211; DIMMER FORMATO AMERICANO CARGA MINIMA 25W \/ 110V<\/strong><\/h4>\n<p>El interruptor de atenuaci\u00f3n inteligente es un interruptor de atenuaci\u00f3n de 2 botones en el sistema de se\u00f1al de Zigbee que puede controlar el brillo de la casa a trav\u00e9s de un tel\u00e9fono inteligente y puede crear un sistema de ahorro de energ\u00eda al vincularlo a trabajar con sensor de luz inal\u00e1mbrico. Tambi\u00e9n puede configurar el tiempo para encender y apagar las luces a trav\u00e9s de la aplicaci\u00f3n de Wulian presionando un solo bot\u00f3n en su tel\u00e9fono inteligente.<\/p>\n<p><img decoding=\"async\" class=\"overview-center-img-web\" src=\"https:\/\/tvc.mx\/media\/299515\/Dimmer-inteligente-tipo-L-ADIMMER-WULIAN-TVC-Overview1.png\" alt=\"\" \/><\/div>\n<\/div>\n<div class=\"row align-items-center padding-bottom-2x\">\n<div class=\"col-md-5\"><img decoding=\"async\" class=\"d-block m-auto img-thumbnail\" src=\"https:\/\/tvc.mx\/media\/9064\/dimmer-americano-overview-lateral.jpg\" alt=\" \" \/><\/div>\n<div class=\"col-md-7 text-md-left text-center\">\n<h2>Descripci\u00f3n<\/h2>\n<p class=\"text-muted\">\n<p class=\"ql-align-center\"><strong>\u00bfQu\u00e9 es ZigBee?<\/strong><\/p>\n<p>Es un est\u00e1ndar de comunicaciones inal\u00e1mbricas ZigBee\u00ae dise\u00f1ado por la ZigBee Alliance (una asociaci\u00f3n de m\u00e1s de 100 empresas, sin \u00e1nimo de lucro, reunidas para crear un est\u00e1ndar inal\u00e1mbrico de bajo costo, bajo consumo de energ\u00eda que adem\u00e1s cubra algunos vac\u00edos dejados por Bluetooth) est\u00e1 basado en la norma IEEE para redes inal\u00e1mbricas de \u00e1rea personal WPAN (Wireless Personal Area Network, por sus siglas en ingl\u00e9s). Las aplicaciones del est\u00e1ndar ZigBee\u00ae van desde la dom\u00f3tica, el control industrial hasta soluciones en equipos m\u00e9dicos.<\/p>\n<p>El Dimmer\u00a0Wulian modelo\u00a0<strong>W-LZCSWNPW-D1112-01\u00a0<\/strong>es un dimmeador con las medidas de tipo Australiano, compatibles con las medidas Americanas que usualmente encontramos en las instalaciones de M\u00e9xico que son de 10&#215;6 cm en largo x ancho respectivamente.<\/p>\n<p>Este modelo de apagador\u00a0puede ser manipulado desde la aplicaci\u00f3n de Wulian \u00abSmart Home\u00bb para tener total control sobre el remotamente\u00a0cuenta con dos botones por lo que puede ser colocado sustituyendo dimeadores convencionales.<\/p>\n<p>&nbsp;<\/p>\n<\/div>\n<\/div>\n<hr class=\"padding-bottom-2x\" \/>\n<div class=\"row aling-items-center padding-bottom-2x\">\n<div class=\"col-lg-12\">\n<h5 class=\"card-title text-center\">Especificaciones t\u00e9cnicas:<\/h5>\n<p>.<\/p>\n<p><img decoding=\"async\" class=\"overview-center-img-\" src=\"https:\/\/tvc.mx\/media\/9065\/especificaciones-overview-central.jpg\" alt=\"\" \/><\/div>\n<\/div>\n<div class=\"row align-items-center padding-bottom-2x\">\n<div class=\"col-md-5\"><img decoding=\"async\" class=\"d-block m-auto img-thumbnail\" src=\"https:\/\/tvc.mx\/media\/377647\/Dimmer-Formato-Americano-TVC-Overviewsin.png\" alt=\" \" \/><\/div>\n<div class=\"col-md-7 text-md-left text-center\">\n<h2>Incluye<\/h2>\n<p class=\"text-muted\">\n<ul>\n<li>Dimmer formato americano<\/li>\n<li>Torniller\u00eda<\/li>\n<\/ul>\n<\/div>\n<\/div>\n","protected":false},"excerpt":{"rendered":"<p>Caracter\u00edsticas WULIAN ADIMMER &#8211; DIMMER FORMATO AMERICANO CARGA MINIMA 25W \/ 110V El interruptor de atenuaci\u00f3n inteligente es un interruptor de atenuaci\u00f3n de 2 botones en el sistema de se\u00f1al de Zigbee que puede controlar el brillo de la casa a trav\u00e9s de un tel\u00e9fono&hellip;<\/p>\n","protected":false},"featured_media":4210,"comment_status":"open","ping_status":"closed","template":"","meta":{"om_disable_all_campaigns":false,"_monsterinsights_skip_tracking":false,"_monsterinsights_sitenote_active":false,"_monsterinsights_sitenote_note":"","_monsterinsights_sitenote_category":0},"product_brand":[],"product_cat":[304],"product_tag":[212,211,151],"class_list":{"0":"post-4211","1":"product","2":"type-product","3":"status-publish","4":"has-post-thumbnail","6":"product_cat-control-de-iluminacion-automatizacion","7":"product_tag-alarmas","8":"product_tag-alarmas-e-intrusion","9":"product_tag-seguridad","11":"first","12":"instock","13":"sale","14":"taxable","15":"shipping-taxable","16":"purchasable","17":"product-type-simple"},"aioseo_notices":[],"_links":{"self":[{"href":"https:\/\/tecsecmty.com\/index.php\/wp-json\/wp\/v2\/product\/4211","targetHints":{"allow":["GET"]}}],"collection":[{"href":"https:\/\/tecsecmty.com\/index.php\/wp-json\/wp\/v2\/product"}],"about":[{"href":"https:\/\/tecsecmty.com\/index.php\/wp-json\/wp\/v2\/types\/product"}],"replies":[{"embeddable":true,"href":"https:\/\/tecsecmty.com\/index.php\/wp-json\/wp\/v2\/comments?post=4211"}],"version-history":[{"count":0,"href":"https:\/\/tecsecmty.com\/index.php\/wp-json\/wp\/v2\/product\/4211\/revisions"}],"wp:featuredmedia":[{"embeddable":true,"href":"https:\/\/tecsecmty.com\/index.php\/wp-json\/wp\/v2\/media\/4210"}],"wp:attachment":[{"href":"https:\/\/tecsecmty.com\/index.php\/wp-json\/wp\/v2\/media?parent=4211"}],"wp:term":[{"taxonomy":"product_brand","embeddable":true,"href":"https:\/\/tecsecmty.com\/index.php\/wp-json\/wp\/v2\/product_brand?post=4211"},{"taxonomy":"product_cat","embeddable":true,"href":"https:\/\/tecsecmty.com\/index.php\/wp-json\/wp\/v2\/product_cat?post=4211"},{"taxonomy":"product_tag","embeddable":true,"href":"https:\/\/tecsecmty.com\/index.php\/wp-json\/wp\/v2\/product_tag?post=4211"}],"curies":[{"name":"wp","href":"https:\/\/api.w.org\/{rel}","templated":true}]}}