{"id":4213,"date":"2023-02-23T00:32:41","date_gmt":"2023-02-23T06:32:41","guid":{"rendered":"https:\/\/tecsecmty.com\/index.php\/producto\/wulian-amp-amplificador-de-carga-inteligente-para-switchs-inteligentes-con-cargas-menores-a-15-watts-focos-led-o-de-bajo-consumo\/"},"modified":"2023-03-22T23:24:56","modified_gmt":"2023-03-23T05:24:56","slug":"wulian-amp-amplificador-de-carga-inteligente-para-switchs-inteligentes-con-cargas-menores-a-15-watts-focos-led-o-de-bajo-consumo","status":"publish","type":"product","link":"https:\/\/tecsecmty.com\/index.php\/producto\/wulian-amp-amplificador-de-carga-inteligente-para-switchs-inteligentes-con-cargas-menores-a-15-watts-focos-led-o-de-bajo-consumo\/","title":{"rendered":"WULIAN AMP &#8211; Amplificador de carga inteligente \/ Para Switchs inteligentes con cargas menores a 15 Watts (focos LED o de bajo consumo)"},"content":{"rendered":"<div class=\"row aling-items-center padding-bottom-2x\">\n<div class=\"col-lg-12\">\n<h5 class=\"card-title text-center\">Descripci\u00f3n<\/h5>\n<h3><strong>WULIAN AMP<\/strong>\u00a0&#8211; Amplificador de carga inteligente \/ Para Switchs inteligentes con cargas menores a 15 Watts (focos LED o de bajo consumo)<\/h3>\n<p><img decoding=\"async\" class=\"overview-center-img-web\" src=\"https:\/\/tvc.mx\/media\/420923\/WULIAN-AMP-AMPLIFICADOR-DE-CARGA-BANER.png\" alt=\"\" \/><\/div>\n<\/div>\n<div class=\"row align-items-center padding-bottom-2x\">\n<div class=\"col-md-5\"><img decoding=\"async\" class=\"d-block m-auto img-thumbnail\" src=\"https:\/\/tvc.mx\/media\/421775\/WULIAN-AMP-AMPLIFICADOR-DE-CARGA-ESPECIFICACIONES.png\" alt=\" \" \/><\/div>\n<div class=\"col-md-7 text-md-left text-center\">\n<h2>Especifiaciones<\/h2>\n<p class=\"text-muted\">\n<ul>\n<li><strong>Nombre:\u00a0<\/strong>Amplificador de carga inteligente<\/li>\n<li><strong>Modo de comunicaci\u00f3n:\u00a0<\/strong>IEEE 802.15.4 (ZIGBEE\/SMARTROOM)<\/li>\n<li><strong>Par\u00e1metros de poder:\u00a0<\/strong>110~240V AC, 50~60Hz<\/li>\n<li><strong>M\u00e9todo de instalaci\u00f3n:\u00a0<\/strong>Montado en la pared<\/li>\n<li><strong>Temperatura \/ Humedad de operaci\u00f3n:\u00a0<\/strong>-10\u00b0C \/\u2264 95%RH (Sin\u00a0condensaci\u00f3n)<\/li>\n<li><strong>Material y color:\u00a0<\/strong>Blanco, PC<\/li>\n<li><strong>Dimensiones:\u00a0<\/strong>29.5 x 13.5 x 18.4mm<\/li>\n<\/ul>\n<p>&nbsp;<\/p>\n<\/div>\n<\/div>\n<hr class=\"padding-bottom-2x\" \/>\n<div class=\"row align-items-center padding-bottom-2x\">\n<div class=\"col-md-5 order-md-2\"><img decoding=\"async\" class=\"d-block m-auto img-thumbnail\" src=\"https:\/\/tvc.mx\/media\/420539\/WULIAN-COURTAINHIDENS-INTERRUPTOR-DE-CORTINAS-PRINCIPAL4.png\" alt=\" \" \/><\/div>\n<div class=\"col-md-7 order-md-1 text-md-left text-center\">\n<h2>Incluye<\/h2>\n<p class=\"text-muted\">\n<ul>\n<li>Amplificador de carga inteligente<\/li>\n<li>Instructivo<\/li>\n<\/ul>\n<p>&nbsp;<\/p>\n<\/div>\n<\/div>\n<hr class=\"padding-bottom-2x\" \/>\n<div class=\"row align-items-center padding-bottom-2x\">\n<div class=\"col-md-5\"><img decoding=\"async\" class=\"d-block m-auto img-thumbnail\" src=\"https:\/\/tvc.mx\/media\/9154\/amplificador-de-carga-overview-lateral.jpg\" alt=\" \" \/><\/div>\n<div class=\"col-md-7 text-md-left text-center\">\n<h2>ZigBee<\/h2>\n<p class=\"text-muted\">\n<p>\u00a0<strong>\u00bfQu\u00e9 es ZigBee?<\/strong>\u00a0Es un est\u00e1ndar de comunicaciones inal\u00e1mbricas ZigBee\u00ae dise\u00f1ado por la ZigBee Alliance (una asociaci\u00f3n de mas de 100 empresas, sin \u00e1nimo de lucro, reunidas para crear un est\u00e1ndar inal\u00e1mbrico de bajo costo, bajo consumo de energ\u00eda que adem\u00e1s cubra algunos vac\u00edos dejados por Bluetooth) est\u00e1 basado en la norma IEEE para redes inal\u00e1mbricas de \u00e1rea personal WPAN (Wireless Personal Area Network, por sus siglas en ingl\u00e9s). Las aplicaciones del est\u00e1ndar ZigBee\u00ae van desde la dom\u00f3tica, el control industrial hasta soluciones en equipos m\u00e9dicos.<\/p>\n<p>El amplificador de carga modelo\u00a0<strong>WLNLAMLPWV0100000- 01\u00a0<\/strong>es un dispositivo que nos ayuda a estabilizar la potencia dentro de un circuito de iluminaci\u00f3n con apagadores wulian que sean del tipo \u00abL\u00bb, como lo son los Dimmer switch y algunos otros modelos \u00abL\u00bb de apagadores wulian<\/p>\n<\/div>\n<\/div>\n","protected":false},"excerpt":{"rendered":"<p>Descripci\u00f3n WULIAN AMP\u00a0&#8211; Amplificador de carga inteligente \/ Para Switchs inteligentes con cargas menores a 15 Watts (focos LED o de bajo consumo) Especifiaciones Nombre:\u00a0Amplificador de carga inteligente Modo de comunicaci\u00f3n:\u00a0IEEE 802.15.4 (ZIGBEE\/SMARTROOM) Par\u00e1metros de poder:\u00a0110~240V AC, 50~60Hz M\u00e9todo de instalaci\u00f3n:\u00a0Montado en la pared Temperatura&hellip;<\/p>\n","protected":false},"featured_media":4212,"comment_status":"open","ping_status":"closed","template":"","meta":{"om_disable_all_campaigns":false,"_monsterinsights_skip_tracking":false,"_monsterinsights_sitenote_active":false,"_monsterinsights_sitenote_note":"","_monsterinsights_sitenote_category":0},"product_brand":[],"product_cat":[304],"product_tag":[212,211,151],"class_list":{"0":"post-4213","1":"product","2":"type-product","3":"status-publish","4":"has-post-thumbnail","6":"product_cat-control-de-iluminacion-automatizacion","7":"product_tag-alarmas","8":"product_tag-alarmas-e-intrusion","9":"product_tag-seguridad","11":"first","12":"instock","13":"sale","14":"taxable","15":"shipping-taxable","16":"purchasable","17":"product-type-simple"},"aioseo_notices":[],"_links":{"self":[{"href":"https:\/\/tecsecmty.com\/index.php\/wp-json\/wp\/v2\/product\/4213","targetHints":{"allow":["GET"]}}],"collection":[{"href":"https:\/\/tecsecmty.com\/index.php\/wp-json\/wp\/v2\/product"}],"about":[{"href":"https:\/\/tecsecmty.com\/index.php\/wp-json\/wp\/v2\/types\/product"}],"replies":[{"embeddable":true,"href":"https:\/\/tecsecmty.com\/index.php\/wp-json\/wp\/v2\/comments?post=4213"}],"version-history":[{"count":0,"href":"https:\/\/tecsecmty.com\/index.php\/wp-json\/wp\/v2\/product\/4213\/revisions"}],"wp:featuredmedia":[{"embeddable":true,"href":"https:\/\/tecsecmty.com\/index.php\/wp-json\/wp\/v2\/media\/4212"}],"wp:attachment":[{"href":"https:\/\/tecsecmty.com\/index.php\/wp-json\/wp\/v2\/media?parent=4213"}],"wp:term":[{"taxonomy":"product_brand","embeddable":true,"href":"https:\/\/tecsecmty.com\/index.php\/wp-json\/wp\/v2\/product_brand?post=4213"},{"taxonomy":"product_cat","embeddable":true,"href":"https:\/\/tecsecmty.com\/index.php\/wp-json\/wp\/v2\/product_cat?post=4213"},{"taxonomy":"product_tag","embeddable":true,"href":"https:\/\/tecsecmty.com\/index.php\/wp-json\/wp\/v2\/product_tag?post=4213"}],"curies":[{"name":"wp","href":"https:\/\/api.w.org\/{rel}","templated":true}]}}