{"id":4225,"date":"2023-02-23T00:32:55","date_gmt":"2023-02-23T06:32:55","guid":{"rendered":"https:\/\/tecsecmty.com\/index.php\/producto\/wulian-switch3-apagador-inteligente-de-formato-europeo-cuenta-con-3-botones-l-para-controlar-3-lamparas-capacidad-de-10-amp-protocolo-zigbee\/"},"modified":"2023-03-22T23:24:58","modified_gmt":"2023-03-23T05:24:58","slug":"wulian-switch3-apagador-inteligente-de-formato-europeo-cuenta-con-3-botones-l-para-controlar-3-lamparas-capacidad-de-10-amp-protocolo-zigbee","status":"publish","type":"product","link":"https:\/\/tecsecmty.com\/index.php\/producto\/wulian-switch3-apagador-inteligente-de-formato-europeo-cuenta-con-3-botones-l-para-controlar-3-lamparas-capacidad-de-10-amp-protocolo-zigbee\/","title":{"rendered":"WULIAN SWITCH3 &#8211; Apagador Inteligente de Formato Europeo \/ cuenta con 3 Botones L para controlar 3 lamparas\/ Capacidad de 10 Amp \/ Protocolo Zigbee"},"content":{"rendered":"<div class=\"row aling-items-center padding-bottom-2x\">\n<div class=\"col-lg-12\">\n<h5 class=\"card-title text-center\">Descripci\u00f3n<\/h5>\n<p class=\"ql-align-justify\">El\u00a0modelo\u00a0<strong>SWITCH3\u00a0<\/strong>10A, es un apagador inteligente que cumple con la funci\u00f3n de un apagador convencional con la diferencia de poder ser controlado desde la app de WULIAN Smart Home en dispositivos iOS y Android. Desde la APP, el usuario puede revisar el estado de los interruptores o interruptor de modo que puede controlarlos. El interruptor\u00a0puede formar\u00a0parte de escenas programadas controladas desde\u00a0un control de escenas. As\u00ed como automatizar su encendido y apagado por medio otros sensores u horarios.<\/p>\n<ul>\n<li class=\"ql-align-justify\"><strong>Control Local:\u00a0<\/strong>Solo presione el bot\u00f3n y su iluminaci\u00f3n se encender\u00e1 o apagar\u00e1.<\/li>\n<li class=\"ql-align-justify\"><strong>Control Remoto:<\/strong>\u00a0Desde la aplicaci\u00f3n de\u00a0WULIAN<a href=\"http:\/\/www.wuliangroup.com\/en\/site\/app\" target=\"_blank\" rel=\"noopener\">\u00a0Smart Home<\/a>\u00a0en su smartphone, podr\u00e1 controlar el encendido y apagado de su iluminaci\u00f3n.<\/li>\n<li class=\"ql-align-justify\"><strong>Control inteligente:<\/strong>\u00a0Podr\u00e1 automatizar de forma temporal o por medio de la activaci\u00f3n de un sensor WULIAN el encendido o apagado de su iluminaci\u00f3n.<\/li>\n<\/ul>\n<p><img decoding=\"async\" class=\"overview-center-img-web\" src=\"https:\/\/tvc.mx\/media\/430699\/Apagador-inteligente-formato-europeo-WULIAN-SWITCH3-WLN481013-TVC-Overviews1.png\" alt=\"\" \/><\/div>\n<\/div>\n<div class=\"row align-items-center padding-bottom-2x\">\n<div class=\"col-md-5\"><img decoding=\"async\" class=\"d-block m-auto img-thumbnail\" src=\"https:\/\/tvc.mx\/media\/337319\/Apagador-inteligente-formato-europeo-WULIAN-SWITCH3-WLN481013-TVC-Overviews1.1.png\" alt=\" \" \/><\/div>\n<div class=\"col-md-7 text-md-left text-center\">\n<h2>Especificaciones t\u00e9cnicas<\/h2>\n<p class=\"text-muted\">\n<ul>\n<li><strong>Protocolo de comunicaci\u00f3n:\u00a0<\/strong>IEEE 802.15.4 ZigBee\/ SmartRoom<\/li>\n<li><strong>Tipo de montaje:\u00a0<\/strong>Montaje en la pared<\/li>\n<li><strong>Alimentaci\u00f3n:\u00a0<\/strong>110v AC 50\/60Hz<\/li>\n<li><strong>Consumo de energ\u00eda en espera:\u00a0<\/strong>\u22640.45W<\/li>\n<li><strong>Carga M\u00ednima:\u00a0<\/strong>25W<\/li>\n<li><strong>Carga de resistencia m\u00e1xima de l\u00edneas totales:\u00a0<\/strong>2000\/1000W(Tensi\u00f3n nominal de 220 \/ 110V)<\/li>\n<li><strong>\u00a0M\u00e1xima carga inductiva y capacitiva de l\u00edneas totales:\u00a0<\/strong>1400\/600W(Tensi\u00f3n nominal de 220 \/ 110V)<\/li>\n<li><strong>Color y material:\u00a0<\/strong>Blanco<\/li>\n<li class=\"ql-align-justify\"><strong>Dimensiones de la cubierta:\u00a0<\/strong>86mm x 87mm x 40mm\u00a0(Dimensi\u00f3n global)<\/li>\n<li class=\"ql-align-justify\"><strong>\u00cdndice de protecci\u00f3n:\u00a0<\/strong>UL94 V-0<\/li>\n<li class=\"ql-align-justify\"><strong>Temperatura de operaci\u00f3n:\u00a0<\/strong>-10\u00b0C a +45\u00b0C<\/li>\n<li class=\"ql-align-justify\"><strong>Humedad de operaci\u00f3n:\u00a0<\/strong>\u226495%RH (Sin Condensaci\u00f3n)<\/li>\n<\/ul>\n<p>&nbsp;<\/p>\n<\/div>\n<\/div>\n<hr class=\"padding-bottom-2x\" \/>\n<div class=\"row align-items-center padding-bottom-2x\">\n<div class=\"col-md-5\"><img decoding=\"async\" class=\"d-block m-auto img-thumbnail\" src=\"https:\/\/tvc.mx\/media\/337331\/Apagador-inteligente-formato-europeo-WULIAN-SWITCH3-WLN481013-TVC-Overviews1.png\" alt=\" \" \/><\/div>\n<div class=\"col-md-7 text-md-left text-center\">\n<h2>Funci\u00f3n<\/h2>\n<p class=\"text-muted\">\n<ul>\n<li>Soporta IEEE 802.15.4 protocolo ZigBee \/ y pruebas.<\/li>\n<li>Podr\u00eda inter funcionar con dispositivos de control y de seguridad para realizar control local y remota.<\/li>\n<li>Podr\u00eda unirse con m\u00faltiples mandos a distancia, control inal\u00e1mbrico al darse cuenta de la utilizaci\u00f3n de varios interruptores para controlar un dispositivo o utilizando un interruptor para controlar m\u00faltiples dispositivos.<\/li>\n<li>Los usuarios podr\u00edan realizar f\u00e1cilmente y convenientemente ajustes de tiempos de control y de escena a trav\u00e9s dela aplicaci\u00f3n de Smart Home<\/li>\n<li>Este producto adopta la caja de conexiones est\u00e1ndar chino (86mm x 86mm), que podr\u00eda ser instalado directamente en la caja de conexiones est\u00e1ndar en la pared, as\u00ed como sustituir convenientemente los interruptores de pared com\u00fan.<\/li>\n<li>El dise\u00f1o exterior elegante es una combinaci\u00f3n perfecta para todos los estilos de decoraci\u00f3n.<\/li>\n<\/ul>\n<h4><\/h4>\n<p>&nbsp;<\/p>\n<\/div>\n<\/div>\n<hr class=\"padding-bottom-2x\" \/>\n<div class=\"row aling-items-center padding-bottom-2x\">\n<div class=\"col-lg-12\">\n<h5 class=\"card-title text-center\">Conexiones<\/h5>\n<p><strong>Nota:<\/strong><\/p>\n<ol>\n<li>Antes de la instalaci\u00f3n, aseg\u00farese de cortar la energ\u00eda el\u00e9ctrica de la zona en donde realizar\u00e1 la instalaci\u00f3n, es sumamente peligroso realizar conexiones con las l\u00edneas de corriente vivas. Queda estrictamente prohibida su instalaci\u00f3n y operaci\u00f3n por personal no capacitado.<\/li>\n<li>Retire la cubierta\u00a0y fije el cuerpo principal por medio de los dos tornillos con punta a la caja situada en el interior del muro, el m\u00e9todo de instalaci\u00f3n es el mismo que el empleado para un interruptor normal.<\/li>\n<\/ol>\n<p>&nbsp;<\/p>\n<p><img decoding=\"async\" class=\"overview-center-img-web\" src=\"https:\/\/tvc.mx\/media\/337311\/Apagador-inteligente-formato-europeo-WULIAN-SWITCH3-WLN481013-TVC-Overviews2.png\" alt=\"\" \/><\/div>\n<\/div>\n<div class=\"row align-items-center padding-bottom-2x\">\n<div class=\"col-md-5\"><img decoding=\"async\" class=\"d-block m-auto img-thumbnail\" src=\"https:\/\/tvc.mx\/media\/430687\/Apagador-inteligente-formato-europeo-WULIAN-SWITCH3-WLN481013-TVC-Overviews5.png\" alt=\" \" \/><\/div>\n<div class=\"col-md-7 text-md-left text-center\">\n<h2>ZigBee<\/h2>\n<p class=\"text-muted\">\n<p class=\"ql-align-justify\">\u00bfQu\u00e9 es ZigBee?<\/p>\n<p class=\"ql-align-justify\">Es un est\u00e1ndar de comunicaciones inal\u00e1mbricas ZigBee\u00ae dise\u00f1ado por la ZigBee Alliance (una asociaci\u00f3n de m\u00e1s de 100 empresas, sin \u00e1nimo de lucro, reunidas para crear un est\u00e1ndar inal\u00e1mbrico de bajo costo, bajo consumo de energ\u00eda que adem\u00e1s cubra algunos vac\u00edos dejados por Bluetooth) est\u00e1 basado en la norma IEEE para redes inal\u00e1mbricas de \u00e1rea personal WPAN (Wireless Personal Area Network, por sus siglas en ingl\u00e9s). Las aplicaciones del est\u00e1ndar ZigBee\u00ae van desde la dom\u00f3tica, el control industrial hasta soluciones en equipos m\u00e9dicos.<\/p>\n<p>&nbsp;<\/p>\n<\/div>\n<\/div>\n<hr class=\"padding-bottom-2x\" \/>\n<div class=\"row align-items-center padding-bottom-2x\">\n<div class=\"col-md-5\"><img decoding=\"async\" class=\"d-block m-auto img-thumbnail\" src=\"https:\/\/tvc.mx\/media\/431035\/Apagador-inteligente-formato-europeo-WULIAN-SWITCH3-WLN481013-TVC-Overviews...png\" alt=\" \" \/><\/div>\n<div class=\"col-md-7 text-md-left text-center\">\n<h2>Incluye<\/h2>\n<p class=\"text-muted\">\n<ul>\n<li>Apagador inteligente de formato Europeo.<\/li>\n<\/ul>\n<\/div>\n<\/div>\n","protected":false},"excerpt":{"rendered":"<p>Descripci\u00f3n El\u00a0modelo\u00a0SWITCH3\u00a010A, es un apagador inteligente que cumple con la funci\u00f3n de un apagador convencional con la diferencia de poder ser controlado desde la app de WULIAN Smart Home en dispositivos iOS y Android. Desde la APP, el usuario puede revisar el estado de los&hellip;<\/p>\n","protected":false},"featured_media":4224,"comment_status":"open","ping_status":"closed","template":"","meta":{"om_disable_all_campaigns":false,"_monsterinsights_skip_tracking":false,"_monsterinsights_sitenote_active":false,"_monsterinsights_sitenote_note":"","_monsterinsights_sitenote_category":0},"product_brand":[],"product_cat":[304],"product_tag":[212,211,151],"class_list":{"0":"post-4225","1":"product","2":"type-product","3":"status-publish","4":"has-post-thumbnail","6":"product_cat-control-de-iluminacion-automatizacion","7":"product_tag-alarmas","8":"product_tag-alarmas-e-intrusion","9":"product_tag-seguridad","11":"first","12":"instock","13":"sale","14":"taxable","15":"shipping-taxable","16":"purchasable","17":"product-type-simple"},"aioseo_notices":[],"_links":{"self":[{"href":"https:\/\/tecsecmty.com\/index.php\/wp-json\/wp\/v2\/product\/4225","targetHints":{"allow":["GET"]}}],"collection":[{"href":"https:\/\/tecsecmty.com\/index.php\/wp-json\/wp\/v2\/product"}],"about":[{"href":"https:\/\/tecsecmty.com\/index.php\/wp-json\/wp\/v2\/types\/product"}],"replies":[{"embeddable":true,"href":"https:\/\/tecsecmty.com\/index.php\/wp-json\/wp\/v2\/comments?post=4225"}],"version-history":[{"count":0,"href":"https:\/\/tecsecmty.com\/index.php\/wp-json\/wp\/v2\/product\/4225\/revisions"}],"wp:featuredmedia":[{"embeddable":true,"href":"https:\/\/tecsecmty.com\/index.php\/wp-json\/wp\/v2\/media\/4224"}],"wp:attachment":[{"href":"https:\/\/tecsecmty.com\/index.php\/wp-json\/wp\/v2\/media?parent=4225"}],"wp:term":[{"taxonomy":"product_brand","embeddable":true,"href":"https:\/\/tecsecmty.com\/index.php\/wp-json\/wp\/v2\/product_brand?post=4225"},{"taxonomy":"product_cat","embeddable":true,"href":"https:\/\/tecsecmty.com\/index.php\/wp-json\/wp\/v2\/product_cat?post=4225"},{"taxonomy":"product_tag","embeddable":true,"href":"https:\/\/tecsecmty.com\/index.php\/wp-json\/wp\/v2\/product_tag?post=4225"}],"curies":[{"name":"wp","href":"https:\/\/api.w.org\/{rel}","templated":true}]}}