{"id":4227,"date":"2023-02-23T00:32:57","date_gmt":"2023-02-23T06:32:57","guid":{"rendered":"https:\/\/tecsecmty.com\/index.php\/producto\/wulian-switcha1ln-apagador-inteligente-formato-americano-con-conexion-a-110vac-administracion-remota-con-uso-de-brain-desde-aplicacion-en-celular-protocolo-de-comunicacion-zigbee\/"},"modified":"2023-03-22T23:24:58","modified_gmt":"2023-03-23T05:24:58","slug":"wulian-switcha1ln-apagador-inteligente-formato-americano-con-conexion-a-110vac-administracion-remota-con-uso-de-brain-desde-aplicacion-en-celular-protocolo-de-comunicacion-zigbee","status":"publish","type":"product","link":"https:\/\/tecsecmty.com\/index.php\/producto\/wulian-switcha1ln-apagador-inteligente-formato-americano-con-conexion-a-110vac-administracion-remota-con-uso-de-brain-desde-aplicacion-en-celular-protocolo-de-comunicacion-zigbee\/","title":{"rendered":"WULIAN SWITCHA1LN &#8211; Apagador inteligente formato americano con conexion a 110VAC\/ Administraci\u00f3n remota con uso de Brain desde aplicacion en celular\/ Protocolo de comunicacion Zigbee"},"content":{"rendered":"<div class=\"row aling-items-center padding-bottom-2x\">\n<div class=\"col-lg-12\">\n<h5 class=\"card-title text-center\">Descripci\u00f3n<\/h5>\n<p class=\"ql-align-justify\">El\u00a0modelo\u00a0<strong>WL-ZCSWNPW-S1312-01<\/strong>\u00a0es un apagador inteligente que cumple con la funci\u00f3n de un apagador convencional con la diferencia de poder ser controlado desde la app de\u00a0<strong>Wulian Smart Home<\/strong>\u00a0en dispositivos iOS y Android. Desde la APP, el usuario puede revisar el estado de los interruptores o interruptor de modo que puede controlarlos. El interruptor\u00a0puede formar\u00a0parte de escenas programadas desde\u00a0un control de escenas. As\u00ed como automatizar su encendido y apagado por medio otros sensores u horarios.<\/p>\n<ul>\n<li class=\"ql-align-justify\"><strong>Control Local:<\/strong>\u00a0Al tocar en el bot\u00f3n su iluminaci\u00f3n se encender\u00e1 o apagar\u00e1<\/li>\n<li class=\"ql-align-justify\"><strong>Control Remoto:<\/strong>\u00a0Desde la aplicaci\u00f3n de\u00a0<a href=\"http:\/\/www.wuliangroup.com\/en\/site\/app\" target=\"_blank\" rel=\"noopener\">Wulian Smart Home<\/a>\u00a0en su Smartphone, podr\u00e1 controlar el encendido y apagado de su iluminaci\u00f3n.<\/li>\n<li class=\"ql-align-justify\"><strong>Control inteligente:<\/strong>\u00a0Podr\u00e1 automatizar de forma temporal o por medio de la activaci\u00f3n de un sensor\u00a0<strong>Wulian<\/strong>\u00a0el encendido o apagado de su iluminaci\u00f3n<\/li>\n<\/ul>\n<p class=\"ql-align-justify\"><strong>DIMENSIONES COMPATIBLES CON CHALUPA EL\u00c9CTRICA UTILIZADA EN AM\u00c9RICA LATINA<\/strong><\/p>\n<p><img decoding=\"async\" class=\"overview-center-img-web\" src=\"https:\/\/tvc.mx\/media\/682097\/WULIAN-APAGADOR-INTELIGENTE-FORMATO-AMERICANO-BANER-TVC.png\" alt=\"\" \/><\/div>\n<\/div>\n<div class=\"row aling-items-center padding-bottom-2x\">\n<div class=\"col-lg-12\">\n<h5 class=\"card-title text-center\">Funci\u00f3n<\/h5>\n<ul>\n<li>Controle el apagador, remoto y local mente desde su Smartphone<\/li>\n<li>Realice vinculaciones con otros dispositivos para automatizar su funcionamiento<\/li>\n<li>Automatice los horarios de encendido \/ Apagado<\/li>\n<li>Dimensiones americanas para la chalupa el\u00e9ctrica<\/li>\n<\/ul>\n<p><img decoding=\"async\" class=\"overview-center-img-web\" src=\"https:\/\/tvc.mx\/media\/71532\/extrainfo.jpg\" alt=\"\" \/><\/div>\n<\/div>\n<div class=\"row aling-items-center padding-bottom-2x\">\n<div class=\"col-lg-12\">\n<h5 class=\"card-title text-center\">Especificaciones t\u00e9cnicas:<\/h5>\n<ul>\n<li><strong>Nombre:\u00a0<\/strong>Apagador inteligente Tipo americano<\/li>\n<li><strong>Protocolo de comunicaci\u00f3n:\u00a0<\/strong>IEEE 802.15.4 (ZigBee\/SmartRoom)<\/li>\n<li><strong>Par\u00e1metros de poder:\u00a0<\/strong>110V AC 60Hz<\/li>\n<li><strong>Consumo en Standby:\u00a0<\/strong>\u22640.3W<\/li>\n<li><strong>Carga m\u00e1xima:\u00a0<\/strong>1200W<\/li>\n<li><strong>Tipo:\u00a0<\/strong>Australiano, una v\u00eda L&amp;N, 10A<\/li>\n<li><strong>M\u00e9todo de Instalaci\u00f3n: \u00a0<\/strong>Montado en pared<\/li>\n<li><strong>Temperatura y humedad de operaci\u00f3n:\u00a0<\/strong>-10\u00b0C~ +45\u00b0C \/\u00a0\u226495% RH<\/li>\n<li><strong>Color: \u00a0<\/strong>Blanco<\/li>\n<li><strong>Dimensiones:\u00a0<\/strong>116.5 x 75 x 36.4 mm<\/li>\n<li><strong>Peso neto:\u00a0<\/strong>140 Gr<\/li>\n<\/ul>\n<p><img decoding=\"async\" class=\"overview-center-img-web\" src=\"https:\/\/tvc.mx\/media\/71529\/switchA1L-conexi%C3%B3n.jpg\" alt=\"\" \/><\/div>\n<\/div>\n<div class=\"row align-items-center padding-bottom-2x\">\n<div class=\"col-md-5\"><img decoding=\"async\" class=\"d-block m-auto img-thumbnail\" src=\"https:\/\/tvc.mx\/media\/377627\/Apagador-inteligente-tipo-LN-SWITCHA1LN-WULIAN-TVC-Overviewsin.png\" alt=\" \" \/><\/div>\n<div class=\"col-md-7 text-md-left text-center\">\n<h2>Incluye<\/h2>\n<p class=\"text-muted\">\n<ul>\n<li>Apagador inteligente<\/li>\n<li>Torniller\u00eda<\/li>\n<\/ul>\n<\/div>\n<\/div>\n","protected":false},"excerpt":{"rendered":"<p>Descripci\u00f3n El\u00a0modelo\u00a0WL-ZCSWNPW-S1312-01\u00a0es un apagador inteligente que cumple con la funci\u00f3n de un apagador convencional con la diferencia de poder ser controlado desde la app de\u00a0Wulian Smart Home\u00a0en dispositivos iOS y Android. Desde la APP, el usuario puede revisar el estado de los interruptores o interruptor&hellip;<\/p>\n","protected":false},"featured_media":4226,"comment_status":"open","ping_status":"closed","template":"","meta":{"om_disable_all_campaigns":false,"_monsterinsights_skip_tracking":false,"_monsterinsights_sitenote_active":false,"_monsterinsights_sitenote_note":"","_monsterinsights_sitenote_category":0},"product_brand":[],"product_cat":[304],"product_tag":[212,211,151],"class_list":{"0":"post-4227","1":"product","2":"type-product","3":"status-publish","4":"has-post-thumbnail","6":"product_cat-control-de-iluminacion-automatizacion","7":"product_tag-alarmas","8":"product_tag-alarmas-e-intrusion","9":"product_tag-seguridad","11":"first","12":"instock","13":"sale","14":"taxable","15":"shipping-taxable","16":"purchasable","17":"product-type-simple"},"aioseo_notices":[],"_links":{"self":[{"href":"https:\/\/tecsecmty.com\/index.php\/wp-json\/wp\/v2\/product\/4227","targetHints":{"allow":["GET"]}}],"collection":[{"href":"https:\/\/tecsecmty.com\/index.php\/wp-json\/wp\/v2\/product"}],"about":[{"href":"https:\/\/tecsecmty.com\/index.php\/wp-json\/wp\/v2\/types\/product"}],"replies":[{"embeddable":true,"href":"https:\/\/tecsecmty.com\/index.php\/wp-json\/wp\/v2\/comments?post=4227"}],"version-history":[{"count":0,"href":"https:\/\/tecsecmty.com\/index.php\/wp-json\/wp\/v2\/product\/4227\/revisions"}],"wp:featuredmedia":[{"embeddable":true,"href":"https:\/\/tecsecmty.com\/index.php\/wp-json\/wp\/v2\/media\/4226"}],"wp:attachment":[{"href":"https:\/\/tecsecmty.com\/index.php\/wp-json\/wp\/v2\/media?parent=4227"}],"wp:term":[{"taxonomy":"product_brand","embeddable":true,"href":"https:\/\/tecsecmty.com\/index.php\/wp-json\/wp\/v2\/product_brand?post=4227"},{"taxonomy":"product_cat","embeddable":true,"href":"https:\/\/tecsecmty.com\/index.php\/wp-json\/wp\/v2\/product_cat?post=4227"},{"taxonomy":"product_tag","embeddable":true,"href":"https:\/\/tecsecmty.com\/index.php\/wp-json\/wp\/v2\/product_tag?post=4227"}],"curies":[{"name":"wp","href":"https:\/\/api.w.org\/{rel}","templated":true}]}}