{"id":4231,"date":"2023-02-23T00:33:00","date_gmt":"2023-02-23T06:33:00","guid":{"rendered":"https:\/\/tecsecmty.com\/index.php\/producto\/wulian-switcha3ln-apagador-inteligente-para-automatizacion-de-control-de-luces-con-formato-americano-conexion-ln-3-botones-administracion-remota-desde-celular-con-brain-y-aplicacion-en-celular-pr\/"},"modified":"2023-03-22T23:24:59","modified_gmt":"2023-03-23T05:24:59","slug":"wulian-switcha3ln-apagador-inteligente-para-automatizacion-de-control-de-luces-con-formato-americano-conexion-ln-3-botones-administracion-remota-desde-celular-con-brain-y-aplicacion-en-celular-pr","status":"publish","type":"product","link":"https:\/\/tecsecmty.com\/index.php\/producto\/wulian-switcha3ln-apagador-inteligente-para-automatizacion-de-control-de-luces-con-formato-americano-conexion-ln-3-botones-administracion-remota-desde-celular-con-brain-y-aplicacion-en-celular-pr\/","title":{"rendered":"WULIAN SWITCHA3LN &#8211; Apagador Inteligente para automatizaci\u00f3n de control de luces con formato Americano Conexi\u00f3n LN 3 Botones \/ Administracion remota desde celular con Brain y aplicacion en celular\/ Protocolo Zigbee"},"content":{"rendered":"<div class=\"row aling-items-center padding-bottom-2x\">\n<div class=\"col-lg-12\">\n<h5 class=\"card-title text-center\">Descripci\u00f3n<\/h5>\n<p class=\"ql-align-justify\">El\u00a0modelo\u00a0<strong>WL-ZCSWNPW-S1335-0<\/strong>\u00a0es un apagador inteligente que cumple con la funci\u00f3n de un apagador convencional con la diferencia de poder ser controlado desde la app de\u00a0<strong>WULIAN Smart Home\u00a0<\/strong>en dispositivos iOS y Android. Desde la APP, el usuario puede revisar el estado de los interruptores o interruptor de modo que puede controlarlos. El interruptor\u00a0puede formar\u00a0parte de escenas programadas controladas desde\u00a0un control de escenas. As\u00ed como automatizar su encendido y apagado por medio otros sensores u horarios.<\/p>\n<ul>\n<li class=\"ql-align-justify\"><strong>Control Local:<\/strong>\u00a0Solo toque en el bot\u00f3n iluminado y su iluminaci\u00f3n se encender\u00e1 o apagar\u00e1.<\/li>\n<li class=\"ql-align-justify\"><strong>Control Remoto:<\/strong>\u00a0Desde la aplicaci\u00f3n de\u00a0<a href=\"http:\/\/www.wuliangroup.com\/en\/site\/app\" target=\"_blank\" rel=\"noopener\">Wulian Smart Home<\/a>\u00a0en su Smartphone, podr\u00e1 controlar el encendido y apagado de su iluminaci\u00f3n.<\/li>\n<li class=\"ql-align-justify\"><strong>Control inteligente:<\/strong>\u00a0Podr\u00e1 automatizar de forma temporal o por medio de la activaci\u00f3n de un sensor\u00a0<strong>WULIAN<\/strong>\u00a0el encendido o apagado de su iluminaci\u00f3n.<\/li>\n<\/ul>\n<p><strong>DIMENSIONES COMPATIBLES CON CHALUPA EL\u00c9CTRICA UTILIZADA EN AMERICA LATINA<\/strong><\/p>\n<p><img decoding=\"async\" class=\"overview-center-img-web\" src=\"https:\/\/tvc.mx\/media\/627202\/WULIAN-APAGADOR-FORMATO-AMERICANO-BANER-TVC.png\" alt=\"\" \/><\/div>\n<\/div>\n<div class=\"row aling-items-center padding-bottom-2x\">\n<div class=\"col-lg-12\">\n<h5 class=\"card-title text-center\">Especificaciones t\u00e9cnicas<\/h5>\n<ul>\n<li><strong>Nombre<\/strong>: Apagador inteligente tipo americano.<\/li>\n<li><strong>Protocolo de comunicaci\u00f3n:<\/strong>\u00a0IEEE 802.15.4 (ZigBee\/SmartRoom).<\/li>\n<li><strong>Par\u00e1metros de poder<\/strong>: 110-220V AC 50-60 Hz.<\/li>\n<li><strong>Consumo en modo reposo:<\/strong>\u00a0\u22640.3W.<\/li>\n<li><strong>Carga m\u00e1xima:<\/strong>\u00a01200W.<\/li>\n<li><strong>Carga capacitiva m\u00e1xima:<\/strong>\u00a0800W.<\/li>\n<li><strong>Tipo:<\/strong>\u00a0Australiano, dos v\u00edas L&amp;N, 10A.<\/li>\n<li><strong>M\u00e9todo de Instalaci\u00f3n:<\/strong>\u00a0Montado en la pared.<\/li>\n<li><strong>Temperatura y humedad de operaci\u00f3n:<\/strong>\u00a0-10\u00b0C~ +45\u00b0C \/ \u226495% RH (sin condensaci\u00f3n).<\/li>\n<li><strong>Color:<\/strong>\u00a0Blanco.<\/li>\n<li><strong>Dimensiones:<\/strong>\u00a0116.5 x 75 x 36.4 mm.<\/li>\n<\/ul>\n<p><img decoding=\"async\" class=\"overview-center-img-web\" src=\"https:\/\/tvc.mx\/media\/342203\/Apagador-inteligente-tipo-LN-SWITCHA3LN-WULIAN-TVC-Overviews2.1.png\" alt=\"\" \/><\/div>\n<\/div>\n<div class=\"row aling-items-center padding-bottom-2x\">\n<div class=\"col-lg-12\">\n<h5 class=\"card-title text-center\">Funci\u00f3n<\/h5>\n<ul>\n<li class=\"ql-align-justify\">Controle el apagador remota y localmente desde su Smartphone.<\/li>\n<li class=\"ql-align-justify\">Realice vinculaciones con otros dispositivos para automatizar su funcionamiento.<\/li>\n<li class=\"ql-align-justify\">Automatice los horarios de encendido \/ Apagado.<\/li>\n<li class=\"ql-align-justify\">Dimensiones americanas para la chalupa el\u00e9ctrica.<\/li>\n<\/ul>\n<p><img decoding=\"async\" class=\"overview-center-img-web\" src=\"https:\/\/tvc.mx\/media\/342207\/Apagador-inteligente-tipo-LN-SWITCHA3LN-WULIAN-TVC-Overviews3.png\" alt=\"\" \/><\/div>\n<\/div>\n<div class=\"row align-items-center padding-bottom-2x\">\n<div class=\"col-md-5\"><img decoding=\"async\" class=\"d-block m-auto img-thumbnail\" src=\"https:\/\/tvc.mx\/media\/342215\/Apagador-inteligente-tipo-LN-SWITCHA3LN-WULIAN-TVC-Overviews4.png\" alt=\" \" \/><\/div>\n<div class=\"col-md-7 text-md-left text-center\">\n<h2>ZigBee<\/h2>\n<p class=\"text-muted\">\n<p class=\"ql-align-justify\">\u00bfQu\u00e9 es ZigBee?<\/p>\n<p class=\"ql-align-justify\">Es un est\u00e1ndar de comunicaciones inal\u00e1mbricas ZigBee\u00ae dise\u00f1ado por la ZigBee Alliance (una asociaci\u00f3n de m\u00e1s de 100 empresas, sin \u00e1nimo de lucro, reunidas para crear un est\u00e1ndar inal\u00e1mbrico de bajo costo, bajo consumo de energ\u00eda que adem\u00e1s cubra algunos vac\u00edos dejados por Bluetooth) est\u00e1 basado en la norma IEEE para redes inal\u00e1mbricas de \u00e1rea personal WPAN (Wireless Personal Area Network, por sus siglas en ingl\u00e9s). Las aplicaciones del est\u00e1ndar ZigBee\u00ae van desde la dom\u00f3tica, el control industrial hasta soluciones en equipos m\u00e9dicos.<\/p>\n<p>&nbsp;<\/p>\n<\/div>\n<\/div>\n<hr class=\"padding-bottom-2x\" \/>\n<div class=\"row align-items-center padding-bottom-2x\">\n<div class=\"col-md-5 order-md-2\"><img decoding=\"async\" class=\"d-block m-auto img-thumbnail\" src=\"https:\/\/tvc.mx\/media\/377639\/Apagador-inteligente-tipo-LN-SWITCHA3LN-WULIAN-TVC-Overviewsin.png\" alt=\" \" \/><\/div>\n<div class=\"col-md-7 order-md-1 text-md-left text-center\">\n<h2>Incluye<\/h2>\n<p class=\"text-muted\">\n<ul>\n<li>Apagador Inteligente<\/li>\n<li>Torniller\u00eda<\/li>\n<\/ul>\n<\/div>\n<\/div>\n","protected":false},"excerpt":{"rendered":"<p>Descripci\u00f3n El\u00a0modelo\u00a0WL-ZCSWNPW-S1335-0\u00a0es un apagador inteligente que cumple con la funci\u00f3n de un apagador convencional con la diferencia de poder ser controlado desde la app de\u00a0WULIAN Smart Home\u00a0en dispositivos iOS y Android. Desde la APP, el usuario puede revisar el estado de los interruptores o interruptor&hellip;<\/p>\n","protected":false},"featured_media":4230,"comment_status":"open","ping_status":"closed","template":"","meta":{"om_disable_all_campaigns":false,"_monsterinsights_skip_tracking":false,"_monsterinsights_sitenote_active":false,"_monsterinsights_sitenote_note":"","_monsterinsights_sitenote_category":0},"product_brand":[],"product_cat":[304],"product_tag":[212,211,151],"class_list":{"0":"post-4231","1":"product","2":"type-product","3":"status-publish","4":"has-post-thumbnail","6":"product_cat-control-de-iluminacion-automatizacion","7":"product_tag-alarmas","8":"product_tag-alarmas-e-intrusion","9":"product_tag-seguridad","11":"first","12":"instock","13":"sale","14":"taxable","15":"shipping-taxable","16":"purchasable","17":"product-type-simple"},"aioseo_notices":[],"_links":{"self":[{"href":"https:\/\/tecsecmty.com\/index.php\/wp-json\/wp\/v2\/product\/4231","targetHints":{"allow":["GET"]}}],"collection":[{"href":"https:\/\/tecsecmty.com\/index.php\/wp-json\/wp\/v2\/product"}],"about":[{"href":"https:\/\/tecsecmty.com\/index.php\/wp-json\/wp\/v2\/types\/product"}],"replies":[{"embeddable":true,"href":"https:\/\/tecsecmty.com\/index.php\/wp-json\/wp\/v2\/comments?post=4231"}],"version-history":[{"count":0,"href":"https:\/\/tecsecmty.com\/index.php\/wp-json\/wp\/v2\/product\/4231\/revisions"}],"wp:featuredmedia":[{"embeddable":true,"href":"https:\/\/tecsecmty.com\/index.php\/wp-json\/wp\/v2\/media\/4230"}],"wp:attachment":[{"href":"https:\/\/tecsecmty.com\/index.php\/wp-json\/wp\/v2\/media?parent=4231"}],"wp:term":[{"taxonomy":"product_brand","embeddable":true,"href":"https:\/\/tecsecmty.com\/index.php\/wp-json\/wp\/v2\/product_brand?post=4231"},{"taxonomy":"product_cat","embeddable":true,"href":"https:\/\/tecsecmty.com\/index.php\/wp-json\/wp\/v2\/product_cat?post=4231"},{"taxonomy":"product_tag","embeddable":true,"href":"https:\/\/tecsecmty.com\/index.php\/wp-json\/wp\/v2\/product_tag?post=4231"}],"curies":[{"name":"wp","href":"https:\/\/api.w.org\/{rel}","templated":true}]}}