{"id":4233,"date":"2023-02-23T00:33:02","date_gmt":"2023-02-23T06:33:02","guid":{"rendered":"https:\/\/tecsecmty.com\/index.php\/producto\/wulian-switcht1l-apagador-inteligente-touch-conexion-l-1-boton-10-amp-zigbee-carga-minima-15-watts\/"},"modified":"2023-03-22T23:24:59","modified_gmt":"2023-03-23T05:24:59","slug":"wulian-switcht1l-apagador-inteligente-touch-conexion-l-1-boton-10-amp-zigbee-carga-minima-15-watts","status":"publish","type":"product","link":"https:\/\/tecsecmty.com\/index.php\/producto\/wulian-switcht1l-apagador-inteligente-touch-conexion-l-1-boton-10-amp-zigbee-carga-minima-15-watts\/","title":{"rendered":"WULIAN SWITCHT1L &#8211; Apagador Inteligente \/ Touch, Conexi\u00f3n L \/ 1 Bot\u00f3n \/ 10 Amp \/ Zigbee \/ Carga m\u00ednima 15 watts"},"content":{"rendered":"<div class=\"row aling-items-center padding-bottom-2x\">\n<div class=\"col-lg-12\">\n<h5 class=\"card-title text-center\">Descripci\u00f3n<\/h5>\n<p>El\u00a0modelo\u00a0<strong>WULIAN SWITCHT1L<\/strong>\u00a0es un apagador inteligente touch que cumple con la funci\u00f3n de un apagador convencional con la diferencia de poder ser controlado desde la app de WULIAN Smart Home en dispositivos iOS y Android. Desde la APP, el usuario puede revisar el estado de los interruptores o interruptor de modo que puede controlarlos. El interruptor\u00a0puede formar\u00a0parte de escenas programadas controladas desde\u00a0un control de escenas. As\u00ed como automatizar su encendido y apagado por medio otros sensores u horarios.<\/p>\n<ul>\n<li class=\"ql-align-justify\"><strong>Control Local:<\/strong>\u00a0Solo toque en el bot\u00f3n iluminado y su iluminaci\u00f3n se encender\u00e1 o apagar\u00e1.<\/li>\n<li class=\"ql-align-justify\"><strong>Control Remoto:\u00a0<\/strong>Desde la aplicaci\u00f3n de\u00a0<a href=\"http:\/\/www.wuliangroup.com\/en\/site\/app\" target=\"_blank\" rel=\"noopener\">Wulian Smart Home<\/a>\u00a0en su smartphone, podr\u00e1 controlar el encendido y apagado de su iluminaci\u00f3n.<\/li>\n<li class=\"ql-align-justify\"><strong>Control inteligente:\u00a0<\/strong>Podr\u00e1 automatizar de forma temporal o por medio de la activaci\u00f3n de un sensor WULIAN el encendido o apagado de su iluminaci\u00f3n.<\/li>\n<\/ul>\n<p><img decoding=\"async\" class=\"overview-center-img-web\" src=\"https:\/\/tvc.mx\/media\/627162\/WULIAN-APAGADOR-INTELIGENTE-FORMATO-EUROPEO-LINEA-BANER-TVC-.png\" alt=\"\" \/><\/div>\n<\/div>\n<div class=\"row align-items-center padding-bottom-2x\">\n<div class=\"col-md-5\"><img decoding=\"async\" class=\"d-block m-auto img-thumbnail\" src=\"https:\/\/tvc.mx\/media\/341135\/Interruptor-inteligente-WULIAN-SWITCHT1L-Overviews2.png\" alt=\" \" \/><\/div>\n<div class=\"col-md-7 text-md-left text-center\">\n<h2>Especificaciones t\u00e9cnicas<\/h2>\n<p class=\"text-muted\">\n<ul>\n<li class=\"ql-align-justify\">Protocolo de comunicaci\u00f3n:\u00a0IEEE 802.15.4 ZigBee\/ SmartRoom.<\/li>\n<li class=\"ql-align-justify\">Tipo de montaje:\u00a0Montaje en la pared.<\/li>\n<li class=\"ql-align-justify\">Alimentaci\u00f3n:\u00a0110V &#8211; 220V AC 50\/60Hz.<\/li>\n<li class=\"ql-align-justify\">Consumo de energ\u00eda en espera:\u00a0\u22640.5W.<\/li>\n<li class=\"ql-align-justify\">Carga M\u00ednima:\u00a025W.<\/li>\n<li class=\"ql-align-justify\">Carga de resistencia m\u00e1xima de l\u00edneas totales:\u00a02000\/1000W(Tensi\u00f3n nominal de 220 \/ 110V).<\/li>\n<li class=\"ql-align-justify\">M\u00e1xima carga inductiva y capacitiva de l\u00edneas totales:\u00a01400\/600W(Tensi\u00f3n nominal de 220 \/ 110V).<\/li>\n<li class=\"ql-align-justify\">Color:\u00a0Blanco.<\/li>\n<li class=\"ql-align-justify\">Dimensiones de la cubierta:\u00a086mm x 87mm x 40mm\u00a0(Dimensi\u00f3n global).<\/li>\n<li class=\"ql-align-justify\">\u00cdndice de protecci\u00f3n:\u00a0UL94 V-0.<\/li>\n<li class=\"ql-align-justify\">Temperatura de operaci\u00f3n:\u00a0-10\u00b0C a +45\u00b0C.<\/li>\n<li class=\"ql-align-justify\">Humedad de operaci\u00f3n:\u00a0\u226495%RH (Sin condensaci\u00f3n).<\/li>\n<\/ul>\n<p>&nbsp;<\/p>\n<\/div>\n<\/div>\n<hr class=\"padding-bottom-2x\" \/>\n<div class=\"row aling-items-center padding-bottom-2x\">\n<div class=\"col-lg-12\">\n<h5 class=\"card-title text-center\">Funci\u00f3n<\/h5>\n<ul>\n<li>Soporta IEEE 802.15.4 Protocolo ZigBee \/ SmartRoom.<\/li>\n<li>Apoyo para establecer v\u00ednculos con los dispositivos de control y seguridad de WULIAN para control remoto.<\/li>\n<li>Apoyo de vinculaci\u00f3n con m\u00faltiples dispositivos remotos para realizar un interruptor de control de m\u00faltiples dispositivos.<\/li>\n<li class=\"ql-align-justify\">Realice el ajuste de tiempo, configuraci\u00f3n de escena por APP de casa inteligente, f\u00e1cil y conveniente de usar.<\/li>\n<li>Adoptando el dise\u00f1o internacional de la caja est\u00e1ndar (86mm), este interruptor se puede instalar f\u00e1cilmente.<\/li>\n<li>Pared de la caja interior est\u00e1ndar y reemplazar el interruptor normal directamente.<\/li>\n<li>Exquisito en apariencia y dise\u00f1o, este producto se combina perfectamente con toda la decoraci\u00f3n de\u00a0estilos.<\/li>\n<li>Dise\u00f1o ergon\u00f3mico.<\/li>\n<li>Apariencia elegante.<\/li>\n<li>F\u00e1cil de operar.<\/li>\n<li>Simple instalaci\u00f3n.<\/li>\n<li>Estilo casero de la decoraci\u00f3n.<\/li>\n<\/ul>\n<p><strong>Notas:<\/strong><\/p>\n<p>Corte el suministro el\u00e9ctrico en la zona en donde vaya realizar la instalaci\u00f3n.<\/p>\n<p>Es peligroso realizar conexiones con las l\u00edneas de energ\u00eda vivas, su instalaci\u00f3n por personal no capacitado queda estrictamente prohibida.<\/p>\n<p>Presione el bot\u00f3n de clip para remover la cubierta, posteriormente podr\u00e1 fijar el cuerpo principal a la caja del muro por medio de los dos tornillos con punta como se muestra a continuaci\u00f3n.<\/p>\n<p><img decoding=\"async\" class=\"overview-center-img-web\" src=\"https:\/\/tvc.mx\/media\/341139\/Interruptor-inteligente-WULIAN-SWITCHT1L-Overviews3.png\" alt=\"\" \/><\/div>\n<\/div>\n<div class=\"row align-items-center padding-bottom-2x\">\n<div class=\"col-md-5\"><img decoding=\"async\" class=\"d-block m-auto img-thumbnail\" src=\"https:\/\/tvc.mx\/media\/341075\/Interruptor-inteligente-WULIAN-SWITCHT1L-Overviews3.1.png\" alt=\" \" \/><\/div>\n<div class=\"col-md-7 text-md-left text-center\">\n<h2>ZigBee<\/h2>\n<p class=\"text-muted\">\n<p>\u00bfQu\u00e9 es ZigBee?<\/p>\n<p class=\"ql-align-justify\">Es un est\u00e1ndar de comunicaciones inal\u00e1mbricas ZigBee\u00ae dise\u00f1ado por la ZigBee Alliance (una asociaci\u00f3n de m\u00e1s de 100 empresas, sin \u00e1nimo de lucro, reunidas para crear un est\u00e1ndar inal\u00e1mbrico de bajo costo, bajo consumo de energ\u00eda que adem\u00e1s cubra algunos vac\u00edos dejados por Bluetooth) est\u00e1 basado en la norma IEEE para redes inal\u00e1mbricas de \u00e1rea personal WPAN (Wireless Personal Area Network, por sus siglas en ingl\u00e9s). Las aplicaciones del est\u00e1ndar ZigBee\u00ae van desde la dom\u00f3tica, el control industrial hasta soluciones en equipos m\u00e9dicos.<\/p>\n<\/div>\n<\/div>\n","protected":false},"excerpt":{"rendered":"<p>Descripci\u00f3n El\u00a0modelo\u00a0WULIAN SWITCHT1L\u00a0es un apagador inteligente touch que cumple con la funci\u00f3n de un apagador convencional con la diferencia de poder ser controlado desde la app de WULIAN Smart Home en dispositivos iOS y Android. Desde la APP, el usuario puede revisar el estado de&hellip;<\/p>\n","protected":false},"featured_media":4232,"comment_status":"open","ping_status":"closed","template":"","meta":{"om_disable_all_campaigns":false,"_monsterinsights_skip_tracking":false,"_monsterinsights_sitenote_active":false,"_monsterinsights_sitenote_note":"","_monsterinsights_sitenote_category":0},"product_brand":[],"product_cat":[304],"product_tag":[212,211,151],"class_list":{"0":"post-4233","1":"product","2":"type-product","3":"status-publish","4":"has-post-thumbnail","6":"product_cat-control-de-iluminacion-automatizacion","7":"product_tag-alarmas","8":"product_tag-alarmas-e-intrusion","9":"product_tag-seguridad","11":"first","12":"instock","13":"sale","14":"taxable","15":"shipping-taxable","16":"purchasable","17":"product-type-simple"},"aioseo_notices":[],"_links":{"self":[{"href":"https:\/\/tecsecmty.com\/index.php\/wp-json\/wp\/v2\/product\/4233","targetHints":{"allow":["GET"]}}],"collection":[{"href":"https:\/\/tecsecmty.com\/index.php\/wp-json\/wp\/v2\/product"}],"about":[{"href":"https:\/\/tecsecmty.com\/index.php\/wp-json\/wp\/v2\/types\/product"}],"replies":[{"embeddable":true,"href":"https:\/\/tecsecmty.com\/index.php\/wp-json\/wp\/v2\/comments?post=4233"}],"version-history":[{"count":0,"href":"https:\/\/tecsecmty.com\/index.php\/wp-json\/wp\/v2\/product\/4233\/revisions"}],"wp:featuredmedia":[{"embeddable":true,"href":"https:\/\/tecsecmty.com\/index.php\/wp-json\/wp\/v2\/media\/4232"}],"wp:attachment":[{"href":"https:\/\/tecsecmty.com\/index.php\/wp-json\/wp\/v2\/media?parent=4233"}],"wp:term":[{"taxonomy":"product_brand","embeddable":true,"href":"https:\/\/tecsecmty.com\/index.php\/wp-json\/wp\/v2\/product_brand?post=4233"},{"taxonomy":"product_cat","embeddable":true,"href":"https:\/\/tecsecmty.com\/index.php\/wp-json\/wp\/v2\/product_cat?post=4233"},{"taxonomy":"product_tag","embeddable":true,"href":"https:\/\/tecsecmty.com\/index.php\/wp-json\/wp\/v2\/product_tag?post=4233"}],"curies":[{"name":"wp","href":"https:\/\/api.w.org\/{rel}","templated":true}]}}