{"id":4239,"date":"2023-02-23T00:33:09","date_gmt":"2023-02-23T06:33:09","guid":{"rendered":"https:\/\/tecsecmty.com\/index.php\/producto\/wulian-switcht2ln-apagador-inteligente-touch-con-2-botones-comunicacion-zigbee-con-brain-para-administracion-desde-celular-a-traves-de-app-carga-maxima-10-amp-tipo-europeo\/"},"modified":"2023-03-22T23:24:59","modified_gmt":"2023-03-23T05:24:59","slug":"wulian-switcht2ln-apagador-inteligente-touch-con-2-botones-comunicacion-zigbee-con-brain-para-administracion-desde-celular-a-traves-de-app-carga-maxima-10-amp-tipo-europeo","status":"publish","type":"product","link":"https:\/\/tecsecmty.com\/index.php\/producto\/wulian-switcht2ln-apagador-inteligente-touch-con-2-botones-comunicacion-zigbee-con-brain-para-administracion-desde-celular-a-traves-de-app-carga-maxima-10-amp-tipo-europeo\/","title":{"rendered":"WULIAN SWITCHT2LN &#8211; Apagador Inteligente Touch con 2 Botones \/ Comunicacion Zigbee con Brain para administraci\u00f3n desde celular a traves de App\/ Carga maxima 10 Amp \/ Tipo Europeo"},"content":{"rendered":"<div class=\"row aling-items-center padding-bottom-2x\">\n<div class=\"col-lg-12\">\n<h5 class=\"card-title text-center\">Descripci\u00f3n<\/h5>\n<p class=\"ql-align-justify\">El\u00a0modelo\u00a0<strong>SWITCHT2LN\u00a0<\/strong>es un apagador inteligente touch elaborado en cristal templado, que cumple con la funci\u00f3n de un apagador convencional con la diferencia de poder ser controlado desde la app de\u00a0WULIAN Smart Home\u00a0en dispositivos iOS y Android. Su tipo de conexi\u00f3n es\u00a0<strong>L&amp;N \u00a0<\/strong>(Requiere de neutro).<\/p>\n<p class=\"ql-align-justify\">Desde la APP, el usuario puede revisar el estado de los interruptores o interruptor de modo que puede controlarlos. El interruptor\u00a0puede formar\u00a0parte de escenas programadas controladas desde\u00a0un control de escenas. As\u00ed como automatizar su encendido y apagado por medio otros sensores u horarios.<\/p>\n<ul>\n<li class=\"ql-align-justify\">Control Local:\u00a0Solo toque en el bot\u00f3n iluminado y su iluminaci\u00f3n se encender\u00e1 o apagar\u00e1.<\/li>\n<li class=\"ql-align-justify\">Control Remoto:\u00a0Desde la aplicaci\u00f3n de\u00a0<a href=\"http:\/\/www.wuliangroup.com\/en\/site\/app\" target=\"_blank\" rel=\"noopener\">Wulian Smart Home<\/a>\u00a0en su Smartphone, podr\u00e1 controlar el encendido y apagado de su iluminaci\u00f3n.<\/li>\n<li class=\"ql-align-justify\">Control inteligente:\u00a0Podr\u00e1 automatizar de forma temporal o por medio de la activaci\u00f3n de un sensor\u00a0WULIAN\u00a0el encendido o apagado de su iluminaci\u00f3n.<\/li>\n<\/ul>\n<p><img decoding=\"async\" class=\"overview-center-img-web\" src=\"https:\/\/tvc.mx\/media\/613939\/Interruptor-inteligente-Touch-2-botones-SWITCH2LN-WULIAN-BANER.png\" alt=\"\" \/><\/div>\n<\/div>\n<div class=\"row aling-items-center padding-bottom-2x\">\n<div class=\"col-lg-12\">\n<h5 class=\"card-title text-center\">Especificaciones t\u00e9cnicas<\/h5>\n<ul>\n<li class=\"ql-align-justify\"><strong>Fuente de alimentaci\u00f3n:\u00a0<\/strong>110V-240V AC, 50 \/ 60Hz.<\/li>\n<li class=\"ql-align-justify\"><strong>Consumo de energ\u00eda en espera:\u00a0<\/strong>&lt;= 0.3W.<\/li>\n<li class=\"ql-align-justify\"><strong>Carga m\u00ednima:<\/strong>\u00a015W.<\/li>\n<li class=\"ql-align-justify\"><strong>Carga Resistiva Total M\u00e1xima:<\/strong>\u00a01800W.<\/li>\n<li class=\"ql-align-justify\"><strong>Carga Capacitiva Total M\u00e1xima:\u00a0<\/strong>1400W.<\/li>\n<li class=\"ql-align-justify\"><strong>Material:<\/strong>\u00a0Vidrio templado.<\/li>\n<li class=\"ql-align-justify\"><strong>Peso:<\/strong>\u00a0200g.<\/li>\n<li class=\"ql-align-justify\"><strong>Dimensi\u00f3n:\u00a0<\/strong>86.8mm X 87.2mm.<\/li>\n<\/ul>\n<p><img decoding=\"async\" class=\"overview-center-img-web\" src=\"https:\/\/tvc.mx\/media\/429335\/Interruptor-inteligente-Touch-2-botones-SWITCH2LN-WULIAN-TVC-O2.png\" alt=\"\" \/><\/div>\n<\/div>\n<div class=\"row aling-items-center padding-bottom-2x\">\n<div class=\"col-lg-12\">\n<h5 class=\"card-title text-center\">Funcionamiento<\/h5>\n<ul>\n<li class=\"ql-align-justify\">Soporte IEEE 802.15.4 Protocolo ZigBee \/ SmartRoom.<\/li>\n<li class=\"ql-align-justify\">Apoyo para establecer v\u00ednculos con los dispositivos de control y seguridad de WULIAM para control remoto.<\/li>\n<li class=\"ql-align-justify\">Apoyo de vinculaci\u00f3n con m\u00faltiples dispositivos remotos para realizar un interruptor de control de m\u00faltiples dispositivos.<\/li>\n<li class=\"ql-align-justify\">Realice el ajuste de tiempo, configuraci\u00f3n de escena por APP de casa inteligente. F\u00e1cil y conveniente de usar.<\/li>\n<li class=\"ql-align-justify\">Adoptando el dise\u00f1o internacional de la caja est\u00e1ndar (86m m), este interruptor se puede instalar f\u00e1cilmente.<\/li>\n<li class=\"ql-align-justify\">Pared de la caja interior est\u00e1ndar y reemplazar el interruptor normal directamente.<\/li>\n<li class=\"ql-align-justify\">Exquisito en apariencia y dise\u00f1o, este producto se combina perfectamente con toda la decoraci\u00f3n de\u00a0estilos.<\/li>\n<li class=\"ql-align-justify\">Dise\u00f1o ergon\u00f3mico.<\/li>\n<li class=\"ql-align-justify\">Apariencia graciosa.<\/li>\n<li class=\"ql-align-justify\">F\u00e1cil de operar.<\/li>\n<li class=\"ql-align-justify\">Simple instalaci\u00f3n.<\/li>\n<li class=\"ql-align-justify\">Dise\u00f1o de estilo casero.<\/li>\n<\/ul>\n<p><img decoding=\"async\" class=\"overview-center-img-web\" src=\"https:\/\/tvc.mx\/media\/429339\/Interruptor-inteligente-Touch-2-botones-SWITCH2LN-WULIAN-TVC-O3.png\" alt=\"\" \/><\/div>\n<\/div>\n<div class=\"row aling-items-center padding-bottom-2x\">\n<div class=\"col-lg-12\">\n<h5 class=\"card-title text-center\">Conexi\u00f3n<\/h5>\n<p class=\"ql-align-justify\"><strong>Notas:<\/strong>\u00a0Corte el suministro el\u00e9ctrico en la zona en donde vaya a realizar la instalaci\u00f3n. Es peligroso realizar conexiones con las l\u00edneas de energ\u00eda vivas, su instalaci\u00f3n por personal no capacitado queda estrictamente prohibida.<\/p>\n<p class=\"ql-align-justify\">Este apagador requiere de Neutro en la chalupa el\u00e9ctrica para funcionar correctamente.<\/p>\n<p><img decoding=\"async\" class=\"overview-center-img-web\" src=\"https:\/\/tvc.mx\/media\/429343\/Interruptor-inteligente-Touch-2-botones-SWITCH2LN-WULIAN-TVC-O4.png\" alt=\"\" \/><\/div>\n<\/div>\n<div class=\"row align-items-center padding-bottom-2x\">\n<div class=\"col-md-5\"><img decoding=\"async\" class=\"d-block m-auto img-thumbnail\" src=\"https:\/\/tvc.mx\/media\/429567\/Interruptor-inteligente-Touch-2-botones-SWITCH2LN-WULIAN-TVC-O4.1png.png\" alt=\" \" \/><\/div>\n<div class=\"col-md-7 text-md-left text-center\">\n<h2>Incluye<\/h2>\n<p class=\"text-muted\">\n<ul>\n<li>Interruptor Inteligente touch 2 botones.<\/li>\n<\/ul>\n<p>&nbsp;<\/p>\n<\/div>\n<\/div>\n<hr class=\"padding-bottom-2x\" \/>\n<div class=\"row align-items-center padding-bottom-2x\">\n<div class=\"col-md-5\"><img decoding=\"async\" class=\"d-block m-auto img-thumbnail\" src=\"https:\/\/tvc.mx\/media\/429347\/Interruptor-inteligente-Touch-2-botones-SWITCH2LN-WULIAN-TVC-O5png.png\" alt=\" \" \/><\/div>\n<div class=\"col-md-7 text-md-left text-center\">\n<h2>ZigBee<\/h2>\n<p class=\"text-muted\">\n<p>\u00bfQu\u00e9 es ZigBee?<\/p>\n<p>Es un est\u00e1ndar de comunicaciones inal\u00e1mbricas ZigBee\u00ae dise\u00f1ado por la ZigBee Alliance (una asociaci\u00f3n de m\u00e1s de 100 empresas, sin \u00e1nimo de lucro, reunidas para crear un est\u00e1ndar inal\u00e1mbrico de bajo costo, bajo consumo de energ\u00eda que adem\u00e1s cubra algunos vac\u00edos dejados por Bluetooth) est\u00e1 basado en la norma IEEE para redes inal\u00e1mbricas de \u00e1rea personal WPAN (Wireless Personal Area Network, por sus siglas en ingl\u00e9s). Las aplicaciones del est\u00e1ndar ZigBee\u00ae van desde la dom\u00f3tica, el control industrial hasta soluciones en equipos m\u00e9dicos.<\/p>\n<\/div>\n<\/div>\n","protected":false},"excerpt":{"rendered":"<p>Descripci\u00f3n El\u00a0modelo\u00a0SWITCHT2LN\u00a0es un apagador inteligente touch elaborado en cristal templado, que cumple con la funci\u00f3n de un apagador convencional con la diferencia de poder ser controlado desde la app de\u00a0WULIAN Smart Home\u00a0en dispositivos iOS y Android. Su tipo de conexi\u00f3n es\u00a0L&amp;N \u00a0(Requiere de neutro). Desde&hellip;<\/p>\n","protected":false},"featured_media":4238,"comment_status":"open","ping_status":"closed","template":"","meta":{"om_disable_all_campaigns":false,"_monsterinsights_skip_tracking":false,"_monsterinsights_sitenote_active":false,"_monsterinsights_sitenote_note":"","_monsterinsights_sitenote_category":0},"product_brand":[],"product_cat":[304],"product_tag":[212,211,151],"class_list":{"0":"post-4239","1":"product","2":"type-product","3":"status-publish","4":"has-post-thumbnail","6":"product_cat-control-de-iluminacion-automatizacion","7":"product_tag-alarmas","8":"product_tag-alarmas-e-intrusion","9":"product_tag-seguridad","11":"first","12":"instock","13":"sale","14":"taxable","15":"shipping-taxable","16":"purchasable","17":"product-type-simple"},"aioseo_notices":[],"_links":{"self":[{"href":"https:\/\/tecsecmty.com\/index.php\/wp-json\/wp\/v2\/product\/4239","targetHints":{"allow":["GET"]}}],"collection":[{"href":"https:\/\/tecsecmty.com\/index.php\/wp-json\/wp\/v2\/product"}],"about":[{"href":"https:\/\/tecsecmty.com\/index.php\/wp-json\/wp\/v2\/types\/product"}],"replies":[{"embeddable":true,"href":"https:\/\/tecsecmty.com\/index.php\/wp-json\/wp\/v2\/comments?post=4239"}],"version-history":[{"count":0,"href":"https:\/\/tecsecmty.com\/index.php\/wp-json\/wp\/v2\/product\/4239\/revisions"}],"wp:featuredmedia":[{"embeddable":true,"href":"https:\/\/tecsecmty.com\/index.php\/wp-json\/wp\/v2\/media\/4238"}],"wp:attachment":[{"href":"https:\/\/tecsecmty.com\/index.php\/wp-json\/wp\/v2\/media?parent=4239"}],"wp:term":[{"taxonomy":"product_brand","embeddable":true,"href":"https:\/\/tecsecmty.com\/index.php\/wp-json\/wp\/v2\/product_brand?post=4239"},{"taxonomy":"product_cat","embeddable":true,"href":"https:\/\/tecsecmty.com\/index.php\/wp-json\/wp\/v2\/product_cat?post=4239"},{"taxonomy":"product_tag","embeddable":true,"href":"https:\/\/tecsecmty.com\/index.php\/wp-json\/wp\/v2\/product_tag?post=4239"}],"curies":[{"name":"wp","href":"https:\/\/api.w.org\/{rel}","templated":true}]}}