{"id":4243,"date":"2023-02-23T00:33:13","date_gmt":"2023-02-23T06:33:13","guid":{"rendered":"https:\/\/tecsecmty.com\/index.php\/producto\/wulian-doorbellbut-boton-de-timbre-para-puerta-conexion-zigbee-funciona-como-boton-de-emergencia-timbre-puede-asignarse-para-creacion-y-control-de-escena-en-aplicacion-desde-smartphone\/"},"modified":"2023-03-22T23:24:57","modified_gmt":"2023-03-23T05:24:57","slug":"wulian-doorbellbut-boton-de-timbre-para-puerta-conexion-zigbee-funciona-como-boton-de-emergencia-timbre-puede-asignarse-para-creacion-y-control-de-escena-en-aplicacion-desde-smartphone","status":"publish","type":"product","link":"https:\/\/tecsecmty.com\/index.php\/producto\/wulian-doorbellbut-boton-de-timbre-para-puerta-conexion-zigbee-funciona-como-boton-de-emergencia-timbre-puede-asignarse-para-creacion-y-control-de-escena-en-aplicacion-desde-smartphone\/","title":{"rendered":"WULIAN DOORBELLBUT- Bot\u00f3n de timbre para puerta conexi\u00f3n Zigbee\/ Funciona como bot\u00f3n de emergencia, timbre, puede asignarse para creaci\u00f3n y control de escena en Aplicaci\u00f3n desde smartphone"},"content":{"rendered":"<div class=\"row aling-items-center padding-bottom-2x\">\n<div class=\"col-lg-12\">\n<h5 class=\"card-title text-center\">Descripci\u00f3n<\/h5>\n<p class=\"ql-align-justify\">El bot\u00f3n de timbre para puerta\u00a0<strong>WULIAN DOORBELLBUT\u00a0<\/strong>inal\u00e1mbrico, responden a las necesidades de quienes buscan comodidad.\u00a0Sin cableado desde el pulsador del timbre de la puerta, cuando alguien toca el timbre, se alertar\u00e1 el timbre de la puerta en la casa y notificar\u00e1 a la aplicaci\u00f3n m\u00f3vil, lo que\u00a0facilita su uso.\u00a0La informaci\u00f3n de la visita tambi\u00e9n se enviar\u00e1 a la aplicaci\u00f3n. Se aplica ampliamente a comunidades inteligentes, apartamentos de hoteles, oficinas inteligentes y convenientes.<\/p>\n<p class=\"ql-align-justify\"><strong>Caracter\u00edsticas principales:<\/strong><\/p>\n<ul>\n<li><strong>Modo de comunicaci\u00f3n:<\/strong>\u00a0IEEE 802.15.4 (ZigBee \/ SmartRoom).<\/li>\n<li><strong>Versatilidad:<\/strong><strong>\u00a0<\/strong>Puede utilizarse junto con Smart Door Bell y controlarse de forma remota.<\/li>\n<li><strong>Tama\u00f1o peque\u00f1o:\u00a0<\/strong>Sin cableado, port\u00e1til.<\/li>\n<li><strong>Bajo consumo de energ\u00eda:\u00a0<\/strong>Ahorro de energ\u00eda.<\/li>\n<li><strong>Recepci\u00f3n:\u00a0<\/strong>Oportuna de informaci\u00f3n local y remota.<\/li>\n<li class=\"ql-align-justify\"><strong>Materiales:<\/strong>\u00a0Alta resistencia a los impactos, s\u00f3lidos y duraderos.<\/li>\n<\/ul>\n<p><img decoding=\"async\" class=\"overview-center-img-web\" src=\"https:\/\/tvc.mx\/media\/294395\/Bot%C3%B3n-de-timbre-Zigbee-DOORBELLBUT-WULIAN-TVC-Overviews1.png\" alt=\"\" \/><\/div>\n<\/div>\n<div class=\"row align-items-center padding-bottom-2x\">\n<div class=\"col-md-5 order-md-2\"><img decoding=\"async\" class=\"d-block m-auto img-thumbnail\" src=\"https:\/\/tvc.mx\/media\/294399\/Bot%C3%B3n-de-timbre-Zigbee-DOORBELLBUT-WULIAN-TVC-Overviews2.png\" alt=\" \" \/><\/div>\n<div class=\"col-md-7 order-md-1 text-md-left text-center\">\n<h2>Especificaciones t\u00e9cnicas:<\/h2>\n<p class=\"text-muted\">\n<p><strong>Dimensiones:\u00a0<\/strong>(L * W * H) Cubierta 92 * 54 * 20 (mm) Cuerpo 63 * 37 * 15,5 (mm)<\/p>\n<p class=\"ql-align-justify\"><strong>Par\u00e1metro de potencia:\u00a0<\/strong>CC 3 V, CR2450 * 1<\/p>\n<p><strong>Corriente de espera:\u00a0<\/strong>\u22640.5 A<\/p>\n<p><strong>M\u00e9todo de instalaci\u00f3n:\u00a0<\/strong>Tipo para colgar en la pared, tipo port\u00e1til<\/p>\n<p><strong>Temperatura \/ humedad de trabajo:<\/strong>\ufe6310 \u2103 ~ \ufe62 45 \u2103 \/ \u226495% RH (sin condensaci\u00f3n)<\/p>\n<p><strong>Color:\u00a0<\/strong>Blanco<\/p>\n<p><strong>Peso neto:\u00a0<\/strong>50 gramos<\/p>\n<p>&nbsp;<\/p>\n<\/div>\n<\/div>\n<hr class=\"padding-bottom-2x\" \/>\n<div class=\"row align-items-center padding-bottom-2x\">\n<div class=\"col-md-5\"><img decoding=\"async\" class=\"d-block m-auto img-thumbnail\" src=\"https:\/\/tvc.mx\/media\/395895\/Boton-timbre-zigbee-DORBELLBUT-Wulian-TVC-Secundario-A.png\" alt=\" \" \/><\/div>\n<div class=\"col-md-7 text-md-left text-center\">\n<h2>Funci\u00f3n<\/h2>\n<p class=\"text-muted\">\n<p class=\"ql-align-justify\">El timbre\u00a0<strong>WULIAN DOORBELLBUT<\/strong>\u00a0es un equipo con un funcionamiento\u00a0 b\u00e1sico que es adaptable para cualquier tipo de persona\u00a0 m\u00e1s si se busca algo totalmente inal\u00e1mbrico, ya que cumple con las caracter\u00edsticas adecuadas que lo\u00a0 hacen muy\u00a0 port\u00e1til.<\/p>\n<p class=\"ql-align-justify\">Es un timbre que\u00a0 al ser muy f\u00e1cil de enrollar tan bien en su aplicativo es muy f\u00e1cil de activar notificaciones\u00a0 para cuando\u00a0 hagan el llamado del mismo<\/p>\n<p>&nbsp;<\/p>\n<\/div>\n<\/div>\n<hr class=\"padding-bottom-2x\" \/>\n<div class=\"row align-items-center padding-bottom-2x\">\n<div class=\"col-md-5 order-md-2\"><img decoding=\"async\" class=\"d-block m-auto img-thumbnail\" src=\"https:\/\/tvc.mx\/media\/377579\/Bot%C3%B3n-de-timbre-Zigbee-DOORBELLBUT-WULIAN-TVC-Overviewsin.png\" alt=\" \" \/><\/div>\n<div class=\"col-md-7 order-md-1 text-md-left text-center\">\n<h2>Incluye<\/h2>\n<p class=\"text-muted\">\n<ul>\n<li>Bot\u00f3n de timbre<\/li>\n<li>Torniller\u00eda<\/li>\n<\/ul>\n<\/div>\n<\/div>\n","protected":false},"excerpt":{"rendered":"<p>Descripci\u00f3n El bot\u00f3n de timbre para puerta\u00a0WULIAN DOORBELLBUT\u00a0inal\u00e1mbrico, responden a las necesidades de quienes buscan comodidad.\u00a0Sin cableado desde el pulsador del timbre de la puerta, cuando alguien toca el timbre, se alertar\u00e1 el timbre de la puerta en la casa y notificar\u00e1 a la aplicaci\u00f3n&hellip;<\/p>\n","protected":false},"featured_media":4242,"comment_status":"open","ping_status":"closed","template":"","meta":{"om_disable_all_campaigns":false,"_monsterinsights_skip_tracking":false,"_monsterinsights_sitenote_active":false,"_monsterinsights_sitenote_note":"","_monsterinsights_sitenote_category":0},"product_brand":[],"product_cat":[305],"product_tag":[212,211,151],"class_list":{"0":"post-4243","1":"product","2":"type-product","3":"status-publish","4":"has-post-thumbnail","6":"product_cat-controles","7":"product_tag-alarmas","8":"product_tag-alarmas-e-intrusion","9":"product_tag-seguridad","11":"first","12":"instock","13":"sale","14":"taxable","15":"shipping-taxable","16":"purchasable","17":"product-type-simple"},"aioseo_notices":[],"_links":{"self":[{"href":"https:\/\/tecsecmty.com\/index.php\/wp-json\/wp\/v2\/product\/4243","targetHints":{"allow":["GET"]}}],"collection":[{"href":"https:\/\/tecsecmty.com\/index.php\/wp-json\/wp\/v2\/product"}],"about":[{"href":"https:\/\/tecsecmty.com\/index.php\/wp-json\/wp\/v2\/types\/product"}],"replies":[{"embeddable":true,"href":"https:\/\/tecsecmty.com\/index.php\/wp-json\/wp\/v2\/comments?post=4243"}],"version-history":[{"count":0,"href":"https:\/\/tecsecmty.com\/index.php\/wp-json\/wp\/v2\/product\/4243\/revisions"}],"wp:featuredmedia":[{"embeddable":true,"href":"https:\/\/tecsecmty.com\/index.php\/wp-json\/wp\/v2\/media\/4242"}],"wp:attachment":[{"href":"https:\/\/tecsecmty.com\/index.php\/wp-json\/wp\/v2\/media?parent=4243"}],"wp:term":[{"taxonomy":"product_brand","embeddable":true,"href":"https:\/\/tecsecmty.com\/index.php\/wp-json\/wp\/v2\/product_brand?post=4243"},{"taxonomy":"product_cat","embeddable":true,"href":"https:\/\/tecsecmty.com\/index.php\/wp-json\/wp\/v2\/product_cat?post=4243"},{"taxonomy":"product_tag","embeddable":true,"href":"https:\/\/tecsecmty.com\/index.php\/wp-json\/wp\/v2\/product_tag?post=4243"}],"curies":[{"name":"wp","href":"https:\/\/api.w.org\/{rel}","templated":true}]}}