{"id":4245,"date":"2023-02-23T00:33:16","date_gmt":"2023-02-23T06:33:16","guid":{"rendered":"https:\/\/tecsecmty.com\/index.php\/producto\/wulian-plugcontact-contacto-inteligente-electrico-controle-a-energia-de-algun-aparato-especifico-y-ahorre-en-consumo\/"},"modified":"2023-03-22T23:24:58","modified_gmt":"2023-03-23T05:24:58","slug":"wulian-plugcontact-contacto-inteligente-electrico-controle-a-energia-de-algun-aparato-especifico-y-ahorre-en-consumo","status":"publish","type":"product","link":"https:\/\/tecsecmty.com\/index.php\/producto\/wulian-plugcontact-contacto-inteligente-electrico-controle-a-energia-de-algun-aparato-especifico-y-ahorre-en-consumo\/","title":{"rendered":"WULIAN PLUGCONTACT &#8211; CONTACTO INTELIGENTE ELECTRICO CONTROLE A ENERGIA DE ALGUN APARATO ESPECIFICO Y AHORRE EN CONSUMO"},"content":{"rendered":"<div class=\"row aling-items-center padding-bottom-2x\">\n<div class=\"col-lg-12\">\n<h4 class=\"ql-align-center\">CONTACTO INTELIGENTE EL\u00c9CTRICO<\/h4>\n<p><img decoding=\"async\" class=\"overview-center-img-\" src=\"https:\/\/tvc.mx\/media\/10510\/contacto-inteligente-overview-central.jpg\" alt=\"\" \/><\/div>\n<\/div>\n<div class=\"row align-items-center padding-bottom-2x\">\n<div class=\"col-md-5\"><img decoding=\"async\" class=\"d-block m-auto img-thumbnail\" src=\"https:\/\/tvc.mx\/media\/10511\/contacto-inteligente-overview-lateral.jpg\" alt=\" \" \/><\/div>\n<div class=\"col-md-7 text-md-left text-center\">\n<h2><\/h2>\n<p class=\"text-muted\">\n<p><strong>\u00bfQu\u00e9 es ZigBee?<\/strong>\u00a0Es un est\u00e1ndar de comunicaciones inal\u00e1mbricas ZigBee\u00ae dise\u00f1ado por la ZigBee Alliance (una asociaci\u00f3n de mas de 100 empresas, sin \u00e1nimo de lucro, reunidas para crear un est\u00e1ndar inal\u00e1mbrico de bajo costo, bajo consumo de energ\u00eda que adem\u00e1s cubra algunos vac\u00edos dejados por Bluetooth) est\u00e1 basado en la norma IEEE para redes inal\u00e1mbricas de \u00e1rea personal WPAN (Wireless Personal Area Network, por sus siglas en ingl\u00e9s). Las aplicaciones del est\u00e1ndar ZigBee\u00ae van desde la dom\u00f3tica, el control industrial hasta soluciones en equipos m\u00e9dicos.<\/p>\n<p>&nbsp;<\/p>\n<p>El\u00a0enchufe inteligente\u00a0Wulian modelo<strong>\u00a0WLZSKMNPWM314001\u00a0<\/strong>de tipo est\u00e1ndar americano\u00a0inal\u00e1mbrico, basado en la tecnolog\u00eda ZigBee\/SmartRoom, con dise\u00f1o peque\u00f1o, m\u00f3vil, muy f\u00e1cil y flexible para enchufar y jugar. Los usuarios pueden poner\u00a0dispositivos de mando a distancia a trav\u00e9s de cualquier terminal m\u00f3vil. No necesita tacto, provee\u00a0cargas de gran tama\u00f1os, mejora las necesidades diarias.<\/p>\n<p>Adem\u00e1s de un\u00a0sistema de casa inteligente, es ampliamente utilizado en hospitales inteligentes, hoteles inteligentes, edificios inteligentes, sistemas de reproducci\u00f3n inteligente.<\/p>\n<p>&nbsp;<\/p>\n<\/div>\n<\/div>\n<hr class=\"padding-bottom-2x\" \/>\n<div class=\"row aling-items-center padding-bottom-2x\">\n<div class=\"col-lg-12\">\n<ul>\n<li class=\"ql-align-justify\">Soporta el modo IEEE 802.15.4 ZigBee \/ SmartRoom.<\/li>\n<li class=\"ql-align-justify\">Protecci\u00f3n avanzada de sobrecarga mundial; Ahorre energ\u00eda y mantengase alejado del consumo de energ\u00eda en standby<\/li>\n<li class=\"ql-align-justify\">Control remoto de encendido o apagado de electrodom\u00e9sticos por medio de la aplicaci\u00f3n de casa inteligente; Control de la sincronizaci\u00f3n de ahorro de energ\u00eda para hacer los aparatos comunes inteligentes.<\/li>\n<li class=\"ql-align-justify\">Retroalimentaci\u00f3n en tiempo real en estado ON \/ OFF; Apoye el control encendido-apagado de la energ\u00eda del enchufe v\u00eda la red de LAN y el control teledirigido.<\/li>\n<li class=\"ql-align-justify\">Soporte para personalizar modos; Establecer la funci\u00f3n del temporizador; Estad\u00edsticas de energ\u00eda el\u00e9ctrica; Ver historial.<\/li>\n<li class=\"ql-align-justify\">Inteligente DIY, f\u00e1cil de operar con interfaz de aplicaci\u00f3n simple y elegante.<\/li>\n<li class=\"ql-align-justify\">Exquisito en el dise\u00f1o, queda perfectamente con todos los estilos de la decoraci\u00f3n; es\u00a0compatible con m\u00e1s electrodom\u00e9sticos para mayor comodidad para los usuarios.<\/li>\n<\/ul>\n<p><img decoding=\"async\" class=\"overview-center-img-\" src=\"https:\/\/tvc.mx\/media\/10512\/CPOVC.jpg\" alt=\"\" \/><\/div>\n<\/div>\n<div class=\"row aling-items-center padding-bottom-2x\">\n<div class=\"col-lg-12\">\n<h3><u>PAR\u00c1METROS ESTRUCTURALES<\/u><\/h3>\n<h3><\/h3>\n<p>Dimensi\u00f3n Global (la x An x AL)<\/p>\n<p><strong>112\u00d757\u00d761(mm)<\/strong><\/p>\n<p>Material y Color<\/p>\n<p><strong>PC, Blanco<\/strong><\/p>\n<p>\u00cdndice de protecci\u00f3n<\/p>\n<p><strong>UL94 V-0<\/strong><\/p>\n<p>Peso Neto\u00a0<strong>150 (g)<\/strong><\/p>\n<p>Temperatura de Trabajo<\/p>\n<p><strong>-10\u2103\uff5e+45\u2103<\/strong><\/p>\n<p>Humedad de Trabajo<\/p>\n<p><strong>\u226495%RH (Sin Condenzaci\u00f3n)<\/strong><\/p>\n<h3><u>PAR\u00c1METROS T\u00c9CNICOS<\/u><\/h3>\n<p>Modo de Comunicaci\u00f3n<\/p>\n<p><strong>IEEE 802.15.4 ( ZigBee\/ SmartRoom)<\/strong><\/p>\n<p>Configuraci\u00f3n de la Antena<\/p>\n<p><strong>Internal Antenna<\/strong><\/p>\n<p>Par\u00e1metros de poder<\/p>\n<p><strong>120-125VAC, 60Hz<\/strong><\/p>\n<p>Corriente nominal m\u00e1xima<\/p>\n<p><strong>15A<\/strong><\/p>\n<p>Consumo en Standby<\/p>\n<p><strong>\u22640.5W<\/strong><\/p>\n<p>M\u00e1xima carga resistiva<\/p>\n<p><strong>1800W (L\u00e1mpara Incandescente\/L\u00e1mpara de Hal\u00f3geno )<\/strong><\/p>\n<p>M\u00e1xima carga inductiva<\/p>\n<p><strong>1000W (Lampara ahorradora\/L\u00e1mpara fluorescente \/LED)<\/strong><\/p>\n<p><img decoding=\"async\" class=\"overview-center-img-\" src=\"https:\/\/tvc.mx\/media\/10513\/EIIOVC.jpg\" alt=\"\" \/><\/div>\n<\/div>\n","protected":false},"excerpt":{"rendered":"<p>CONTACTO INTELIGENTE EL\u00c9CTRICO \u00bfQu\u00e9 es ZigBee?\u00a0Es un est\u00e1ndar de comunicaciones inal\u00e1mbricas ZigBee\u00ae dise\u00f1ado por la ZigBee Alliance (una asociaci\u00f3n de mas de 100 empresas, sin \u00e1nimo de lucro, reunidas para crear un est\u00e1ndar inal\u00e1mbrico de bajo costo, bajo consumo de energ\u00eda que adem\u00e1s cubra algunos&hellip;<\/p>\n","protected":false},"featured_media":4244,"comment_status":"open","ping_status":"closed","template":"","meta":{"om_disable_all_campaigns":false,"_monsterinsights_skip_tracking":false,"_monsterinsights_sitenote_active":false,"_monsterinsights_sitenote_note":"","_monsterinsights_sitenote_category":0},"product_brand":[],"product_cat":[305],"product_tag":[212,211,151],"class_list":{"0":"post-4245","1":"product","2":"type-product","3":"status-publish","4":"has-post-thumbnail","6":"product_cat-controles","7":"product_tag-alarmas","8":"product_tag-alarmas-e-intrusion","9":"product_tag-seguridad","11":"first","12":"instock","13":"sale","14":"taxable","15":"shipping-taxable","16":"purchasable","17":"product-type-simple"},"aioseo_notices":[],"_links":{"self":[{"href":"https:\/\/tecsecmty.com\/index.php\/wp-json\/wp\/v2\/product\/4245","targetHints":{"allow":["GET"]}}],"collection":[{"href":"https:\/\/tecsecmty.com\/index.php\/wp-json\/wp\/v2\/product"}],"about":[{"href":"https:\/\/tecsecmty.com\/index.php\/wp-json\/wp\/v2\/types\/product"}],"replies":[{"embeddable":true,"href":"https:\/\/tecsecmty.com\/index.php\/wp-json\/wp\/v2\/comments?post=4245"}],"version-history":[{"count":0,"href":"https:\/\/tecsecmty.com\/index.php\/wp-json\/wp\/v2\/product\/4245\/revisions"}],"wp:featuredmedia":[{"embeddable":true,"href":"https:\/\/tecsecmty.com\/index.php\/wp-json\/wp\/v2\/media\/4244"}],"wp:attachment":[{"href":"https:\/\/tecsecmty.com\/index.php\/wp-json\/wp\/v2\/media?parent=4245"}],"wp:term":[{"taxonomy":"product_brand","embeddable":true,"href":"https:\/\/tecsecmty.com\/index.php\/wp-json\/wp\/v2\/product_brand?post=4245"},{"taxonomy":"product_cat","embeddable":true,"href":"https:\/\/tecsecmty.com\/index.php\/wp-json\/wp\/v2\/product_cat?post=4245"},{"taxonomy":"product_tag","embeddable":true,"href":"https:\/\/tecsecmty.com\/index.php\/wp-json\/wp\/v2\/product_tag?post=4245"}],"curies":[{"name":"wp","href":"https:\/\/api.w.org\/{rel}","templated":true}]}}