{"id":4251,"date":"2023-02-23T00:33:23","date_gmt":"2023-02-23T06:33:23","guid":{"rendered":"https:\/\/tecsecmty.com\/index.php\/producto\/wulian-universal1dremote-control-remoto-inteligente-emisor-ir-protocolo-zigbee-controle-sus-equipos-desde-cualquier-lugar-con-su-smartphone-a-traves-de-app-para-android-ios-emision-de-senal\/"},"modified":"2023-03-22T23:24:59","modified_gmt":"2023-03-23T05:24:59","slug":"wulian-universal1dremote-control-remoto-inteligente-emisor-ir-protocolo-zigbee-controle-sus-equipos-desde-cualquier-lugar-con-su-smartphone-a-traves-de-app-para-android-ios-emision-de-senal","status":"publish","type":"product","link":"https:\/\/tecsecmty.com\/index.php\/producto\/wulian-universal1dremote-control-remoto-inteligente-emisor-ir-protocolo-zigbee-controle-sus-equipos-desde-cualquier-lugar-con-su-smartphone-a-traves-de-app-para-android-ios-emision-de-senal\/","title":{"rendered":"WULIAN UNIVERSAL1DREMOTE &#8211; Control Remoto Inteligente Emisor IR \/ Protocolo Zigbee \/ Controle sus equipos desde cualquier lugar con su Smartphone a trav\u00e9s de APP para Android &amp; iOS \/ Emision de se\u00f1al IR Unidireccional"},"content":{"rendered":"<div class=\"row aling-items-center padding-bottom-2x\">\n<div class=\"col-lg-12\">\n<h5 class=\"card-title text-center\">Descripci\u00f3n<\/h5>\n<p class=\"ql-align-justify\">El control Remoto\u00a0<strong>Universal modelo WL-ZTPWBPWI001-02<\/strong>\u00a0(emisor) es capaz de controlar todo tipo de electrodom\u00e9stico que se controle con se\u00f1ales IR para su funcionamiento; como lo son SmartTV&#8217;s, Proyectores, Minisplits, Cafeteras, Luces RGB, etc. Gracias a su tecnolog\u00eda inal\u00e1mbrica puede ser manipulado desde un smartphone en la aplicaci\u00f3n de\u00a0<strong>WULIAN Smart Home<\/strong>, as\u00ed como crear escenarios de control y tareas vinculadas para automatizar el encendido o apagado de pantallas, climas y electrodom\u00e9sticos controlados por IR.<\/p>\n<p><img decoding=\"async\" class=\"overview-center-img-web\" src=\"https:\/\/tvc.mx\/media\/613571\/Control-remoto-inteligente-emisor-Zigbee-IR-WULIAN-UNIVERSAL1DREMOTE-TVC-BANER.png\" alt=\"\" \/><\/p>\n<\/div>\n<\/div>\n<div class=\"row align-items-center padding-bottom-2x\">\n<div class=\"col-md-5\"><img decoding=\"async\" class=\"d-block m-auto img-thumbnail\" src=\"https:\/\/tvc.mx\/media\/337699\/Control-remoto-inteligente-emisor-Zigbee-IR-WULIAN-UNIVERSAL1DREMOTE-TVC-Overviews4.png\" alt=\" \" \/><\/div>\n<div class=\"col-md-7 text-md-left text-center\">\n<h2>Especificaciones<\/h2>\n<ul>\n<li><strong>Nombre:\u00a0<\/strong>CONTROL REMOTO INTELIGENTE EMISOR IR<\/li>\n<li><strong>Fuente de alimentaci\u00f3n:\u00a0<\/strong>3V DC, Bater\u00eda CR2 (x1)<\/li>\n<li><strong>Modo de comunicaci\u00f3n:\u00a0<\/strong>IEEE802.15.4 (ZIGBEE)<\/li>\n<li><strong>Consumo en Standby:\u00a0<\/strong>7\u00b5A<\/li>\n<li><strong>Distancia de control:\u00a0<\/strong>5m<\/li>\n<li><strong>\u00c1ngulo de Control:\u00a0<\/strong>45\u00b0 -180\u00b0 (frente al led)<\/li>\n<li><strong>M\u00e9todo de Instalaci\u00f3n:\u00a0<\/strong>Tipo portable, fijado con tornillos<\/li>\n<li><strong>Temperatura y humedad de trabajo:\u00a0<\/strong>-10\u00b0C\/ 45%RH (Sin Condensaci\u00f3n)<\/li>\n<li><strong>Material y Color:\u00a0<\/strong>PC, Blanco<\/li>\n<li><strong>Dimensiones (espesor del di\u00e1metro):\u00a0<\/strong>64 x 32 (mm)<\/li>\n<\/ul>\n<p>&nbsp;<\/p>\n<\/div>\n<\/div>\n<hr class=\"padding-bottom-2x\" \/>\n<div class=\"row align-items-center padding-bottom-2x\">\n<div class=\"col-md-5 order-md-2\"><img decoding=\"async\" class=\"d-block m-auto img-thumbnail\" src=\"https:\/\/tvc.mx\/media\/425263\/WULIAN-UNIVERSAL1DREMOTE-CONTROL-REMOTO-INTELIGENTE-TVC-FUNCION.png\" alt=\" \" \/><\/div>\n<div class=\"col-md-7 order-md-1 text-md-left text-center\">\n<h2>Funci\u00f3n<\/h2>\n<ul>\n<li>Soporta el m\u00e9todo de comunicaci\u00f3n IEEE 802.15.4 (ZigBee\/SmartRoom).<\/li>\n<li>Control Remoto y monitoreo mediante la aplicaci\u00f3n para el usuario.<\/li>\n<li>Se enlaza con otros dispositivos de control IR para Reemplazar completamente el mando a distancia.<\/li>\n<li>Alta sensibilidad, control preciso, f\u00e1cil instalaci\u00f3n, uso simple y confiable.<\/li>\n<li>Dise\u00f1o exquisito, apto a todos los estilos de decoraci\u00f3n.<\/li>\n<\/ul>\n<p>&nbsp;<\/p>\n<\/div>\n<\/div>\n<hr class=\"padding-bottom-2x\" \/>\n<div class=\"row align-items-center padding-bottom-2x\">\n<div class=\"col-md-5\"><img decoding=\"async\" class=\"d-block m-auto img-thumbnail\" src=\"https:\/\/tvc.mx\/media\/425199\/WULIAN-UNIVERSAL1DREMOTE-CONTROL-REMOTO-INTELIGENTE-TVC--INSTALACION.png\" alt=\" \" \/><\/div>\n<div class=\"col-md-7 text-md-left text-center\">\n<h2>Instalaci\u00f3n<\/h2>\n<p>Este dispositivo puede fijarse en un muro o techo para su funcionamiento, as\u00ed como solo situarse en una superficie met\u00e1lica o plana apuntando el led IR a el \u00e1rea de control deseada.<\/p>\n<p>&nbsp;<\/p>\n<\/div>\n<\/div>\n<hr class=\"padding-bottom-2x\" \/>\n<div class=\"row align-items-center padding-bottom-2x\">\n<div class=\"col-md-5 order-md-2\"><img decoding=\"async\" class=\"d-block m-auto img-thumbnail\" src=\"https:\/\/tvc.mx\/media\/425151\/WULIAN-UNIVERSAL1DREMOTE-CONTROL-REMOTO-INTELIGENTE-TVC-INCLUYE.png\" alt=\" \" \/><\/div>\n<div class=\"col-md-7 order-md-1 text-md-left text-center\">\n<h2>Incluye<\/h2>\n<ul>\n<li>Control Remoto Inteligente Emisor IR<\/li>\n<li>Base para techo<\/li>\n<li>Accesorios de fijaci\u00f3n<\/li>\n<\/ul>\n<p>&nbsp;<\/p>\n<\/div>\n<\/div>\n<hr class=\"padding-bottom-2x\" \/>\n<div class=\"row align-items-center padding-bottom-2x\">\n<div class=\"col-md-5\"><img decoding=\"async\" class=\"d-block m-auto img-thumbnail\" src=\"https:\/\/tvc.mx\/media\/425487\/WULIAN-UNIVERSAL1DREMOTE-CONTROL-REMOTO-INTELIGENTE-TVC-ZIGBEE.png\" alt=\" \" \/><\/div>\n<div class=\"col-md-7 text-md-left text-center\">\n<h2>ZigBee<\/h2>\n<p><strong>\u00bfQu\u00e9 es ZigBee? Es un est\u00e1ndar de comunicaciones inal\u00e1mbricas ZigBee\u00ae dise\u00f1ado por la ZigBee Alliance (una asociaci\u00f3n de mas de 100 empresas, sin \u00e1nimo de lucro, reunidas para crear un est\u00e1ndar inal\u00e1mbrico de bajo costo, bajo consumo de energ\u00eda que adem\u00e1s cubra algunos vac\u00edos dejados por Bluetooth) est\u00e1 basado en la norma IEEE para redes inal\u00e1mbricas de \u00e1rea personal WPAN (Wireless Personal Area Network, por sus siglas en ingl\u00e9s). Las aplicaciones del est\u00e1ndar ZigBee\u00ae van desde la dom\u00f3tica, el control industrial hasta soluciones en equipos m\u00e9dicos.<\/strong><\/p>\n<\/div>\n<\/div>\n","protected":false},"excerpt":{"rendered":"<p>Descripci\u00f3n El control Remoto\u00a0Universal modelo WL-ZTPWBPWI001-02\u00a0(emisor) es capaz de controlar todo tipo de electrodom\u00e9stico que se controle con se\u00f1ales IR para su funcionamiento; como lo son SmartTV&#8217;s, Proyectores, Minisplits, Cafeteras, Luces RGB, etc. Gracias a su tecnolog\u00eda inal\u00e1mbrica puede ser manipulado desde un smartphone en&hellip;<\/p>\n","protected":false},"featured_media":4250,"comment_status":"open","ping_status":"closed","template":"","meta":{"om_disable_all_campaigns":false,"_monsterinsights_skip_tracking":false,"_monsterinsights_sitenote_active":false,"_monsterinsights_sitenote_note":"","_monsterinsights_sitenote_category":0},"product_brand":[],"product_cat":[305],"product_tag":[212,211,151],"class_list":{"0":"post-4251","1":"product","2":"type-product","3":"status-publish","4":"has-post-thumbnail","6":"product_cat-controles","7":"product_tag-alarmas","8":"product_tag-alarmas-e-intrusion","9":"product_tag-seguridad","11":"first","12":"instock","13":"sale","14":"taxable","15":"shipping-taxable","16":"purchasable","17":"product-type-simple"},"aioseo_notices":[],"_links":{"self":[{"href":"https:\/\/tecsecmty.com\/index.php\/wp-json\/wp\/v2\/product\/4251","targetHints":{"allow":["GET"]}}],"collection":[{"href":"https:\/\/tecsecmty.com\/index.php\/wp-json\/wp\/v2\/product"}],"about":[{"href":"https:\/\/tecsecmty.com\/index.php\/wp-json\/wp\/v2\/types\/product"}],"replies":[{"embeddable":true,"href":"https:\/\/tecsecmty.com\/index.php\/wp-json\/wp\/v2\/comments?post=4251"}],"version-history":[{"count":0,"href":"https:\/\/tecsecmty.com\/index.php\/wp-json\/wp\/v2\/product\/4251\/revisions"}],"wp:featuredmedia":[{"embeddable":true,"href":"https:\/\/tecsecmty.com\/index.php\/wp-json\/wp\/v2\/media\/4250"}],"wp:attachment":[{"href":"https:\/\/tecsecmty.com\/index.php\/wp-json\/wp\/v2\/media?parent=4251"}],"wp:term":[{"taxonomy":"product_brand","embeddable":true,"href":"https:\/\/tecsecmty.com\/index.php\/wp-json\/wp\/v2\/product_brand?post=4251"},{"taxonomy":"product_cat","embeddable":true,"href":"https:\/\/tecsecmty.com\/index.php\/wp-json\/wp\/v2\/product_cat?post=4251"},{"taxonomy":"product_tag","embeddable":true,"href":"https:\/\/tecsecmty.com\/index.php\/wp-json\/wp\/v2\/product_tag?post=4251"}],"curies":[{"name":"wp","href":"https:\/\/api.w.org\/{rel}","templated":true}]}}