{"id":4255,"date":"2023-02-23T00:33:27","date_gmt":"2023-02-23T06:33:27","guid":{"rendered":"https:\/\/tecsecmty.com\/index.php\/producto\/wulian-zcenew-interruptor-para-la-creacion-de-escenas-zigbee-activa-escena-con-una-sola-tecla-controla-luces-cortinas-electronicos-audio-etc-administracion-y-control-desde-celular\/"},"modified":"2023-03-22T23:24:59","modified_gmt":"2023-03-23T05:24:59","slug":"wulian-zcenew-interruptor-para-la-creacion-de-escenas-zigbee-activa-escena-con-una-sola-tecla-controla-luces-cortinas-electronicos-audio-etc-administracion-y-control-desde-celular","status":"publish","type":"product","link":"https:\/\/tecsecmty.com\/index.php\/producto\/wulian-zcenew-interruptor-para-la-creacion-de-escenas-zigbee-activa-escena-con-una-sola-tecla-controla-luces-cortinas-electronicos-audio-etc-administracion-y-control-desde-celular\/","title":{"rendered":"WULIAN ZCENEW &#8211; Interruptor para la creacion de Escenas\/ Zigbee \/ Activa Escena con una sola Tecla \/ Controla Luces, Cortinas, Electronicos, audio, etc\/ Administracion y control desde Celular"},"content":{"rendered":"<div class=\"row aling-items-center padding-bottom-2x\">\n<div class=\"col-lg-12\">\n<h5 class=\"card-title text-center\">Descripci\u00f3n<\/h5>\n<p class=\"ql-align-justify\">Este dispositivo es un interruptor de escena, de suma utilidad en cualquier soluci\u00f3n de dom\u00f3tica con\u00a0<strong>Wulian\u00a0<\/strong>ya que con \u00e9l podemos ejecutar cualquier escena creada en la App de \u00ab<strong>Wulian Smart Home V6<\/strong>\u00bb de forma f\u00edsica sin necesidad de ejecutarla desde la App. Cuenta con 6 botones para controlar 6 escenas diferentes. Las escenas que deseen asignarse a cada bot\u00f3n se asignan desde la App de\u00a0<strong>Wulian<\/strong>. Algunas de las aplicaciones que podemos asignarle son:<\/p>\n<ul>\n<li class=\"ql-align-justify\">Crear circuitos de escalera inal\u00e1mbricos<\/li>\n<li class=\"ql-align-justify\">Controlar un Dimmer a distintos niveles de iluminaci\u00f3n<\/li>\n<li class=\"ql-align-justify\">Controlar mas de un dispositivo\u00a0<strong>Wulian<\/strong>\u00a0con un solo bot\u00f3n<\/li>\n<li class=\"ql-align-justify\">Agrupar y controlar distintos dispositivos\u00a0<strong>Wulian<\/strong><\/li>\n<\/ul>\n<p><img decoding=\"async\" class=\"overview-center-img-web\" src=\"https:\/\/tvc.mx\/media\/612883\/WULIAN-CREADOR-DE-ESCENAS-BANER-TVC.png\" alt=\"\" \/><\/div>\n<\/div>\n<div class=\"row align-items-center padding-bottom-2x\">\n<div class=\"col-md-5\"><img decoding=\"async\" class=\"d-block m-auto img-thumbnail\" src=\"https:\/\/tvc.mx\/media\/301495\/Interruptor-de-escena-inteligente-ZCENEW-WULIAN-Overviews2.png\" alt=\" \" \/><\/div>\n<div class=\"col-md-7 text-md-left text-center\">\n<h2>Especificaciones t\u00e9cnicas:<\/h2>\n<p class=\"text-muted\">\n<ul>\n<li><strong>Protocolo de Comunicaci\u00f3n:\u00a0<\/strong>IEEE 802.15.4 (ZigBee)<\/li>\n<li><strong>Tipo de Antena:\u00a0<\/strong>Antena Interna<\/li>\n<li><strong>Par\u00e1metros de Poder:\u00a0<\/strong>3V DC<\/li>\n<li><strong>Corriente en Standby:\u00a0<\/strong>3 A<\/li>\n<li><strong>Tipo de Bater\u00eda:\u00a0<\/strong>Pila de litio tipo CR2450*2<\/li>\n<li><strong>Rango de Operaci\u00f3n V\u00e1lido:\u00a0<\/strong>100m (dependiendo de la situaci\u00f3n)<\/li>\n<li><strong>Dimensiones (La x An x Al):\u00a0<\/strong>86.8 x 83 x 13 mm<\/li>\n<li><strong>Color:\u00a0<\/strong>Perla claro<\/li>\n<li><strong>Temperatura de Trabajo:\u00a0<\/strong>-10\u00b0C -45\u00b0C<\/li>\n<li><strong>Humedad de Trabajo:\u00a0<\/strong>\u226495% RH (Sin Condensaci\u00f3n)<\/li>\n<li><strong>Peso Neto:\u00a0<\/strong>75 (g)<\/li>\n<li><strong>Temperatura de Almacenamiento:\u00a0<\/strong>-20\u00b0C a +60\u00b0C<\/li>\n<\/ul>\n<p>&nbsp;<\/p>\n<\/div>\n<\/div>\n<hr class=\"padding-bottom-2x\" \/>\n<div class=\"row aling-items-center padding-bottom-2x\">\n<div class=\"col-lg-12\">\n<h5 class=\"card-title text-center\">Funci\u00f3n<\/h5>\n<ul>\n<li class=\"ql-align-justify\">Conexi\u00f3n de dispositivos de conmutaci\u00f3n de enlace de control remoto de forma inal\u00e1mbrica.<\/li>\n<li class=\"ql-align-justify\">Vinculaci\u00f3n de m\u00faltiples dispositivos para permitirle al usuario controlarlos con un simple click.<\/li>\n<li class=\"ql-align-justify\">Este producto adopta el dise\u00f1o est\u00e1ndar de 86 mm, que puede ser directamente instalado en la caja de cableado del muro de la pared, inclusive puede ser utilizado directamente.<\/li>\n<li class=\"ql-align-justify\">Puede personalizar diferentes modos de acuerdo con las necesidades del usuario, para realizar el cambio de diferentes escenas.<\/li>\n<li class=\"ql-align-justify\">Dise\u00f1o exquisito y f\u00e1cil de operar<\/li>\n<li class=\"ql-align-justify\">Su carcasa est\u00e1 dise\u00f1ada para ser resistente a impactos<\/li>\n<\/ul>\n<p><img decoding=\"async\" class=\"overview-center-img-web\" src=\"https:\/\/tvc.mx\/media\/301491\/Interruptor-de-escena-inteligente-ZCENEW-WULIAN-Overviews3.png\" alt=\"\" \/><\/div>\n<\/div>\n<div class=\"row align-items-center padding-bottom-2x\">\n<div class=\"col-md-5\"><img decoding=\"async\" class=\"d-block m-auto img-thumbnail\" src=\"https:\/\/tvc.mx\/media\/377559\/Interruptor-de-escena-inteligente-ZCENEW-WULIAN-OveinPNG.png\" alt=\" \" \/><\/div>\n<div class=\"col-md-7 text-md-left text-center\">\n<h2>Incluye<\/h2>\n<p class=\"text-muted\">\n<ul>\n<li>Interruptor de escena<\/li>\n<li>Base de pared<\/li>\n<li>Torniller\u00eda<\/li>\n<\/ul>\n<\/div>\n<\/div>\n","protected":false},"excerpt":{"rendered":"<p>Descripci\u00f3n Este dispositivo es un interruptor de escena, de suma utilidad en cualquier soluci\u00f3n de dom\u00f3tica con\u00a0Wulian\u00a0ya que con \u00e9l podemos ejecutar cualquier escena creada en la App de \u00abWulian Smart Home V6\u00bb de forma f\u00edsica sin necesidad de ejecutarla desde la App. Cuenta con&hellip;<\/p>\n","protected":false},"featured_media":4254,"comment_status":"open","ping_status":"closed","template":"","meta":{"om_disable_all_campaigns":false,"_monsterinsights_skip_tracking":false,"_monsterinsights_sitenote_active":false,"_monsterinsights_sitenote_note":"","_monsterinsights_sitenote_category":0},"product_brand":[],"product_cat":[305],"product_tag":[212,211,151],"class_list":{"0":"post-4255","1":"product","2":"type-product","3":"status-publish","4":"has-post-thumbnail","6":"product_cat-controles","7":"product_tag-alarmas","8":"product_tag-alarmas-e-intrusion","9":"product_tag-seguridad","11":"first","12":"instock","13":"sale","14":"taxable","15":"shipping-taxable","16":"purchasable","17":"product-type-simple"},"aioseo_notices":[],"_links":{"self":[{"href":"https:\/\/tecsecmty.com\/index.php\/wp-json\/wp\/v2\/product\/4255","targetHints":{"allow":["GET"]}}],"collection":[{"href":"https:\/\/tecsecmty.com\/index.php\/wp-json\/wp\/v2\/product"}],"about":[{"href":"https:\/\/tecsecmty.com\/index.php\/wp-json\/wp\/v2\/types\/product"}],"replies":[{"embeddable":true,"href":"https:\/\/tecsecmty.com\/index.php\/wp-json\/wp\/v2\/comments?post=4255"}],"version-history":[{"count":0,"href":"https:\/\/tecsecmty.com\/index.php\/wp-json\/wp\/v2\/product\/4255\/revisions"}],"wp:featuredmedia":[{"embeddable":true,"href":"https:\/\/tecsecmty.com\/index.php\/wp-json\/wp\/v2\/media\/4254"}],"wp:attachment":[{"href":"https:\/\/tecsecmty.com\/index.php\/wp-json\/wp\/v2\/media?parent=4255"}],"wp:term":[{"taxonomy":"product_brand","embeddable":true,"href":"https:\/\/tecsecmty.com\/index.php\/wp-json\/wp\/v2\/product_brand?post=4255"},{"taxonomy":"product_cat","embeddable":true,"href":"https:\/\/tecsecmty.com\/index.php\/wp-json\/wp\/v2\/product_cat?post=4255"},{"taxonomy":"product_tag","embeddable":true,"href":"https:\/\/tecsecmty.com\/index.php\/wp-json\/wp\/v2\/product_tag?post=4255"}],"curies":[{"name":"wp","href":"https:\/\/api.w.org\/{rel}","templated":true}]}}