{"id":4257,"date":"2023-02-23T00:33:28","date_gmt":"2023-02-23T06:33:28","guid":{"rendered":"https:\/\/tecsecmty.com\/index.php\/producto\/wulian-cr2-bateria-para-equipos-wulian\/"},"modified":"2023-03-22T23:24:57","modified_gmt":"2023-03-23T05:24:57","slug":"wulian-cr2-bateria-para-equipos-wulian","status":"publish","type":"product","link":"https:\/\/tecsecmty.com\/index.php\/producto\/wulian-cr2-bateria-para-equipos-wulian\/","title":{"rendered":"Wulian CR2 &#8211; Bateria para equipos Wulian"},"content":{"rendered":"<div class=\"row aling-items-center padding-bottom-2x\">\n<div class=\"col-lg-12\">\n<h5 class=\"card-title text-center\">Descripci\u00f3n<\/h5>\n<p class=\"ql-align-justify\">Bater\u00eda\u00a0de litio tipo cilindro, de 3 Volts, capacidad nominal de 850 mAh (mili Amperes hora), dimensiones\u00a027.3 mm x 15.5 (\u00d8) mm. Se usa principalmente en en dispositivos inteligentes WULIAN compatibles.<\/p>\n<p><img decoding=\"async\" class=\"overview-center-img-web\" src=\"https:\/\/tvc.mx\/media\/342099\/Bateria-litio-para-equipos-Wulian-CR2-TVC-Overviews1.png\" alt=\"\" \/><\/div>\n<\/div>\n<div class=\"row align-items-center padding-bottom-2x\">\n<div class=\"col-md-5\"><img decoding=\"async\" class=\"d-block m-auto img-thumbnail\" src=\"https:\/\/tvc.mx\/media\/342103\/Bateria-litio-para-equipos-Wulian-CR2-TVC-Overviews2.png\" alt=\" \" \/><\/div>\n<div class=\"col-md-7 text-md-left text-center\">\n<h2>Especificaciones t\u00e9cnicas<\/h2>\n<p class=\"text-muted\">\n<ul>\n<li class=\"ql-align-justify\">Bater\u00eda: CR2 de Litio.<\/li>\n<li class=\"ql-align-justify\">Capacidad nominal: 850 mAh.<\/li>\n<li class=\"ql-align-justify\">Forma: Cil\u00edndrica<\/li>\n<li class=\"ql-align-justify\">Tensi\u00f3n nominal: 3.0 V.<\/li>\n<li class=\"ql-align-justify\">Composici\u00f3n qu\u00edmica: Li-MnO2.<\/li>\n<li class=\"ql-align-justify\">Temperatura de funcionamiento: -40 ~ +70\u00baC.<\/li>\n<li class=\"ql-align-justify\">Dimensiones: 27.3 mm (Al) x 15.5 (\u00d8) mm.<\/li>\n<li class=\"ql-align-justify\">Peso: 11 g.<\/li>\n<\/ul>\n<p class=\"ql-align-justify\">*Compatible con productos del cat\u00e1logo WULIAN.<\/p>\n<\/div>\n<\/div>\n","protected":false},"excerpt":{"rendered":"<p>Descripci\u00f3n Bater\u00eda\u00a0de litio tipo cilindro, de 3 Volts, capacidad nominal de 850 mAh (mili Amperes hora), dimensiones\u00a027.3 mm x 15.5 (\u00d8) mm. Se usa principalmente en en dispositivos inteligentes WULIAN compatibles. Especificaciones t\u00e9cnicas Bater\u00eda: CR2 de Litio. Capacidad nominal: 850 mAh. Forma: Cil\u00edndrica Tensi\u00f3n nominal:&hellip;<\/p>\n","protected":false},"featured_media":4256,"comment_status":"open","ping_status":"closed","template":"","meta":{"om_disable_all_campaigns":false,"_monsterinsights_skip_tracking":false,"_monsterinsights_sitenote_active":false,"_monsterinsights_sitenote_note":"","_monsterinsights_sitenote_category":0},"product_brand":[],"product_cat":[305],"product_tag":[212,211,151],"class_list":{"0":"post-4257","1":"product","2":"type-product","3":"status-publish","4":"has-post-thumbnail","6":"product_cat-controles","7":"product_tag-alarmas","8":"product_tag-alarmas-e-intrusion","9":"product_tag-seguridad","11":"first","12":"instock","13":"sale","14":"taxable","15":"shipping-taxable","16":"purchasable","17":"product-type-simple"},"aioseo_notices":[],"_links":{"self":[{"href":"https:\/\/tecsecmty.com\/index.php\/wp-json\/wp\/v2\/product\/4257","targetHints":{"allow":["GET"]}}],"collection":[{"href":"https:\/\/tecsecmty.com\/index.php\/wp-json\/wp\/v2\/product"}],"about":[{"href":"https:\/\/tecsecmty.com\/index.php\/wp-json\/wp\/v2\/types\/product"}],"replies":[{"embeddable":true,"href":"https:\/\/tecsecmty.com\/index.php\/wp-json\/wp\/v2\/comments?post=4257"}],"version-history":[{"count":0,"href":"https:\/\/tecsecmty.com\/index.php\/wp-json\/wp\/v2\/product\/4257\/revisions"}],"wp:featuredmedia":[{"embeddable":true,"href":"https:\/\/tecsecmty.com\/index.php\/wp-json\/wp\/v2\/media\/4256"}],"wp:attachment":[{"href":"https:\/\/tecsecmty.com\/index.php\/wp-json\/wp\/v2\/media?parent=4257"}],"wp:term":[{"taxonomy":"product_brand","embeddable":true,"href":"https:\/\/tecsecmty.com\/index.php\/wp-json\/wp\/v2\/product_brand?post=4257"},{"taxonomy":"product_cat","embeddable":true,"href":"https:\/\/tecsecmty.com\/index.php\/wp-json\/wp\/v2\/product_cat?post=4257"},{"taxonomy":"product_tag","embeddable":true,"href":"https:\/\/tecsecmty.com\/index.php\/wp-json\/wp\/v2\/product_tag?post=4257"}],"curies":[{"name":"wp","href":"https:\/\/api.w.org\/{rel}","templated":true}]}}