{"id":4263,"date":"2023-02-23T00:33:35","date_gmt":"2023-02-23T06:33:35","guid":{"rendered":"https:\/\/tecsecmty.com\/index.php\/producto\/wulian-cylincam-camara-multifuncional-cuenta-con-resolucion-de-1080p-audio-ir-para-vision-nocturna-rotacion-de-360-grados-medicion-de-calidad-del-aire-comunicacion-wifi-y-protocolo-zigbee-12-v\/"},"modified":"2023-03-22T23:24:57","modified_gmt":"2023-03-23T05:24:57","slug":"wulian-cylincam-camara-multifuncional-cuenta-con-resolucion-de-1080p-audio-ir-para-vision-nocturna-rotacion-de-360-grados-medicion-de-calidad-del-aire-comunicacion-wifi-y-protocolo-zigbee-12-v","status":"publish","type":"product","link":"https:\/\/tecsecmty.com\/index.php\/producto\/wulian-cylincam-camara-multifuncional-cuenta-con-resolucion-de-1080p-audio-ir-para-vision-nocturna-rotacion-de-360-grados-medicion-de-calidad-del-aire-comunicacion-wifi-y-protocolo-zigbee-12-v\/","title":{"rendered":"WULIAN CYLINCAM &#8211; C\u00e1mara multifuncional cuenta con resoluci\u00f3n de 1080P, Audio, IR para visi\u00f3n Nocturna. rotacion de 360 grados\/ Medici\u00f3n de calidad del aire\/ Comunicacion Wifi y protocolo Zigbee\/ 12 VDC"},"content":{"rendered":"<div class=\"row aling-items-center padding-bottom-2x\">\n<div class=\"col-lg-12\">\n<h5 class=\"card-title text-center\">Descripci\u00f3n<\/h5>\n<p>La c\u00e1mara Cylincam, es un equipo de videograbaci\u00f3n y monitoreo que nos permite monitorearlo desde cualquier lugar en donde nos encontremos, tan solo con entrar a la aplicaci\u00f3n de WULIAN \u00abSmartHome\u00bb, podremos visualizar la c\u00e1mara en tiempo real, as\u00ed como observar grabaciones guardadas. Esta c\u00e1mara posee componentes para mantener comunicaci\u00f3n de audio, por lo que podremos escuchar y hablar con quien se encuentre frente a la c\u00e1mara desde la aplicaci\u00f3n de WULIAN. La Cylincam al igual funciona tambi\u00e9n como Gateway, por lo que podremos utilizarla como central inteligente, enlazarle dispositivos WULIAN y crear automatizaciones y escenas con ella.<\/p>\n<p>Tiene movimiento de 360 grados y una resoluci\u00f3n de 1080p por lo que obtendremos im\u00e1genes de calidad en nuestras grabaciones.<\/p>\n<p><img decoding=\"async\" class=\"overview-center-img-web\" src=\"https:\/\/tvc.mx\/media\/429967\/C%C3%A1mara-cil%C3%ADndrica-cerebro-WULIAN-CYLINCAM-Principal1.0.png\" alt=\"\" \/><\/div>\n<\/div>\n<div class=\"row align-items-center padding-bottom-2x\">\n<div class=\"col-md-5\"><img decoding=\"async\" class=\"d-block m-auto img-thumbnail\" src=\"https:\/\/tvc.mx\/media\/340559\/C%C3%A1mara-cil%C3%ADndrica-cerebro-WULIAN-CYLINCAM-Overviews1.png\" alt=\" \" \/><\/div>\n<div class=\"col-md-7 text-md-left text-center\">\n<h2>Especificaciones t\u00e9cnicas<\/h2>\n<p class=\"text-muted\">\n<ul>\n<li><strong>Nombre:\u00a0<\/strong>Cylincam.<\/li>\n<li><strong>Protocolo de Comunicaci\u00f3n:<\/strong>\u00a0IEEE 802.15.4 (ZigBee\/SmartRoom), IEEE208.11B\/G\/N.<\/li>\n<li><strong>Alimentacion:\u00a0<\/strong>Adaptacor AC\/DC de 12V DC\u00a0a 2A.<\/li>\n<li><strong>Resolusi\u00f3n de Imagen:\u00a0<\/strong>1080 P (Max).<\/li>\n<li><strong>Angulo de la C\u00e1mara:<\/strong>\u00a0100\u00b0 en horizontal.<\/li>\n<li><strong>Alcance de radiaci\u00f3n Infraroja:<\/strong>\u00a05m.<\/li>\n<li><strong>Almacenamiento:<\/strong>Tarjeta TF 128G (maximo).<\/li>\n<li><strong>M\u00e9todo de Instalaci\u00f3n:<\/strong>\u00a0Tipo Mobible.<\/li>\n<li><strong>Temperatura y Humedad Relativa:<\/strong>\u00a0-20\u00b0C~60\u00b0C, &lt;85%RH (sin condensaci\u00f3n).<\/li>\n<\/ul>\n<p>&nbsp;<\/p>\n<\/div>\n<\/div>\n<hr class=\"padding-bottom-2x\" \/>\n<div class=\"row aling-items-center padding-bottom-2x\">\n<div class=\"col-lg-12\">\n<h5 class=\"card-title text-center\">Funci\u00f3n<\/h5>\n<ul>\n<li>Resoluci\u00f3n de 1080 P\u00edxeles.<\/li>\n<li>Detecci\u00f3n de movimiento.<\/li>\n<li>Gesti\u00f3n de la calidad del aire.<\/li>\n<li>Micr\u00f3fono y bocina integrados.<\/li>\n<li>Rotaci\u00f3n de 360\u00b0 .<\/li>\n<li>Superficie Touch (Bot\u00f3n SET y SYS).<\/li>\n<li>Conexi\u00f3n WiFi a la Red.<\/li>\n<li>Conexi\u00f3n ZigBee con los dispositivos.<\/li>\n<li>Funci\u00f3n de Gateway.<\/li>\n<\/ul>\n<p>Se puede controlar para moverse 360\u00b0 el v\u00eddeo en tiempo real, as\u00ed como realizar tareas programadas con base en la activaci\u00f3n por \u00e1rea de detecci\u00f3n de movimiento.<\/p>\n<p><img decoding=\"async\" class=\"overview-center-img-web\" src=\"https:\/\/tvc.mx\/media\/340551\/C%C3%A1mara-cil%C3%ADndrica-cerebro-WULIAN-CYLINCAM-Overviews3.png\" alt=\"\" \/><\/div>\n<\/div>\n<div class=\"row align-items-center padding-bottom-2x\">\n<div class=\"col-md-5\"><img decoding=\"async\" class=\"d-block m-auto img-thumbnail\" src=\"https:\/\/tvc.mx\/media\/429943\/C%C3%A1mara-cil%C3%ADndrica-cerebro-WULIAN-CYLINCAM-O2.png\" alt=\" \" \/><\/div>\n<div class=\"col-md-7 text-md-left text-center\">\n<h2>Incluye<\/h2>\n<p class=\"text-muted\">\n<ul>\n<li>C\u00e1mara CYLINCAM.<\/li>\n<\/ul>\n<p>&nbsp;<\/p>\n<\/div>\n<\/div>\n<hr class=\"padding-bottom-2x\" \/>\n<div class=\"row align-items-center padding-bottom-2x\">\n<div class=\"col-md-5\"><img decoding=\"async\" class=\"d-block m-auto img-thumbnail\" src=\"https:\/\/tvc.mx\/media\/429971\/C%C3%A1mara-cil%C3%ADndrica-cerebro-WULIAN-CYLINCAM-O4.png\" alt=\" \" \/><\/div>\n<div class=\"col-md-7 text-md-left text-center\">\n<h2>ZigBee<\/h2>\n<p class=\"text-muted\">\n<p>\u00bfQu\u00e9 es ZigBee?<\/p>\n<p>Es un est\u00e1ndar de comunicaciones inal\u00e1mbricas ZigBee\u00ae dise\u00f1ado por la ZigBee Alliance (una asociaci\u00f3n de m\u00e1s de 100 empresas, sin \u00e1nimo de lucro, reunidas para crear un est\u00e1ndar inal\u00e1mbrico de bajo costo, bajo consumo de energ\u00eda que adem\u00e1s cubra algunos vac\u00edos dejados por Bluetooth) est\u00e1 basado en la norma IEEE para redes inal\u00e1mbricas de \u00e1rea personal WPAN (Wireless Personal Area Network, por sus siglas en ingl\u00e9s). Las aplicaciones del est\u00e1ndar ZigBee\u00ae van desde la dom\u00f3tica, el control industrial hasta soluciones en equipos m\u00e9dicos.<\/p>\n<\/div>\n<\/div>\n","protected":false},"excerpt":{"rendered":"<p>Descripci\u00f3n La c\u00e1mara Cylincam, es un equipo de videograbaci\u00f3n y monitoreo que nos permite monitorearlo desde cualquier lugar en donde nos encontremos, tan solo con entrar a la aplicaci\u00f3n de WULIAN \u00abSmartHome\u00bb, podremos visualizar la c\u00e1mara en tiempo real, as\u00ed como observar grabaciones guardadas. Esta&hellip;<\/p>\n","protected":false},"featured_media":4262,"comment_status":"open","ping_status":"closed","template":"","meta":{"om_disable_all_campaigns":false,"_monsterinsights_skip_tracking":false,"_monsterinsights_sitenote_active":false,"_monsterinsights_sitenote_note":"","_monsterinsights_sitenote_category":0},"product_brand":[],"product_cat":[306],"product_tag":[212,211,151],"class_list":{"0":"post-4263","1":"product","2":"type-product","3":"status-publish","4":"has-post-thumbnail","6":"product_cat-gateway","7":"product_tag-alarmas","8":"product_tag-alarmas-e-intrusion","9":"product_tag-seguridad","11":"first","12":"instock","13":"sale","14":"taxable","15":"shipping-taxable","16":"purchasable","17":"product-type-simple"},"aioseo_notices":[],"_links":{"self":[{"href":"https:\/\/tecsecmty.com\/index.php\/wp-json\/wp\/v2\/product\/4263","targetHints":{"allow":["GET"]}}],"collection":[{"href":"https:\/\/tecsecmty.com\/index.php\/wp-json\/wp\/v2\/product"}],"about":[{"href":"https:\/\/tecsecmty.com\/index.php\/wp-json\/wp\/v2\/types\/product"}],"replies":[{"embeddable":true,"href":"https:\/\/tecsecmty.com\/index.php\/wp-json\/wp\/v2\/comments?post=4263"}],"version-history":[{"count":0,"href":"https:\/\/tecsecmty.com\/index.php\/wp-json\/wp\/v2\/product\/4263\/revisions"}],"wp:featuredmedia":[{"embeddable":true,"href":"https:\/\/tecsecmty.com\/index.php\/wp-json\/wp\/v2\/media\/4262"}],"wp:attachment":[{"href":"https:\/\/tecsecmty.com\/index.php\/wp-json\/wp\/v2\/media?parent=4263"}],"wp:term":[{"taxonomy":"product_brand","embeddable":true,"href":"https:\/\/tecsecmty.com\/index.php\/wp-json\/wp\/v2\/product_brand?post=4263"},{"taxonomy":"product_cat","embeddable":true,"href":"https:\/\/tecsecmty.com\/index.php\/wp-json\/wp\/v2\/product_cat?post=4263"},{"taxonomy":"product_tag","embeddable":true,"href":"https:\/\/tecsecmty.com\/index.php\/wp-json\/wp\/v2\/product_tag?post=4263"}],"curies":[{"name":"wp","href":"https:\/\/api.w.org\/{rel}","templated":true}]}}