{"id":4265,"date":"2023-02-23T00:33:40","date_gmt":"2023-02-23T06:33:40","guid":{"rendered":"https:\/\/tecsecmty.com\/index.php\/producto\/ngteco-ngp300-contacto-inteligente-wifi-control-control-remoto-via-app-control-por-voz-frecuencia-wifi-de-24-ghz-compatible-con-amazon-alexa-y-con-el-asistente-de-google-entrada-110-v-6\/"},"modified":"2023-03-22T23:23:44","modified_gmt":"2023-03-23T05:23:44","slug":"ngteco-ngp300-contacto-inteligente-wifi-control-control-remoto-via-app-control-por-voz-frecuencia-wifi-de-24-ghz-compatible-con-amazon-alexa-y-con-el-asistente-de-google-entrada-110-v-6","status":"publish","type":"product","link":"https:\/\/tecsecmty.com\/index.php\/producto\/ngteco-ngp300-contacto-inteligente-wifi-control-control-remoto-via-app-control-por-voz-frecuencia-wifi-de-24-ghz-compatible-con-amazon-alexa-y-con-el-asistente-de-google-entrada-110-v-6\/","title":{"rendered":"NGTECO NGP300 &#8211; Contacto Inteligente WiFi \/ Control Control Remoto v\u00eda App \/ Control por Voz \/ Frecuencia WiFi de 2,4 GHz \/ Compatible con Amazon Alexa y con el Asistente de Google \/ Entrada 110 V \/ 60 Hz"},"content":{"rendered":"<div class=\"row aling-items-center padding-bottom-2x\">\n<div class=\"col-lg-12\">\n<h5 class=\"card-title text-center\">Informaci\u00f3n General<\/h5>\n<p class=\"ql-align-justify\"><strong>NG-P300<\/strong>\u00a0es un contacto\u00a0<strong>inteligente Wi-Fi\u00a0<\/strong>con est\u00e1ndar de americano, su dise\u00f1o es simple y compacto que permite controlar f\u00e1cilmente los dispositivos electr\u00f3nicos del hogar, a trav\u00e9s del celular y desde cualquier lugar. Puede programarlo para que encienda y apague autom\u00e1ticamente los aparatos electr\u00f3nicos seg\u00fan sea necesario,adem\u00e1s, puede liberar sus manos y controlarlo directamente con los comandos de voz cuando se vincula con los asistentes virtuales Amazon Alexa o Google Assistant.\u00a0Es adecuado para los peque\u00f1os electrodom\u00e9sticos (como ventiladores, l\u00e1mparas, humidificadores, etc.) ya que aporta en gran medida inteligencia y comodidad a su vida.<\/p>\n<p><img decoding=\"async\" class=\"overview-center-img-web\" src=\"https:\/\/tvc.mx\/media\/665462\/NGTeco---Contacto-Inteligente--WiFi.png\" alt=\"\" \/><\/div>\n<\/div>\n<div class=\"row align-items-center padding-bottom-2x\">\n<div class=\"col-md-5\"><img decoding=\"async\" class=\"d-block m-auto img-thumbnail\" src=\"https:\/\/tvc.mx\/media\/496766\/ZKTECO-NGP300---Contacto-Inteligente-WiFi-compatible-con-Alexa-Google.png\" alt=\" \" \/><\/div>\n<div class=\"col-md-7 text-md-left text-center\">\n<h2>Principales Caracter\u00edsticas<\/h2>\n<p class=\"text-muted\">\n<ul>\n<li>Control Remoto mediante la App NGTeco Home.<\/li>\n<li>Control de Voz que funciona con Alexa y\/o Google Home.<\/li>\n<li>Temporizador y horario para encender o apagar autom\u00e1ticamente cualquier electr\u00f3nica y electrodom\u00e9sticos.<\/li>\n<li>F\u00e1cil configuraci\u00f3n y calidad asegurada: simplemente conecta un dispositivo en el contacto inteligente wifi a tu red segura de 2.4 GHz ( \u00danicamente esta frecuencia).<\/li>\n<li>Protecci\u00f3n contra descargas.<\/li>\n<li>Ahorro de Energ\u00eda.<\/li>\n<li>Compatible con Amazon Alexa y Google Assistant.<\/li>\n<\/ul>\n<p>&nbsp;<\/p>\n<\/div>\n<\/div>\n<hr class=\"padding-bottom-2x\" \/>\n<div class=\"row align-items-center padding-bottom-2x\">\n<div class=\"col-md-5 order-md-2\"><img decoding=\"async\" class=\"d-block m-auto img-thumbnail\" src=\"https:\/\/tvc.mx\/media\/479686\/control-de-voz.png\" alt=\" \" \/><\/div>\n<div class=\"col-md-7 order-md-1 text-md-left text-center\">\n<h2>Especificaciones T\u00e9cnicas<\/h2>\n<p class=\"text-muted\">\n<ul>\n<li>Modelo: NG-P300.<\/li>\n<li>Material: Policarbonato de alta resistencia a los impactos.<\/li>\n<li>Carga M\u00e1xima: 10Amperes.<\/li>\n<li>Consumo de Energ\u00eda en Operaci\u00f3n:\u00a0&lt; 1.3W.<\/li>\n<li>Protocolo WiFi: 802.11 b\/g\/n 2.4Ghz.<\/li>\n<li>Seguridad de la Red: WPA \/ WPA2.<\/li>\n<\/ul>\n<p>&nbsp;<\/p>\n<\/div>\n<\/div>\n<hr class=\"padding-bottom-2x\" \/>\n<div class=\"row align-items-center padding-bottom-2x\">\n<div class=\"col-md-5\"><img decoding=\"async\" class=\"d-block m-auto img-thumbnail\" src=\"https:\/\/tvc.mx\/media\/479688\/programacion.png\" alt=\" \" \/><\/div>\n<div class=\"col-md-7 text-md-left text-center\">\n<h2>Especificaciones T\u00e9cnicas<\/h2>\n<p class=\"text-muted\">\n<ul>\n<li>Dimensiones: 50x50x52mm.<\/li>\n<li>Peso Neto: 53 gr.<\/li>\n<li>Peso Bruto: 66gr.<\/li>\n<li>Temperatura de Operaci\u00f3n: -20\u00b0C &#8211; 50\u00b0C.<\/li>\n<li>Certificaciones: FCC, RoHS, ETL.<\/li>\n<\/ul>\n<p>&nbsp;<\/p>\n<\/div>\n<\/div>\n<hr class=\"padding-bottom-2x\" \/>\n<div class=\"row align-items-center padding-bottom-2x\">\n<div class=\"col-md-5 order-md-2\"><img decoding=\"async\" class=\"d-block m-auto img-thumbnail\" src=\"https:\/\/tvc.mx\/media\/577431\/ZKTECO-ZKT1310001-Contacto-Inteligente-WiFi-incluye.png\" alt=\" \" \/><\/div>\n<div class=\"col-md-7 order-md-1 text-md-left text-center\">\n<h2>Incluye<\/h2>\n<p class=\"text-muted\">\n<ul>\n<li class=\"ql-align-justify\">Contacto inteligente.<\/li>\n<li class=\"ql-align-justify\">Manual de usuario.<\/li>\n<li class=\"ql-align-justify\">Poliza de garantia.<\/li>\n<\/ul>\n<\/div>\n<\/div>\n","protected":false},"excerpt":{"rendered":"<p>Informaci\u00f3n General NG-P300\u00a0es un contacto\u00a0inteligente Wi-Fi\u00a0con est\u00e1ndar de americano, su dise\u00f1o es simple y compacto que permite controlar f\u00e1cilmente los dispositivos electr\u00f3nicos del hogar, a trav\u00e9s del celular y desde cualquier lugar. Puede programarlo para que encienda y apague autom\u00e1ticamente los aparatos electr\u00f3nicos seg\u00fan sea&hellip;<\/p>\n","protected":false},"featured_media":4264,"comment_status":"open","ping_status":"closed","template":"","meta":{"om_disable_all_campaigns":false,"_monsterinsights_skip_tracking":false,"_monsterinsights_sitenote_active":false,"_monsterinsights_sitenote_note":"","_monsterinsights_sitenote_category":0},"product_brand":[],"product_cat":[307],"product_tag":[212,211,151],"class_list":{"0":"post-4265","1":"product","2":"type-product","3":"status-publish","4":"has-post-thumbnail","6":"product_cat-seguridad-y-acceso","7":"product_tag-alarmas","8":"product_tag-alarmas-e-intrusion","9":"product_tag-seguridad","11":"first","12":"instock","13":"sale","14":"taxable","15":"shipping-taxable","16":"purchasable","17":"product-type-simple"},"aioseo_notices":[],"_links":{"self":[{"href":"https:\/\/tecsecmty.com\/index.php\/wp-json\/wp\/v2\/product\/4265","targetHints":{"allow":["GET"]}}],"collection":[{"href":"https:\/\/tecsecmty.com\/index.php\/wp-json\/wp\/v2\/product"}],"about":[{"href":"https:\/\/tecsecmty.com\/index.php\/wp-json\/wp\/v2\/types\/product"}],"replies":[{"embeddable":true,"href":"https:\/\/tecsecmty.com\/index.php\/wp-json\/wp\/v2\/comments?post=4265"}],"version-history":[{"count":0,"href":"https:\/\/tecsecmty.com\/index.php\/wp-json\/wp\/v2\/product\/4265\/revisions"}],"wp:featuredmedia":[{"embeddable":true,"href":"https:\/\/tecsecmty.com\/index.php\/wp-json\/wp\/v2\/media\/4264"}],"wp:attachment":[{"href":"https:\/\/tecsecmty.com\/index.php\/wp-json\/wp\/v2\/media?parent=4265"}],"wp:term":[{"taxonomy":"product_brand","embeddable":true,"href":"https:\/\/tecsecmty.com\/index.php\/wp-json\/wp\/v2\/product_brand?post=4265"},{"taxonomy":"product_cat","embeddable":true,"href":"https:\/\/tecsecmty.com\/index.php\/wp-json\/wp\/v2\/product_cat?post=4265"},{"taxonomy":"product_tag","embeddable":true,"href":"https:\/\/tecsecmty.com\/index.php\/wp-json\/wp\/v2\/product_tag?post=4265"}],"curies":[{"name":"wp","href":"https:\/\/api.w.org\/{rel}","templated":true}]}}