{"id":4269,"date":"2023-02-23T00:33:43","date_gmt":"2023-02-23T06:33:43","guid":{"rendered":"https:\/\/tecsecmty.com\/index.php\/producto\/wulian-doorguardian-video-portero-y-mirilla-inteligente-zigbee-envia-notificaciones-de-llamado-a-su-puerta-a-traves-de-app-si-vincula-con-cerradura-wulian-puede-aperturar-de-forma-remota\/"},"modified":"2023-03-22T23:24:57","modified_gmt":"2023-03-23T05:24:57","slug":"wulian-doorguardian-video-portero-y-mirilla-inteligente-zigbee-envia-notificaciones-de-llamado-a-su-puerta-a-traves-de-app-si-vincula-con-cerradura-wulian-puede-aperturar-de-forma-remota","status":"publish","type":"product","link":"https:\/\/tecsecmty.com\/index.php\/producto\/wulian-doorguardian-video-portero-y-mirilla-inteligente-zigbee-envia-notificaciones-de-llamado-a-su-puerta-a-traves-de-app-si-vincula-con-cerradura-wulian-puede-aperturar-de-forma-remota\/","title":{"rendered":"WULIAN DOORGUARDIAN &#8211; Video Portero y Mirilla Inteligente\/ Zigbee \/ Envia Notificaciones de Llamado a su Puerta a traves de App\/ Si Vincula con Cerradura Wulian puede Aperturar de forma Remota"},"content":{"rendered":"<div class=\"row aling-items-center padding-bottom-2x\">\n<div class=\"col-lg-12\">\n<h5 class=\"card-title text-center\">Descripci\u00f3n<\/h5>\n<p class=\"ql-align-justify\">Este dispositivo ayuda en soluciones de tipo Videoportero ya que se instala directamente en la puerta principal de acceso a un hogar y permite de forma f\u00edsica ver atrav\u00e9s de la puerta gracias a un lente que cumple con la funci\u00f3n de mirilla. Por otro lado cuenta con una c\u00e1mara de resoluci\u00f3n 720 P para poder tener acceso al v\u00eddeo desde la App para smartphones \u00abWulian Smart Home V6\u00bb, podr\u00e1 atender visitas por llamadas de v\u00eddeo y vincular con una cerradura wulian, para dar acceso, todo desde la misma app de Wulian.<\/p>\n<p><img decoding=\"async\" class=\"overview-center-img-web\" src=\"https:\/\/tvc.mx\/media\/72399\/mirilla-central-overview.jpg\" alt=\"\" \/><\/div>\n<\/div>\n<div class=\"row align-items-center padding-bottom-2x\">\n<div class=\"col-md-5\"><img decoding=\"async\" class=\"d-block m-auto img-thumbnail\" src=\"https:\/\/tvc.mx\/media\/72402\/mirilla-lateral-overview.jpg\" alt=\" \" \/><\/div>\n<div class=\"col-md-7 text-md-left text-center\">\n<h2>Especificaciones<\/h2>\n<p class=\"text-muted\">\n<ul>\n<li><strong>Nombre:\u00a0<\/strong>VIDEO PORTERO Y MIRILLA ZIGBEE<\/li>\n<li><strong>Fuente de alimentaci\u00f3n:\u00a0<\/strong>4.2V DC<\/li>\n<li><strong>Modo de comunicaci\u00f3n:\u00a0<\/strong>IEEE802.15.4 (ZIGBEE\/SMARTROOM)<\/li>\n<li><strong>Consumo en Standby:\u00a0<\/strong>333 \u00b5A<\/li>\n<li><strong>Comunicaci\u00f3n:\u00a0<\/strong>WIFI<\/li>\n<li><strong>Calidad de la Imagen:\u00a0<\/strong>720P<\/li>\n<li><strong>Rango de Detecci\u00f3n:\u00a0<\/strong>Sector de Dominio (3m frente al lente)<\/li>\n<\/ul>\n<p>&nbsp;<\/p>\n<\/div>\n<\/div>\n<hr class=\"padding-bottom-2x\" \/>\n<div class=\"row aling-items-center padding-bottom-2x\">\n<div class=\"col-lg-12\">\n<h5 class=\"card-title text-center\">Funci\u00f3n<\/h5>\n<ul>\n<li class=\"ql-align-justify\">\u00a0Vista Nocturna<\/li>\n<li class=\"ql-align-justify\">Im\u00e1genes de resoluci\u00f3n 720P<\/li>\n<li class=\"ql-align-justify\">Angulo de grabaci\u00f3n de 120 \u00b0 de compensaci\u00f3n por luz<\/li>\n<li class=\"ql-align-justify\">Protocolo de comunicaci\u00f3n IEEE.802.15.4 (SmartRoom)<\/li>\n<li class=\"ql-align-justify\">Bater\u00eda de Litio<\/li>\n<li class=\"ql-align-justify\">Detecci\u00f3n de movimiento<\/li>\n<li class=\"ql-align-justify\">Visi\u00f3n Nocturna<\/li>\n<li class=\"ql-align-justify\">Mirilla ocular<\/li>\n<li class=\"ql-align-justify\">Micr\u00f3fono y bocina incorporado<\/li>\n<\/ul>\n<p><img decoding=\"async\" class=\"overview-center-img-web\" src=\"https:\/\/tvc.mx\/media\/72405\/mirilla-funci%C3%B3n.jpg\" alt=\"\" \/><\/div>\n<\/div>\n","protected":false},"excerpt":{"rendered":"<p>Descripci\u00f3n Este dispositivo ayuda en soluciones de tipo Videoportero ya que se instala directamente en la puerta principal de acceso a un hogar y permite de forma f\u00edsica ver atrav\u00e9s de la puerta gracias a un lente que cumple con la funci\u00f3n de mirilla. Por&hellip;<\/p>\n","protected":false},"featured_media":4268,"comment_status":"open","ping_status":"closed","template":"","meta":{"om_disable_all_campaigns":false,"_monsterinsights_skip_tracking":false,"_monsterinsights_sitenote_active":false,"_monsterinsights_sitenote_note":"","_monsterinsights_sitenote_category":0},"product_brand":[],"product_cat":[308],"product_tag":[212,211,151],"class_list":{"0":"post-4269","1":"product","2":"type-product","3":"status-publish","4":"has-post-thumbnail","6":"product_cat-seguridad-y-acceso-automatizacion","7":"product_tag-alarmas","8":"product_tag-alarmas-e-intrusion","9":"product_tag-seguridad","11":"first","12":"instock","13":"sale","14":"taxable","15":"shipping-taxable","16":"purchasable","17":"product-type-simple"},"aioseo_notices":[],"_links":{"self":[{"href":"https:\/\/tecsecmty.com\/index.php\/wp-json\/wp\/v2\/product\/4269","targetHints":{"allow":["GET"]}}],"collection":[{"href":"https:\/\/tecsecmty.com\/index.php\/wp-json\/wp\/v2\/product"}],"about":[{"href":"https:\/\/tecsecmty.com\/index.php\/wp-json\/wp\/v2\/types\/product"}],"replies":[{"embeddable":true,"href":"https:\/\/tecsecmty.com\/index.php\/wp-json\/wp\/v2\/comments?post=4269"}],"version-history":[{"count":0,"href":"https:\/\/tecsecmty.com\/index.php\/wp-json\/wp\/v2\/product\/4269\/revisions"}],"wp:featuredmedia":[{"embeddable":true,"href":"https:\/\/tecsecmty.com\/index.php\/wp-json\/wp\/v2\/media\/4268"}],"wp:attachment":[{"href":"https:\/\/tecsecmty.com\/index.php\/wp-json\/wp\/v2\/media?parent=4269"}],"wp:term":[{"taxonomy":"product_brand","embeddable":true,"href":"https:\/\/tecsecmty.com\/index.php\/wp-json\/wp\/v2\/product_brand?post=4269"},{"taxonomy":"product_cat","embeddable":true,"href":"https:\/\/tecsecmty.com\/index.php\/wp-json\/wp\/v2\/product_cat?post=4269"},{"taxonomy":"product_tag","embeddable":true,"href":"https:\/\/tecsecmty.com\/index.php\/wp-json\/wp\/v2\/product_tag?post=4269"}],"curies":[{"name":"wp","href":"https:\/\/api.w.org\/{rel}","templated":true}]}}