{"id":4271,"date":"2023-02-23T00:33:44","date_gmt":"2023-02-23T06:33:44","guid":{"rendered":"https:\/\/tecsecmty.com\/index.php\/producto\/wulian-gasdetector-sensor-inteligente-de-gas-inflamable-zigbee-vinculacion-con-manipulador-inteligente-sxi481015-para-cierre-automatico-de-valvulas-de-gas\/"},"modified":"2023-03-22T23:24:57","modified_gmt":"2023-03-23T05:24:57","slug":"wulian-gasdetector-sensor-inteligente-de-gas-inflamable-zigbee-vinculacion-con-manipulador-inteligente-sxi481015-para-cierre-automatico-de-valvulas-de-gas","status":"publish","type":"product","link":"https:\/\/tecsecmty.com\/index.php\/producto\/wulian-gasdetector-sensor-inteligente-de-gas-inflamable-zigbee-vinculacion-con-manipulador-inteligente-sxi481015-para-cierre-automatico-de-valvulas-de-gas\/","title":{"rendered":"WULIAN GASDETECTOR &#8211; Sensor Inteligente de Gas Inflamable \/ Zigbee \/ Vinculacion con Manipulador Inteligente SXI481015 para Cierre Autom\u00e1tico de V\u00e1lvulas de Gas"},"content":{"rendered":"<div class=\"row aling-items-center padding-bottom-2x\">\n<div class=\"col-lg-12\">\n<h5 class=\"card-title text-center\">Descripci\u00f3n<\/h5>\n<p class=\"ql-align-justify\">La alarma y la notificaci\u00f3n a su smartphone ser\u00e1 activada cuando el detector de gas sense que la concentraci\u00f3n de gas es mayor que la del valor establecido en su configuraci\u00f3n. Mientras tanto, puede vincular la V\u00e1lvula de Gas para ser cerrada y el Operador de Ventana para abrirse para cortar el gas y aclarar el gas que queda en el aire. Con su alta seguridad y estabilidad, el Detector de Gas Inflamable Inal\u00e1mbrico SmartRoom puede evitar falsas alertas.<\/p>\n<p><img decoding=\"async\" class=\"overview-center-img-web\" src=\"https:\/\/tvc.mx\/media\/68370\/gasdetectorcentraloverview.jpg\" alt=\"\" \/><\/div>\n<\/div>\n<div class=\"row align-items-center padding-bottom-2x\">\n<div class=\"col-md-5\"><img decoding=\"async\" class=\"d-block m-auto img-thumbnail\" src=\"https:\/\/tvc.mx\/media\/68373\/gasdetectorlateraloverview.jpg\" alt=\" \" \/><\/div>\n<div class=\"col-md-7 text-md-left text-center\">\n<h2>Especificaciones<\/h2>\n<p class=\"text-muted\">\n<ul>\n<li><strong>Protocolo de Comunicaci\u00f3n:\u00a0<\/strong>IEEE 802.15.4 ZigBee\/SmartRoom<\/li>\n<li><strong>Fuente de Alimentaci\u00f3n:\u00a0<\/strong>110-240VAC 50\/60HZ<\/li>\n<li><strong>Radio Efectivo de Detecci\u00f3n:\u00a0<\/strong>1.5m<\/li>\n<li><strong>Consumo en Standby:\u00a0<\/strong>\u22642W<\/li>\n<li><strong>Montaje:\u00a0<\/strong>Montado en el techo<\/li>\n<li><strong>Dimensiones (Di\u00e1metro x Alto):\u00a0<\/strong>\u00a098\u00d745<\/li>\n<li><strong>Material y Color:\u00a0<\/strong>PC, Blanco<\/li>\n<li><strong>Peso Neto:\u00a0<\/strong>165g<\/li>\n<li><strong>\u00cdndice de protecci\u00f3n (Resistencia a flama):\u00a0<\/strong>UL94 V-0<\/li>\n<li><strong>Temperatura de Operaci\u00f3n:\u00a0<\/strong>-10\u00b0C a +55\u00b0C<\/li>\n<li><strong>Humedad de Operaci\u00f3n:\u00a0<\/strong>\u226495%RH (Sin Condenzaci\u00f3n)<\/li>\n<\/ul>\n<p>&nbsp;<\/p>\n<\/div>\n<\/div>\n<hr class=\"padding-bottom-2x\" \/>\n<div class=\"row aling-items-center padding-bottom-2x\">\n<div class=\"col-lg-12\">\n<h5 class=\"card-title text-center\">Funci\u00f3n<\/h5>\n<ul>\n<li>El producto soporta el protocolo ZigBee\/SmartRoom<\/li>\n<li>el producto es un sensor de alta calidad con funciones de autodiagn\u00f3stico y compensaci\u00f3n del manejo del sensor.<\/li>\n<li>La adopci\u00f3n de un sensor de temperatura preciso dentro del producto podr\u00eda eliminar la falsa alarma por compensaci\u00f3n autom\u00e1tica de la temperatura ambiente.<\/li>\n<li>Tiene un dise\u00f1o sencillo y elegante con dimensiones compactas y bajo peso.<\/li>\n<li>El material para el producto es robusto y duradero<\/li>\n<\/ul>\n<p><img decoding=\"async\" class=\"overview-center-img-web\" src=\"https:\/\/tvc.mx\/media\/68376\/gasdetectorfunctionlateraloverview.jpg\" alt=\"\" \/><\/div>\n<\/div>\n","protected":false},"excerpt":{"rendered":"<p>Descripci\u00f3n La alarma y la notificaci\u00f3n a su smartphone ser\u00e1 activada cuando el detector de gas sense que la concentraci\u00f3n de gas es mayor que la del valor establecido en su configuraci\u00f3n. Mientras tanto, puede vincular la V\u00e1lvula de Gas para ser cerrada y el&hellip;<\/p>\n","protected":false},"featured_media":4270,"comment_status":"open","ping_status":"closed","template":"","meta":{"om_disable_all_campaigns":false,"_monsterinsights_skip_tracking":false,"_monsterinsights_sitenote_active":false,"_monsterinsights_sitenote_note":"","_monsterinsights_sitenote_category":0},"product_brand":[],"product_cat":[308],"product_tag":[212,211,151],"class_list":{"0":"post-4271","1":"product","2":"type-product","3":"status-publish","4":"has-post-thumbnail","6":"product_cat-seguridad-y-acceso-automatizacion","7":"product_tag-alarmas","8":"product_tag-alarmas-e-intrusion","9":"product_tag-seguridad","11":"first","12":"instock","13":"sale","14":"taxable","15":"shipping-taxable","16":"purchasable","17":"product-type-simple"},"aioseo_notices":[],"_links":{"self":[{"href":"https:\/\/tecsecmty.com\/index.php\/wp-json\/wp\/v2\/product\/4271","targetHints":{"allow":["GET"]}}],"collection":[{"href":"https:\/\/tecsecmty.com\/index.php\/wp-json\/wp\/v2\/product"}],"about":[{"href":"https:\/\/tecsecmty.com\/index.php\/wp-json\/wp\/v2\/types\/product"}],"replies":[{"embeddable":true,"href":"https:\/\/tecsecmty.com\/index.php\/wp-json\/wp\/v2\/comments?post=4271"}],"version-history":[{"count":0,"href":"https:\/\/tecsecmty.com\/index.php\/wp-json\/wp\/v2\/product\/4271\/revisions"}],"wp:featuredmedia":[{"embeddable":true,"href":"https:\/\/tecsecmty.com\/index.php\/wp-json\/wp\/v2\/media\/4270"}],"wp:attachment":[{"href":"https:\/\/tecsecmty.com\/index.php\/wp-json\/wp\/v2\/media?parent=4271"}],"wp:term":[{"taxonomy":"product_brand","embeddable":true,"href":"https:\/\/tecsecmty.com\/index.php\/wp-json\/wp\/v2\/product_brand?post=4271"},{"taxonomy":"product_cat","embeddable":true,"href":"https:\/\/tecsecmty.com\/index.php\/wp-json\/wp\/v2\/product_cat?post=4271"},{"taxonomy":"product_tag","embeddable":true,"href":"https:\/\/tecsecmty.com\/index.php\/wp-json\/wp\/v2\/product_tag?post=4271"}],"curies":[{"name":"wp","href":"https:\/\/api.w.org\/{rel}","templated":true}]}}