{"id":4273,"date":"2023-02-23T00:33:46","date_gmt":"2023-02-23T06:33:46","guid":{"rendered":"https:\/\/tecsecmty.com\/index.php\/producto\/wulian-gasvalve-manipulador-o-valvula-inteligente-para-llaves-de-paso-zigbee-puede-ser-cerrada-mediante-el-detector-de-gas-de-forma-automatica-o-remotamente\/"},"modified":"2023-03-22T23:24:57","modified_gmt":"2023-03-23T05:24:57","slug":"wulian-gasvalve-manipulador-o-valvula-inteligente-para-llaves-de-paso-zigbee-puede-ser-cerrada-mediante-el-detector-de-gas-de-forma-automatica-o-remotamente","status":"publish","type":"product","link":"https:\/\/tecsecmty.com\/index.php\/producto\/wulian-gasvalve-manipulador-o-valvula-inteligente-para-llaves-de-paso-zigbee-puede-ser-cerrada-mediante-el-detector-de-gas-de-forma-automatica-o-remotamente\/","title":{"rendered":"WULIAN GASVALVE &#8211; Manipulador o V\u00e1lvula Inteligente para llaves de Paso \/ Zigbee \/ Puede ser Cerrada mediante el Detector de Gas de Forma Automatica o Remotamente"},"content":{"rendered":"<div class=\"row aling-items-center padding-bottom-2x\">\n<div class=\"col-lg-12\">\n<h5 class=\"card-title text-center\">Descripci\u00f3n<\/h5>\n<p class=\"ql-align-justify\">El\u00a0<strong>manipulador para v\u00e1lvulas modelo\u00a0WL-ZSPOBPW-MA-01\u00a0<\/strong>es inal\u00e1mbrico e inteligente ideal para v\u00e1lvulas de gas y de agua de tipo 1\/4 de vuelta conocidas como \u00abllaves de paso\u00bb por lo que con este dispositivo puede personalizar, automatizar y controlar a voluntad el abrir y cerrar la v\u00e1lvula para el suministro de gas o agua de su hogar.<\/p>\n<p><img decoding=\"async\" class=\"overview-center-img-web\" src=\"https:\/\/tvc.mx\/media\/583459\/Manipulador-inteligente-para-llaves-de-paso-WULIAN-GASVALVE-TVC-baner.png\" alt=\"\" \/><\/div>\n<\/div>\n<div class=\"row align-items-center padding-bottom-2x\">\n<div class=\"col-md-5\"><img decoding=\"async\" class=\"d-block m-auto img-thumbnail\" src=\"https:\/\/tvc.mx\/media\/337963\/Manipulador-inteligente-para-llaves-de-paso-WULIAN-GASVALVE-TVC-Overviews3.png\" alt=\" \" \/><\/div>\n<div class=\"col-md-7 text-md-left text-center\">\n<h2>Especificaciones t\u00e9cnicas<\/h2>\n<p class=\"text-muted\">\n<ul>\n<li><strong>Nombre:\u00a0<\/strong>\u00a0V\u00e1lvula de Gas Inteligente<\/li>\n<li><strong>Modo de comunicaci\u00f3n:<\/strong>ZigBee<\/li>\n<li><strong>Par\u00e1metros de Poder:\u00a0<\/strong>100-240V AC, 60HZ<\/li>\n<li><strong>Consumo en standby:\u00a0<\/strong>8.3W<\/li>\n<li><strong>Corriente de Trabajo:\u00a0<\/strong>330 mA<\/li>\n<li><strong>Torque:\u00a0<\/strong>35 Kg-cm<\/li>\n<li><strong>M\u00e9todo de Instalaci\u00f3n:\u00a0<\/strong>En la l\u00ednea de Gas<\/li>\n<li><strong>Humedad y Temperatura de Trabajo:\u00a0<\/strong>-10\u00b0C a +45\u00b0C =&lt; a 95% RH (Sin Condensaci\u00f3n)<\/li>\n<li><strong>Material y color:\u00a0<\/strong>PC, Blanco<\/li>\n<li class=\"ql-align-justify\"><strong>Dimensiones La x Al x An):\u00a0<\/strong>161 x 70 x 140 mm<\/li>\n<\/ul>\n<p>&nbsp;<\/p>\n<\/div>\n<\/div>\n<hr class=\"padding-bottom-2x\" \/>\n<div class=\"row align-items-center padding-bottom-2x\">\n<div class=\"col-md-5 order-md-2\"><img decoding=\"async\" class=\"d-block m-auto img-thumbnail\" src=\"https:\/\/tvc.mx\/media\/583627\/WULIAN-GASVALVE-BANER-TVC.png\" alt=\" \" \/><\/div>\n<div class=\"col-md-7 order-md-1 text-md-left text-center\">\n<h2>Funci\u00f3n<\/h2>\n<p class=\"text-muted\">\n<ul>\n<li>Soportado por el protocolo ZigBee<\/li>\n<li>Libre control manual y manipulaci\u00f3n de la v\u00e1lvula de gas, haciendo la vida casera altamente elegante y autom\u00e1tica.<\/li>\n<li>La calibraci\u00f3n manual facilita el mantenimiento y control preciso.<\/li>\n<li>Precisa en estructura y mano de obra, garantiza la hermeticidad y seguridad del gas.<\/li>\n<li>Nueva apariencia y dise\u00f1o, por lo que lo hace ver m\u00e1s hogare\u00f1o<\/li>\n<\/ul>\n<p>&nbsp;<\/p>\n<\/div>\n<\/div>\n<hr class=\"padding-bottom-2x\" \/>\n<div class=\"row align-items-center padding-bottom-2x\">\n<div class=\"col-md-5\"><img decoding=\"async\" class=\"d-block m-auto img-thumbnail\" src=\"https:\/\/tvc.mx\/media\/583679\/WULIAN-GASVALVE-BANER4-TVC.png\" alt=\" \" \/><\/div>\n<div class=\"col-md-7 text-md-left text-center\">\n<h2>Conexi\u00f3n<\/h2>\n<p class=\"text-muted\">\n<p>La instalaci\u00f3n del dispositivo se lleva a cabo de forma en que el controlador manipule a la v\u00e1lvula de 1\/4 de vuelta de modo que pueda abrir y cerrar la misma como se muestra en la ilustraci\u00f3n.<\/p>\n<p>&nbsp;<\/p>\n<\/div>\n<\/div>\n<hr class=\"padding-bottom-2x\" \/>\n<div class=\"row align-items-center padding-bottom-2x\">\n<div class=\"col-md-5 order-md-2\"><img decoding=\"async\" class=\"d-block m-auto img-thumbnail\" src=\"https:\/\/tvc.mx\/media\/583667\/WULIAN-GASVALVE-BANER3-TVC.png\" alt=\" \" \/><\/div>\n<div class=\"col-md-7 order-md-1 text-md-left text-center\">\n<h2>Incluye<\/h2>\n<p class=\"text-muted\">\n<ul>\n<li>Manipulador inteligente autom\u00e1tico<\/li>\n<li>Fuente de poder 5.0 V &#8211; 1.0 A<\/li>\n<li>Manual<\/li>\n<li>Tarjeta de garant\u00eda<\/li>\n<li>Bater\u00eda<\/li>\n<li>Tubo semi circular<\/li>\n<li>Tornillo corto<\/li>\n<li>Tornillo hexagonal<\/li>\n<\/ul>\n<\/div>\n<\/div>\n","protected":false},"excerpt":{"rendered":"<p>Descripci\u00f3n El\u00a0manipulador para v\u00e1lvulas modelo\u00a0WL-ZSPOBPW-MA-01\u00a0es inal\u00e1mbrico e inteligente ideal para v\u00e1lvulas de gas y de agua de tipo 1\/4 de vuelta conocidas como \u00abllaves de paso\u00bb por lo que con este dispositivo puede personalizar, automatizar y controlar a voluntad el abrir y cerrar la v\u00e1lvula&hellip;<\/p>\n","protected":false},"featured_media":4272,"comment_status":"open","ping_status":"closed","template":"","meta":{"om_disable_all_campaigns":false,"_monsterinsights_skip_tracking":false,"_monsterinsights_sitenote_active":false,"_monsterinsights_sitenote_note":"","_monsterinsights_sitenote_category":0},"product_brand":[],"product_cat":[308],"product_tag":[212,211,151],"class_list":{"0":"post-4273","1":"product","2":"type-product","3":"status-publish","4":"has-post-thumbnail","6":"product_cat-seguridad-y-acceso-automatizacion","7":"product_tag-alarmas","8":"product_tag-alarmas-e-intrusion","9":"product_tag-seguridad","11":"first","12":"instock","13":"sale","14":"taxable","15":"shipping-taxable","16":"purchasable","17":"product-type-simple"},"aioseo_notices":[],"_links":{"self":[{"href":"https:\/\/tecsecmty.com\/index.php\/wp-json\/wp\/v2\/product\/4273","targetHints":{"allow":["GET"]}}],"collection":[{"href":"https:\/\/tecsecmty.com\/index.php\/wp-json\/wp\/v2\/product"}],"about":[{"href":"https:\/\/tecsecmty.com\/index.php\/wp-json\/wp\/v2\/types\/product"}],"replies":[{"embeddable":true,"href":"https:\/\/tecsecmty.com\/index.php\/wp-json\/wp\/v2\/comments?post=4273"}],"version-history":[{"count":0,"href":"https:\/\/tecsecmty.com\/index.php\/wp-json\/wp\/v2\/product\/4273\/revisions"}],"wp:featuredmedia":[{"embeddable":true,"href":"https:\/\/tecsecmty.com\/index.php\/wp-json\/wp\/v2\/media\/4272"}],"wp:attachment":[{"href":"https:\/\/tecsecmty.com\/index.php\/wp-json\/wp\/v2\/media?parent=4273"}],"wp:term":[{"taxonomy":"product_brand","embeddable":true,"href":"https:\/\/tecsecmty.com\/index.php\/wp-json\/wp\/v2\/product_brand?post=4273"},{"taxonomy":"product_cat","embeddable":true,"href":"https:\/\/tecsecmty.com\/index.php\/wp-json\/wp\/v2\/product_cat?post=4273"},{"taxonomy":"product_tag","embeddable":true,"href":"https:\/\/tecsecmty.com\/index.php\/wp-json\/wp\/v2\/product_tag?post=4273"}],"curies":[{"name":"wp","href":"https:\/\/api.w.org\/{rel}","templated":true}]}}