{"id":4277,"date":"2023-02-23T00:33:50","date_gmt":"2023-02-23T06:33:50","guid":{"rendered":"https:\/\/tecsecmty.com\/index.php\/producto\/wulian-movsensorb-sensor-de-movimiento-zigbee-baterias-cuando-detecta-movimiento-puede-disparar-alarmas-o-notificaciones-a-celular-mediante-brain-en-aplicacion-de-celular\/"},"modified":"2023-03-22T23:24:57","modified_gmt":"2023-03-23T05:24:57","slug":"wulian-movsensorb-sensor-de-movimiento-zigbee-baterias-cuando-detecta-movimiento-puede-disparar-alarmas-o-notificaciones-a-celular-mediante-brain-en-aplicacion-de-celular","status":"publish","type":"product","link":"https:\/\/tecsecmty.com\/index.php\/producto\/wulian-movsensorb-sensor-de-movimiento-zigbee-baterias-cuando-detecta-movimiento-puede-disparar-alarmas-o-notificaciones-a-celular-mediante-brain-en-aplicacion-de-celular\/","title":{"rendered":"WULIAN MOVSENSORB &#8211; Sensor de Movimiento \/ Zigbee \/ Bater\u00edas \/ Cuando Detecta Movimiento puede disparar Alarmas o notificaciones a celular mediante Brain en aplicacion de celular"},"content":{"rendered":"<div class=\"row aling-items-center padding-bottom-2x\">\n<div class=\"col-lg-12\">\n<h5 class=\"card-title text-center\">Descripci\u00f3n<\/h5>\n<p class=\"ql-align-justify\">El detector de movimiento PIR de WULIAN modelo\u00a0<strong>WL-ZSPWBPW-PI11-01<\/strong>\u00a0permite cubrir de forma inteligente el monitoreo de presencia humana en tus espacios. Gracias a su tecnolog\u00eda de comunicaci\u00f3n ZigBee ahorra energ\u00eda y optimiza la comunicaci\u00f3n con el gateway. El sensor puede utilizarse para ejecutar tareas de automatizaci\u00f3n de iluminaci\u00f3n, ambientaci\u00f3n y seguridad grado 1, puede tambi\u00e9n ejecutar escenarios de ahorro de energ\u00eda en zonas de poca concentraci\u00f3n de personas y activar alertas audibles en conjunto con la sirena de WULIAN.<\/p>\n<p><img decoding=\"async\" class=\"overview-center-img-web\" src=\"https:\/\/tvc.mx\/media\/300623\/Detector-de-movimiento-PIR-MOVSENSORB-WULIAN-TVC-Overviews1.png\" alt=\"\" \/><\/div>\n<\/div>\n<div class=\"row align-items-center padding-bottom-2x\">\n<div class=\"col-md-5\"><img decoding=\"async\" class=\"d-block m-auto img-thumbnail\" src=\"https:\/\/tvc.mx\/media\/300627\/Detector-de-movimiento-PIR-MOVSENSORB-WULIAN-TVC-Overviews2.png\" alt=\" \" \/><\/div>\n<div class=\"col-md-7 text-md-left text-center\">\n<h2>Especificaciones t\u00e9cnicas<\/h2>\n<p class=\"text-muted\">\n<ul>\n<li><strong>Protocolo de comunicaci\u00f3n:\u00a0<\/strong>IEEE 802.15.4 ZigBee\/SmartRoom<\/li>\n<li><strong>Par\u00e1metros de poder\u00a0:\u00a0<\/strong>Bater\u00eda CR2\u00a0(No incluida)<\/li>\n<li><strong>Corriente en modo reposo:\u00a0<\/strong>\u226415\u03bcA<\/li>\n<li><strong>\u00c1ngulo de detecci\u00f3n:\u00a0<\/strong>Elipse con un eje principal de 4m y un eje menor de 3.5m<\/li>\n<li><strong>Velocidad de detecci\u00f3n:\u00a0<\/strong>0.2~3.5 m\/s<\/li>\n<li><strong>Altura de instalaci\u00f3n:\u00a0<\/strong>2-4m<\/li>\n<li><strong>M\u00e9todo de instalaci\u00f3n:\u00a0<\/strong>Atornillado a la base<\/li>\n<li><strong>Temperatura y humedad de operaci\u00f3n:\u00a0<\/strong>-10\u00b0C~ +45\u00b0C\/\u00a0\u226495%RH (Sin condensaci\u00f3n)<\/li>\n<li><strong>Material y color:\u00a0<\/strong>PC Blanco<\/li>\n<li><strong>Dimensiones (Di\u00e1metro x Espesor):\u00a0<\/strong>65 x 38 mm<\/li>\n<li><strong>Peso neto:\u00a0<\/strong>35 g<\/li>\n<li><strong>Peso bruto:\u00a0<\/strong>160g<\/li>\n<\/ul>\n<p>&nbsp;<\/p>\n<\/div>\n<\/div>\n<hr class=\"padding-bottom-2x\" \/>\n<div class=\"row aling-items-center padding-bottom-2x\">\n<div class=\"col-lg-12\">\n<h5 class=\"card-title text-center\">Funci\u00f3n<\/h5>\n<ul>\n<li class=\"ql-align-justify\">Soporta el m\u00e9todo de comunicaci\u00f3n IEEE 802.15.4 (ZigBee\/SmartRoom)<\/li>\n<li class=\"ql-align-justify\">Control Remoto y monitoreo mediante la aplicaci\u00f3n para el usuario<\/li>\n<li class=\"ql-align-justify\">Cuando se encuentra en estado de \u201cDefensa\u201d, env\u00eda alertas a la aplicaci\u00f3n del usuario, la primera vez que detecta objetos en movimiento dentro del \u00e1rea protegida, enlaza la alerta a otros dispositivos de alarma para multi defensa.<\/li>\n<li class=\"ql-align-justify\">Alarma a trav\u00e9s de transmisi\u00f3n inal\u00e1mbrica; r\u00e1pida, anti interferencia y baja tasa de falsas alarmas.<\/li>\n<li class=\"ql-align-justify\">Se puede compensar la sensibilidad a los cambios de temperatura y humedad<\/li>\n<li class=\"ql-align-justify\">Libre ajuste del \u00e1ngulo de detecci\u00f3n, amplio rango de detecci\u00f3n y c\u00f3modo y sencillo de ajustar.<\/li>\n<li class=\"ql-align-justify\">Exquisito en dise\u00f1o, se ajusta a todos los estilos de decoraci\u00f3n<\/li>\n<li class=\"ql-align-justify\">Se adapta a altas temperaturas, es resistente a los impactos y est\u00e1 elaborado de material resistente, fuerte y duradero<\/li>\n<\/ul>\n<p><img decoding=\"async\" class=\"overview-center-img-web\" src=\"https:\/\/tvc.mx\/media\/300631\/Detector-de-movimiento-PIR-MOVSENSORB-WULIAN-TVC-Overviews3.png\" alt=\"\" \/><\/div>\n<\/div>\n<div class=\"row aling-items-center padding-bottom-2x\">\n<div class=\"col-lg-12\">\n<h5 class=\"card-title text-center\">Instalaci\u00f3n<\/h5>\n<p class=\"ql-align-justify\">El sensor est\u00e1 dise\u00f1ado para ser instalado ya sea fijado o unido por magnetos a una superficie met\u00e1lica desde su base, en la ilustraci\u00f3n se muestran ambos escenarios<\/p>\n<p class=\"ql-align-justify\"><strong>Nota:\u00a0<\/strong>En ambos escenarios requiere instalarse sobre su base magn\u00e9tica.<\/p>\n<p><img decoding=\"async\" class=\"overview-center-img-web\" src=\"https:\/\/tvc.mx\/media\/300635\/Detector-de-movimiento-PIR-MOVSENSORB-WULIAN-TVC-Overviews4.png\" alt=\"\" \/><\/div>\n<\/div>\n<div class=\"row align-items-center padding-bottom-2x\">\n<div class=\"col-md-5\"><img decoding=\"async\" class=\"d-block m-auto img-thumbnail\" src=\"https:\/\/tvc.mx\/media\/377479\/Detector-de-movimiento-PIR-MOVSENSORB-WULIAN-TVC-Overviewsin.png\" alt=\" \" \/><\/div>\n<div class=\"col-md-7 text-md-left text-center\">\n<h2>Incluye<\/h2>\n<p class=\"text-muted\">\n<ul>\n<li>Detector PIR<\/li>\n<li>Soporte magn\u00e9tico<\/li>\n<li>Tornillo de fijaci\u00f3n<\/li>\n<li>Manual de instalaci\u00f3n<\/li>\n<\/ul>\n<p>&nbsp;<\/p>\n<\/div>\n<\/div>\n<hr class=\"padding-bottom-2x\" \/>\n<div class=\"row align-items-center padding-bottom-2x\">\n<div class=\"col-md-5\"><img decoding=\"async\" class=\"d-block m-auto img-thumbnail\" src=\"https:\/\/tvc.mx\/media\/377527\/ZigBeeOV1.png\" alt=\" \" \/><\/div>\n<div class=\"col-md-7 text-md-left text-center\">\n<h2>ZigBee<\/h2>\n<p class=\"text-muted\">\n<p>\u00bfQu\u00e9 es ZigBee?<\/p>\n<p class=\"ql-align-justify\">Es un est\u00e1ndar de comunicaciones inal\u00e1mbricas ZigBee\u00ae dise\u00f1ado por la ZigBee Alliance (una asociaci\u00f3n de m\u00e1s de 100 empresas, sin \u00e1nimo de lucro, reunidas para crear un est\u00e1ndar inal\u00e1mbrico de bajo costo, bajo consumo de energ\u00eda que adem\u00e1s cubra algunos vac\u00edos dejados por Bluetooth) est\u00e1 basado en la norma IEEE para redes inal\u00e1mbricas de \u00e1rea personal WPAN (Wireless Personal Area Network, por sus siglas en ingl\u00e9s). Las aplicaciones del est\u00e1ndar ZigBee\u00ae van desde la dom\u00f3tica, el control industrial hasta soluciones en equipos m\u00e9dicos.<\/p>\n<\/div>\n<\/div>\n","protected":false},"excerpt":{"rendered":"<p>Descripci\u00f3n El detector de movimiento PIR de WULIAN modelo\u00a0WL-ZSPWBPW-PI11-01\u00a0permite cubrir de forma inteligente el monitoreo de presencia humana en tus espacios. Gracias a su tecnolog\u00eda de comunicaci\u00f3n ZigBee ahorra energ\u00eda y optimiza la comunicaci\u00f3n con el gateway. El sensor puede utilizarse para ejecutar tareas de&hellip;<\/p>\n","protected":false},"featured_media":4276,"comment_status":"open","ping_status":"closed","template":"","meta":{"om_disable_all_campaigns":false,"_monsterinsights_skip_tracking":false,"_monsterinsights_sitenote_active":false,"_monsterinsights_sitenote_note":"","_monsterinsights_sitenote_category":0},"product_brand":[],"product_cat":[308],"product_tag":[212,211,151],"class_list":{"0":"post-4277","1":"product","2":"type-product","3":"status-publish","4":"has-post-thumbnail","6":"product_cat-seguridad-y-acceso-automatizacion","7":"product_tag-alarmas","8":"product_tag-alarmas-e-intrusion","9":"product_tag-seguridad","11":"first","12":"instock","13":"sale","14":"taxable","15":"shipping-taxable","16":"purchasable","17":"product-type-simple"},"aioseo_notices":[],"_links":{"self":[{"href":"https:\/\/tecsecmty.com\/index.php\/wp-json\/wp\/v2\/product\/4277","targetHints":{"allow":["GET"]}}],"collection":[{"href":"https:\/\/tecsecmty.com\/index.php\/wp-json\/wp\/v2\/product"}],"about":[{"href":"https:\/\/tecsecmty.com\/index.php\/wp-json\/wp\/v2\/types\/product"}],"replies":[{"embeddable":true,"href":"https:\/\/tecsecmty.com\/index.php\/wp-json\/wp\/v2\/comments?post=4277"}],"version-history":[{"count":0,"href":"https:\/\/tecsecmty.com\/index.php\/wp-json\/wp\/v2\/product\/4277\/revisions"}],"wp:featuredmedia":[{"embeddable":true,"href":"https:\/\/tecsecmty.com\/index.php\/wp-json\/wp\/v2\/media\/4276"}],"wp:attachment":[{"href":"https:\/\/tecsecmty.com\/index.php\/wp-json\/wp\/v2\/media?parent=4277"}],"wp:term":[{"taxonomy":"product_brand","embeddable":true,"href":"https:\/\/tecsecmty.com\/index.php\/wp-json\/wp\/v2\/product_brand?post=4277"},{"taxonomy":"product_cat","embeddable":true,"href":"https:\/\/tecsecmty.com\/index.php\/wp-json\/wp\/v2\/product_cat?post=4277"},{"taxonomy":"product_tag","embeddable":true,"href":"https:\/\/tecsecmty.com\/index.php\/wp-json\/wp\/v2\/product_tag?post=4277"}],"curies":[{"name":"wp","href":"https:\/\/api.w.org\/{rel}","templated":true}]}}