{"id":4283,"date":"2023-02-23T00:33:54","date_gmt":"2023-02-23T06:33:54","guid":{"rendered":"https:\/\/tecsecmty.com\/index.php\/producto\/wulian-ziren-sirena-con-estrobo-para-interiores-con-conexion-a-brain-por-protocolo-zigbee-envio-de-alertas-de-intrusion-a-smartphone-por-medio-de-app-dora-home-conexion-a-110vca-85-db\/"},"modified":"2023-03-22T23:24:59","modified_gmt":"2023-03-23T05:24:59","slug":"wulian-ziren-sirena-con-estrobo-para-interiores-con-conexion-a-brain-por-protocolo-zigbee-envio-de-alertas-de-intrusion-a-smartphone-por-medio-de-app-dora-home-conexion-a-110vca-85-db","status":"publish","type":"product","link":"https:\/\/tecsecmty.com\/index.php\/producto\/wulian-ziren-sirena-con-estrobo-para-interiores-con-conexion-a-brain-por-protocolo-zigbee-envio-de-alertas-de-intrusion-a-smartphone-por-medio-de-app-dora-home-conexion-a-110vca-85-db\/","title":{"rendered":"WULIAN ZIREN &#8211; Sirena con Estrobo para interiores con conexi\u00f3n a Brain por protocolo Zigbee \/Env\u00edo de Alertas de Intrusi\u00f3n a Smartphone por medio de App Dora Home\/ Conexi\u00f3n a 110VCA\/ 85 dB"},"content":{"rendered":"<div class=\"row aling-items-center padding-bottom-2x\">\n<div class=\"col-lg-12\">\n<h5 class=\"card-title text-center\">Descripci\u00f3n<\/h5>\n<p class=\"ql-align-justify\">Este producto nos alertar\u00e1 sobre alg\u00fan problema detectado por alg\u00fan otro dispositivo de alarma, de modo que emite un sonido de alerta al mismo tiempo que enciende sus luces estrobosc\u00f3picas y env\u00eda una alerta a su smartphone por medio de la aplicaci\u00f3n de Smart Home.<\/p>\n<p><img decoding=\"async\" class=\"overview-center-img-web\" src=\"https:\/\/tvc.mx\/media\/606507\/WULIAN-ZIREN-BANER-TVC1.png\" alt=\"\" \/><\/div>\n<\/div>\n<div class=\"row align-items-center padding-bottom-2x\">\n<div class=\"col-md-5\"><img decoding=\"async\" class=\"d-block m-auto img-thumbnail\" src=\"https:\/\/tvc.mx\/media\/430567\/Sirena-inteligente-con-luz-estrobosc%C3%B3pica-inal%C3%A1mbrico-Zigbee-ZIREN-WULIAN-TVC-OV2.png\" alt=\" \" \/><\/div>\n<div class=\"col-md-7 text-md-left text-center\">\n<h2>Especificaciones t\u00e9cnicas<\/h2>\n<p class=\"text-muted\">\n<ul>\n<li><strong>Protocolo de comunicaci\u00f3n:\u00a0<\/strong>IEEE 802.15.4 ZigBee\/ SmartRoom<\/li>\n<li class=\"ql-align-justify\"><strong>Configuraci\u00f3n de antena:\u00a0<\/strong>Antena interna.<\/li>\n<li><strong>Alimentaci\u00f3n:\u00a0<\/strong>110v AC 50\/60Hz<\/li>\n<li class=\"ql-align-justify\"><strong>Consumo de energ\u00eda en standby\/Max.:\u00a0<\/strong>\u22640.3W\/2W.<\/li>\n<li class=\"ql-align-justify\"><strong>Decibeles de la alarma:\u00a0<\/strong>\u226585dB.<\/li>\n<li class=\"ql-align-justify\"><strong>Dimensiones (Di\u00e1metro x Espesor):\u00a0<\/strong>\u00a098&#215;32 (mm).<\/li>\n<li class=\"ql-align-justify\"><strong>Material y color:\u00a0<\/strong>PC, Blanco.<\/li>\n<li class=\"ql-align-justify\"><strong>\u00cdndice de protecci\u00f3n:\u00a0<\/strong>UL94 V-0<\/li>\n<li class=\"ql-align-justify\"><strong>Temperatura de trabajo:\u00a0<\/strong>-10\u00b0C +45\u00b0C.<\/li>\n<li class=\"ql-align-justify\"><strong>Humedad de trabajo:\u00a0<\/strong>\u226495%RH (Sin Condensaci\u00f3n).<\/li>\n<li class=\"ql-align-justify\"><strong>M\u00e9todo de instalaci\u00f3n:\u00a0<\/strong>Montado en el techo.<\/li>\n<li class=\"ql-align-justify\"><strong>Peso neto:\u00a0<\/strong>90 (g).<\/li>\n<li class=\"ql-align-justify\"><strong>Temperatura de almacenamiento:\u00a0<\/strong>-20\u00b0C a +60\u00b0C.<\/li>\n<\/ul>\n<p>&nbsp;<\/p>\n<\/div>\n<\/div>\n<hr class=\"padding-bottom-2x\" \/>\n<div class=\"row aling-items-center padding-bottom-2x\">\n<div class=\"col-lg-12\">\n<h5 class=\"card-title text-center\">Funci\u00f3n<\/h5>\n<ul>\n<li>Soportado por el protocolo de comunicaci\u00f3n inal\u00e1mbrica IEEE 802.15.4 (ZigBee \/ SmartRoom).<\/li>\n<li>Relacionado con otros dispositivos de seguridad, podr\u00eda producir una alarma sonora y luminosa cuando se detectara una alteraci\u00f3n. Mientras tanto, el cliente de la aplicaci\u00f3n recibir\u00eda notificaciones de inmediato.<\/li>\n<li>Alarma de forma inal\u00e1mbrica, respuesta r\u00e1pida, fuerte anti-interferencia, baja tasa de falsas alarmas.<\/li>\n<li>El dise\u00f1o exterior delicado y elegante se adapta a todos los estilos de decoraci\u00f3n.<\/li>\n<li>Carcasa de alta resistencia al impacto y material resistente a altas temperaturas, fuerte y duradero.<\/li>\n<\/ul>\n<p><img decoding=\"async\" class=\"overview-center-img-web\" src=\"https:\/\/tvc.mx\/media\/430571\/Sirena-inteligente-con-luz-estrobosc%C3%B3pica-inal%C3%A1mbrico-Zigbee-ZIREN-WULIAN-TVC-OV4.png\" alt=\"\" \/><\/div>\n<\/div>\n<div class=\"row align-items-center padding-bottom-2x\">\n<div class=\"col-md-5\"><img decoding=\"async\" class=\"d-block m-auto img-thumbnail\" src=\"https:\/\/tvc.mx\/media\/430583\/Sirena-inteligente-con-luz-estrobosc%C3%B3pica-inal%C3%A1mbrico-Zigbee-ZIREN-WULIAN-TVC-OV4.0.png\" alt=\" \" \/><\/div>\n<div class=\"col-md-7 text-md-left text-center\">\n<h2>Incluye<\/h2>\n<p class=\"text-muted\">\n<ul>\n<li>Sirena inteligente con luz estrobosc\u00f3pica.<\/li>\n<\/ul>\n<p>&nbsp;<\/p>\n<\/div>\n<\/div>\n<hr class=\"padding-bottom-2x\" \/>\n<div class=\"row align-items-center padding-bottom-2x\">\n<div class=\"col-md-5\"><img decoding=\"async\" class=\"d-block m-auto img-thumbnail\" src=\"https:\/\/tvc.mx\/media\/430539\/Sirena-inteligente-con-luz-estrobosc%C3%B3pica-inal%C3%A1mbrico-Zigbee-ZIREN-WULIAN-TVC-OV5.png\" alt=\" \" \/><\/div>\n<div class=\"col-md-7 text-md-left text-center\">\n<h2>ZigBee<\/h2>\n<p class=\"text-muted\">\n<p class=\"ql-align-justify\">\u00bfQu\u00e9 es ZigBee?<\/p>\n<p class=\"ql-indent-1 ql-align-justify\">Es un est\u00e1ndar de comunicaciones inal\u00e1mbricas ZigBee\u00ae dise\u00f1ado por la ZigBee Alliance (una asociaci\u00f3n de m\u00e1s de 100 empresas, sin \u00e1nimo de lucro, reunidas para crear un est\u00e1ndar inal\u00e1mbrico de bajo costo, bajo consumo de energ\u00eda que adem\u00e1s cubra algunos vac\u00edos dejados por Bluetooth) est\u00e1 basado en la norma IEEE para redes inal\u00e1mbricas de \u00e1rea personal WPAN (Wireless Personal Area Network, por sus siglas en ingl\u00e9s). Las aplicaciones del est\u00e1ndar ZigBee\u00ae van desde la dom\u00f3tica, el control industrial hasta soluciones en equipos m\u00e9dicos.<\/p>\n<\/div>\n<\/div>\n","protected":false},"excerpt":{"rendered":"<p>Descripci\u00f3n Este producto nos alertar\u00e1 sobre alg\u00fan problema detectado por alg\u00fan otro dispositivo de alarma, de modo que emite un sonido de alerta al mismo tiempo que enciende sus luces estrobosc\u00f3picas y env\u00eda una alerta a su smartphone por medio de la aplicaci\u00f3n de Smart&hellip;<\/p>\n","protected":false},"featured_media":4282,"comment_status":"open","ping_status":"closed","template":"","meta":{"om_disable_all_campaigns":false,"_monsterinsights_skip_tracking":false,"_monsterinsights_sitenote_active":false,"_monsterinsights_sitenote_note":"","_monsterinsights_sitenote_category":0},"product_brand":[],"product_cat":[308],"product_tag":[212,211,151],"class_list":{"0":"post-4283","1":"product","2":"type-product","3":"status-publish","4":"has-post-thumbnail","6":"product_cat-seguridad-y-acceso-automatizacion","7":"product_tag-alarmas","8":"product_tag-alarmas-e-intrusion","9":"product_tag-seguridad","11":"first","12":"instock","13":"sale","14":"taxable","15":"shipping-taxable","16":"purchasable","17":"product-type-simple"},"aioseo_notices":[],"_links":{"self":[{"href":"https:\/\/tecsecmty.com\/index.php\/wp-json\/wp\/v2\/product\/4283","targetHints":{"allow":["GET"]}}],"collection":[{"href":"https:\/\/tecsecmty.com\/index.php\/wp-json\/wp\/v2\/product"}],"about":[{"href":"https:\/\/tecsecmty.com\/index.php\/wp-json\/wp\/v2\/types\/product"}],"replies":[{"embeddable":true,"href":"https:\/\/tecsecmty.com\/index.php\/wp-json\/wp\/v2\/comments?post=4283"}],"version-history":[{"count":0,"href":"https:\/\/tecsecmty.com\/index.php\/wp-json\/wp\/v2\/product\/4283\/revisions"}],"wp:featuredmedia":[{"embeddable":true,"href":"https:\/\/tecsecmty.com\/index.php\/wp-json\/wp\/v2\/media\/4282"}],"wp:attachment":[{"href":"https:\/\/tecsecmty.com\/index.php\/wp-json\/wp\/v2\/media?parent=4283"}],"wp:term":[{"taxonomy":"product_brand","embeddable":true,"href":"https:\/\/tecsecmty.com\/index.php\/wp-json\/wp\/v2\/product_brand?post=4283"},{"taxonomy":"product_cat","embeddable":true,"href":"https:\/\/tecsecmty.com\/index.php\/wp-json\/wp\/v2\/product_cat?post=4283"},{"taxonomy":"product_tag","embeddable":true,"href":"https:\/\/tecsecmty.com\/index.php\/wp-json\/wp\/v2\/product_tag?post=4283"}],"curies":[{"name":"wp","href":"https:\/\/api.w.org\/{rel}","templated":true}]}}