{"id":4287,"date":"2023-02-23T00:33:58","date_gmt":"2023-02-23T06:33:58","guid":{"rendered":"https:\/\/tecsecmty.com\/index.php\/producto\/yonusa-kl2v2-modulo-de-mando-receptor-y-dos-transmisores-compatible-con-todos-los-energizadores-yonusa-conexion-sencilla-armado-y-desarmado-de-cerco-electrico\/"},"modified":"2023-03-22T23:25:08","modified_gmt":"2023-03-23T05:25:08","slug":"yonusa-kl2v2-modulo-de-mando-receptor-y-dos-transmisores-compatible-con-todos-los-energizadores-yonusa-conexion-sencilla-armado-y-desarmado-de-cerco-electrico","status":"publish","type":"product","link":"https:\/\/tecsecmty.com\/index.php\/producto\/yonusa-kl2v2-modulo-de-mando-receptor-y-dos-transmisores-compatible-con-todos-los-energizadores-yonusa-conexion-sencilla-armado-y-desarmado-de-cerco-electrico\/","title":{"rendered":"YONUSA KL2V2 &#8211; Modulo de mando receptor y dos transmisores compatible con todos los energizadores Yonusa, conexion sencilla, armado y desarmado de cerco electrico"},"content":{"rendered":"<div class=\"row aling-items-center padding-bottom-2x\">\n<div class=\"col-lg-12\">\n<h5 class=\"card-title text-center\">INFORMACI\u00d3N GENERAL<\/h5>\n<p class=\"ql-align-justify\">Control remoto inal\u00e1mbrico de dos canales correspondientes a dos salidas de relevador, dise\u00f1ado para controlar el encendido\/ apagado de un Energizador para cerca el\u00e9ctrica, tarjeta interfaz, alarma vecinal o cualquier otro sistema.<\/p>\n<ul>\n<li class=\"ql-align-justify\">Alcance de 80 metros a l\u00ednea de vista.<\/li>\n<li class=\"ql-align-justify\">Alcance de 40 metros entre muros.<\/li>\n<\/ul>\n<p><img decoding=\"async\" class=\"overview-center-img-web\" src=\"https:\/\/tvc.mx\/media\/452073\/YONUSA-YON1290003-KL2V2-MODULO-RECEPTOR-Y-DOS-TRANSMISORES-CENTRAL.png\" alt=\"\" \/><\/div>\n<\/div>\n<div class=\"row align-items-center padding-bottom-2x\">\n<div class=\"col-md-5\"><img decoding=\"async\" class=\"d-block m-auto img-thumbnail\" src=\"https:\/\/tvc.mx\/media\/452076\/YONUSA-YON1290003-KL2V2-MODULO-RECEPTOR-Y-DOS-TRANSMISORES-DER.png\" alt=\" \" \/><\/div>\n<div class=\"col-md-7 text-md-left text-center\">\n<h2>Caracter\u00edsticas Principales<\/h2>\n<p class=\"text-muted\">\n<ul>\n<li>Este modelo cuenta con las siguientes funciones:<\/li>\n<li>Capacidad para programar hasta 23 botones por salida<\/li>\n<li>Tono de sirena para confirmaci\u00f3n de evento<\/li>\n<li>Funci\u00f3n de limpieza de memoria para borrar los botones programados del llavero<\/li>\n<li>Pueden enlazarse otras marcas de llaveros con botones a 433 MHz<\/li>\n<li>Programaci\u00f3n de bot\u00f3n de p\u00e1nico<\/li>\n<li>Selecci\u00f3n de modo pulsante o modo fijo en las salidas<\/li>\n<li>Confirmaci\u00f3n de programaci\u00f3n de botones.<\/li>\n<\/ul>\n<p>&nbsp;<\/p>\n<\/div>\n<\/div>\n<hr class=\"padding-bottom-2x\" \/>\n<div class=\"row align-items-center padding-bottom-2x\">\n<div class=\"col-md-5 order-md-2\"><img decoding=\"async\" class=\"d-block m-auto img-thumbnail\" src=\"https:\/\/tvc.mx\/media\/452079\/YONUSA-YON1290003-KL2V2-MODULO-RECEPTOR-Y-DOS-TRANSMISORES-IZQ.png\" alt=\" \" \/><\/div>\n<div class=\"col-md-7 order-md-1 text-md-left text-center\">\n<h2>Especificaciones T\u00e9cnicas<\/h2>\n<p class=\"text-muted\">\n<ul>\n<li>Frecuencia: 433 MHz<\/li>\n<li>Voltaje de entrada: 12 Vdc<\/li>\n<li>Consumo: 115 mA<\/li>\n<li>Alcance de 80m a l\u00ednea de vista<\/li>\n<li>Alcance de 40m entre muros<\/li>\n<li>Terminales para conexi\u00f3n de sirena 30 W<\/li>\n<li>Capacidad de los relevadores de salida: 10 Amp. 250 Vac<\/li>\n<li>Medidas del receptor: 76x55x30 mm<\/li>\n<li>Medidas del transmisor tipo llavero: 35x60x10 mm<\/li>\n<\/ul>\n<p>&nbsp;<\/p>\n<\/div>\n<\/div>\n<hr class=\"padding-bottom-2x\" \/>\n<div class=\"row align-items-center padding-bottom-2x\">\n<div class=\"col-md-5\"><img decoding=\"async\" class=\"d-block m-auto img-thumbnail\" src=\"https:\/\/tvc.mx\/media\/452082\/YONUSA-YON1290003-KL2V2-MODULO-RECEPTOR-Y-DOS-TRANSMISORES-INCLUYE.png\" alt=\" \" \/><\/div>\n<div class=\"col-md-7 text-md-left text-center\">\n<h2>Incluye<\/h2>\n<p class=\"text-muted\">\n<ul>\n<li>M\u00f3dulo receptor<\/li>\n<li>2 controles<\/li>\n<\/ul>\n<\/div>\n<\/div>\n","protected":false},"excerpt":{"rendered":"<p>INFORMACI\u00d3N GENERAL Control remoto inal\u00e1mbrico de dos canales correspondientes a dos salidas de relevador, dise\u00f1ado para controlar el encendido\/ apagado de un Energizador para cerca el\u00e9ctrica, tarjeta interfaz, alarma vecinal o cualquier otro sistema. Alcance de 80 metros a l\u00ednea de vista. Alcance de 40&hellip;<\/p>\n","protected":false},"featured_media":4286,"comment_status":"open","ping_status":"closed","template":"","meta":{"om_disable_all_campaigns":false,"_monsterinsights_skip_tracking":false,"_monsterinsights_sitenote_active":false,"_monsterinsights_sitenote_note":"","_monsterinsights_sitenote_category":0},"product_brand":[],"product_cat":[311],"product_tag":[212,211,151],"class_list":{"0":"post-4287","1":"product","2":"type-product","3":"status-publish","4":"has-post-thumbnail","6":"product_cat-accesorios-cercas-electricas","7":"product_tag-alarmas","8":"product_tag-alarmas-e-intrusion","9":"product_tag-seguridad","11":"first","12":"instock","13":"sale","14":"taxable","15":"shipping-taxable","16":"purchasable","17":"product-type-simple"},"aioseo_notices":[],"_links":{"self":[{"href":"https:\/\/tecsecmty.com\/index.php\/wp-json\/wp\/v2\/product\/4287","targetHints":{"allow":["GET"]}}],"collection":[{"href":"https:\/\/tecsecmty.com\/index.php\/wp-json\/wp\/v2\/product"}],"about":[{"href":"https:\/\/tecsecmty.com\/index.php\/wp-json\/wp\/v2\/types\/product"}],"replies":[{"embeddable":true,"href":"https:\/\/tecsecmty.com\/index.php\/wp-json\/wp\/v2\/comments?post=4287"}],"version-history":[{"count":0,"href":"https:\/\/tecsecmty.com\/index.php\/wp-json\/wp\/v2\/product\/4287\/revisions"}],"wp:featuredmedia":[{"embeddable":true,"href":"https:\/\/tecsecmty.com\/index.php\/wp-json\/wp\/v2\/media\/4286"}],"wp:attachment":[{"href":"https:\/\/tecsecmty.com\/index.php\/wp-json\/wp\/v2\/media?parent=4287"}],"wp:term":[{"taxonomy":"product_brand","embeddable":true,"href":"https:\/\/tecsecmty.com\/index.php\/wp-json\/wp\/v2\/product_brand?post=4287"},{"taxonomy":"product_cat","embeddable":true,"href":"https:\/\/tecsecmty.com\/index.php\/wp-json\/wp\/v2\/product_cat?post=4287"},{"taxonomy":"product_tag","embeddable":true,"href":"https:\/\/tecsecmty.com\/index.php\/wp-json\/wp\/v2\/product_tag?post=4287"}],"curies":[{"name":"wp","href":"https:\/\/api.w.org\/{rel}","templated":true}]}}