{"id":4291,"date":"2023-02-23T00:34:03","date_gmt":"2023-02-23T06:34:03","guid":{"rendered":"https:\/\/tecsecmty.com\/index.php\/producto\/yonusa-mwflite-modulo-wifi-lite-compatible-con-todos-los-energizadores-yonusa-uso-con-aplicacion-gratuita-yonusa-2-0-compatible-con-sistemas-ios-y-android-para-notificaciones-de-eventos-estandar-8\/"},"modified":"2023-03-22T23:25:08","modified_gmt":"2023-03-23T05:25:08","slug":"yonusa-mwflite-modulo-wifi-lite-compatible-con-todos-los-energizadores-yonusa-uso-con-aplicacion-gratuita-yonusa-2-0-compatible-con-sistemas-ios-y-android-para-notificaciones-de-eventos-estandar-8","status":"publish","type":"product","link":"https:\/\/tecsecmty.com\/index.php\/producto\/yonusa-mwflite-modulo-wifi-lite-compatible-con-todos-los-energizadores-yonusa-uso-con-aplicacion-gratuita-yonusa-2-0-compatible-con-sistemas-ios-y-android-para-notificaciones-de-eventos-estandar-8\/","title":{"rendered":"YONUSA MWFLITE &#8211; Modulo Wifi Lite compatible con todos los energizadores Yonusa, Uso con aplicaci\u00f3n gratuita Yonusa 2.0 compatible con sistemas iOS y Android para notificaciones de eventos\/ Est\u00e1ndar 802.11 b\/g\/n\/ 1 salida auxiliar"},"content":{"rendered":"<div class=\"row aling-items-center padding-bottom-2x\">\n<div class=\"col-lg-12\">\n<h5 class=\"card-title text-center\">Descripci\u00f3n general<\/h5>\n<p><strong>MODULO WIFI LITE YONUSA (M-WF\/LITE)\u00a0<\/strong><\/p>\n<p>YONUSA ahora hace posible que la comunicaci\u00f3n con tu cerco el\u00e9ctrico a trav\u00e9s de WIFI<\/p>\n<p>El m\u00f3dulo wifi no se comunica por 3G\/4G,\u00a0necesitas forzosamente conectarlo a una red WIFI.<\/p>\n<p>Una vez vinculado o dado de alta en tu app puedes interactuar con el energizador desde la misma app usando una red 3G\/4G o el mismo\u00a0WIFI,\u00a0aunque no sea el mismo al que est\u00e1 conectado el m\u00f3dulo.<\/p>\n<p>Esta es nuestra versi\u00f3n WIFI Lite.<\/p>\n<p><img decoding=\"async\" class=\"overview-center-img-web\" src=\"https:\/\/tvc.mx\/media\/384075\/YONUSA-YON1290001--MODULOWIFI-CENTRAL.png\" alt=\"\" \/><\/div>\n<\/div>\n<div class=\"row align-items-center padding-bottom-2x\">\n<div class=\"col-md-5 order-md-2\"><img decoding=\"async\" class=\"d-block m-auto img-thumbnail\" src=\"https:\/\/tvc.mx\/media\/384091\/YONUSA-YON1290001--MODULOWIFI-DER1.png\" alt=\" \" \/><\/div>\n<div class=\"col-md-7 order-md-1 text-md-left text-center\">\n<h2>Caracter\u00edsticas Principales<\/h2>\n<p class=\"text-muted\">\n<p><strong>Beneficios de la Aplicaci\u00f3n YONUSA 2.0<\/strong><\/p>\n<ul>\n<li>Control de encendido y apagado del energizador de cerca el\u00e9ctrica Yonusa.<\/li>\n<li>Bot\u00f3n de P\u00e1nico. Controla tu sirena de alarma.<\/li>\n<li>Control de encendido \/ apagado de un auxiliar.<\/li>\n<li>Notificaci\u00f3n en tiempo real de alarma de corte o aterramiento de cerca el\u00e9ctrica<\/li>\n<li>Notificaci\u00f3n de desconexi\u00f3n o conexi\u00f3n de la alimentaci\u00f3n de 127Vca.<\/li>\n<li>Notificaci\u00f3n de bater\u00eda baja.<\/li>\n<li>Muestra historial de eventos por fecha.<\/li>\n<li>Compartir el control de tus dispositivos con otros usuarios.<\/li>\n<li>Control de permisos de acci\u00f3n a todos los usuarios.<\/li>\n<li>Notificaci\u00f3n de cada acci\u00f3n realizada sobre la cerca.<\/li>\n<li>Visualizaci\u00f3n r\u00e1pida del \u00faltimo evento.<\/li>\n<li>Controlable usando estos datos 3G\/4G.<\/li>\n<\/ul>\n<p>&nbsp;<\/p>\n<\/div>\n<\/div>\n<hr class=\"padding-bottom-2x\" \/>\n<div class=\"row align-items-center padding-bottom-2x\">\n<div class=\"col-md-5\"><img decoding=\"async\" class=\"d-block m-auto img-thumbnail\" src=\"https:\/\/tvc.mx\/media\/34699\/YON1290001.jpg\" alt=\" \" \/><\/div>\n<div class=\"col-md-7 text-md-left text-center\">\n<h2>Especificaciones T\u00e9cnicas<\/h2>\n<p class=\"text-muted\">\n<ul>\n<li>Est\u00e1ndar WiFi 802.11 b\/g\/n.<\/li>\n<li>Velocidad de transferencia de datos 130 Mbit\/s.<\/li>\n<li>Frecuencia de trabajo: 2.4 GHz.<\/li>\n<li>Cifrado de contrase\u00f1as: WPA, WPA-2, TKIP.<\/li>\n<li>Canales para transferencia de datos: 1, 6,11.<\/li>\n<li>Potencia de conexi\u00f3n recomendada: -55 a -75 dBm.<\/li>\n<li>Voltaje de operaci\u00f3n: 12 Vdc.<\/li>\n<li>Consumo de 0.1 Watts.<\/li>\n<li>1 contacto seco para salida auxiliar.<\/li>\n<li>F\u00e1cil Instalaci\u00f3n a cualquier energizador Yonusa<\/li>\n<li>Para su correcto funcionamiento necesita configurarlo a una conexi\u00f3n estable a internet WIFI<\/li>\n<\/ul>\n<p>&nbsp;<\/p>\n<\/div>\n<\/div>\n<hr class=\"padding-bottom-2x\" \/>\n<div class=\"row align-items-center padding-bottom-2x\">\n<div class=\"col-md-5 order-md-2\"><img decoding=\"async\" class=\"d-block m-auto img-thumbnail\" src=\"https:\/\/tvc.mx\/media\/434995\/YONUSA-YON1290001--MODULOWIFI-DER.png\" alt=\" \" \/><\/div>\n<div class=\"col-md-7 order-md-1 text-md-left text-center\">\n<h2>Incluye<\/h2>\n<p class=\"text-muted\">\n<ul>\n<li>Solo m\u00f3dulo WIFI<\/li>\n<\/ul>\n<\/div>\n<\/div>\n","protected":false},"excerpt":{"rendered":"<p>Descripci\u00f3n general MODULO WIFI LITE YONUSA (M-WF\/LITE)\u00a0 YONUSA ahora hace posible que la comunicaci\u00f3n con tu cerco el\u00e9ctrico a trav\u00e9s de WIFI El m\u00f3dulo wifi no se comunica por 3G\/4G,\u00a0necesitas forzosamente conectarlo a una red WIFI. Una vez vinculado o dado de alta en tu&hellip;<\/p>\n","protected":false},"featured_media":4290,"comment_status":"open","ping_status":"closed","template":"","meta":{"om_disable_all_campaigns":false,"_monsterinsights_skip_tracking":false,"_monsterinsights_sitenote_active":false,"_monsterinsights_sitenote_note":"","_monsterinsights_sitenote_category":0},"product_brand":[],"product_cat":[311],"product_tag":[212,211,151],"class_list":{"0":"post-4291","1":"product","2":"type-product","3":"status-publish","4":"has-post-thumbnail","6":"product_cat-accesorios-cercas-electricas","7":"product_tag-alarmas","8":"product_tag-alarmas-e-intrusion","9":"product_tag-seguridad","11":"first","12":"instock","13":"sale","14":"taxable","15":"shipping-taxable","16":"purchasable","17":"product-type-simple"},"aioseo_notices":[],"_links":{"self":[{"href":"https:\/\/tecsecmty.com\/index.php\/wp-json\/wp\/v2\/product\/4291","targetHints":{"allow":["GET"]}}],"collection":[{"href":"https:\/\/tecsecmty.com\/index.php\/wp-json\/wp\/v2\/product"}],"about":[{"href":"https:\/\/tecsecmty.com\/index.php\/wp-json\/wp\/v2\/types\/product"}],"replies":[{"embeddable":true,"href":"https:\/\/tecsecmty.com\/index.php\/wp-json\/wp\/v2\/comments?post=4291"}],"version-history":[{"count":0,"href":"https:\/\/tecsecmty.com\/index.php\/wp-json\/wp\/v2\/product\/4291\/revisions"}],"wp:featuredmedia":[{"embeddable":true,"href":"https:\/\/tecsecmty.com\/index.php\/wp-json\/wp\/v2\/media\/4290"}],"wp:attachment":[{"href":"https:\/\/tecsecmty.com\/index.php\/wp-json\/wp\/v2\/media?parent=4291"}],"wp:term":[{"taxonomy":"product_brand","embeddable":true,"href":"https:\/\/tecsecmty.com\/index.php\/wp-json\/wp\/v2\/product_brand?post=4291"},{"taxonomy":"product_cat","embeddable":true,"href":"https:\/\/tecsecmty.com\/index.php\/wp-json\/wp\/v2\/product_cat?post=4291"},{"taxonomy":"product_tag","embeddable":true,"href":"https:\/\/tecsecmty.com\/index.php\/wp-json\/wp\/v2\/product_tag?post=4291"}],"curies":[{"name":"wp","href":"https:\/\/api.w.org\/{rel}","templated":true}]}}