{"id":4293,"date":"2023-02-23T00:34:04","date_gmt":"2023-02-23T06:34:04","guid":{"rendered":"https:\/\/tecsecmty.com\/index.php\/producto\/yonusa-ten532z-tensor-para-lineas-de-cercas-electricas-yonusa-hechos-de-aleacion-de-zinc-alta-resistencia-a-la-corrosion-armellas-y-gacho-de-alambre-pulido-calibre-10-resistencia-de-70-kg\/"},"modified":"2023-03-22T23:25:08","modified_gmt":"2023-03-23T05:25:08","slug":"yonusa-ten532z-tensor-para-lineas-de-cercas-electricas-yonusa-hechos-de-aleacion-de-zinc-alta-resistencia-a-la-corrosion-armellas-y-gacho-de-alambre-pulido-calibre-10-resistencia-de-70-kg","status":"publish","type":"product","link":"https:\/\/tecsecmty.com\/index.php\/producto\/yonusa-ten532z-tensor-para-lineas-de-cercas-electricas-yonusa-hechos-de-aleacion-de-zinc-alta-resistencia-a-la-corrosion-armellas-y-gacho-de-alambre-pulido-calibre-10-resistencia-de-70-kg\/","title":{"rendered":"YONUSA TEN532Z &#8211; Tensor para l\u00edneas de cercas el\u00e9ctricas YONUSA, hechos de aleaci\u00f3n de zinc, alta resistencia a la corrosi\u00f3n, armellas y gacho de alambre pulido calibre 10\/ Resistencia de 70 Kg"},"content":{"rendered":"<div class=\"row aling-items-center padding-bottom-2x\">\n<div class=\"col-lg-12\">\n<h5 class=\"card-title text-center\">INFORMACION GENERAL<\/h5>\n<p>Tensor para uso en Cerca El\u00e9ctrica. Dise\u00f1ado para colocarse en cualquier secci\u00f3n de una cerca el\u00e9ctrica.<\/p>\n<p>Su fabricaci\u00f3n tiene una alta resistencia a la corrosi\u00f3n y al medio ambiente por lo que garantiza su durabilidad adem\u00e1s de que su dise\u00f1o permite tener una f\u00e1cil instalaci\u00f3n en el cerco el\u00e9ctrico.<\/p>\n<p><img decoding=\"async\" class=\"overview-center-img-web\" src=\"https:\/\/tvc.mx\/media\/59391\/YON6510007-1.jpg\" alt=\"\" \/><\/div>\n<\/div>\n<div class=\"row align-items-center padding-bottom-2x\">\n<div class=\"col-md-5\"><img decoding=\"async\" class=\"d-block m-auto img-thumbnail\" src=\"https:\/\/tvc.mx\/media\/59394\/YON6510007-2.jpg\" alt=\" \" \/><\/div>\n<div class=\"col-md-7 text-md-left text-center\">\n<h2>CARACTERISTICAS<\/h2>\n<p class=\"text-muted\">\n<ul>\n<li>Cuerpo fabricado en material de aleaci\u00f3n zinc \u00abzamac\u00bb inyectado libre de poros.<\/li>\n<li>Alta resistencia a la corrosi\u00f3n y el medio ambiente por su acabado tropicalizado electrol\u00edtico brillante.<\/li>\n<li>Armellas y gancho fabricado en material de alambre pulido calibre 10 y cuerda UNC Cromo duro de 18 mil\u00e9simas.<\/li>\n<li>Resistencia a la tensi\u00f3n 70 kg.<\/li>\n<\/ul>\n<p>&nbsp;<\/p>\n<\/div>\n<\/div>\n<hr class=\"padding-bottom-2x\" \/>\n<div class=\"row align-items-center padding-bottom-2x\">\n<div class=\"col-md-5 order-md-2\"><img decoding=\"async\" class=\"d-block m-auto img-thumbnail\" src=\"https:\/\/tvc.mx\/media\/59397\/YON6510007-3.jpg\" alt=\" \" \/><\/div>\n<div class=\"col-md-7 order-md-1 text-md-left text-center\">\n<h2>INSTALACION<\/h2>\n<p class=\"text-muted\">\n<p>En la imagen podemos observar como se puede llegar a realizar la instalaci\u00f3n de estos tensores en la cercas el\u00e9ctricas de Yonusa, para un mejor trabajo.<\/p>\n<\/div>\n<\/div>\n","protected":false},"excerpt":{"rendered":"<p>INFORMACION GENERAL Tensor para uso en Cerca El\u00e9ctrica. Dise\u00f1ado para colocarse en cualquier secci\u00f3n de una cerca el\u00e9ctrica. Su fabricaci\u00f3n tiene una alta resistencia a la corrosi\u00f3n y al medio ambiente por lo que garantiza su durabilidad adem\u00e1s de que su dise\u00f1o permite tener una&hellip;<\/p>\n","protected":false},"featured_media":4292,"comment_status":"open","ping_status":"closed","template":"","meta":{"om_disable_all_campaigns":false,"_monsterinsights_skip_tracking":false,"_monsterinsights_sitenote_active":false,"_monsterinsights_sitenote_note":"","_monsterinsights_sitenote_category":0},"product_brand":[],"product_cat":[311],"product_tag":[212,211,151],"class_list":{"0":"post-4293","1":"product","2":"type-product","3":"status-publish","4":"has-post-thumbnail","6":"product_cat-accesorios-cercas-electricas","7":"product_tag-alarmas","8":"product_tag-alarmas-e-intrusion","9":"product_tag-seguridad","11":"first","12":"instock","13":"sale","14":"taxable","15":"shipping-taxable","16":"purchasable","17":"product-type-simple"},"aioseo_notices":[],"_links":{"self":[{"href":"https:\/\/tecsecmty.com\/index.php\/wp-json\/wp\/v2\/product\/4293","targetHints":{"allow":["GET"]}}],"collection":[{"href":"https:\/\/tecsecmty.com\/index.php\/wp-json\/wp\/v2\/product"}],"about":[{"href":"https:\/\/tecsecmty.com\/index.php\/wp-json\/wp\/v2\/types\/product"}],"replies":[{"embeddable":true,"href":"https:\/\/tecsecmty.com\/index.php\/wp-json\/wp\/v2\/comments?post=4293"}],"version-history":[{"count":0,"href":"https:\/\/tecsecmty.com\/index.php\/wp-json\/wp\/v2\/product\/4293\/revisions"}],"wp:featuredmedia":[{"embeddable":true,"href":"https:\/\/tecsecmty.com\/index.php\/wp-json\/wp\/v2\/media\/4292"}],"wp:attachment":[{"href":"https:\/\/tecsecmty.com\/index.php\/wp-json\/wp\/v2\/media?parent=4293"}],"wp:term":[{"taxonomy":"product_brand","embeddable":true,"href":"https:\/\/tecsecmty.com\/index.php\/wp-json\/wp\/v2\/product_brand?post=4293"},{"taxonomy":"product_cat","embeddable":true,"href":"https:\/\/tecsecmty.com\/index.php\/wp-json\/wp\/v2\/product_cat?post=4293"},{"taxonomy":"product_tag","embeddable":true,"href":"https:\/\/tecsecmty.com\/index.php\/wp-json\/wp\/v2\/product_tag?post=4293"}],"curies":[{"name":"wp","href":"https:\/\/api.w.org\/{rel}","templated":true}]}}