{"id":4295,"date":"2023-02-23T00:34:05","date_gmt":"2023-02-23T06:34:05","guid":{"rendered":"https:\/\/tecsecmty.com\/index.php\/producto\/yonusa-vol9900-voltimetro-de-alto-voltaje-para-medicion-de-lineas-de-cercos-electricos-sobrepedido\/"},"modified":"2023-03-22T23:25:08","modified_gmt":"2023-03-23T05:25:08","slug":"yonusa-vol9900-voltimetro-de-alto-voltaje-para-medicion-de-lineas-de-cercos-electricos-sobrepedido","status":"publish","type":"product","link":"https:\/\/tecsecmty.com\/index.php\/producto\/yonusa-vol9900-voltimetro-de-alto-voltaje-para-medicion-de-lineas-de-cercos-electricos-sobrepedido\/","title":{"rendered":"YONUSA VOL9900 &#8211; Volt\u00edmetro de alto voltaje para medici\u00f3n de l\u00edneas de cercos el\u00e9ctricos\/ Sobrepedido"},"content":{"rendered":"<div class=\"row aling-items-center padding-bottom-2x\">\n<div class=\"col-lg-12\">\n<h5 class=\"card-title text-center\">Descripci\u00f3n general<\/h5>\n<p><strong>Volt\u00edmetro de alto voltaje para medir las lineas del cerco el\u00e9ctrico<\/strong><\/p>\n<p><img decoding=\"async\" class=\"overview-center-img-web\" src=\"https:\/\/tvc.mx\/media\/59763\/YON1290004-1.jpg\" alt=\"\" \/><\/div>\n<\/div>\n<div class=\"row align-items-center padding-bottom-2x\">\n<div class=\"col-md-5\"><img decoding=\"async\" class=\"d-block m-auto img-thumbnail\" src=\"https:\/\/tvc.mx\/media\/59766\/YON1290004-2.jpg\" alt=\" \" \/><\/div>\n<div class=\"col-md-7 text-md-left text-center\">\n<h2>Especificaciones<\/h2>\n<p class=\"text-muted\">\n<ul>\n<li>Esencial para la medici\u00f3n y ca\u00edda de alto voltaje del cerco a Tierra F\u00edsica.<\/li>\n<li>Circuito de variaci\u00f3n de impedancia, para la correcta evaluaci\u00f3n del Voltaje contra Tierra.<\/li>\n<li>Rango de Operaci\u00f3n en voltaje 200 a 9,900V.<\/li>\n<li>Frecuencia de operaci\u00f3n y medici\u00f3n 1Hz a 8Hz.<\/li>\n<li>Gabinete para uso rudo y prueba en exteriores.<\/li>\n<li>Encendido y apagado autom\u00e1tico, para el ahorro del consumo de su bater\u00eda.<\/li>\n<li>Bater\u00eda alcalina de 9V incluida, f\u00e1cilmente reemplazable, con una duraci\u00f3n promedio de 10 meses.<\/li>\n<\/ul>\n<\/div>\n<\/div>\n","protected":false},"excerpt":{"rendered":"<p>Descripci\u00f3n general Volt\u00edmetro de alto voltaje para medir las lineas del cerco el\u00e9ctrico Especificaciones Esencial para la medici\u00f3n y ca\u00edda de alto voltaje del cerco a Tierra F\u00edsica. Circuito de variaci\u00f3n de impedancia, para la correcta evaluaci\u00f3n del Voltaje contra Tierra. Rango de Operaci\u00f3n en&hellip;<\/p>\n","protected":false},"featured_media":4294,"comment_status":"open","ping_status":"closed","template":"","meta":{"om_disable_all_campaigns":false,"_monsterinsights_skip_tracking":false,"_monsterinsights_sitenote_active":false,"_monsterinsights_sitenote_note":"","_monsterinsights_sitenote_category":0},"product_brand":[],"product_cat":[311],"product_tag":[212,211,151],"class_list":{"0":"post-4295","1":"product","2":"type-product","3":"status-publish","4":"has-post-thumbnail","6":"product_cat-accesorios-cercas-electricas","7":"product_tag-alarmas","8":"product_tag-alarmas-e-intrusion","9":"product_tag-seguridad","11":"first","12":"instock","13":"sale","14":"taxable","15":"shipping-taxable","16":"purchasable","17":"product-type-simple"},"aioseo_notices":[],"_links":{"self":[{"href":"https:\/\/tecsecmty.com\/index.php\/wp-json\/wp\/v2\/product\/4295","targetHints":{"allow":["GET"]}}],"collection":[{"href":"https:\/\/tecsecmty.com\/index.php\/wp-json\/wp\/v2\/product"}],"about":[{"href":"https:\/\/tecsecmty.com\/index.php\/wp-json\/wp\/v2\/types\/product"}],"replies":[{"embeddable":true,"href":"https:\/\/tecsecmty.com\/index.php\/wp-json\/wp\/v2\/comments?post=4295"}],"version-history":[{"count":0,"href":"https:\/\/tecsecmty.com\/index.php\/wp-json\/wp\/v2\/product\/4295\/revisions"}],"wp:featuredmedia":[{"embeddable":true,"href":"https:\/\/tecsecmty.com\/index.php\/wp-json\/wp\/v2\/media\/4294"}],"wp:attachment":[{"href":"https:\/\/tecsecmty.com\/index.php\/wp-json\/wp\/v2\/media?parent=4295"}],"wp:term":[{"taxonomy":"product_brand","embeddable":true,"href":"https:\/\/tecsecmty.com\/index.php\/wp-json\/wp\/v2\/product_brand?post=4295"},{"taxonomy":"product_cat","embeddable":true,"href":"https:\/\/tecsecmty.com\/index.php\/wp-json\/wp\/v2\/product_cat?post=4295"},{"taxonomy":"product_tag","embeddable":true,"href":"https:\/\/tecsecmty.com\/index.php\/wp-json\/wp\/v2\/product_tag?post=4295"}],"curies":[{"name":"wp","href":"https:\/\/api.w.org\/{rel}","templated":true}]}}