{"id":4299,"date":"2023-02-23T00:34:08","date_gmt":"2023-02-23T06:34:08","guid":{"rendered":"https:\/\/tecsecmty.com\/index.php\/producto\/yonusa-ap201-aislador-de-esquina-para-cercas-electricas-yonusa-para-fabricaciono-de-poste-de-esquina-facil-instalacion\/"},"modified":"2023-03-22T23:25:07","modified_gmt":"2023-03-23T05:25:07","slug":"yonusa-ap201-aislador-de-esquina-para-cercas-electricas-yonusa-para-fabricaciono-de-poste-de-esquina-facil-instalacion","status":"publish","type":"product","link":"https:\/\/tecsecmty.com\/index.php\/producto\/yonusa-ap201-aislador-de-esquina-para-cercas-electricas-yonusa-para-fabricaciono-de-poste-de-esquina-facil-instalacion\/","title":{"rendered":"YONUSA AP201 &#8211; Aislador de esquina para cercas electricas YONUSA para fabricaci\u00f3no de poste de esquina\/ Facil instalaci\u00f3n"},"content":{"rendered":"<div class=\"row aling-items-center padding-bottom-2x\">\n<div class=\"col-lg-12\">\n<h5 class=\"card-title text-center\">INFORMACION GENERAL<\/h5>\n<p>Dise\u00f1ado para colocarse en cualquier poste esquinero de una cerca el\u00e9ctrica. Por su fabricaci\u00f3n tiene una alta resistencia a la corrosi\u00f3n y al medio ambiente por lo que garantiza su durabilidad adem\u00e1s de que su dise\u00f1o permite tener una f\u00e1cil instalaci\u00f3n en el cerco el\u00e9ctrico.<\/p>\n<p><img decoding=\"async\" class=\"overview-center-img-web\" src=\"https:\/\/tvc.mx\/media\/468172\/YONUSA-YON6510001-AP201-AISLADOR-DE-ESQUINA-PARA-CERCAS-CENTRAL.png\" alt=\"\" \/><\/p>\n<\/div>\n<\/div>\n<div class=\"row align-items-center padding-bottom-2x\">\n<div class=\"col-md-5\"><img decoding=\"async\" class=\"d-block m-auto img-thumbnail\" src=\"https:\/\/tvc.mx\/media\/468208\/YONUSA-YON6510001-AP201-AISLADOR-DE-ESQUINA-PARA-CERCAS-DER.png\" alt=\" \" \/><\/div>\n<div class=\"col-md-7 text-md-left text-center\">\n<h2>Especificaciones T\u00e9cnicas<\/h2>\n<ul>\n<li>Muy durable, alta resistencia al medio ambiente.<\/li>\n<li>Protecci\u00f3n contra Rayos UV, agua, humedad y polvo.<\/li>\n<li>Resistencia mec\u00e1nica de 7.5 hasta 10.2 Kg.<\/li>\n<li>Flexibilidad y fuerza.<\/li>\n<li>Resistencia diel\u00e9ctrica.<\/li>\n<li>Aislamiento hasta 18 KV m\u00e1xima.<\/li>\n<li>Materiales: Polipropileno y policarbonato.<\/li>\n<li>Durabilidad al medio ambiente: protecci\u00f3n contra rayos UV, agua, humedad y polvo.<\/li>\n<li>Resistencia mec\u00e1nica de 7.5 hasta 10.2 kilos, flexibilidad y fuerza.<\/li>\n<\/ul>\n<\/div>\n<\/div>\n","protected":false},"excerpt":{"rendered":"<p>INFORMACION GENERAL Dise\u00f1ado para colocarse en cualquier poste esquinero de una cerca el\u00e9ctrica. Por su fabricaci\u00f3n tiene una alta resistencia a la corrosi\u00f3n y al medio ambiente por lo que garantiza su durabilidad adem\u00e1s de que su dise\u00f1o permite tener una f\u00e1cil instalaci\u00f3n en el&hellip;<\/p>\n","protected":false},"featured_media":4298,"comment_status":"open","ping_status":"closed","template":"","meta":{"om_disable_all_campaigns":false,"_monsterinsights_skip_tracking":false,"_monsterinsights_sitenote_active":false,"_monsterinsights_sitenote_note":"","_monsterinsights_sitenote_category":0},"product_brand":[],"product_cat":[312],"product_tag":[212,211,151],"class_list":{"0":"post-4299","1":"product","2":"type-product","3":"status-publish","4":"has-post-thumbnail","6":"product_cat-aisladores","7":"product_tag-alarmas","8":"product_tag-alarmas-e-intrusion","9":"product_tag-seguridad","11":"first","12":"instock","13":"sale","14":"taxable","15":"shipping-taxable","16":"purchasable","17":"product-type-simple"},"aioseo_notices":[],"_links":{"self":[{"href":"https:\/\/tecsecmty.com\/index.php\/wp-json\/wp\/v2\/product\/4299","targetHints":{"allow":["GET"]}}],"collection":[{"href":"https:\/\/tecsecmty.com\/index.php\/wp-json\/wp\/v2\/product"}],"about":[{"href":"https:\/\/tecsecmty.com\/index.php\/wp-json\/wp\/v2\/types\/product"}],"replies":[{"embeddable":true,"href":"https:\/\/tecsecmty.com\/index.php\/wp-json\/wp\/v2\/comments?post=4299"}],"version-history":[{"count":0,"href":"https:\/\/tecsecmty.com\/index.php\/wp-json\/wp\/v2\/product\/4299\/revisions"}],"wp:featuredmedia":[{"embeddable":true,"href":"https:\/\/tecsecmty.com\/index.php\/wp-json\/wp\/v2\/media\/4298"}],"wp:attachment":[{"href":"https:\/\/tecsecmty.com\/index.php\/wp-json\/wp\/v2\/media?parent=4299"}],"wp:term":[{"taxonomy":"product_brand","embeddable":true,"href":"https:\/\/tecsecmty.com\/index.php\/wp-json\/wp\/v2\/product_brand?post=4299"},{"taxonomy":"product_cat","embeddable":true,"href":"https:\/\/tecsecmty.com\/index.php\/wp-json\/wp\/v2\/product_cat?post=4299"},{"taxonomy":"product_tag","embeddable":true,"href":"https:\/\/tecsecmty.com\/index.php\/wp-json\/wp\/v2\/product_tag?post=4299"}],"curies":[{"name":"wp","href":"https:\/\/api.w.org\/{rel}","templated":true}]}}