{"id":4301,"date":"2023-02-23T00:34:09","date_gmt":"2023-02-23T06:34:09","guid":{"rendered":"https:\/\/tecsecmty.com\/index.php\/producto\/yonusa-ap401-aislador-3-en-1-realiza-funcion-de-aislador-paso-esquina-y-tensor-para-cercos-electricos-resistente-a-la-corrosion-resistencia-de-tension-de-70-a-120-kgs\/"},"modified":"2023-03-22T23:25:07","modified_gmt":"2023-03-23T05:25:07","slug":"yonusa-ap401-aislador-3-en-1-realiza-funcion-de-aislador-paso-esquina-y-tensor-para-cercos-electricos-resistente-a-la-corrosion-resistencia-de-tension-de-70-a-120-kgs","status":"publish","type":"product","link":"https:\/\/tecsecmty.com\/index.php\/producto\/yonusa-ap401-aislador-3-en-1-realiza-funcion-de-aislador-paso-esquina-y-tensor-para-cercos-electricos-resistente-a-la-corrosion-resistencia-de-tension-de-70-a-120-kgs\/","title":{"rendered":"YONUSA AP401 &#8211; Aislador 3 en 1 realiza funcion de aislador Paso, esquina y tensor para cercos electricos \/ Resistente a la corrosi\u00f3n \/ Resistencia de tensi\u00f3n de 70 a 120 Kgs"},"content":{"rendered":"<div class=\"row aling-items-center padding-bottom-2x\">\n<div class=\"col-lg-12\">\n<h5 class=\"card-title text-center\">INFORMACION GENERAL<\/h5>\n<p>Dise\u00f1ado para colocarse en cualquier poste de una cerca el\u00e9ctrica. Por su fabricaci\u00f3n tiene una alta resistencia a la corrosi\u00f3n y al medio ambiente por lo que garantiza su durabilidad adem\u00e1s de que su dise\u00f1o permite tener una f\u00e1cil instalaci\u00f3n en el cerco el\u00e9ctrico.<\/p>\n<p><img decoding=\"async\" class=\"overview-center-img-web\" src=\"https:\/\/tvc.mx\/media\/468418\/YONUSA-YON6510012-AP401-AISLADOR-3EN1-ESQUINA-POSTE-TENSOR-CENTRAL.png\" alt=\"\" \/><\/div>\n<\/div>\n<div class=\"row align-items-center padding-bottom-2x\">\n<div class=\"col-md-5 order-md-2\"><img decoding=\"async\" class=\"d-block m-auto img-thumbnail\" src=\"https:\/\/tvc.mx\/media\/468420\/YONUSA-YON6510012-AP401-AISLADOR-3EN1-ESQUINA-POSTE-TENSOR-IZQ.png\" alt=\" \" \/><\/div>\n<div class=\"col-md-7 order-md-1 text-md-left text-center\">\n<h2>Especificaciones T\u00e9cnicas<\/h2>\n<p class=\"text-muted\">\n<ul>\n<li>Fabricado en polipropileno y policarbonato.<\/li>\n<li>Protecci\u00f3n contra Rayos UV, agua, humedad y polvo.<\/li>\n<li>Fabricado en Resina Virgen.<\/li>\n<li>Resistencia m\u00e1xima a la tensi\u00f3n: 123 Kg.<\/li>\n<li>Resistencia mec\u00e1nica m\u00e1xima: 72 Kg<\/li>\n<li>Aislamiento m\u00e1ximo: 19 KV.<\/li>\n<\/ul>\n<p><strong>Puede usarse como:<\/strong><\/p>\n<ol>\n<li>Aislador de esquina.<\/li>\n<li>Aislador de paso.<\/li>\n<li>Tensor<\/li>\n<\/ol>\n<\/div>\n<\/div>\n","protected":false},"excerpt":{"rendered":"<p>INFORMACION GENERAL Dise\u00f1ado para colocarse en cualquier poste de una cerca el\u00e9ctrica. Por su fabricaci\u00f3n tiene una alta resistencia a la corrosi\u00f3n y al medio ambiente por lo que garantiza su durabilidad adem\u00e1s de que su dise\u00f1o permite tener una f\u00e1cil instalaci\u00f3n en el cerco&hellip;<\/p>\n","protected":false},"featured_media":4300,"comment_status":"open","ping_status":"closed","template":"","meta":{"om_disable_all_campaigns":false,"_monsterinsights_skip_tracking":false,"_monsterinsights_sitenote_active":false,"_monsterinsights_sitenote_note":"","_monsterinsights_sitenote_category":0},"product_brand":[],"product_cat":[312],"product_tag":[212,211,151],"class_list":{"0":"post-4301","1":"product","2":"type-product","3":"status-publish","4":"has-post-thumbnail","6":"product_cat-aisladores","7":"product_tag-alarmas","8":"product_tag-alarmas-e-intrusion","9":"product_tag-seguridad","11":"first","12":"instock","13":"sale","14":"taxable","15":"shipping-taxable","16":"purchasable","17":"product-type-simple"},"aioseo_notices":[],"_links":{"self":[{"href":"https:\/\/tecsecmty.com\/index.php\/wp-json\/wp\/v2\/product\/4301","targetHints":{"allow":["GET"]}}],"collection":[{"href":"https:\/\/tecsecmty.com\/index.php\/wp-json\/wp\/v2\/product"}],"about":[{"href":"https:\/\/tecsecmty.com\/index.php\/wp-json\/wp\/v2\/types\/product"}],"replies":[{"embeddable":true,"href":"https:\/\/tecsecmty.com\/index.php\/wp-json\/wp\/v2\/comments?post=4301"}],"version-history":[{"count":0,"href":"https:\/\/tecsecmty.com\/index.php\/wp-json\/wp\/v2\/product\/4301\/revisions"}],"wp:featuredmedia":[{"embeddable":true,"href":"https:\/\/tecsecmty.com\/index.php\/wp-json\/wp\/v2\/media\/4300"}],"wp:attachment":[{"href":"https:\/\/tecsecmty.com\/index.php\/wp-json\/wp\/v2\/media?parent=4301"}],"wp:term":[{"taxonomy":"product_brand","embeddable":true,"href":"https:\/\/tecsecmty.com\/index.php\/wp-json\/wp\/v2\/product_brand?post=4301"},{"taxonomy":"product_cat","embeddable":true,"href":"https:\/\/tecsecmty.com\/index.php\/wp-json\/wp\/v2\/product_cat?post=4301"},{"taxonomy":"product_tag","embeddable":true,"href":"https:\/\/tecsecmty.com\/index.php\/wp-json\/wp\/v2\/product_tag?post=4301"}],"curies":[{"name":"wp","href":"https:\/\/api.w.org\/{rel}","templated":true}]}}