{"id":4305,"date":"2023-02-23T00:34:13","date_gmt":"2023-02-23T06:34:13","guid":{"rendered":"https:\/\/tecsecmty.com\/index.php\/producto\/yonusa-baal500-bobina-de-alambre-de-aluminio-de-500-mts-para-lineas-de-cercos-electricos-yonusa-calibre-16-resistente-a-la-corrosion\/"},"modified":"2023-03-22T23:25:07","modified_gmt":"2023-03-23T05:25:07","slug":"yonusa-baal500-bobina-de-alambre-de-aluminio-de-500-mts-para-lineas-de-cercos-electricos-yonusa-calibre-16-resistente-a-la-corrosion","status":"publish","type":"product","link":"https:\/\/tecsecmty.com\/index.php\/producto\/yonusa-baal500-bobina-de-alambre-de-aluminio-de-500-mts-para-lineas-de-cercos-electricos-yonusa-calibre-16-resistente-a-la-corrosion\/","title":{"rendered":"YONUSA BAAL500 &#8211; Bobina de alambre de aluminio de 500 mts. para l\u00edneas de cercos el\u00e9ctricos YONUSA \/ Calibre 16 \/ Resistente a la corrosi\u00f3n"},"content":{"rendered":"<div class=\"row aling-items-center padding-bottom-2x\">\n<div class=\"col-lg-12\">\n<h5 class=\"card-title text-center\">INFORMACI\u00d3N GENERAL<\/h5>\n<p>Rollo de 500 metros, cable de aluminio para cercas electrificadas.<\/p>\n<p>Excelente conductor del sistema de Cerca El\u00e9ctrica<\/p>\n<p><img decoding=\"async\" class=\"overview-center-img-web\" src=\"https:\/\/tvc.mx\/media\/380223\/YONUSA-YON6510010-BAAL500-BOBINA-DE-ALAMBRE-DE-ALUMINIO-DE-500MTS-CENTRAL.png\" alt=\"\" \/><\/div>\n<\/div>\n<div class=\"row align-items-center padding-bottom-2x\">\n<div class=\"col-md-5\"><img decoding=\"async\" class=\"d-block m-auto img-thumbnail\" src=\"https:\/\/tvc.mx\/media\/380227\/YONUSA-YON6510010-BAAL500-BOBINA-DE-ALAMBRE-DE-ALUMINIO-DE-500MTS-DER.png\" alt=\" \" \/><\/div>\n<div class=\"col-md-7 text-md-left text-center\">\n<h2>Especificaciones T\u00e9cnicas<\/h2>\n<p class=\"text-muted\">\n<ul>\n<li>Hecho de aleaci\u00f3n de aluminio.<\/li>\n<li>Anti-oxidaci\u00f3n.<\/li>\n<li>Resistente a la corrosi\u00f3n.<\/li>\n<li>Fuerza de extensi\u00f3n: 280Mpa.<\/li>\n<li>Resistencia: 0.049 ohm \/ mm2.<\/li>\n<li>Di\u00e1metro: 127mm (1.25 &#8211; 1.27mm).<\/li>\n<li>Bobina de cable 500 mts.<\/li>\n<li>Especial para cerco el\u00e9ctrico.<\/li>\n<\/ul>\n<p>&nbsp;<\/p>\n<\/div>\n<\/div>\n<hr class=\"padding-bottom-2x\" \/>\n<div class=\"row align-items-center padding-bottom-2x\">\n<div class=\"col-md-5 order-md-2\"><img decoding=\"async\" class=\"d-block m-auto img-thumbnail\" src=\"https:\/\/tvc.mx\/media\/380231\/YONUSA-YON6510010-BAAL500-BOBINA-DE-ALAMBRE-DE-ALUMINIO-DE-500MTS-INCLUYE.png\" alt=\" \" \/><\/div>\n<div class=\"col-md-7 order-md-1 text-md-left text-center\">\n<h2>Incluye<\/h2>\n<p class=\"text-muted\">\n<ul>\n<li>Bobina de alambre de 500mts<\/li>\n<\/ul>\n<\/div>\n<\/div>\n","protected":false},"excerpt":{"rendered":"<p>INFORMACI\u00d3N GENERAL Rollo de 500 metros, cable de aluminio para cercas electrificadas. Excelente conductor del sistema de Cerca El\u00e9ctrica Especificaciones T\u00e9cnicas Hecho de aleaci\u00f3n de aluminio. Anti-oxidaci\u00f3n. Resistente a la corrosi\u00f3n. Fuerza de extensi\u00f3n: 280Mpa. Resistencia: 0.049 ohm \/ mm2. Di\u00e1metro: 127mm (1.25 &#8211; 1.27mm).&hellip;<\/p>\n","protected":false},"featured_media":4304,"comment_status":"open","ping_status":"closed","template":"","meta":{"om_disable_all_campaigns":false,"_monsterinsights_skip_tracking":false,"_monsterinsights_sitenote_active":false,"_monsterinsights_sitenote_note":"","_monsterinsights_sitenote_category":0},"product_brand":[],"product_cat":[313],"product_tag":[212,211,151],"class_list":{"0":"post-4305","1":"product","2":"type-product","3":"status-publish","4":"has-post-thumbnail","6":"product_cat-alambres-y-cables","7":"product_tag-alarmas","8":"product_tag-alarmas-e-intrusion","9":"product_tag-seguridad","11":"first","12":"instock","13":"sale","14":"taxable","15":"shipping-taxable","16":"purchasable","17":"product-type-simple"},"aioseo_notices":[],"_links":{"self":[{"href":"https:\/\/tecsecmty.com\/index.php\/wp-json\/wp\/v2\/product\/4305","targetHints":{"allow":["GET"]}}],"collection":[{"href":"https:\/\/tecsecmty.com\/index.php\/wp-json\/wp\/v2\/product"}],"about":[{"href":"https:\/\/tecsecmty.com\/index.php\/wp-json\/wp\/v2\/types\/product"}],"replies":[{"embeddable":true,"href":"https:\/\/tecsecmty.com\/index.php\/wp-json\/wp\/v2\/comments?post=4305"}],"version-history":[{"count":0,"href":"https:\/\/tecsecmty.com\/index.php\/wp-json\/wp\/v2\/product\/4305\/revisions"}],"wp:featuredmedia":[{"embeddable":true,"href":"https:\/\/tecsecmty.com\/index.php\/wp-json\/wp\/v2\/media\/4304"}],"wp:attachment":[{"href":"https:\/\/tecsecmty.com\/index.php\/wp-json\/wp\/v2\/media?parent=4305"}],"wp:term":[{"taxonomy":"product_brand","embeddable":true,"href":"https:\/\/tecsecmty.com\/index.php\/wp-json\/wp\/v2\/product_brand?post=4305"},{"taxonomy":"product_cat","embeddable":true,"href":"https:\/\/tecsecmty.com\/index.php\/wp-json\/wp\/v2\/product_cat?post=4305"},{"taxonomy":"product_tag","embeddable":true,"href":"https:\/\/tecsecmty.com\/index.php\/wp-json\/wp\/v2\/product_tag?post=4305"}],"curies":[{"name":"wp","href":"https:\/\/api.w.org\/{rel}","templated":true}]}}