{"id":4307,"date":"2023-02-23T00:34:15","date_gmt":"2023-02-23T06:34:15","guid":{"rendered":"https:\/\/tecsecmty.com\/index.php\/producto\/yonusa-cda100-cable-bujia-o-doble-aislado-recomendado-para-cercos-electricos-yonusa-bobina-de-100-metros-calibre-22-awg-multifilar-hasta-12000v\/"},"modified":"2023-03-22T23:25:07","modified_gmt":"2023-03-23T05:25:07","slug":"yonusa-cda100-cable-bujia-o-doble-aislado-recomendado-para-cercos-electricos-yonusa-bobina-de-100-metros-calibre-22-awg-multifilar-hasta-12000v","status":"publish","type":"product","link":"https:\/\/tecsecmty.com\/index.php\/producto\/yonusa-cda100-cable-bujia-o-doble-aislado-recomendado-para-cercos-electricos-yonusa-bobina-de-100-metros-calibre-22-awg-multifilar-hasta-12000v\/","title":{"rendered":"YONUSA CDA100 &#8211; Cable buj\u00eda o doble aislado recomendado para cercos el\u00e9ctricos YONUSA\/ Bobina de 100 metros\/ Calibre 22 AWG multifilar\/ Hasta 12,000V"},"content":{"rendered":"<div class=\"row aling-items-center padding-bottom-2x\">\n<div class=\"col-lg-12\">\n<h5 class=\"card-title text-center\">INFORMACION GENERAL<\/h5>\n<p>Un\u00a0cable de alta tensi\u00f3n\u00a0es un cable que se usa para transmisi\u00f3n de energ\u00eda el\u00e9ctrica en alta tensi\u00f3n. Un cable incluye un conductor y un aislamiento. Los cables de alta tensi\u00f3n tienen una variedad de aplicaciones en instrumentos, sistemas de ignici\u00f3n y transmisi\u00f3n de potencia en corriente alterna y directa. En general, el aislamiento del cable no se debe deteriorar debido al estr\u00e9s de alta tensi\u00f3n, por el ozono causado por las descargas el\u00e9ctricas en el aire, o en el tendido del cable. El sistema del cable debe prevenir el contacto del conductor de alta tensi\u00f3n con otros objetos o personas, y debe mantener y controlar la corriente de fuga.<\/p>\n<h3><\/h3>\n<p><img decoding=\"async\" class=\"overview-center-img-web\" src=\"https:\/\/tvc.mx\/media\/57342\/YON6510006-1.jpg\" alt=\"\" \/><\/div>\n<\/div>\n<div class=\"row align-items-center padding-bottom-2x\">\n<div class=\"col-md-5\"><img decoding=\"async\" class=\"d-block m-auto img-thumbnail\" src=\"https:\/\/tvc.mx\/media\/57345\/YON6510006-2.jpg\" alt=\" \" \/><\/div>\n<div class=\"col-md-7 text-md-left text-center\">\n<h2>DESCRIPCION<\/h2>\n<p class=\"text-muted\">\n<h3><strong>Cable de alto voltaje<\/strong><\/h3>\n<p>Conductor de cobre esta\u00f1ado suave con aislamiento de poliestireno y cubierta de PVC.<\/p>\n<p>Temperatura de operaci\u00f3n 60 \u00b0C.<\/p>\n<p>Alambre flexible multifilar y recubrimiento anti UV.<\/p>\n<p>&nbsp;<\/p>\n<\/div>\n<\/div>\n<hr class=\"padding-bottom-2x\" \/>\n<div class=\"row align-items-center padding-bottom-2x\">\n<div class=\"col-md-5 order-md-2\"><img decoding=\"async\" class=\"d-block m-auto img-thumbnail\" src=\"https:\/\/tvc.mx\/media\/57348\/YON6510006-3.jpg\" alt=\" \" \/><\/div>\n<div class=\"col-md-7 order-md-1 text-md-left text-center\">\n<h2>CARACTERISTICAS<\/h2>\n<p class=\"text-muted\">\n<ul>\n<li>Bobina de\u00a0<strong>100 metros<\/strong>.<\/li>\n<li>Temperatura de operaci\u00f3n -10 a 60\u00baC.<\/li>\n<li>Alambre flexible multifilar y recubierto anti UV.<\/li>\n<li>Fabricado bajo las siguientes normas:<\/li>\n<\/ul>\n<h3>NMX-J008-1995 (ASTM B3-90)<\/h3>\n<h3>NMX-J297-1995 (ASTM B174-90).<\/h3>\n<\/div>\n<\/div>\n","protected":false},"excerpt":{"rendered":"<p>INFORMACION GENERAL Un\u00a0cable de alta tensi\u00f3n\u00a0es un cable que se usa para transmisi\u00f3n de energ\u00eda el\u00e9ctrica en alta tensi\u00f3n. Un cable incluye un conductor y un aislamiento. Los cables de alta tensi\u00f3n tienen una variedad de aplicaciones en instrumentos, sistemas de ignici\u00f3n y transmisi\u00f3n de&hellip;<\/p>\n","protected":false},"featured_media":4306,"comment_status":"open","ping_status":"closed","template":"","meta":{"om_disable_all_campaigns":false,"_monsterinsights_skip_tracking":false,"_monsterinsights_sitenote_active":false,"_monsterinsights_sitenote_note":"","_monsterinsights_sitenote_category":0},"product_brand":[],"product_cat":[313],"product_tag":[212,211,151],"class_list":{"0":"post-4307","1":"product","2":"type-product","3":"status-publish","4":"has-post-thumbnail","6":"product_cat-alambres-y-cables","7":"product_tag-alarmas","8":"product_tag-alarmas-e-intrusion","9":"product_tag-seguridad","11":"first","12":"instock","13":"sale","14":"taxable","15":"shipping-taxable","16":"purchasable","17":"product-type-simple"},"aioseo_notices":[],"_links":{"self":[{"href":"https:\/\/tecsecmty.com\/index.php\/wp-json\/wp\/v2\/product\/4307","targetHints":{"allow":["GET"]}}],"collection":[{"href":"https:\/\/tecsecmty.com\/index.php\/wp-json\/wp\/v2\/product"}],"about":[{"href":"https:\/\/tecsecmty.com\/index.php\/wp-json\/wp\/v2\/types\/product"}],"replies":[{"embeddable":true,"href":"https:\/\/tecsecmty.com\/index.php\/wp-json\/wp\/v2\/comments?post=4307"}],"version-history":[{"count":0,"href":"https:\/\/tecsecmty.com\/index.php\/wp-json\/wp\/v2\/product\/4307\/revisions"}],"wp:featuredmedia":[{"embeddable":true,"href":"https:\/\/tecsecmty.com\/index.php\/wp-json\/wp\/v2\/media\/4306"}],"wp:attachment":[{"href":"https:\/\/tecsecmty.com\/index.php\/wp-json\/wp\/v2\/media?parent=4307"}],"wp:term":[{"taxonomy":"product_brand","embeddable":true,"href":"https:\/\/tecsecmty.com\/index.php\/wp-json\/wp\/v2\/product_brand?post=4307"},{"taxonomy":"product_cat","embeddable":true,"href":"https:\/\/tecsecmty.com\/index.php\/wp-json\/wp\/v2\/product_cat?post=4307"},{"taxonomy":"product_tag","embeddable":true,"href":"https:\/\/tecsecmty.com\/index.php\/wp-json\/wp\/v2\/product_tag?post=4307"}],"curies":[{"name":"wp","href":"https:\/\/api.w.org\/{rel}","templated":true}]}}