{"id":4309,"date":"2023-02-23T00:34:16","date_gmt":"2023-02-23T06:34:16","guid":{"rendered":"https:\/\/tecsecmty.com\/index.php\/producto\/yonusa-cda50-bobina-de-cable-bujia-con-doble-aislado-de-50-mts-para-uso-en-cercas-electricas-con-energizadores-yonusa-calibre-22-awg-especial-indicado-para-soportar-de-10000-a-12000-v\/"},"modified":"2023-03-22T23:25:07","modified_gmt":"2023-03-23T05:25:07","slug":"yonusa-cda50-bobina-de-cable-bujia-con-doble-aislado-de-50-mts-para-uso-en-cercas-electricas-con-energizadores-yonusa-calibre-22-awg-especial-indicado-para-soportar-de-10000-a-12000-v","status":"publish","type":"product","link":"https:\/\/tecsecmty.com\/index.php\/producto\/yonusa-cda50-bobina-de-cable-bujia-con-doble-aislado-de-50-mts-para-uso-en-cercas-electricas-con-energizadores-yonusa-calibre-22-awg-especial-indicado-para-soportar-de-10000-a-12000-v\/","title":{"rendered":"YONUSA CDA50 &#8211; Bobina de cable buj\u00eda con doble aislado de 50 mts para uso en cercas el\u00e9ctricas con energizadores Yonusa\/ calibre 22 AWG especial indicado para soportar de 10,000 a 12,000 V"},"content":{"rendered":"<div class=\"row aling-items-center padding-bottom-2x\">\n<div class=\"col-lg-12\">\n<h5 class=\"card-title text-center\">Cable bujia o doble aislado CDA50<\/h5>\n<h3 class=\"ql-align-center\"><strong>Cable buj\u00eda o doble aislado \/Calibre 22 AWG recomendado para cercos el\u00e9ctricos YONUSA<\/strong><\/h3>\n<p>Un\u00a0cable de alta tensi\u00f3n\u00a0es un cable que se usa para transmisi\u00f3n de energ\u00eda el\u00e9ctrica en alta tensi\u00f3n. Este rollo de cable incluye un conductor y un aislamiento. Los cables de alta tensi\u00f3n tienen una variedad de aplicaciones en instrumentos, sistemas de ignici\u00f3n y transmisi\u00f3n de potencia en corriente alterna y directa. En general, el aislamiento del cable no se debe deteriorar debido al estr\u00e9s de alta tensi\u00f3n, por el ozono causado por las descargas el\u00e9ctricas en el aire, o en el tendido del cable. El sistema del cable debe prevenir el contacto del conductor de alta tensi\u00f3n con otros objetos o personas, y debe mantener y controlar la corriente de fuga.<\/p>\n<p><strong>Cable de alto voltaje<\/strong><\/p>\n<ul>\n<li>Conductor de cobre esta\u00f1ado suave con aislamiento de poliestireno y cubierta de PVC.<\/li>\n<li>Temperatura de operaci\u00f3n 60 \u00b0C.<\/li>\n<li>Alambre flexible multifilar y recubrimiento anti UV.<\/li>\n<\/ul>\n<p><strong>Se utiliza para:<\/strong><\/p>\n<ul>\n<li class=\"ql-indent-1\">Para el ingreso y retorno de la energ\u00eda el\u00e9ctrica.<\/li>\n<li class=\"ql-indent-1\">Cable aislado especial para cercas el\u00e9ctricas<\/li>\n<li class=\"ql-indent-1\">Doblemente aislado lo que hace mas confiable y seguro para exterior.<\/li>\n<\/ul>\n<p><img decoding=\"async\" class=\"overview-center-img-web\" src=\"https:\/\/tvc.mx\/media\/57360\/YON1270001-1.jpg\" alt=\"\" \/><\/div>\n<\/div>\n<div class=\"row align-items-center padding-bottom-2x\">\n<div class=\"col-md-5\"><img decoding=\"async\" class=\"d-block m-auto img-thumbnail\" src=\"https:\/\/tvc.mx\/media\/57363\/YON6510006-3.jpg\" alt=\" \" \/><\/div>\n<div class=\"col-md-7 text-md-left text-center\">\n<h2>Caracter\u00edsticas principales<\/h2>\n<p class=\"text-muted\">\n<ul>\n<li><strong>Bobina de 50 metros.<\/strong><\/li>\n<li>Temperatura de operaci\u00f3n -10 a 60\u00baC.<\/li>\n<li>Alambre flexible multifilar y recubierto anti UV.<\/li>\n<li>Fabricado bajo las siguientes normas:<\/li>\n<\/ul>\n<p class=\"ql-indent-2\"><strong>NMX-J008-1995 (ASTM B3-90)<\/strong><\/p>\n<p class=\"ql-indent-2\"><strong>NMX-J297-1995 (ASTM B174-90).<\/strong><\/p>\n<\/div>\n<\/div>\n","protected":false},"excerpt":{"rendered":"<p>Cable bujia o doble aislado CDA50 Cable buj\u00eda o doble aislado \/Calibre 22 AWG recomendado para cercos el\u00e9ctricos YONUSA Un\u00a0cable de alta tensi\u00f3n\u00a0es un cable que se usa para transmisi\u00f3n de energ\u00eda el\u00e9ctrica en alta tensi\u00f3n. Este rollo de cable incluye un conductor y un&hellip;<\/p>\n","protected":false},"featured_media":4308,"comment_status":"open","ping_status":"closed","template":"","meta":{"om_disable_all_campaigns":false,"_monsterinsights_skip_tracking":false,"_monsterinsights_sitenote_active":false,"_monsterinsights_sitenote_note":"","_monsterinsights_sitenote_category":0},"product_brand":[],"product_cat":[313],"product_tag":[212,211,151],"class_list":{"0":"post-4309","1":"product","2":"type-product","3":"status-publish","4":"has-post-thumbnail","6":"product_cat-alambres-y-cables","7":"product_tag-alarmas","8":"product_tag-alarmas-e-intrusion","9":"product_tag-seguridad","11":"first","12":"instock","13":"sale","14":"taxable","15":"shipping-taxable","16":"purchasable","17":"product-type-simple"},"aioseo_notices":[],"_links":{"self":[{"href":"https:\/\/tecsecmty.com\/index.php\/wp-json\/wp\/v2\/product\/4309","targetHints":{"allow":["GET"]}}],"collection":[{"href":"https:\/\/tecsecmty.com\/index.php\/wp-json\/wp\/v2\/product"}],"about":[{"href":"https:\/\/tecsecmty.com\/index.php\/wp-json\/wp\/v2\/types\/product"}],"replies":[{"embeddable":true,"href":"https:\/\/tecsecmty.com\/index.php\/wp-json\/wp\/v2\/comments?post=4309"}],"version-history":[{"count":0,"href":"https:\/\/tecsecmty.com\/index.php\/wp-json\/wp\/v2\/product\/4309\/revisions"}],"wp:featuredmedia":[{"embeddable":true,"href":"https:\/\/tecsecmty.com\/index.php\/wp-json\/wp\/v2\/media\/4308"}],"wp:attachment":[{"href":"https:\/\/tecsecmty.com\/index.php\/wp-json\/wp\/v2\/media?parent=4309"}],"wp:term":[{"taxonomy":"product_brand","embeddable":true,"href":"https:\/\/tecsecmty.com\/index.php\/wp-json\/wp\/v2\/product_brand?post=4309"},{"taxonomy":"product_cat","embeddable":true,"href":"https:\/\/tecsecmty.com\/index.php\/wp-json\/wp\/v2\/product_cat?post=4309"},{"taxonomy":"product_tag","embeddable":true,"href":"https:\/\/tecsecmty.com\/index.php\/wp-json\/wp\/v2\/product_tag?post=4309"}],"curies":[{"name":"wp","href":"https:\/\/api.w.org\/{rel}","templated":true}]}}