{"id":4311,"date":"2023-02-23T00:34:19","date_gmt":"2023-02-23T06:34:19","guid":{"rendered":"https:\/\/tecsecmty.com\/index.php\/producto\/yonusa-ey10000127-2z-energizador-de-doble-zona-con-un-alcance-de-hasta-3000-metros-lineales-cada-una-600-metros-en-5-lineas-por-cada-zona-soporta-sirena-modulo-wifi-para-notificacion-alertas-y\/"},"modified":"2023-03-22T23:25:07","modified_gmt":"2023-03-23T05:25:07","slug":"yonusa-ey10000127-2z-energizador-de-doble-zona-con-un-alcance-de-hasta-3000-metros-lineales-cada-una-600-metros-en-5-lineas-por-cada-zona-soporta-sirena-modulo-wifi-para-notificacion-alertas-y","status":"publish","type":"product","link":"https:\/\/tecsecmty.com\/index.php\/producto\/yonusa-ey10000127-2z-energizador-de-doble-zona-con-un-alcance-de-hasta-3000-metros-lineales-cada-una-600-metros-en-5-lineas-por-cada-zona-soporta-sirena-modulo-wifi-para-notificacion-alertas-y\/","title":{"rendered":"YONUSA EY10000127\/2Z &#8211; Energizador de doble zona con un alcance de hasta 3,000 metros lineales cada una, 600 metros en 5 lineas por cada zona\/ Soporta Sirena, modulo Wifi para notificacion, alertas y manipulacion remota del cerco electrico\/ Sobrepedido"},"content":{"rendered":"<div class=\"row aling-items-center padding-bottom-2x\">\n<div class=\"col-lg-12\">\n<h5 class=\"card-title text-center\">INFORMACI\u00d3N GENERAL<\/h5>\n<p>El mejor equipo rentable sistema de protecci\u00f3n perimetral para proteger casas, condominios, bodegas, plazas comerciales, instituciones educativas, empresas, predios y cercados de ganado. Es un sistema disuasivo mediante letreros de alto voltaje y repulsivo ya que genera una descarga de m\u00e1s de 10,000 voltios sin da\u00f1ar al intruso. Se ofrece un equipo confiable, eficiente y f\u00e1cil de instalar.<\/p>\n<p><img decoding=\"async\" class=\"overview-center-img-web\" src=\"https:\/\/tvc.mx\/media\/428663\/YONUSA-EY10000127-2Z-ENERGIZADOR-DE-DOBLE-ZONA-CENTRAL.png\" alt=\"\" \/><\/div>\n<\/div>\n<div class=\"row align-items-center padding-bottom-2x\">\n<div class=\"col-md-5\"><img decoding=\"async\" class=\"d-block m-auto img-thumbnail\" src=\"https:\/\/tvc.mx\/media\/428599\/YONUSA-EY10000127-2Z-ENERGIZADOR-DE-DOBLE-ZONA-DER2.png\" alt=\" \" \/><\/div>\n<div class=\"col-md-7 text-md-left text-center\">\n<h2>Caracter\u00edsticas Principales<\/h2>\n<p class=\"text-muted\">\n<ul>\n<li>Ahorro por la sustituci\u00f3n de dos equipos por un energizador doble zona<\/li>\n<li>Una sola instalaci\u00f3n, y ahorro de espacio.<\/li>\n<li>Opci\u00f3n de conexi\u00f3n de una o dos sirenas<\/li>\n<li>Salida a contacto seco de ambas cercas, independientes.<\/li>\n<li>Opci\u00f3n de conexi\u00f3n de ambas cercas como zonas a un panel de alarma.<\/li>\n<li>Cargador integrado y espacio interno para bater\u00eda de 4 A\/h 12 VDC, la cual respalda al equipo por 3 d\u00edas continuos de trabajo.<\/li>\n<li>Opci\u00f3n de alimentar al equipo por medio de un panel solar.<\/li>\n<li>Detector de intrusi\u00f3n por:<\/li>\n<li class=\"ql-indent-1\">Atenuaci\u00f3n de voltaje<\/li>\n<li class=\"ql-indent-1\">Corte de l\u00ednea<\/li>\n<li class=\"ql-indent-1\">Aterrizamiento de la l\u00ednea<\/li>\n<li>Su panel frontal luminoso permite conocer f\u00e1cilmente el estado de operaci\u00f3n del equipo.<\/li>\n<li>Excelente estabilidad ante lluvia y plantas (no genera falsas alarmas).<\/li>\n<li>Control de llave de seguridad para encendido, apagado y bloqueo del equipo.<\/li>\n<li>Operaci\u00f3n independiente del cercado y la alarma.<\/li>\n<li>Opci\u00f3n de operaci\u00f3n aun cuando el cerco se encuentra roto o da\u00f1ado.<\/li>\n<li>Puerto de entrada para control remoto para 20 mandos que integran dos contactos secos permanentes o pulsantes, confirmaci\u00f3n por sirena en apertura y cierre, funci\u00f3n de p\u00e1nico. Alcance de 75 con l\u00ednea de vista +\/- 25%.<\/li>\n<li>Dise\u00f1ado para uso rudo, lo cual permite una operaci\u00f3n continua.<\/li>\n<li>Capacidad para operar 2 sirenas a 12 VDC, 30 watts, 120 dB.<\/li>\n<li>Su controlador de energ\u00eda representa la seguridad del intruso sin atenuar la fuerza del rechazo.<\/li>\n<\/ul>\n<p>&nbsp;<\/p>\n<\/div>\n<\/div>\n<hr class=\"padding-bottom-2x\" \/>\n<div class=\"row align-items-center padding-bottom-2x\">\n<div class=\"col-md-5 order-md-2\"><img decoding=\"async\" class=\"d-block m-auto img-thumbnail\" src=\"https:\/\/tvc.mx\/media\/428603\/YONUSA-EY10000127-2Z-ENERGIZADOR-DE-DOBLE-ZONA-IZQ.png\" alt=\" \" \/><\/div>\n<div class=\"col-md-7 order-md-1 text-md-left text-center\">\n<h2>Especificaciones T\u00e9cnicas<\/h2>\n<p class=\"text-muted\">\n<ul>\n<li>Un solo energizador para alimentar dos zonas de cerca el\u00e9ctrica<\/li>\n<li>Una sola instalaci\u00f3n de tierra f\u00edsica<\/li>\n<li>Equipo Anti plantas<\/li>\n<li>\u00a0Potencia de 3 Joules en cada zona<\/li>\n<li>\u00a0Alcance m\u00e1ximo de 3000 metros lineales por zona<\/li>\n<li>Se\u00f1alizaci\u00f3n independiente por zona<\/li>\n<li>Consumo de 0.3 Amp. 3.6 W\/h<\/li>\n<li>Ahorro econ\u00f3mico aprox. 40%<\/li>\n<li>Opci\u00f3n de colocar una sirena general o una por cada zona<\/li>\n<li>\u00a0Una sola bater\u00eda<\/li>\n<li>Aviso visual en el gabinete del equipo<\/li>\n<li>Salida a contacto seco de ambas cercas<\/li>\n<li>Opci\u00f3n de conexi\u00f3n de ambas cercas como zonas de un panel de alarma<\/li>\n<\/ul>\n<p>&nbsp;<\/p>\n<\/div>\n<\/div>\n<hr class=\"padding-bottom-2x\" \/>\n<div class=\"row align-items-center padding-bottom-2x\">\n<div class=\"col-md-5\"><img decoding=\"async\" class=\"d-block m-auto img-thumbnail\" src=\"https:\/\/tvc.mx\/media\/428611\/YONUSA-EY10000127-2Z-ENERGIZADOR-DE-DOBLE-ZONA-DER.png\" alt=\" \" \/><\/div>\n<div class=\"col-md-7 text-md-left text-center\">\n<h2>Incluye<\/h2>\n<p class=\"text-muted\">\n<ul>\n<li>Energizador<\/li>\n<li>Manual de usuario<\/li>\n<li>Tornillos<\/li>\n<li>Llave de encendido<\/li>\n<\/ul>\n<\/div>\n<\/div>\n","protected":false},"excerpt":{"rendered":"<p>INFORMACI\u00d3N GENERAL El mejor equipo rentable sistema de protecci\u00f3n perimetral para proteger casas, condominios, bodegas, plazas comerciales, instituciones educativas, empresas, predios y cercados de ganado. Es un sistema disuasivo mediante letreros de alto voltaje y repulsivo ya que genera una descarga de m\u00e1s de 10,000&hellip;<\/p>\n","protected":false},"featured_media":4310,"comment_status":"open","ping_status":"closed","template":"","meta":{"om_disable_all_campaigns":false,"_monsterinsights_skip_tracking":false,"_monsterinsights_sitenote_active":false,"_monsterinsights_sitenote_note":"","_monsterinsights_sitenote_category":0},"product_brand":[],"product_cat":[314],"product_tag":[212,211,151],"class_list":{"0":"post-4311","1":"product","2":"type-product","3":"status-publish","4":"has-post-thumbnail","6":"product_cat-energizadores","7":"product_tag-alarmas","8":"product_tag-alarmas-e-intrusion","9":"product_tag-seguridad","11":"first","12":"instock","13":"sale","14":"taxable","15":"shipping-taxable","16":"purchasable","17":"product-type-simple"},"aioseo_notices":[],"_links":{"self":[{"href":"https:\/\/tecsecmty.com\/index.php\/wp-json\/wp\/v2\/product\/4311","targetHints":{"allow":["GET"]}}],"collection":[{"href":"https:\/\/tecsecmty.com\/index.php\/wp-json\/wp\/v2\/product"}],"about":[{"href":"https:\/\/tecsecmty.com\/index.php\/wp-json\/wp\/v2\/types\/product"}],"replies":[{"embeddable":true,"href":"https:\/\/tecsecmty.com\/index.php\/wp-json\/wp\/v2\/comments?post=4311"}],"version-history":[{"count":0,"href":"https:\/\/tecsecmty.com\/index.php\/wp-json\/wp\/v2\/product\/4311\/revisions"}],"wp:featuredmedia":[{"embeddable":true,"href":"https:\/\/tecsecmty.com\/index.php\/wp-json\/wp\/v2\/media\/4310"}],"wp:attachment":[{"href":"https:\/\/tecsecmty.com\/index.php\/wp-json\/wp\/v2\/media?parent=4311"}],"wp:term":[{"taxonomy":"product_brand","embeddable":true,"href":"https:\/\/tecsecmty.com\/index.php\/wp-json\/wp\/v2\/product_brand?post=4311"},{"taxonomy":"product_cat","embeddable":true,"href":"https:\/\/tecsecmty.com\/index.php\/wp-json\/wp\/v2\/product_cat?post=4311"},{"taxonomy":"product_tag","embeddable":true,"href":"https:\/\/tecsecmty.com\/index.php\/wp-json\/wp\/v2\/product_tag?post=4311"}],"curies":[{"name":"wp","href":"https:\/\/api.w.org\/{rel}","templated":true}]}}