{"id":4315,"date":"2023-02-23T00:34:24","date_gmt":"2023-02-23T06:34:24","guid":{"rendered":"https:\/\/tecsecmty.com\/index.php\/producto\/yonusa-ey10000127afbat-paquete-de-energizador-anti-plantas-o-alta-frecuencia-de-1000v-con-hasta-10000-mts-lineales-incluye-bateria-de-respaldo-de-12vdc-a-4-5-ah-sirena-de-30w-y-gabinete-metalico\/"},"modified":"2023-03-22T23:25:07","modified_gmt":"2023-03-23T05:25:07","slug":"yonusa-ey10000127afbat-paquete-de-energizador-anti-plantas-o-alta-frecuencia-de-1000v-con-hasta-10000-mts-lineales-incluye-bateria-de-respaldo-de-12vdc-a-4-5-ah-sirena-de-30w-y-gabinete-metalico","status":"publish","type":"product","link":"https:\/\/tecsecmty.com\/index.php\/producto\/yonusa-ey10000127afbat-paquete-de-energizador-anti-plantas-o-alta-frecuencia-de-1000v-con-hasta-10000-mts-lineales-incluye-bateria-de-respaldo-de-12vdc-a-4-5-ah-sirena-de-30w-y-gabinete-metalico\/","title":{"rendered":"YONUSA EY10000127AFBAT &#8211; Paquete de energizador anti plantas o alta frecuencia de 10,00V con hasta 10,000 mts lineales, incluye bater\u00eda de respaldo de 12VDC a 4.5 AH, sirena de 30W y gabinete met\u00e1lico"},"content":{"rendered":"<div class=\"row aling-items-center padding-bottom-2x\">\n<div class=\"col-lg-12\">\n<h5 class=\"card-title text-center\">DESCRIPCION DEL PAQUETE YONUSA EY10000127AFBAT<\/h5>\n<p><strong>El paquete YONUSA EYNG12001BAT incluye lo siguiente:<\/strong><\/p>\n<ul>\n<li>1 Energizador de alta frencuencia con funci\u00f3n antiplantas para cerco electrico de 10000 V modelo EY10000127 de la marca yonusa<\/li>\n<li>1 Bateria de respaldo de 12 volts de 4.5 Ah modelo CBAT45AH de la marca Saxxon<\/li>\n<li>1 Sirena Cableada para Exterior 12 VCD 30W 2 tonos 120 dB modelo SD30W de la marca DSC<\/li>\n<li>1 Gabinete Met\u00e1lico para Sirena Exterior de 30 WATTS de lamina modelo AV TT001<\/li>\n<\/ul>\n<p><img decoding=\"async\" class=\"overview-center-img-web\" src=\"https:\/\/tvc.mx\/media\/246003\/ENERGI~3.PNG\" alt=\"\" \/><\/div>\n<\/div>\n<div class=\"row align-items-center padding-bottom-2x\">\n<div class=\"col-md-5\"><img decoding=\"async\" class=\"d-block m-auto img-thumbnail\" src=\"https:\/\/tvc.mx\/media\/246007\/END847~1.PNG\" alt=\" \" \/><\/div>\n<div class=\"col-md-7 text-md-left text-center\">\n<h2>ENERGIZADOR DE ALTA FRECUENCIA EY10000127<\/h2>\n<p class=\"text-muted\">\n<p>El mejor y mas rentable sistema de protecci\u00f3n perimetral para proteger casas, condominios, bodegas, plazas comerciales, instituciones educativas, empresas, predios y cercados de ganado. Es un sistema disuasivo mediante letreros de alto voltaje y repulsivo ya que genera una descarga de mas de 10,000 voltios sin da\u00f1ar al intruso. Se ofrece un equipo confiable, eficiente y f\u00e1cil de instalar.<\/p>\n<p>Energizador para cerca el\u00e9ctrica de\u00a010,000 Volts.<\/p>\n<p>Equipo:\u00a0Con interface.<\/p>\n<p>Su alcance es de hasta\u00a010,000 metros lineales.<\/p>\n<p>NOTA:<\/p>\n<p>Este producto es de alta frecuencia, al encender el equipo y ajustar el potenci\u00f3 metro este estar\u00e1 emitiendo un zumbido durante su funcionamiento, este sonido es de manera normal as\u00ed trabaja el equipo.<\/p>\n<p>&nbsp;<\/p>\n<\/div>\n<\/div>\n<hr class=\"padding-bottom-2x\" \/>\n<div class=\"row align-items-center padding-bottom-2x\">\n<div class=\"col-md-5 order-md-2\"><img decoding=\"async\" class=\"d-block m-auto img-thumbnail\" src=\"https:\/\/tvc.mx\/media\/246011\/EN0313~1.PNG\" alt=\" \" \/><\/div>\n<div class=\"col-md-7 order-md-1 text-md-left text-center\">\n<h2>CARACTER\u00cdSTICAS PRINCIPALES<\/h2>\n<p class=\"text-muted\">\n<ul>\n<li>Gabinete NEMA 2 briznas y lloviznas.<\/li>\n<li>Dimensiones: 36 cm x 25.5 cm x 11 cm.<\/li>\n<li>Retardante a la flama (cumple con Norma V0).<\/li>\n<li>Peso 3.4 kg aproximadamente.<\/li>\n<li>Protecci\u00f3n contra rayos ultravioleta.<\/li>\n<li>Protecci\u00f3n antioxidante.<\/li>\n<li>Alimentaci\u00f3n 90-220Vac 50-60Hz o Panel Solar 12Vdc<\/li>\n<li>Salida auxiliar (1.5 amp 12 V) para alimentaci\u00f3n de sirenas, interrupciones, sensores, luces estrobosc\u00f3picas, etc.<\/li>\n<li>Salida temporizada para sirenas desde 1 minuto hasta 60 minutos.<\/li>\n<li>Dos salidas a contacto seco temporizadas (relay C NC NA) para aplicaciones de enlace a p\u00e1neles de alarma de cualquier marca, alimentaci\u00f3n de l\u00e1mparas hasta 1000 Watts o cualquier tipo de interface.<\/li>\n<li>Aviso de sirena en caso de falla del equipo y auto restablecimiento de sirena en caso de ca\u00edda a tierra moment\u00e1neo.<\/li>\n<li>Dispositivo electr\u00f3nico de alarma que contiene (C\/Interfase):<\/li>\n<\/ul>\n<ol>\n<li>Dos zonas de alarma temporizadas entrada y salida para sensores de intrusi\u00f3n NC.<\/li>\n<li>Dos zonas de alarma instant\u00e1neas NA.<\/li>\n<li>Zona para bot\u00f3n de p\u00e1nico.<\/li>\n<li>Zona para sensores de humo.<\/li>\n<li>Memoria de alarma en zonas.<\/li>\n<\/ol>\n<ul>\n<li>Rango de operaci\u00f3n -20\u00b0C hasta 120 \u00b0C.<\/li>\n<li>Electr\u00f3nica de estado s\u00f3lido grado militar<\/li>\n<li>Cargador de bater\u00eda de respaldo hasta 40 amp\/hora.<\/li>\n<li>Puerto de alimentaci\u00f3n para panel solar.<\/li>\n<li>Salida para contacto seco para automatizaci\u00f3n.<\/li>\n<li>M\u00e1ximo factor de humedad 72%.<\/li>\n<li>M\u00e1ximo factor de vibraci\u00f3n 12 Hz\/cm.<\/li>\n<li>Inmune a RF.<\/li>\n<li>Frecuencia de operaci\u00f3n de salida: 1Hz.<\/li>\n<li>Su circuito de control de corriente representa la seguridad del intruso sin atenuar la fuerza de rechazo.<\/li>\n<\/ul>\n<p>&nbsp;<\/p>\n<\/div>\n<\/div>\n<hr class=\"padding-bottom-2x\" \/>\n<div class=\"row align-items-center padding-bottom-2x\">\n<div class=\"col-md-5\"><img decoding=\"async\" class=\"d-block m-auto img-thumbnail\" src=\"https:\/\/tvc.mx\/media\/246015\/ENERGI~4.PNG\" alt=\" \" \/><\/div>\n<div class=\"col-md-7 text-md-left text-center\">\n<h2>BATERIA DE RESPALDO CBAT45AH<\/h2>\n<p class=\"text-muted\">\n<p>Las bater\u00edas Saxxon\u00a0CBAT45AH\u00a0han sido desarrolladas para m\u00faltiples aplicaciones, como por ejemplo desde un sistemas UPS, aportando una vida m\u00e1xima y simult\u00e1neamente cumpliendo con los est\u00e1ndares rigurosos de la industria y hasta usarla en un gabinete para alarma o controles de acceso aportando protecci\u00f3n y seguridad aun cuando estamos sin corriente el\u00e9ctrica.<\/p>\n<ul>\n<li class=\"ql-align-justify\">De uso m\u00faltiple<\/li>\n<li class=\"ql-align-justify\">Fuente de alimentaci\u00f3n ininterrumpida (UPS)<\/li>\n<li class=\"ql-align-justify\">Sistema de energ\u00eda el\u00e9ctrica (EPS)<\/li>\n<li class=\"ql-align-justify\">Fuente de alimentaci\u00f3n de respaldo de emergencia<\/li>\n<li class=\"ql-align-justify\">Luz de emergencia<\/li>\n<li class=\"ql-align-justify\">Se\u00f1al ferroviaria<\/li>\n<li class=\"ql-align-justify\">Se\u00f1al de la aeronave<\/li>\n<li class=\"ql-align-justify\">Sistema de alarma y seguridad.<\/li>\n<li class=\"ql-align-justify\">Aparatos y equipos electr\u00f3nicos<\/li>\n<li class=\"ql-align-justify\">Fuente de alimentaci\u00f3n de comunicaci\u00f3n<\/li>\n<li class=\"ql-align-justify\">Fuente de alimentaci\u00f3n DC<\/li>\n<li class=\"ql-align-justify\">Sistema de control autom\u00e1tico<\/li>\n<\/ul>\n<p>&nbsp;<\/p>\n<\/div>\n<\/div>\n<hr class=\"padding-bottom-2x\" \/>\n<div class=\"row align-items-center padding-bottom-2x\">\n<div class=\"col-md-5 order-md-2\"><img decoding=\"async\" class=\"d-block m-auto img-thumbnail\" src=\"https:\/\/tvc.mx\/media\/246019\/EN29DA~1.PNG\" alt=\" \" \/><\/div>\n<div class=\"col-md-7 order-md-1 text-md-left text-center\">\n<h2>SIRENA CABLEADA PARA EXTERIOR SD30W<\/h2>\n<p class=\"text-muted\">\n<p>La sirena SD-30W es una sirena de dos tonos\u00a0(Yelp y Permanente) con 120 Db y 30 W\u00a0para exterior\u00a0con montaje. Est\u00e1 dise\u00f1ada para todo tipo de ambiente\u00a0o tambi\u00e9n es apta para sistemas de incendio\u00a0o cercas el\u00e9ctricas.<\/p>\n<p><strong>Especificaciones T\u00e9cnicas<\/strong><\/p>\n<ul>\n<li>Fabricada en pl\u00e1stico ABS<\/li>\n<li>Nivel de sonido: 122db<\/li>\n<li>Tono: Yelp y Permanente<\/li>\n<li>Potencia: 12 VDC<\/li>\n<li>Corriente: 1000 mA<\/li>\n<li>Dimensiones: 8\u00bb x 5.5\u00bb x 9\u00bb<\/li>\n<\/ul>\n<p>&nbsp;<\/p>\n<\/div>\n<\/div>\n<hr class=\"padding-bottom-2x\" \/>\n<div class=\"row align-items-center padding-bottom-2x\">\n<div class=\"col-md-5\"><img decoding=\"async\" class=\"d-block m-auto img-thumbnail\" src=\"https:\/\/tvc.mx\/media\/246023\/EN52CA~1.PNG\" alt=\" \" \/><\/div>\n<div class=\"col-md-7 text-md-left text-center\">\n<h2>GABIENTE METALICO AV TT001<\/h2>\n<p class=\"text-muted\">\n<ul>\n<li class=\"ql-align-justify\">Gabinete met\u00e1lico ideal para albergar una sirena de 30 Watts.<\/li>\n<li class=\"ql-align-justify\">Dise\u00f1ado para brindar mayor seguridad y funcionamiento \u00f3ptimo de los equipos.<\/li>\n<li class=\"ql-align-justify\">Soporta la instalaci\u00f3n de una sirena de 30 watts, fabricado en lamina de acero dimensiones 23 x 27 x 17 cm.<\/li>\n<\/ul>\n<h3><\/h3>\n<p><strong>Beneficios adicionales:<\/strong><\/p>\n<ul>\n<li>Funcionamiento \u00f3ptimo de la sirena.<\/li>\n<li>Compatibilidad:<\/li>\n<li>Sirena SD-30Watts.<\/li>\n<li>Notas Adicionales:<\/li>\n<li>Evite instalar el gabinete en lugares que est\u00e9n expuestos a chorros de agua, para mayor seguridad de la sirena.<\/li>\n<\/ul>\n<h3><\/h3>\n<p><strong>Especificaciones T\u00e9cnicas:<\/strong><\/p>\n<ul>\n<li>Tapa exterior desmontable<\/li>\n<li>Material: L\u00e1mina de acero RF cal.22<\/li>\n<li>Color: Gris<\/li>\n<li>Dimensiones: (Alto x Ancho x Profundidad) 23 x 27 x 17 cm.<\/li>\n<\/ul>\n<p><strong>Funcionalidad<\/strong><\/p>\n<ul>\n<li>Permite albergar la sirena, brindando mayor protecci\u00f3n del equipo.<\/li>\n<\/ul>\n<\/div>\n<\/div>\n","protected":false},"excerpt":{"rendered":"<p>DESCRIPCION DEL PAQUETE YONUSA EY10000127AFBAT El paquete YONUSA EYNG12001BAT incluye lo siguiente: 1 Energizador de alta frencuencia con funci\u00f3n antiplantas para cerco electrico de 10000 V modelo EY10000127 de la marca yonusa 1 Bateria de respaldo de 12 volts de 4.5 Ah modelo CBAT45AH de&hellip;<\/p>\n","protected":false},"featured_media":4314,"comment_status":"open","ping_status":"closed","template":"","meta":{"om_disable_all_campaigns":false,"_monsterinsights_skip_tracking":false,"_monsterinsights_sitenote_active":false,"_monsterinsights_sitenote_note":"","_monsterinsights_sitenote_category":0},"product_brand":[],"product_cat":[314],"product_tag":[212,211,151],"class_list":{"0":"post-4315","1":"product","2":"type-product","3":"status-publish","4":"has-post-thumbnail","6":"product_cat-energizadores","7":"product_tag-alarmas","8":"product_tag-alarmas-e-intrusion","9":"product_tag-seguridad","11":"first","12":"instock","13":"sale","14":"taxable","15":"shipping-taxable","16":"purchasable","17":"product-type-simple"},"aioseo_notices":[],"_links":{"self":[{"href":"https:\/\/tecsecmty.com\/index.php\/wp-json\/wp\/v2\/product\/4315","targetHints":{"allow":["GET"]}}],"collection":[{"href":"https:\/\/tecsecmty.com\/index.php\/wp-json\/wp\/v2\/product"}],"about":[{"href":"https:\/\/tecsecmty.com\/index.php\/wp-json\/wp\/v2\/types\/product"}],"replies":[{"embeddable":true,"href":"https:\/\/tecsecmty.com\/index.php\/wp-json\/wp\/v2\/comments?post=4315"}],"version-history":[{"count":0,"href":"https:\/\/tecsecmty.com\/index.php\/wp-json\/wp\/v2\/product\/4315\/revisions"}],"wp:featuredmedia":[{"embeddable":true,"href":"https:\/\/tecsecmty.com\/index.php\/wp-json\/wp\/v2\/media\/4314"}],"wp:attachment":[{"href":"https:\/\/tecsecmty.com\/index.php\/wp-json\/wp\/v2\/media?parent=4315"}],"wp:term":[{"taxonomy":"product_brand","embeddable":true,"href":"https:\/\/tecsecmty.com\/index.php\/wp-json\/wp\/v2\/product_brand?post=4315"},{"taxonomy":"product_cat","embeddable":true,"href":"https:\/\/tecsecmty.com\/index.php\/wp-json\/wp\/v2\/product_cat?post=4315"},{"taxonomy":"product_tag","embeddable":true,"href":"https:\/\/tecsecmty.com\/index.php\/wp-json\/wp\/v2\/product_tag?post=4315"}],"curies":[{"name":"wp","href":"https:\/\/api.w.org\/{rel}","templated":true}]}}