{"id":4317,"date":"2023-02-23T00:34:26","date_gmt":"2023-02-23T06:34:26","guid":{"rendered":"https:\/\/tecsecmty.com\/index.php\/producto\/yonusa-ey10000127afwifi-paquete-de-energizador-de-alta-frecuencia-antiplantas-de-10000v-y-modulo-wifi-para-control-desde-app\/"},"modified":"2023-03-22T23:25:07","modified_gmt":"2023-03-23T05:25:07","slug":"yonusa-ey10000127afwifi-paquete-de-energizador-de-alta-frecuencia-antiplantas-de-10000v-y-modulo-wifi-para-control-desde-app","status":"publish","type":"product","link":"https:\/\/tecsecmty.com\/index.php\/producto\/yonusa-ey10000127afwifi-paquete-de-energizador-de-alta-frecuencia-antiplantas-de-10000v-y-modulo-wifi-para-control-desde-app\/","title":{"rendered":"YONUSA EY10000127AFWIFI &#8211; Paquete de ENERGIZADOR de alta frecuencia ANTIPLANTAS de 10000V y modulo WiFi para control desde APP"},"content":{"rendered":"<div class=\"row aling-items-center padding-bottom-2x\">\n<div class=\"col-lg-12\">\n<h5 class=\"card-title text-center\">DESCRIPCION<\/h5>\n<p><strong>En el kit podemos observar que esta formado por lo siguientes equipos:<\/strong><\/p>\n<ul>\n<li>Energizador para cerca electrica 12000V \/ Sin interfase \/ nueva generaci\u00f3n para cerca el\u00e9ctrica \/ Cargador integrado de bater\u00eda.<\/li>\n<li>Modulo WiFi para control de cercas el\u00e9ctricas v\u00eda remota, compatible con dispositivos iOS y Android.<\/li>\n<\/ul>\n<p><img decoding=\"async\" class=\"overview-center-img-web\" src=\"https:\/\/tvc.mx\/media\/57645\/YON6500007-1.jpg\" alt=\"\" \/><\/div>\n<\/div>\n<div class=\"row align-items-center padding-bottom-2x\">\n<div class=\"col-md-5\"><img decoding=\"async\" class=\"d-block m-auto img-thumbnail\" src=\"https:\/\/tvc.mx\/media\/57648\/YON6500007-3.jpg\" alt=\" \" \/><\/div>\n<div class=\"col-md-7 text-md-left text-center\">\n<h2>INFORMACION GENERAL<\/h2>\n<p class=\"text-muted\">\n<h3>El mejor y mas rentable sistema de protecci\u00f3n perimetral para proteger casas, condominios, bodegas, plazas comerciales, instituciones educativas, empresas, predios y cercados de ganado. Es un sistema disuasivo mediante letreros de alto voltaje y repulsivo ya que genera una descarga de mas de 10,000 voltios sin da\u00f1ar al intruso. Se ofrece un equipo confiable, eficiente y f\u00e1cil de instalar.<\/h3>\n<h3>Energizador para cerca el\u00e9ctrica de\u00a0<strong>10,000 Volts.<\/strong><\/h3>\n<h3>Equipo:\u00a0<strong>Con interfase.<\/strong><\/h3>\n<h3>Su alcance es de hasta\u00a0<strong>10,000 metros lineales.\u00a0<\/strong><\/h3>\n<p>&nbsp;<\/p>\n<\/div>\n<\/div>\n<hr class=\"padding-bottom-2x\" \/>\n<div class=\"row align-items-center padding-bottom-2x\">\n<div class=\"col-md-5 order-md-2\"><img decoding=\"async\" class=\"d-block m-auto img-thumbnail\" src=\"https:\/\/tvc.mx\/media\/57651\/YON6500007-4.jpg\" alt=\" \" \/><\/div>\n<div class=\"col-md-7 order-md-1 text-md-left text-center\">\n<h2>FUNCIONALIDAD<\/h2>\n<p class=\"text-muted\">\n<ul>\n<li>Cargador integrado y espacio interno para bater\u00eda de 4 A\/h 12 VDC, la cual respalda al equipo por 3 dias continuos de trabajo.<\/li>\n<li>Opci\u00f3n de alimentar al equipo por medio de un panel solar.<\/li>\n<li>Detector de intrusi\u00f3n por:<\/li>\n<li class=\"ql-indent-1\">Atenuaci\u00f3n de voltaje<\/li>\n<li class=\"ql-indent-1\">Corte de l\u00ednea<\/li>\n<li class=\"ql-indent-1\">Aterramiento de la l\u00ednea<\/li>\n<li>Su panel frontal luminoso permite conocer f\u00e1cilmente el estado de operaci\u00f3n del equipo.<\/li>\n<li>Excelente estabilidad ante lluvia y plantas (no genera falsas alarmas).<\/li>\n<li>Control de llave de seguridad para encendido, apagado y bloqueo del equipo.<\/li>\n<li>Operaci\u00f3n independiente del cercado y la alarma.<\/li>\n<li>Opci\u00f3n de operaci\u00f3n aun cuando el cerco se encuentra roto o da\u00f1ado.<\/li>\n<li>Puerto de entrada para control remoto para 20 mandos que integran dos contactos secos permanentes o pulsantes, confirmaci\u00f3n por sirena en apertura y cierre, funci\u00f3n de p\u00e1nico. Alcance de 75 con l\u00ednea de vista +\/- 25%.<\/li>\n<li>Dise\u00f1ado para uso rudo, lo cual permite una operaci\u00f3n continua.<\/li>\n<li>Capacidad para operar 2 sirenas a 12 VDC, 30 watts, 120 dB.<\/li>\n<li>Opci\u00f3n de integrar discadores telef\u00f3nicos o digitales.<\/li>\n<li>Compatible con comunicadores GPRS y Satelital.<\/li>\n<li>Su controlador de energ\u00eda representa la seguridad del intruso sin atenuar la fuerza del rechazo.<\/li>\n<li>Sus circuitos de alimentaci\u00f3n se encuentran protegidos por fusibles, reguladores electr\u00f3nicos de voltaje, supresores de transigentes que protegen al equipo y permite operar con una variaci\u00f3n de +\/- 15% de voltaje de alimentaci\u00f3n.<\/li>\n<li>Operaci\u00f3n sin ruido el\u00e9ctrico por su arrestador de picos integrados.<\/li>\n<\/ul>\n<p>&nbsp;<\/p>\n<\/div>\n<\/div>\n<hr class=\"padding-bottom-2x\" \/>\n<div class=\"row align-items-center padding-bottom-2x\">\n<div class=\"col-md-5\"><img decoding=\"async\" class=\"d-block m-auto img-thumbnail\" src=\"https:\/\/tvc.mx\/media\/57654\/YON6500007-5.jpg\" alt=\" \" \/><\/div>\n<div class=\"col-md-7 text-md-left text-center\">\n<h2>PRINCIPALES CARACTER\u00cdSTICAS<\/h2>\n<p class=\"text-muted\">\n<ul>\n<li>Gabinete NEMA 2 briznas y lloviznas.<\/li>\n<li>Dimensiones: 36 cm x 25.5 cm x 11 cm.<\/li>\n<li>Retardante a la flama (cumple con Norma V0).<\/li>\n<li>Peso 3.4 kg aproximadamente.<\/li>\n<li>Protecci\u00f3n contra rayos ultravioleta.<\/li>\n<li>Protecci\u00f3n antioxidante.<\/li>\n<li>Alimentaci\u00f3n 90-220Vac 50-60Hz o Panel Solar 12Vdc<\/li>\n<li>Salida auxiliar (1.5 amp 12 V) para alimentaci\u00f3n de sirenas, interrupciones, sensores, luces estrobosc\u00f3picas, etc.<\/li>\n<li>Salida temporizada para sirenas desde 1 minuto hasta 60 minutos.<\/li>\n<li>Dos salidas a contacto seco temporizadas (relay C NC NA) para aplicaciones de enlace a p\u00e1neles de alarma de cualquier marca, alimentaci\u00f3n de l\u00e1mparas hasta 1000 Watts o cualquier tipo de interface.<\/li>\n<li>Aviso de sirena en caso de falla del equipo y auto restablecimiento de sirena en caso de ca\u00edda a tierra moment\u00e1neo.<\/li>\n<li><strong>Dispositivo electr\u00f3nico de alarma que contiene (C\/Interfase):<\/strong><\/li>\n<\/ul>\n<ol>\n<li>Dos zonas de alarma temporizadas entrada y salida para sensores de intrusi\u00f3n NC.<\/li>\n<li>Dos zonas de alarma instant\u00e1neas NA.<\/li>\n<li>Zona para bot\u00f3n de p\u00e1nico.<\/li>\n<li>Zona para sensores de humo.<\/li>\n<li>Memoria de alarma en zonas.<\/li>\n<\/ol>\n<ul>\n<li>Rango de operaci\u00f3n -20\u00b0C hasta 120 \u00b0C.<\/li>\n<li>Electr\u00f3nica de estado s\u00f3lido grado militar<\/li>\n<li>Cargador de bater\u00eda de respaldo hasta 40 amp\/hora.<\/li>\n<li>Puerto de alimentaci\u00f3n para panel solar.<\/li>\n<li>Salida para contacto seco para automatizaci\u00f3n.<\/li>\n<li>M\u00e1ximo factor de humedad 72%.<\/li>\n<li>M\u00e1ximo factor de vibraci\u00f3n 12 Hz\/cm.<\/li>\n<li>Inmune a RF.<\/li>\n<li>Frecuencia de operaci\u00f3n de salida: 1Hz.<\/li>\n<li>Su circuito de control de corriente representa la seguridad del intruso sin atenuar la fuerza de rechazo.<\/li>\n<\/ul>\n<p>&nbsp;<\/p>\n<\/div>\n<\/div>\n<hr class=\"padding-bottom-2x\" \/>\n<div class=\"row align-items-center padding-bottom-2x\">\n<div class=\"col-md-5 order-md-2\"><img decoding=\"async\" class=\"d-block m-auto img-thumbnail\" src=\"https:\/\/tvc.mx\/media\/57657\/YON6500007-6.jpg\" alt=\" \" \/><\/div>\n<div class=\"col-md-7 order-md-1 text-md-left text-center\">\n<h2>PARAMETROS<\/h2>\n<p class=\"text-muted\">\n<ul>\n<li><strong>Consumo:<\/strong>\u00a00.3 AMP. 3.6 W\/H.<\/li>\n<li><strong>Tensi\u00f3n de Salida:<\/strong>\u00a01,000 V a 10,000 V Antiplantas.<\/li>\n<li><strong>Fuerza de Pulso:<\/strong>\u00a01.2 a 8 Joules.<\/li>\n<li><strong>Respaldo de Bater\u00eda:<\/strong>\u00a03 d\u00edas con bater\u00eda interna y 30 d\u00edas bater\u00eda externa.<\/li>\n<li><strong>Consumo:<\/strong>\u00a03.5 W en operaci\u00f3n, 4.1 W en alarma + consumo de sirenas<\/li>\n<li><strong>Alcance lineal de alambre<\/strong>: 10,000 metros lineales.<\/li>\n<li><strong>Gasto en consumo de energ\u00eda el\u00e9ctrica aproximado:<\/strong>\u00a0$0.30 USD mensuales = 2.6 kw\/mes.<\/li>\n<\/ul>\n<p>&nbsp;<\/p>\n<\/div>\n<\/div>\n<hr class=\"padding-bottom-2x\" \/>\n<div class=\"row align-items-center padding-bottom-2x\">\n<div class=\"col-md-5\"><img decoding=\"async\" class=\"d-block m-auto img-thumbnail\" src=\"https:\/\/tvc.mx\/media\/57660\/YON6500007-8.jpg\" alt=\" \" \/><\/div>\n<div class=\"col-md-7 text-md-left text-center\">\n<h2>INFORMACION GENERAL DE LA TARJETA WIFI<\/h2>\n<p class=\"text-muted\">\n<p><strong>MODULO WIFI LITE YONUSA (M-WF\/LITE)\u00a0<\/strong><\/p>\n<p><strong>YONUSA<\/strong>\u00a0ahora hace posible que la comunicaci\u00f3n con tu cerco el\u00e9ctrico a trav\u00e9s de la tecnolog\u00eda WIFI o v\u00eda red\u00a0<strong>3G\/4G\u00a0<\/strong>est\u00e9 cada vez m\u00e1s cerca de ti.<\/p>\n<p>Esta es nuestra versi\u00f3n\u00a0<strong>WIFI Lite<\/strong>.<\/p>\n<p>&nbsp;<\/p>\n<\/div>\n<\/div>\n<hr class=\"padding-bottom-2x\" \/>\n<div class=\"row align-items-center padding-bottom-2x\">\n<div class=\"col-md-5 order-md-2\"><img decoding=\"async\" class=\"d-block m-auto img-thumbnail\" src=\"https:\/\/tvc.mx\/media\/109133\/YON6500006-6.jpg\" alt=\" \" \/><\/div>\n<div class=\"col-md-7 order-md-1 text-md-left text-center\">\n<h2>FUNCIONES<\/h2>\n<p class=\"text-muted\">\n<ul>\n<li>Control de encendido y apagado del energizador de cerca el\u00e9ctrica Yonusa.<\/li>\n<li>Bot\u00f3n de P\u00e1nico. Controla tu sirena de alarma.<\/li>\n<li>Control de encendido \/ apagado de un auxiliar.<\/li>\n<li>Notificaci\u00f3n en tiempo real de alarma de corte o aterramiento de cerca el\u00e9ctrica<\/li>\n<li>Notificaci\u00f3n de desconexi\u00f3n o conexi\u00f3n de la alimentaci\u00f3n de 127Vca.<\/li>\n<li>Notificaci\u00f3n de bater\u00eda baja.<\/li>\n<li>Muestra historial de eventos por fecha.<\/li>\n<li>Compartir el control de tus dispositivos con otros usuarios.<\/li>\n<li>Control de permisos de acci\u00f3n a todos los usuarios.<\/li>\n<li>Notificaci\u00f3n de cada acci\u00f3n realizada sobre la cerca.<\/li>\n<li>Visualizaci\u00f3n r\u00e1pida del \u00faltimo evento.<\/li>\n<li>Controlable usando estos datos 3G\/4G.<\/li>\n<\/ul>\n<p>&nbsp;<\/p>\n<\/div>\n<\/div>\n<hr class=\"padding-bottom-2x\" \/>\n<div class=\"row align-items-center padding-bottom-2x\">\n<div class=\"col-md-5\"><img decoding=\"async\" class=\"d-block m-auto img-thumbnail\" src=\"https:\/\/tvc.mx\/media\/109137\/YON6500006-5.jpg\" alt=\" \" \/><\/div>\n<div class=\"col-md-7 text-md-left text-center\">\n<h2>ESPECIFICACIONES<\/h2>\n<p class=\"text-muted\">\n<ul>\n<li>Est\u00e1ndar WiFi 802.11 b\/g\/n.<\/li>\n<li>Velocidad de transferencia de datos 130 Mbit\/s.<\/li>\n<li>Frecuencia de trabajo: 2.4 GHz.<\/li>\n<li>Cifrado de contrase\u00f1as: WPA, WPA-2, TKIP.<\/li>\n<li>Canales para transferencia de datos: 1, 6,11.<\/li>\n<li>Potencia de conexi\u00f3n recomendada: -55 a -75 dBm.<\/li>\n<li>Voltaje de operaci\u00f3n: 12 Vdc.<\/li>\n<li>Consumo de 0.1 Watts.<\/li>\n<li>1 contacto seco para salida auxiliar.<\/li>\n<li>F\u00e1cil Instalaci\u00f3n a cualquier energizador Yonusa<\/li>\n<li>Para su correcto funcionamiento necesita configurarlo a una conexi\u00f3n estable a internet WIFI<\/li>\n<\/ul>\n<p>&nbsp;<\/p>\n<\/div>\n<\/div>\n<hr class=\"padding-bottom-2x\" \/>\n<div class=\"row align-items-center padding-bottom-2x\">\n<div class=\"col-md-5 order-md-2\"><img decoding=\"async\" class=\"d-block m-auto img-thumbnail\" src=\"https:\/\/tvc.mx\/media\/57669\/YON6500007-11.jpg\" alt=\" \" \/><\/div>\n<div class=\"col-md-7 order-md-1 text-md-left text-center\">\n<h2>APLICACION YONUSA 2.0<\/h2>\n<p class=\"text-muted\">\n<ul>\n<li>Visualizaci\u00f3n r\u00e1pida del \u00faltimo evento.<\/li>\n<li>Ver historial de hasta 999999 eventos.<\/li>\n<li>Notificaci\u00f3n en tiempo real de alarma de corte o aterramiento de cerca el\u00e9ctrica.<\/li>\n<li>Notificaci\u00f3n de desconexi\u00f3n y\/o conexi\u00f3n de la alimentaci\u00f3n de 127 VCA.<\/li>\n<li>Notificaci\u00f3n de bater\u00eda baja.<\/li>\n<li>Notificaci\u00f3n de cada acci\u00f3n realizada realizada sobre la cerca.<\/li>\n<li>Compartir la cerca el\u00e9ctrica con otros usuarios.<\/li>\n<li>Control de permisos de acci\u00f3n a otros usuarios.<\/li>\n<li>Ubicaci\u00f3n en el mapa de la cerca el\u00e9ctrica.<\/li>\n<li>Mejor ruta para llegar desde cualquier punto a la ubicaci\u00f3n de la cerca el\u00e9ctrica.<\/li>\n<li>Disponible para Android y iOS.<\/li>\n<\/ul>\n<p>&nbsp;<\/p>\n<\/div>\n<\/div>\n<hr class=\"padding-bottom-2x\" \/>\n<div class=\"row align-items-center padding-bottom-2x\">\n<div class=\"col-md-5\"><img decoding=\"async\" class=\"d-block m-auto img-thumbnail\" src=\"https:\/\/tvc.mx\/media\/57672\/YON6500007-12.jpg\" alt=\" \" \/><\/div>\n<div class=\"col-md-7 text-md-left text-center\">\n<h2>PLATAFORMAS EN LAS QUE PODEMOS TRABAJAR<\/h2>\n<p class=\"text-muted\">\n<p>La tarjeta Wifi puede trabajar en las distintas plataformas de tanto para Android, como iOS, las cuales son compatibles con la aplicaci\u00f3n m\u00f3vil Yonusa 2.0.<\/p>\n<\/div>\n<\/div>\n","protected":false},"excerpt":{"rendered":"<p>DESCRIPCION En el kit podemos observar que esta formado por lo siguientes equipos: Energizador para cerca electrica 12000V \/ Sin interfase \/ nueva generaci\u00f3n para cerca el\u00e9ctrica \/ Cargador integrado de bater\u00eda. Modulo WiFi para control de cercas el\u00e9ctricas v\u00eda remota, compatible con dispositivos iOS&hellip;<\/p>\n","protected":false},"featured_media":4316,"comment_status":"open","ping_status":"closed","template":"","meta":{"om_disable_all_campaigns":false,"_monsterinsights_skip_tracking":false,"_monsterinsights_sitenote_active":false,"_monsterinsights_sitenote_note":"","_monsterinsights_sitenote_category":0},"product_brand":[],"product_cat":[314],"product_tag":[212,211,151],"class_list":{"0":"post-4317","1":"product","2":"type-product","3":"status-publish","4":"has-post-thumbnail","6":"product_cat-energizadores","7":"product_tag-alarmas","8":"product_tag-alarmas-e-intrusion","9":"product_tag-seguridad","11":"first","12":"instock","13":"sale","14":"taxable","15":"shipping-taxable","16":"purchasable","17":"product-type-simple"},"aioseo_notices":[],"_links":{"self":[{"href":"https:\/\/tecsecmty.com\/index.php\/wp-json\/wp\/v2\/product\/4317","targetHints":{"allow":["GET"]}}],"collection":[{"href":"https:\/\/tecsecmty.com\/index.php\/wp-json\/wp\/v2\/product"}],"about":[{"href":"https:\/\/tecsecmty.com\/index.php\/wp-json\/wp\/v2\/types\/product"}],"replies":[{"embeddable":true,"href":"https:\/\/tecsecmty.com\/index.php\/wp-json\/wp\/v2\/comments?post=4317"}],"version-history":[{"count":0,"href":"https:\/\/tecsecmty.com\/index.php\/wp-json\/wp\/v2\/product\/4317\/revisions"}],"wp:featuredmedia":[{"embeddable":true,"href":"https:\/\/tecsecmty.com\/index.php\/wp-json\/wp\/v2\/media\/4316"}],"wp:attachment":[{"href":"https:\/\/tecsecmty.com\/index.php\/wp-json\/wp\/v2\/media?parent=4317"}],"wp:term":[{"taxonomy":"product_brand","embeddable":true,"href":"https:\/\/tecsecmty.com\/index.php\/wp-json\/wp\/v2\/product_brand?post=4317"},{"taxonomy":"product_cat","embeddable":true,"href":"https:\/\/tecsecmty.com\/index.php\/wp-json\/wp\/v2\/product_cat?post=4317"},{"taxonomy":"product_tag","embeddable":true,"href":"https:\/\/tecsecmty.com\/index.php\/wp-json\/wp\/v2\/product_tag?post=4317"}],"curies":[{"name":"wp","href":"https:\/\/api.w.org\/{rel}","templated":true}]}}