{"id":4319,"date":"2023-02-23T00:34:28","date_gmt":"2023-02-23T06:34:28","guid":{"rendered":"https:\/\/tecsecmty.com\/index.php\/producto\/yonusa-ey12000127p-energizador-para-solucion-de-cerco-electrico-con-salida-de-12000v-y-3500-metros-lineales-sin-interface-soporta-modulo-wifi-y-bateria-de-respaldo\/"},"modified":"2023-03-22T23:25:07","modified_gmt":"2023-03-23T05:25:07","slug":"yonusa-ey12000127p-energizador-para-solucion-de-cerco-electrico-con-salida-de-12000v-y-3500-metros-lineales-sin-interface-soporta-modulo-wifi-y-bateria-de-respaldo","status":"publish","type":"product","link":"https:\/\/tecsecmty.com\/index.php\/producto\/yonusa-ey12000127p-energizador-para-solucion-de-cerco-electrico-con-salida-de-12000v-y-3500-metros-lineales-sin-interface-soporta-modulo-wifi-y-bateria-de-respaldo\/","title":{"rendered":"YONUSA EY12000127P &#8211; Energizador para soluci\u00f3n de cerco el\u00e9ctrico con salida de 12000V y 3500 metros Lineales \/ Sin interface\/ Soporta modulo WiFi y bater\u00eda de respaldo"},"content":{"rendered":"<div class=\"row aling-items-center padding-bottom-2x\">\n<div class=\"col-lg-12\">\n<h5 class=\"card-title text-center\">INFORMACION GENERAL<\/h5>\n<p>El mejor y mas rentable sistema de protecci\u00f3n perimetral para proteger casas, condominios, bodegas, plazas comerciales, instituciones educativas, empresas, predios y cercados de ganado. Es un sistema disuasivo mediante letreros de alto voltaje y repulsivo ya que genera una descarga de\u00a0<strong>mas de 10,000 voltios sin da\u00f1ar al intruso<\/strong>. Se ofrece un equipo confiable, eficiente y f\u00e1cil de instalar.<\/p>\n<p>Energizador para cerca el\u00e9ctrica de<strong>\u00a012000 Volts.<\/strong><\/p>\n<p>Equipo:\u00a0<strong>Sin interfase<\/strong>.<\/p>\n<p>Su alcance es de hasta<strong>\u00a03,500 metros lineales.\u00a0<\/strong><\/p>\n<p><strong>700 mts. en 5 l\u00edneas.<\/strong><\/p>\n<h3><\/h3>\n<p><img decoding=\"async\" class=\"overview-center-img-web\" src=\"https:\/\/tvc.mx\/media\/379991\/YONUSA-YON6500002-EY10000127AF-ENERGIZADOR-ALTA-FRECUENCIA-O-ANTIPLANTAS-CENTRAL.png\" alt=\"\" \/><\/div>\n<\/div>\n<div class=\"row align-items-center padding-bottom-2x\">\n<div class=\"col-md-5\"><img decoding=\"async\" class=\"d-block m-auto img-thumbnail\" src=\"https:\/\/tvc.mx\/media\/379999\/YONUSA-YON6500002-EY10000127AF-ENERGIZADOR-ALTA-FRECUENCIA-O-ANTIPLANTAS--DER.png\" alt=\" \" \/><\/div>\n<div class=\"col-md-7 text-md-left text-center\">\n<h2>Caracter\u00edsticas Principales<\/h2>\n<p class=\"text-muted\">\n<ul>\n<li>Cargador integrado y espacio interno para bater\u00eda de 4 A\/h 12 VDC, la cual respalda al equipo por 3 dias continuos de trabajo.<\/li>\n<li>Opci\u00f3n de alimentar al equipo por medio de un panel solar.<\/li>\n<li>Detector de instrusi\u00f3n por:<\/li>\n<li class=\"ql-indent-1\">Atenuaci\u00f3n de voltaje<\/li>\n<li class=\"ql-indent-1\">Corte de l\u00ednea<\/li>\n<li class=\"ql-indent-1\">Aterrizamiento de la l\u00ednea<\/li>\n<li>Su panel frontal luminoso permite conocer facilmente el estado de operaci\u00f3n del equipo.<\/li>\n<li>Excelente estabilidad ante lluvia y plantas (no genera falsas alarmas).<\/li>\n<li>Control de llave de seguridad para encendido, apagado y bloqueo del equipo.<\/li>\n<li>Operaci\u00f3n independiente del cercado y la alarma.<\/li>\n<li>Opci\u00f3n de operaci\u00f3n aun cuando el cerco se encuentra roto o da\u00f1ado.<\/li>\n<li>Puerto de entrada de control remoto 75 metros con linea de vista.<\/li>\n<li>Dise\u00f1ado para uso rudo, lo cual permite una operaci\u00f3n continua.<\/li>\n<li>Capacidad para operar 2 sirenas a 12 VDC, 30 watts, 120 dB.<\/li>\n<li>Opci\u00f3n de integrar discadores telef\u00f3nicos o digitales.<\/li>\n<li>Salida para transmisor GPRS y satelital, compatible con comunicadores GPRS, Satelital y Wifi.<\/li>\n<li>Compatible con el m\u00f3dulo Wifi Yonusa<\/li>\n<li>Su controlador de energ\u00eda representa la seguridad del intruso sin atenuar la fuerza del rechazo.<\/li>\n<li>Sus circuitos de alimentaci\u00f3n se encuentran protegidos por fusibles, reguladores electr\u00f3nicos de voltaje, supresores de transientes que protejen al equipo y permite operar con una variaci\u00f3n de +\/- 15% de voltaje de alimentaci\u00f3n.<\/li>\n<li>Operaci\u00f3n sin ruido el\u00e9ctrico por su arrestador de picos integrados.<\/li>\n<\/ul>\n<p>&nbsp;<\/p>\n<\/div>\n<\/div>\n<hr class=\"padding-bottom-2x\" \/>\n<div class=\"row align-items-center padding-bottom-2x\">\n<div class=\"col-md-5 order-md-2\"><img decoding=\"async\" class=\"d-block m-auto img-thumbnail\" src=\"https:\/\/tvc.mx\/media\/380003\/YONUSA-YON6500002-EY10000127AF-ENERGIZADOR-ALTA-FRECUENCIA-O-ANTIPLANTAS--IZQ.png\" alt=\" \" \/><\/div>\n<div class=\"col-md-7 order-md-1 text-md-left text-center\">\n<h2>Especificaciones T\u00e9cnicas<\/h2>\n<p class=\"text-muted\">\n<ul>\n<li>Gabinete NEMA 2 briznas y lloviznas.<\/li>\n<li>Dimensiones: 36 cm x 25.5 cm x 11 cm.<\/li>\n<li>Retardante a la flama (cumple con Norma V0).<\/li>\n<li>Peso 3.4 kg aproximadamente.<\/li>\n<li>Protecci\u00f3n contra rayos ultravioleta.<\/li>\n<li>Protecci\u00f3n antioxidante.<\/li>\n<li>Alimentaci\u00f3n 90-220Vac 50-60Hz o Panel Solar 12Vdc.<\/li>\n<li>Salida auxiliar (1.5 amp 12 V) para alimentaci\u00f3n de sirenas, interrupciones, sensores, luces estrobosc\u00f3picas, etc.<\/li>\n<li>Salida temporizada para sirenas desde 1 minuto hasta 60 minutos.<\/li>\n<li>Dos salidas a contacto seco temporizadas (relay C NC NA) para aplicaciones de enlace a p\u00e1neles de alarma de cualquier marca, alimentaci\u00f3n de l\u00e1mparas hasta 1000 Watts o cualquier tipo de interface.<\/li>\n<li>Aviso de sirena en caso de falla del equipo y auto restablecimiento de sirena en caso de ca\u00edda a tierra moment\u00e1neo.<\/li>\n<li>Rango de operaci\u00f3n -20\u00b0C hasta 120 \u00b0C.<\/li>\n<li>Electr\u00f3nica de estado s\u00f3lido grado militar<\/li>\n<li>Cargador de bater\u00eda de respaldo hasta 40 amp\/hora.<\/li>\n<li>Puerto de alimentaci\u00f3n para panel solar.<\/li>\n<li>Salida para contacto seco para automatizaci\u00f3n.<\/li>\n<li>M\u00e1ximo factor de humedad 72%.<\/li>\n<li>M\u00e1ximo factor de vibraci\u00f3n 12 Hz\/cm.<\/li>\n<li>Inmune a RF.<\/li>\n<li>Frecuencia de operaci\u00f3n de salida: 1Hz.<\/li>\n<li>Su circuito de control de corriente representa la seguridad del intruso sin atenuar la fuerza de rechazo.<\/li>\n<\/ul>\n<p><strong>Parametros:<\/strong><\/p>\n<p><strong>Consumo<\/strong>: 0.1 AMP. 1.6 W\/H.<\/p>\n<p><strong>Tensi\u00f3n de Salida:\u00a0<\/strong>12,000 V +\/- 8%.<\/p>\n<p><strong>Fuerza de Pulso<\/strong>: 1.2 Joules +\/- 5%.<\/p>\n<p><strong>Respaldo de Bater\u00eda:<\/strong>\u00a03 d\u00edas con bater\u00eda interna y 30 d\u00edas bater\u00eda externa.<\/p>\n<p><strong>Consumo:<\/strong>\u00a02.0 W en operaci\u00f3n, 2.6 W en alarma + consumo de sirenas.<\/p>\n<p><strong>Alcance lineal de alambre<\/strong>: 3,500 metros lineales.<\/p>\n<p>Gasto en consumo de energ\u00eda el\u00e9ctrica aproximado:\u00a0<u>$0.20 USD mensuales = 1.2 kw\/mes.<\/u><\/p>\n<p>&nbsp;<\/p>\n<\/div>\n<\/div>\n<hr class=\"padding-bottom-2x\" \/>\n<div class=\"row align-items-center padding-bottom-2x\">\n<div class=\"col-md-5 order-md-2\"><img decoding=\"async\" class=\"d-block m-auto img-thumbnail\" src=\"https:\/\/tvc.mx\/media\/380007\/INCLUYE.png\" alt=\" \" \/><\/div>\n<div class=\"col-md-7 order-md-1 text-md-left text-center\">\n<h2>Incluye<\/h2>\n<p class=\"text-muted\">\n<ul>\n<li>Energizador<\/li>\n<li>Manual de usuario<\/li>\n<li>Tornillos<\/li>\n<li>Llave de encendido<\/li>\n<\/ul>\n<\/div>\n<\/div>\n","protected":false},"excerpt":{"rendered":"<p>INFORMACION GENERAL El mejor y mas rentable sistema de protecci\u00f3n perimetral para proteger casas, condominios, bodegas, plazas comerciales, instituciones educativas, empresas, predios y cercados de ganado. Es un sistema disuasivo mediante letreros de alto voltaje y repulsivo ya que genera una descarga de\u00a0mas de 10,000&hellip;<\/p>\n","protected":false},"featured_media":4318,"comment_status":"open","ping_status":"closed","template":"","meta":{"om_disable_all_campaigns":false,"_monsterinsights_skip_tracking":false,"_monsterinsights_sitenote_active":false,"_monsterinsights_sitenote_note":"","_monsterinsights_sitenote_category":0},"product_brand":[],"product_cat":[314],"product_tag":[212,211,151],"class_list":{"0":"post-4319","1":"product","2":"type-product","3":"status-publish","4":"has-post-thumbnail","6":"product_cat-energizadores","7":"product_tag-alarmas","8":"product_tag-alarmas-e-intrusion","9":"product_tag-seguridad","11":"first","12":"instock","13":"sale","14":"taxable","15":"shipping-taxable","16":"purchasable","17":"product-type-simple"},"aioseo_notices":[],"_links":{"self":[{"href":"https:\/\/tecsecmty.com\/index.php\/wp-json\/wp\/v2\/product\/4319","targetHints":{"allow":["GET"]}}],"collection":[{"href":"https:\/\/tecsecmty.com\/index.php\/wp-json\/wp\/v2\/product"}],"about":[{"href":"https:\/\/tecsecmty.com\/index.php\/wp-json\/wp\/v2\/types\/product"}],"replies":[{"embeddable":true,"href":"https:\/\/tecsecmty.com\/index.php\/wp-json\/wp\/v2\/comments?post=4319"}],"version-history":[{"count":0,"href":"https:\/\/tecsecmty.com\/index.php\/wp-json\/wp\/v2\/product\/4319\/revisions"}],"wp:featuredmedia":[{"embeddable":true,"href":"https:\/\/tecsecmty.com\/index.php\/wp-json\/wp\/v2\/media\/4318"}],"wp:attachment":[{"href":"https:\/\/tecsecmty.com\/index.php\/wp-json\/wp\/v2\/media?parent=4319"}],"wp:term":[{"taxonomy":"product_brand","embeddable":true,"href":"https:\/\/tecsecmty.com\/index.php\/wp-json\/wp\/v2\/product_brand?post=4319"},{"taxonomy":"product_cat","embeddable":true,"href":"https:\/\/tecsecmty.com\/index.php\/wp-json\/wp\/v2\/product_cat?post=4319"},{"taxonomy":"product_tag","embeddable":true,"href":"https:\/\/tecsecmty.com\/index.php\/wp-json\/wp\/v2\/product_tag?post=4319"}],"curies":[{"name":"wp","href":"https:\/\/api.w.org\/{rel}","templated":true}]}}