{"id":4321,"date":"2023-02-23T00:34:30","date_gmt":"2023-02-23T06:34:30","guid":{"rendered":"https:\/\/tecsecmty.com\/index.php\/producto\/yonusa-eyng12001-energizador-de-nueva-generacion-para-solucion-de-cerco-electrico-salida-de-12000-v-y-hasta-2500-metros-lineales-o-hasta-500-metros-con-poste-de-5-lineas-soporta-modulo-wifi-bater\/"},"modified":"2023-03-22T23:25:07","modified_gmt":"2023-03-23T05:25:07","slug":"yonusa-eyng12001-energizador-de-nueva-generacion-para-solucion-de-cerco-electrico-salida-de-12000-v-y-hasta-2500-metros-lineales-o-hasta-500-metros-con-poste-de-5-lineas-soporta-modulo-wifi-bater","status":"publish","type":"product","link":"https:\/\/tecsecmty.com\/index.php\/producto\/yonusa-eyng12001-energizador-de-nueva-generacion-para-solucion-de-cerco-electrico-salida-de-12000-v-y-hasta-2500-metros-lineales-o-hasta-500-metros-con-poste-de-5-lineas-soporta-modulo-wifi-bater\/","title":{"rendered":"YONUSA EYNG12001 &#8211; Energizador de nueva generaci\u00f3n para soluci\u00f3n de cerco el\u00e9ctrico, Salida de 12000 V y hasta 2500 metros lineales o hasta 500 metros con poste de 5 l\u00edneas\/ Soporta modulo WiFi, bater\u00eda de respaldo y sirena cableada"},"content":{"rendered":"<div class=\"row aling-items-center padding-bottom-2x\">\n<div class=\"col-lg-12\">\n<h5 class=\"card-title text-center\">INFORMACI\u00d3N GENERAL<\/h5>\n<p class=\"ql-align-justify\">El mejor y mas rentable sistema de protecci\u00f3n per\u00edmetral para proteger casas, condominios, bodegas, plazas comerciales, instituciones educativas, empresas, predios y cercados de ganado. Es un sistema disuasivo mediante letreros de alto voltaje y repulsivo ya que genera una descarga de mas de 10,000 voltios sin da\u00f1ar al intruso. Se ofrece un equipo confiable, eficiente y f\u00e1cil de instalar.<\/p>\n<ul>\n<li>Energizador para cerca el\u00e9ctrica de\u00a0<strong>12000 Volts.<\/strong><\/li>\n<li>Equipo:\u00a0<strong>Sin interfase.<\/strong><\/li>\n<li>Su alcance es de hasta\u00a0<strong>2,500 metros lineales.\u00a0<\/strong><\/li>\n<li><strong>500 mts en 5 l\u00edneas.<\/strong><\/li>\n<\/ul>\n<p><img decoding=\"async\" class=\"overview-center-img-web\" src=\"https:\/\/tvc.mx\/media\/376131\/YON6500003-YONUSA-EYNG12001-ENERGIZADOR-DE-NUEVA-GENERACION-CENTRAL.png\" alt=\"\" \/><\/div>\n<\/div>\n<div class=\"row align-items-center padding-bottom-2x\">\n<div class=\"col-md-5 order-md-2\"><img decoding=\"async\" class=\"d-block m-auto img-thumbnail\" src=\"https:\/\/tvc.mx\/media\/376135\/YON6500003-YONUSA-EYNG12001-ENERGIZADOR-DE-NUEVA-GENERACION-IZQ.png\" alt=\" \" \/><\/div>\n<div class=\"col-md-7 order-md-1 text-md-left text-center\">\n<h2>Caracter\u00edsticas Principales<\/h2>\n<p class=\"text-muted\">\n<ul>\n<li>Cargador integrado y espacio interno para bater\u00eda de 4 A\/h 12 VDC, la cual respalda al equipo por 3 dias continuos de trabajo.<\/li>\n<li>Opci\u00f3n de alimentar al equipo por medio de un panel solar.<\/li>\n<li>Detector de intrusi\u00f3n por:<\/li>\n<li class=\"ql-indent-1\">Atenuaci\u00f3n de voltaje<\/li>\n<li class=\"ql-indent-1\">Corte de l\u00ednea<\/li>\n<li class=\"ql-indent-1\">Aterriza miento de la l\u00ednea<\/li>\n<li>Su panel frontal luminoso permite conocer f\u00e1cilmente el estado de operaci\u00f3n del equipo.<\/li>\n<li>Excelente estabilidad ante lluvia y plantas (no genera falsas alarmas).<\/li>\n<li>Control de llave de seguridad para encendido, apagado y bloqueo del equipo.<\/li>\n<li>Operaci\u00f3n independiente del cercado y la alarma.<\/li>\n<li>Opci\u00f3n de operaci\u00f3n aun cuando el cerco se encuentra roto o da\u00f1ado.<\/li>\n<li>Puerto de entrada para control remoto para 20 mandos que integran dos contactos secos permanentes, confirmaci\u00f3n por sirena en apertura y cierre, funci\u00f3n de p\u00e1nico, alcance de 75 con l\u00ednea de vista +\/- 25%.<\/li>\n<li>Dise\u00f1ado para uso rudo, lo cual permite una operaci\u00f3n continua.<\/li>\n<li>Capacidad para operar 2 sirenas a 12 VDC, 30 watts, 120 dB.<\/li>\n<li>Opci\u00f3n de integrar comunicadores telef\u00f3nicos o digitales.<\/li>\n<li>Salida para transmisor GPRS y satelital, compatible con comunicadores GPRS y satelital.<\/li>\n<li>Su controlador de energ\u00eda representa la seguridad del intruso sin atenuar la fuerza del rechazo.<\/li>\n<li>Sus circuitos de alimentaci\u00f3n se encuentran protegidos por fusibles, reguladores electr\u00f3nicos de voltaje, supresores de transistores que protegen al equipo y permite operar con una variaci\u00f3n de +\/- 15% de voltaje de alimentaci\u00f3n.<\/li>\n<li>Operaci\u00f3n sin ruido el\u00e9ctrico por el supresor de picos integrados.<\/li>\n<\/ul>\n<p>&nbsp;<\/p>\n<\/div>\n<\/div>\n<hr class=\"padding-bottom-2x\" \/>\n<div class=\"row align-items-center padding-bottom-2x\">\n<div class=\"col-md-5\"><img decoding=\"async\" class=\"d-block m-auto img-thumbnail\" src=\"https:\/\/tvc.mx\/media\/376139\/YONUSA-EYNG12001-YON6500003-IZQ.png\" alt=\" \" \/><\/div>\n<div class=\"col-md-7 text-md-left text-center\">\n<h2>Especificaciones T\u00e9cnicas<\/h2>\n<p class=\"text-muted\">\n<ul>\n<li>Gabinete NEMA 2 briznas y lloviznas.<\/li>\n<li>Dimensiones: 36 cm x 25.5 cm x 11 cm.<\/li>\n<li>Retardante a la flama (cumple con Norma V0).<\/li>\n<li>Peso 3.4 kg aproximadamente.<\/li>\n<li>Protecci\u00f3n contra rayos ultravioleta.<\/li>\n<li>Protecci\u00f3n antioxidante.<\/li>\n<li>Alimentaci\u00f3n 90-220Vac 50-60Hz o Panel Solar 12Vdc<\/li>\n<li>Salida auxiliar (1.5 amp 12 V) para alimentaci\u00f3n de sirenas, interrupciones, sensores, luces estrobosc\u00f3picas, etc.<\/li>\n<li>Salida temporizada para sirenas desde 1 minuto hasta 60 minutos.<\/li>\n<li>Aviso de sirena en caso de falla del equipo y auto restablecimiento de sirena en caso de ca\u00edda a tierra moment\u00e1neo.<\/li>\n<li>Rango de operaci\u00f3n -20\u00b0C hasta 120 \u00b0C.<\/li>\n<li>Electr\u00f3nica de estado s\u00f3lido grado militar<\/li>\n<li>Cargador de bater\u00eda de respaldo hasta 40 amp\/hora.<\/li>\n<li>Puerto de alimentaci\u00f3n para panel solar.<\/li>\n<li>Salida para contacto seco para automatizaci\u00f3n.<\/li>\n<li>M\u00e1ximo factor de humedad 72%.<\/li>\n<li>M\u00e1ximo factor de vibraci\u00f3n 12 Hz\/cm.<\/li>\n<li>Inmune a RF.<\/li>\n<li>Frecuencia de operaci\u00f3n de salida: 1Hz.<\/li>\n<\/ul>\n<p><strong>Par\u00e1metros:<\/strong><\/p>\n<ul>\n<li><strong>Consumo:<\/strong>\u00a00.1 AMP.<\/li>\n<li><strong>Tensi\u00f3n de Salida:<\/strong>\u00a010,000 V +\/- 8%.<\/li>\n<li><strong>Fuerza de Pulso:<\/strong>\u00a01 Joules +\/- 5%.<\/li>\n<li><strong>Respaldo de Bater\u00eda<\/strong>: 3 d\u00edas con bater\u00eda interna y 30 d\u00edas bater\u00eda externa.<\/li>\n<li><strong>Consumo:\u00a0<\/strong>1.6 W en operaci\u00f3n, 2.6 W en alarma + consumo de sirenas.<\/li>\n<li><strong>Alcance lineal de alambre:<\/strong>\u00a02,500 metros lineales.<\/li>\n<li><strong>Gasto en consumo de energ\u00eda el\u00e9ctrica aproximado:<\/strong>\u00a0$0.18 USD mensuales = 1 kw\/mes.<\/li>\n<\/ul>\n<p>&nbsp;<\/p>\n<\/div>\n<\/div>\n<hr class=\"padding-bottom-2x\" \/>\n<div class=\"row align-items-center padding-bottom-2x\">\n<div class=\"col-md-5 order-md-2\"><img decoding=\"async\" class=\"d-block m-auto img-thumbnail\" src=\"https:\/\/tvc.mx\/media\/376147\/YONUSA-EYNG12001-YON6500003-INCLUYE.png\" alt=\" \" \/><\/div>\n<div class=\"col-md-7 order-md-1 text-md-left text-center\">\n<h2>Incluye<\/h2>\n<p class=\"text-muted\">\n<ul>\n<li>Energizador<\/li>\n<li>Manual de usuario<\/li>\n<li>Tornillos<\/li>\n<li>Llave de encendido<\/li>\n<\/ul>\n<\/div>\n<\/div>\n","protected":false},"excerpt":{"rendered":"<p>INFORMACI\u00d3N GENERAL El mejor y mas rentable sistema de protecci\u00f3n per\u00edmetral para proteger casas, condominios, bodegas, plazas comerciales, instituciones educativas, empresas, predios y cercados de ganado. Es un sistema disuasivo mediante letreros de alto voltaje y repulsivo ya que genera una descarga de mas de&hellip;<\/p>\n","protected":false},"featured_media":4320,"comment_status":"open","ping_status":"closed","template":"","meta":{"om_disable_all_campaigns":false,"_monsterinsights_skip_tracking":false,"_monsterinsights_sitenote_active":false,"_monsterinsights_sitenote_note":"","_monsterinsights_sitenote_category":0},"product_brand":[],"product_cat":[314],"product_tag":[212,211,151],"class_list":{"0":"post-4321","1":"product","2":"type-product","3":"status-publish","4":"has-post-thumbnail","6":"product_cat-energizadores","7":"product_tag-alarmas","8":"product_tag-alarmas-e-intrusion","9":"product_tag-seguridad","11":"first","12":"instock","13":"sale","14":"taxable","15":"shipping-taxable","16":"purchasable","17":"product-type-simple"},"aioseo_notices":[],"_links":{"self":[{"href":"https:\/\/tecsecmty.com\/index.php\/wp-json\/wp\/v2\/product\/4321","targetHints":{"allow":["GET"]}}],"collection":[{"href":"https:\/\/tecsecmty.com\/index.php\/wp-json\/wp\/v2\/product"}],"about":[{"href":"https:\/\/tecsecmty.com\/index.php\/wp-json\/wp\/v2\/types\/product"}],"replies":[{"embeddable":true,"href":"https:\/\/tecsecmty.com\/index.php\/wp-json\/wp\/v2\/comments?post=4321"}],"version-history":[{"count":0,"href":"https:\/\/tecsecmty.com\/index.php\/wp-json\/wp\/v2\/product\/4321\/revisions"}],"wp:featuredmedia":[{"embeddable":true,"href":"https:\/\/tecsecmty.com\/index.php\/wp-json\/wp\/v2\/media\/4320"}],"wp:attachment":[{"href":"https:\/\/tecsecmty.com\/index.php\/wp-json\/wp\/v2\/media?parent=4321"}],"wp:term":[{"taxonomy":"product_brand","embeddable":true,"href":"https:\/\/tecsecmty.com\/index.php\/wp-json\/wp\/v2\/product_brand?post=4321"},{"taxonomy":"product_cat","embeddable":true,"href":"https:\/\/tecsecmty.com\/index.php\/wp-json\/wp\/v2\/product_cat?post=4321"},{"taxonomy":"product_tag","embeddable":true,"href":"https:\/\/tecsecmty.com\/index.php\/wp-json\/wp\/v2\/product_tag?post=4321"}],"curies":[{"name":"wp","href":"https:\/\/api.w.org\/{rel}","templated":true}]}}