{"id":4323,"date":"2023-02-23T00:34:33","date_gmt":"2023-02-23T06:34:33","guid":{"rendered":"https:\/\/tecsecmty.com\/index.php\/producto\/yonusa-eyng12001ayc-paquete-de-energizador-nueva-generacion-de-12000v-y-2500-metros-lineales-incluye-bobina-de-alambre-de-aluminio-de-500-mts-y-rollo-de-cable-bujia-de-50-mts\/"},"modified":"2023-03-22T23:25:07","modified_gmt":"2023-03-23T05:25:07","slug":"yonusa-eyng12001ayc-paquete-de-energizador-nueva-generacion-de-12000v-y-2500-metros-lineales-incluye-bobina-de-alambre-de-aluminio-de-500-mts-y-rollo-de-cable-bujia-de-50-mts","status":"publish","type":"product","link":"https:\/\/tecsecmty.com\/index.php\/producto\/yonusa-eyng12001ayc-paquete-de-energizador-nueva-generacion-de-12000v-y-2500-metros-lineales-incluye-bobina-de-alambre-de-aluminio-de-500-mts-y-rollo-de-cable-bujia-de-50-mts\/","title":{"rendered":"YONUSA EYNG12001AYC &#8211; Paquete de energizador nueva generaci\u00f3n de 12,000V y 2,500 metros lineales, incluye bobina de alambre de Aluminio de 500 mts. y rollo de cable buj\u00eda de 50 mts."},"content":{"rendered":"<div class=\"row aling-items-center padding-bottom-2x\">\n<div class=\"col-lg-12\">\n<h5 class=\"card-title text-center\">DESCRIPCION DEL PAQUETE YONUSA EYNG12001AYC<\/h5>\n<p>En paquete YONUSA EYNG12001AYC incluye lo siguiente:<\/p>\n<ul>\n<li>1 Energizador nueva generacion para cerco electrico de 12000 V modelo EYNG12001 de la marca yonusa<\/li>\n<li>1 Bobina de alambre de aluminio de 500 Mts para cercos electricos modelo BAAL500 de la marca Yonusa<\/li>\n<li>1 Bobina de cable buj\u00eda con doble aislado de 50 mts para uso en cercas el\u00e9ctricas modelo CDA50 para energizadores<\/li>\n<\/ul>\n<p><img decoding=\"async\" class=\"overview-center-img-web\" src=\"https:\/\/tvc.mx\/media\/245899\/PAQUET~3.PNG\" alt=\"\" \/><\/div>\n<\/div>\n<div class=\"row align-items-center padding-bottom-2x\">\n<div class=\"col-md-5\"><img decoding=\"async\" class=\"d-block m-auto img-thumbnail\" src=\"https:\/\/tvc.mx\/media\/245903\/PAF3D9~1.PNG\" alt=\" \" \/><\/div>\n<div class=\"col-md-7 text-md-left text-center\">\n<h2>ENERGIZADOR NUEVA GENERACION EYNG12001<\/h2>\n<p class=\"text-muted\">\n<p>El mejor y mas rentable sistema de protecci\u00f3n per\u00edmetral para proteger casas, condominios, bodegas, plazas comerciales, instituciones educativas, empresas, predios y cercados de ganado. Es un sistema disuasivo mediante letreros de alto voltaje y repulsivo ya que genera una descarga de mas de 10,000 voltios sin da\u00f1ar al intruso. Se ofrece un equipo confiable, eficiente y f\u00e1cil de instalar.<\/p>\n<ul>\n<li>Energizador para cerca el\u00e9ctrica de\u00a012000 Volts.<\/li>\n<li>Equipo:\u00a0Sin interfase.<\/li>\n<li>Su alcance es de hasta\u00a02,500 metros lineales.<\/li>\n<li>500 mts en 5 l\u00edneas.<\/li>\n<\/ul>\n<p><strong>Parametros<\/strong>:<\/p>\n<ul>\n<li>Consumo:\u00a00.1 AMP.<\/li>\n<li>Tensi\u00f3n de Salida:\u00a010,000 V +\/- 8%.<\/li>\n<li>Fuerza de Pulso:\u00a01 Joules +\/- 5%.<\/li>\n<li>Respaldo de Bater\u00eda: 3 d\u00edas con bater\u00eda interna y 30 d\u00edas bater\u00eda externa.<\/li>\n<li>Consumo:\u00a01.6 W en operaci\u00f3n, 2.6 W en alarma + consumo de sirenas.<\/li>\n<li>Alcance lineal de alambre:\u00a02,500 metros lineales.<\/li>\n<li>Gasto en consumo de energ\u00eda el\u00e9ctrica aproximado:\u00a0$0.18 USD mensuales = 1 kw\/mes.<\/li>\n<\/ul>\n<p>&nbsp;<\/p>\n<\/div>\n<\/div>\n<hr class=\"padding-bottom-2x\" \/>\n<div class=\"row align-items-center padding-bottom-2x\">\n<div class=\"col-md-5 order-md-2\"><img decoding=\"async\" class=\"d-block m-auto img-thumbnail\" src=\"https:\/\/tvc.mx\/media\/245907\/PA3EF8~1.PNG\" alt=\" \" \/><\/div>\n<div class=\"col-md-7 order-md-1 text-md-left text-center\">\n<h2>CARACTER\u00cdSTICAS<\/h2>\n<p class=\"text-muted\">\n<ul>\n<li>Gabinete NEMA 2 briznas y lloviznas.<\/li>\n<li>Dimensiones: 36 cm x 25.5 cm x 11 cm.<\/li>\n<li>Retardante a la flama (cumple con Norma V0).<\/li>\n<li>Peso 3.4 kg aproximadamente.<\/li>\n<li>Protecci\u00f3n contra rayos ultravioleta.<\/li>\n<li>Protecci\u00f3n antioxidante.<\/li>\n<li>Alimentaci\u00f3n 90-220Vac 50-60Hz o Panel Solar 12Vdc<\/li>\n<li>Salida auxiliar (1.5 amp 12 V) para alimentaci\u00f3n de sirenas, interrupciones, sensores, luces estrobosc\u00f3picas, etc.<\/li>\n<li>Capacidad para operar 2 sirenas a 12 VDC, 30 watts, 120 dB.<\/li>\n<li>Aviso de sirena en caso de falla del equipo y auto restablecimiento de sirena en caso de ca\u00edda a tierra moment\u00e1neo.<\/li>\n<li>Rango de operaci\u00f3n -20\u00b0C hasta 120 \u00b0C.<\/li>\n<li>Electr\u00f3nica de estado s\u00f3lido grado militar<\/li>\n<li>Cargador de bater\u00eda de respaldo hasta 40 amp\/hora.<\/li>\n<li>Puerto de alimentaci\u00f3n para panel solar.<\/li>\n<li>Salida para contacto seco para automatizaci\u00f3n.<\/li>\n<li>M\u00e1ximo factor de humedad 72%.<\/li>\n<li>M\u00e1ximo factor de vibraci\u00f3n 12 Hz\/cm.<\/li>\n<li>Inmune a RF.<\/li>\n<li>Frecuencia de operaci\u00f3n de salida: 1Hz.<\/li>\n<\/ul>\n<p>&nbsp;<\/p>\n<\/div>\n<\/div>\n<hr class=\"padding-bottom-2x\" \/>\n<div class=\"row align-items-center padding-bottom-2x\">\n<div class=\"col-md-5\"><img decoding=\"async\" class=\"d-block m-auto img-thumbnail\" src=\"https:\/\/tvc.mx\/media\/245911\/Paquete-de-energizado--para-cerco-electrico-con-alambre-de-auluminio-y-cable-bujia-para-cerco-electrico-lo-podemos-utilizar-para-proteccion-del-perimetro.png\" alt=\" \" \/><\/div>\n<div class=\"col-md-7 text-md-left text-center\">\n<h2>BOBINA DE ALAMBRE DE ALUMINIO BAAL500<\/h2>\n<p class=\"text-muted\">\n<p>Rollo de 500 metros, cable calibre 16 de aluminio para cercas electrificadas.<\/p>\n<p>Excelente conductor del sistema de Cerca El\u00e9ctrica<\/p>\n<p><strong>Caracter\u00edsticas:<\/strong><\/p>\n<ul>\n<li>Hecho de aleaci\u00f3n de aluminio.<\/li>\n<li>Anti-oxidaci\u00f3n.<\/li>\n<li>Resistente a la corrosi\u00f3n.<\/li>\n<li>Fuerza de extensi\u00f3n: 280Mpa.<\/li>\n<li>Maleabilidad 15%.<\/li>\n<li>Resistencia: 0.049 ohm \/ mm2.<\/li>\n<li>Di\u00e1metro: 127mm (1.25 &#8211; 1.27mm).<\/li>\n<li>Bobina de cable 500 mts.<\/li>\n<li>Especial para cerco el\u00e9ctrico.<\/li>\n<\/ul>\n<p>&nbsp;<\/p>\n<\/div>\n<\/div>\n<hr class=\"padding-bottom-2x\" \/>\n<div class=\"row align-items-center padding-bottom-2x\">\n<div class=\"col-md-5 order-md-2\"><img decoding=\"async\" class=\"d-block m-auto img-thumbnail\" src=\"https:\/\/tvc.mx\/media\/245915\/PA6D2F~1.PNG\" alt=\" \" \/><\/div>\n<div class=\"col-md-7 order-md-1 text-md-left text-center\">\n<h2>BOBINA DE CABLE DOBLE AISLADO CDA50<\/h2>\n<p class=\"text-muted\">\n<h3>Cable buj\u00eda o doble aislado \/Calibre 22 AWG recomendado para cercos el\u00e9ctricos YONUSA<\/h3>\n<p>Un\u00a0cable de alta tensi\u00f3n\u00a0es un cable que se usa para transmisi\u00f3n de energ\u00eda el\u00e9ctrica en alta tensi\u00f3n. Este rollo de cable incluye un conductor y un aislamiento. Los cables de alta tensi\u00f3n tienen una variedad de aplicaciones en instrumentos, sistemas de ignici\u00f3n y transmisi\u00f3n de potencia en corriente alterna y directa. En general, el aislamiento del cable no se debe deteriorar debido al estr\u00e9s de alta tensi\u00f3n, por el ozono causado por las descargas el\u00e9ctricas en el aire, o en el tendido del cable. El sistema del cable debe prevenir el contacto del conductor de alta tensi\u00f3n con otros objetos o personas, y debe mantener y controlar la corriente de fuga.<\/p>\n<p><strong>Cable Indicado para alto voltaje<\/strong><\/p>\n<ul>\n<li>Conductor de cobre esta\u00f1ado suave con aislamiento de poliestireno y cubierta de PVC.<\/li>\n<li>Temperatura de operaci\u00f3n 60 \u00b0C.<\/li>\n<li>Alambre flexible multifilar y recubrimiento anti UV.<\/li>\n<\/ul>\n<p>Se utiliza para:<\/p>\n<ul>\n<li class=\"ql-indent-1\">Para el ingreso y retorno de la energ\u00eda el\u00e9ctrica.<\/li>\n<li class=\"ql-indent-1\">Cable aislado especial para cercas el\u00e9ctricas<\/li>\n<li class=\"ql-indent-1\">Doblemente aislado lo que hace mas confiable y seguro para exterior.<\/li>\n<\/ul>\n<p>&nbsp;<\/p>\n<\/div>\n<\/div>\n<hr class=\"padding-bottom-2x\" \/>\n<div class=\"row align-items-center padding-bottom-2x\">\n<div class=\"col-md-5\"><img decoding=\"async\" class=\"d-block m-auto img-thumbnail\" src=\"https:\/\/tvc.mx\/media\/245919\/PA12E9~1.PNG\" alt=\" \" \/><\/div>\n<div class=\"col-md-7 text-md-left text-center\">\n<h2>CARACTER\u00cdSTICAS DEL CABLE BUJIA<\/h2>\n<p class=\"text-muted\">\n<ul>\n<li>Bobina de 50 metros.<\/li>\n<li>Temperatura de operaci\u00f3n -10 a 60\u00baC.<\/li>\n<li>Alambre flexible multifilar y recubierto anti UV.<\/li>\n<li>Fabricado bajo las siguientes normas:<\/li>\n<\/ul>\n<p class=\"ql-indent-2\">NMX-J008-1995 (ASTM B3-90)<\/p>\n<p class=\"ql-indent-2\">NMX-J297-1995 (ASTM B174-90).<\/p>\n<\/div>\n<\/div>\n","protected":false},"excerpt":{"rendered":"<p>DESCRIPCION DEL PAQUETE YONUSA EYNG12001AYC En paquete YONUSA EYNG12001AYC incluye lo siguiente: 1 Energizador nueva generacion para cerco electrico de 12000 V modelo EYNG12001 de la marca yonusa 1 Bobina de alambre de aluminio de 500 Mts para cercos electricos modelo BAAL500 de la marca&hellip;<\/p>\n","protected":false},"featured_media":4322,"comment_status":"open","ping_status":"closed","template":"","meta":{"om_disable_all_campaigns":false,"_monsterinsights_skip_tracking":false,"_monsterinsights_sitenote_active":false,"_monsterinsights_sitenote_note":"","_monsterinsights_sitenote_category":0},"product_brand":[],"product_cat":[314],"product_tag":[212,211,151],"class_list":{"0":"post-4323","1":"product","2":"type-product","3":"status-publish","4":"has-post-thumbnail","6":"product_cat-energizadores","7":"product_tag-alarmas","8":"product_tag-alarmas-e-intrusion","9":"product_tag-seguridad","11":"first","12":"instock","13":"sale","14":"taxable","15":"shipping-taxable","16":"purchasable","17":"product-type-simple"},"aioseo_notices":[],"_links":{"self":[{"href":"https:\/\/tecsecmty.com\/index.php\/wp-json\/wp\/v2\/product\/4323","targetHints":{"allow":["GET"]}}],"collection":[{"href":"https:\/\/tecsecmty.com\/index.php\/wp-json\/wp\/v2\/product"}],"about":[{"href":"https:\/\/tecsecmty.com\/index.php\/wp-json\/wp\/v2\/types\/product"}],"replies":[{"embeddable":true,"href":"https:\/\/tecsecmty.com\/index.php\/wp-json\/wp\/v2\/comments?post=4323"}],"version-history":[{"count":0,"href":"https:\/\/tecsecmty.com\/index.php\/wp-json\/wp\/v2\/product\/4323\/revisions"}],"wp:featuredmedia":[{"embeddable":true,"href":"https:\/\/tecsecmty.com\/index.php\/wp-json\/wp\/v2\/media\/4322"}],"wp:attachment":[{"href":"https:\/\/tecsecmty.com\/index.php\/wp-json\/wp\/v2\/media?parent=4323"}],"wp:term":[{"taxonomy":"product_brand","embeddable":true,"href":"https:\/\/tecsecmty.com\/index.php\/wp-json\/wp\/v2\/product_brand?post=4323"},{"taxonomy":"product_cat","embeddable":true,"href":"https:\/\/tecsecmty.com\/index.php\/wp-json\/wp\/v2\/product_cat?post=4323"},{"taxonomy":"product_tag","embeddable":true,"href":"https:\/\/tecsecmty.com\/index.php\/wp-json\/wp\/v2\/product_tag?post=4323"}],"curies":[{"name":"wp","href":"https:\/\/api.w.org\/{rel}","templated":true}]}}