{"id":4327,"date":"2023-02-23T00:34:37","date_gmt":"2023-02-23T06:34:37","guid":{"rendered":"https:\/\/tecsecmty.com\/index.php\/producto\/yonusa-eyng12001bp-paquete-de-energizador-nueva-generacion-eyng12001-para-cerco-electrico-12000-v-y-hasta-2500-metros-lineales-o-hasta-500-metros-con-poste-de-5-lineas-incluye-cable-bujia-de-50-m\/"},"modified":"2023-03-22T23:25:07","modified_gmt":"2023-03-23T05:25:07","slug":"yonusa-eyng12001bp-paquete-de-energizador-nueva-generacion-eyng12001-para-cerco-electrico-12000-v-y-hasta-2500-metros-lineales-o-hasta-500-metros-con-poste-de-5-lineas-incluye-cable-bujia-de-50-m","status":"publish","type":"product","link":"https:\/\/tecsecmty.com\/index.php\/producto\/yonusa-eyng12001bp-paquete-de-energizador-nueva-generacion-eyng12001-para-cerco-electrico-12000-v-y-hasta-2500-metros-lineales-o-hasta-500-metros-con-poste-de-5-lineas-incluye-cable-bujia-de-50-m\/","title":{"rendered":"YONUSA EYNG12001BP &#8211; Paquete de energizador nueva generaci\u00f3n EYNG12001 para cerco el\u00e9ctrico, 12,000 V y hasta 2500 metros lineales o hasta 500 metros con poste de 5 l\u00edneas, incluye cable bujia de 50 metros CDA50 para su instalacion"},"content":{"rendered":"<h5 class=\"card-title text-center\">INFORMACI\u00d3N GENERAL<\/h5>\n<p class=\"ql-align-justify\"><strong>Energizador: EYNG12001<\/strong><\/p>\n<p class=\"ql-align-justify\">El mejor y mas rentable sistema de protecci\u00f3n per\u00edmetral para proteger casas, condominios, bodegas, plazas comerciales, instituciones educativas, empresas, predios y cercados de ganado. Es un sistema disuasivo mediante letreros de alto voltaje y repulsivo ya que genera una descarga de mas de 10,000 voltios sin da\u00f1ar al intruso. Se ofrece un equipo confiable, eficiente y f\u00e1cil de instalar.<\/p>\n<ul>\n<li class=\"ql-align-justify\">Energizador para cerca el\u00e9ctrica de\u00a012000 Volts.<\/li>\n<li class=\"ql-align-justify\">Equipo:\u00a0Sin interfase.<\/li>\n<li class=\"ql-align-justify\">Su alcance es de hasta\u00a02,500 metros lineales.<\/li>\n<li class=\"ql-align-justify\">500 mts en 5 l\u00edneas.<\/li>\n<\/ul>\n<p class=\"ql-align-justify\"><a href=\"https:\/\/tvc.mx\/products\/24185#286991\" target=\"_blank\" rel=\"noopener\">M\u00e1s informaci\u00f3n<\/a><\/p>\n<p class=\"ql-align-justify\"><strong>Bobina de cable buj\u00eda: CDA50\u00a0<\/strong><\/p>\n<p class=\"ql-align-justify\">Un\u00a0cable de alta tensi\u00f3n\u00a0es un cable que se usa para transmisi\u00f3n de energ\u00eda el\u00e9ctrica en alta tensi\u00f3n. Este rollo de cable incluye un conductor y un aislamiento. Los cables de alta tensi\u00f3n tienen una variedad de aplicaciones en instrumentos, sistemas de ignici\u00f3n y transmisi\u00f3n de potencia en corriente alterna y directa. En general, el aislamiento del cable no se debe deteriorar debido al estr\u00e9s de alta tensi\u00f3n, por el ozono causado por las descargas el\u00e9ctricas en el aire, o en el tendido del cable. El sistema del cable debe prevenir el contacto del conductor de alta tensi\u00f3n con otros objetos o personas, y debe mantener y controlar la corriente de fuga.<\/p>\n<p class=\"ql-align-justify\">Cable de alto voltaje<\/p>\n<ul>\n<li class=\"ql-align-justify\">Conductor de cobre esta\u00f1ado suave con aislamiento de poliestireno y cubierta de PVC.<\/li>\n<li class=\"ql-align-justify\">Temperatura de operaci\u00f3n 60 \u00b0C.<\/li>\n<li class=\"ql-align-justify\">Alambre flexible multifilar y recubrimiento anti UV.<\/li>\n<\/ul>\n<p class=\"ql-align-justify\"><a href=\"https:\/\/tvc.mx\/products\/30719\" target=\"_blank\" rel=\"noopener\">M\u00e1s informaci\u00f3n<\/a><\/p>\n<p><img decoding=\"async\" class=\"overview-center-img-web\" src=\"https:\/\/tvc.mx\/media\/346527\/C-_Users_TVC_INGENIERIA_Documents_INGENIERIA_Portal-TVC_YONUSA_YONUSA-EYNG12001BPACK-YON1250017_YONUSA--ENERGIZADOR-EYNG12001BPACK-YON1250017--CENTRO.png\" alt=\"\" \/><\/p>\n","protected":false},"excerpt":{"rendered":"<p>INFORMACI\u00d3N GENERAL Energizador: EYNG12001 El mejor y mas rentable sistema de protecci\u00f3n per\u00edmetral para proteger casas, condominios, bodegas, plazas comerciales, instituciones educativas, empresas, predios y cercados de ganado. Es un sistema disuasivo mediante letreros de alto voltaje y repulsivo ya que genera una descarga de&hellip;<\/p>\n","protected":false},"featured_media":4326,"comment_status":"open","ping_status":"closed","template":"","meta":{"om_disable_all_campaigns":false,"_monsterinsights_skip_tracking":false,"_monsterinsights_sitenote_active":false,"_monsterinsights_sitenote_note":"","_monsterinsights_sitenote_category":0},"product_brand":[],"product_cat":[314],"product_tag":[212,211,151],"class_list":{"0":"post-4327","1":"product","2":"type-product","3":"status-publish","4":"has-post-thumbnail","6":"product_cat-energizadores","7":"product_tag-alarmas","8":"product_tag-alarmas-e-intrusion","9":"product_tag-seguridad","11":"first","12":"instock","13":"sale","14":"taxable","15":"shipping-taxable","16":"purchasable","17":"product-type-simple"},"aioseo_notices":[],"_links":{"self":[{"href":"https:\/\/tecsecmty.com\/index.php\/wp-json\/wp\/v2\/product\/4327","targetHints":{"allow":["GET"]}}],"collection":[{"href":"https:\/\/tecsecmty.com\/index.php\/wp-json\/wp\/v2\/product"}],"about":[{"href":"https:\/\/tecsecmty.com\/index.php\/wp-json\/wp\/v2\/types\/product"}],"replies":[{"embeddable":true,"href":"https:\/\/tecsecmty.com\/index.php\/wp-json\/wp\/v2\/comments?post=4327"}],"version-history":[{"count":0,"href":"https:\/\/tecsecmty.com\/index.php\/wp-json\/wp\/v2\/product\/4327\/revisions"}],"wp:featuredmedia":[{"embeddable":true,"href":"https:\/\/tecsecmty.com\/index.php\/wp-json\/wp\/v2\/media\/4326"}],"wp:attachment":[{"href":"https:\/\/tecsecmty.com\/index.php\/wp-json\/wp\/v2\/media?parent=4327"}],"wp:term":[{"taxonomy":"product_brand","embeddable":true,"href":"https:\/\/tecsecmty.com\/index.php\/wp-json\/wp\/v2\/product_brand?post=4327"},{"taxonomy":"product_cat","embeddable":true,"href":"https:\/\/tecsecmty.com\/index.php\/wp-json\/wp\/v2\/product_cat?post=4327"},{"taxonomy":"product_tag","embeddable":true,"href":"https:\/\/tecsecmty.com\/index.php\/wp-json\/wp\/v2\/product_tag?post=4327"}],"curies":[{"name":"wp","href":"https:\/\/api.w.org\/{rel}","templated":true}]}}