{"id":4331,"date":"2023-02-23T00:34:41","date_gmt":"2023-02-23T06:34:41","guid":{"rendered":"https:\/\/tecsecmty.com\/index.php\/producto\/yonusa-eyngm12000127-energizador-modular-para-cerco-electrico-con-salida-de-voltaje-de-hasta-12500-v-alcance-de-hasta-2500-metros-lineales-o-500-metros-en-5-lineas-alimentacion-a-110-o-220-vac\/"},"modified":"2023-03-22T23:25:07","modified_gmt":"2023-03-23T05:25:07","slug":"yonusa-eyngm12000127-energizador-modular-para-cerco-electrico-con-salida-de-voltaje-de-hasta-12500-v-alcance-de-hasta-2500-metros-lineales-o-500-metros-en-5-lineas-alimentacion-a-110-o-220-vac","status":"publish","type":"product","link":"https:\/\/tecsecmty.com\/index.php\/producto\/yonusa-eyngm12000127-energizador-modular-para-cerco-electrico-con-salida-de-voltaje-de-hasta-12500-v-alcance-de-hasta-2500-metros-lineales-o-500-metros-en-5-lineas-alimentacion-a-110-o-220-vac\/","title":{"rendered":"YONUSA EYNGM12000127 &#8211; Energizador modular para cerco electrico con salida de voltaje de hasta 12,500 V\/ Alcance de hasta 2,500 metros lineales o 500 metros en 5 lineas\/ Alimentacion a 110 o 220 VAC\/ Compatible con modulo Wifi\/Bajo consumo"},"content":{"rendered":"<div class=\"row aling-items-center padding-bottom-2x\">\n<div class=\"col-lg-12\">\n<h5 class=\"card-title text-center\">INFORMACI\u00d3N GENERAL<\/h5>\n<p>El mejor equipo y rentable sistema de protecci\u00f3n perimetral para proteger casas, condominios, bodegas, plazas comerciales, instituciones educativas, empresas, predios y cercados de ganado. Es un sistema disuasivo mediante letreros de alto voltaje y repulsivo ya que genera una descarga de 12,000 voltios sin da\u00f1ar al intruso, se ofrece un equipo confiable, eficiente y f\u00e1cil de instalar.<\/p>\n<p><img decoding=\"async\" class=\"overview-center-img-web\" src=\"https:\/\/tvc.mx\/media\/425115\/YONUSA-YON1250020-ENERGIZADOR-MODULAR-PARA-CERCO-ELECTRICO-CENTRAL.png\" alt=\"\" \/><\/p>\n<\/div>\n<\/div>\n<div class=\"row align-items-center padding-bottom-2x\">\n<div class=\"col-md-5\"><img decoding=\"async\" class=\"d-block m-auto img-thumbnail\" src=\"https:\/\/tvc.mx\/media\/425131\/YONUSA-YON1250020-ENERGIZADOR-MODULAR-PARA-CERCO-ELECTRICO-IZQ.png\" alt=\" \" \/><\/div>\n<div class=\"col-md-7 text-md-left text-center\">\n<h2>Caracter\u00edsticas Principales<\/h2>\n<ul>\n<li>Cargador integrado y espacio interno para bater\u00eda de 4 A\/h 12 VDC, la cual respalda al equipo por 3 d\u00edas continuos de trabajo.<\/li>\n<li>Opci\u00f3n de alimentar al equipo por medio de un panel solar.<\/li>\n<li>Disparo de alarma por:<\/li>\n<li class=\"ql-indent-1\">Atenuaci\u00f3n de voltaje<\/li>\n<li class=\"ql-indent-1\">Corte de l\u00ednea<\/li>\n<li class=\"ql-indent-1\">Aterriza miento de la l\u00ednea<\/li>\n<li>Su panel frontal luminoso permite conocer f\u00e1cilmente el estado de operaci\u00f3n del equipo.<\/li>\n<li>Control de llave de seguridad para encendido, apagado y bloqueo del equipo.<\/li>\n<li>Dise\u00f1ado para uso rudo, lo cual permite una operaci\u00f3n continua.<\/li>\n<li>Opci\u00f3n de integrar comunicadores telef\u00f3nicos o digitales.<\/li>\n<li>Sus circuitos de alimentaci\u00f3n se encuentran protegidos por fusibles, reguladores electr\u00f3nicos de voltaje, supresores de transistores que protegen al equipo y permite operar con una variaci\u00f3n de +\/- 15% de voltaje de alimentaci\u00f3n.<\/li>\n<li>Temporizador de sirena, (modo intermitente y modo continuo)<\/li>\n<li>Pulso de alimentaci\u00f3n de energ\u00eda hacia el cerco el\u00e9ctrico, duraci\u00f3n de un 1 segundo entre pulsos<\/li>\n<\/ul>\n<p>&nbsp;<\/p>\n<\/div>\n<\/div>\n<hr class=\"padding-bottom-2x\" \/>\n<div class=\"row align-items-center padding-bottom-2x\">\n<div class=\"col-md-5 order-md-2\"><img decoding=\"async\" class=\"d-block m-auto img-thumbnail\" src=\"https:\/\/tvc.mx\/media\/425155\/YONUSA-YON1250020-ENERGIZADOR-MODULAR-PARA-CERCO-ELECTRICO-DER.png\" alt=\" \" \/><\/div>\n<div class=\"col-md-7 order-md-1 text-md-left text-center\">\n<h2>Especificaciones T\u00e9cnicas<\/h2>\n<ul>\n<li>Voltaje de alimentaci\u00f3n: 90 &#8211; 220 AC<\/li>\n<li>Frecuencia el\u00e9ctrica de alimentaci\u00f3n: 50 &#8211; 60HZ<\/li>\n<li>Corriente de alimentaci\u00f3n: 0.1Amp<\/li>\n<li>Consumo en Standby: 1.6W<\/li>\n<li>Consumo alarmado: 2.6W<\/li>\n<li>Soporte de bater\u00eda interna: 12 Vdc 4 Amp\/hr.<\/li>\n<li>Voltaje de salida: 12,000V<\/li>\n<li>Frecuencia el\u00e9ctrica de salida: 1HZ<\/li>\n<li>Fuerza del Pulso de salida: 1Joules<\/li>\n<li>Capacidad del Contacto Seco de salida: 1,000W<\/li>\n<li>Ajuste de tiempo del contacto seco de salida: 1-60min<\/li>\n<li>Temperatura de operaci\u00f3n: -5\u00b0 a 50\u00b0<\/li>\n<li>Alcance lineal: 2500 metros lineales o 500 metros en 5 lineas<\/li>\n<li>Respaldo de la bater\u00eda: 30 d\u00edas<\/li>\n<li>Gasto aprox en consumo de energ\u00eda: $0.2usd mensuales<\/li>\n<\/ul>\n<p>&nbsp;<\/p>\n<\/div>\n<\/div>\n<hr class=\"padding-bottom-2x\" \/>\n<div class=\"row align-items-center padding-bottom-2x\">\n<div class=\"col-md-5\"><img decoding=\"async\" class=\"d-block m-auto img-thumbnail\" src=\"https:\/\/tvc.mx\/media\/425159\/YONUSA-YON1250020-ENERGIZADOR-MODULAR-PARA-CERCO-ELECTRICO-INCLUYE.png\" alt=\" \" \/><\/div>\n<div class=\"col-md-7 text-md-left text-center\">\n<h2>Incluye<\/h2>\n<ul>\n<li>Energizador<\/li>\n<li>Manual de usuario<\/li>\n<li>Tornillos<\/li>\n<li>Llave de encendido<\/li>\n<\/ul>\n<\/div>\n<\/div>\n","protected":false},"excerpt":{"rendered":"<p>INFORMACI\u00d3N GENERAL El mejor equipo y rentable sistema de protecci\u00f3n perimetral para proteger casas, condominios, bodegas, plazas comerciales, instituciones educativas, empresas, predios y cercados de ganado. Es un sistema disuasivo mediante letreros de alto voltaje y repulsivo ya que genera una descarga de 12,000 voltios&hellip;<\/p>\n","protected":false},"featured_media":4330,"comment_status":"open","ping_status":"closed","template":"","meta":{"om_disable_all_campaigns":false,"_monsterinsights_skip_tracking":false,"_monsterinsights_sitenote_active":false,"_monsterinsights_sitenote_note":"","_monsterinsights_sitenote_category":0},"product_brand":[],"product_cat":[314],"product_tag":[212,211,151],"class_list":{"0":"post-4331","1":"product","2":"type-product","3":"status-publish","4":"has-post-thumbnail","6":"product_cat-energizadores","7":"product_tag-alarmas","8":"product_tag-alarmas-e-intrusion","9":"product_tag-seguridad","11":"first","12":"instock","13":"sale","14":"taxable","15":"shipping-taxable","16":"purchasable","17":"product-type-simple"},"aioseo_notices":[],"_links":{"self":[{"href":"https:\/\/tecsecmty.com\/index.php\/wp-json\/wp\/v2\/product\/4331","targetHints":{"allow":["GET"]}}],"collection":[{"href":"https:\/\/tecsecmty.com\/index.php\/wp-json\/wp\/v2\/product"}],"about":[{"href":"https:\/\/tecsecmty.com\/index.php\/wp-json\/wp\/v2\/types\/product"}],"replies":[{"embeddable":true,"href":"https:\/\/tecsecmty.com\/index.php\/wp-json\/wp\/v2\/comments?post=4331"}],"version-history":[{"count":0,"href":"https:\/\/tecsecmty.com\/index.php\/wp-json\/wp\/v2\/product\/4331\/revisions"}],"wp:featuredmedia":[{"embeddable":true,"href":"https:\/\/tecsecmty.com\/index.php\/wp-json\/wp\/v2\/media\/4330"}],"wp:attachment":[{"href":"https:\/\/tecsecmty.com\/index.php\/wp-json\/wp\/v2\/media?parent=4331"}],"wp:term":[{"taxonomy":"product_brand","embeddable":true,"href":"https:\/\/tecsecmty.com\/index.php\/wp-json\/wp\/v2\/product_brand?post=4331"},{"taxonomy":"product_cat","embeddable":true,"href":"https:\/\/tecsecmty.com\/index.php\/wp-json\/wp\/v2\/product_cat?post=4331"},{"taxonomy":"product_tag","embeddable":true,"href":"https:\/\/tecsecmty.com\/index.php\/wp-json\/wp\/v2\/product_tag?post=4331"}],"curies":[{"name":"wp","href":"https:\/\/api.w.org\/{rel}","templated":true}]}}