{"id":4333,"date":"2023-02-23T00:34:44","date_gmt":"2023-02-23T06:34:44","guid":{"rendered":"https:\/\/tecsecmty.com\/index.php\/producto\/yonusa-pack127af-paquete-de-energizador-de-alta-frecuencia-con-interface-sirena-y-gabinete-metalico-bobina-de-alambre-500-mts-bobina-cable-bujia-bateria-y-5-letrero\/"},"modified":"2023-03-22T23:25:08","modified_gmt":"2023-03-23T05:25:08","slug":"yonusa-pack127af-paquete-de-energizador-de-alta-frecuencia-con-interface-sirena-y-gabinete-metalico-bobina-de-alambre-500-mts-bobina-cable-bujia-bateria-y-5-letrero","status":"publish","type":"product","link":"https:\/\/tecsecmty.com\/index.php\/producto\/yonusa-pack127af-paquete-de-energizador-de-alta-frecuencia-con-interface-sirena-y-gabinete-metalico-bobina-de-alambre-500-mts-bobina-cable-bujia-bateria-y-5-letrero\/","title":{"rendered":"YONUSA PACK127AF -Paquete de energizador de alta frecuencia con interface\/ Sirena y gabinete met\u00e1lico\/ Bobina de alambre 500 mts\/ Bobina cable buj\u00eda\/ bater\u00eda y 5 letrero"},"content":{"rendered":"<div class=\"row aling-items-center padding-bottom-2x\">\n<div class=\"col-lg-12\">\n<h5 class=\"card-title text-center\">Descripci\u00f3n del paquete YONUSA PACK127AF<\/h5>\n<p><strong>YONUSA PACK127AF &#8211; Paquete de energizador de alta frecuencia con interface 10,000 V\/ Sirena y gabinete met\u00e1lico\/ Bobina de alambre 500 mts\/ Bobina cable buj\u00eda\/ bater\u00eda y 5 letreros<\/strong><\/p>\n<p><strong>El paquete incluye lo siguiente:<\/strong><\/p>\n<ul>\n<li>1 Energizador de alta frecuencia para cerco electrico \/ 10,000V \/ Hasta 10,000 Mts lineales \/ Con interface\/ Soporta m\u00f3dulo WiFi\u00a0<strong>YONUSA\u00a0<\/strong><strong>EY10000127AF\u00a0<\/strong><\/li>\n<li>1 Bobina de alambre de aluminio de 500 Mts para cercos electricos YONUSA \/ Calibre 16 \/ Resistente a la corrosi\u00f3n\u00a0<strong>YONUSA BAAL500<\/strong><\/li>\n<li>1 Bater\u00eda de respaldo recargable YLI \/ Para equipos MERIK 7511W clave MER349032 y energizadores\u00a0<strong>YONUSA YLI BR4AH<\/strong><\/li>\n<li>1 Cable bujia o doble aislado para cercos electricos YONUSA \/ MULTIFILAR 22 AWG \/ Bobina de 20 Mts\u00a0<strong>TVC CB20M<\/strong><\/li>\n<li>5 Letreros gen\u00e9ricos de alta tensi\u00f3n para colocaci\u00f3n en cercas el\u00e9ctricas\u00a0<strong>YONUSA LPVOLTAS<\/strong><\/li>\n<li>1 Sirena Al\u00e1mbrica para Exterior 12 VCD 30W 2 tonos 120 dB\u00a0<strong>DSC SD30W<\/strong><\/li>\n<li>1 Gabinete Met\u00e1lico para Sirena Exterior de 30 WATTS\u00a0<strong>DSC GTVCMX001\u00a0<\/strong><\/li>\n<\/ul>\n<p><img decoding=\"async\" class=\"overview-center-img-web\" src=\"https:\/\/tvc.mx\/media\/59136\/YON1250003-1.jpg\" alt=\"\" \/><\/div>\n<\/div>\n<div class=\"row aling-items-center padding-bottom-2x\">\n<div class=\"col-lg-12\">\n<h5 class=\"card-title text-center\">Energizador de alta frecuencia para cerco electrico 10,000V<\/h5>\n<h3><strong>Energizador alta frecuencia para cerco electrico \/ Antiplantas \/ Incluye Interface \/10,000 V\/ Hasta 10,000 Mts Lineales\/ Soporta m\u00f3dulo WiFi<\/strong><\/h3>\n<p>El mejor y mas rentable sistema de protecci\u00f3n perimetral para proteger casas, condominios, bodegas, plazas comerciales, instituciones educativas, empresas, predios y cercados de ganado. Es un sistema disuasivo mediante letreros de alto voltaje y repulsivo ya que genera una descarga de mas de 10,000 voltios sin da\u00f1ar al intruso. Se ofrece un equipo confiable, eficiente y f\u00e1cil de instalar.<\/p>\n<p>Energizador para cerca el\u00e9ctrica de\u00a0<strong>10,000 Volts.<\/strong><\/p>\n<p>Equipo:\u00a0<strong>Con interfase.<\/strong><\/p>\n<p>Su alcance es de hasta\u00a0<strong>10,000 metros lineales.\u00a0<\/strong><\/p>\n<p><strong>Funcionalidad:<\/strong><\/p>\n<ul>\n<li>Cargador integrado y espacio interno para bater\u00eda de 4 A\/h 12 VDC, la cual respalda al equipo por 3 dias continuos de trabajo.<\/li>\n<li>Opci\u00f3n de alimentar al equipo por medio de un panel solar.<\/li>\n<li>Detector de intrusi\u00f3n por:<\/li>\n<\/ul>\n<ol>\n<li class=\"ql-indent-1\">Atenuaci\u00f3n de voltaje<\/li>\n<li class=\"ql-indent-1\">Corte de l\u00ednea<\/li>\n<li class=\"ql-indent-1\">Aterramiento de la l\u00ednea<\/li>\n<\/ol>\n<ul>\n<li>Su panel frontal luminoso permite conocer f\u00e1cilmente el estado de operaci\u00f3n del equipo.<\/li>\n<li>Excelente estabilidad ante lluvia y plantas (no genera falsas alarmas).<\/li>\n<li>Control de llave de seguridad para encendido, apagado y bloqueo del equipo.<\/li>\n<li>Operaci\u00f3n independiente del cercado y la alarma.<\/li>\n<li>Opci\u00f3n de operaci\u00f3n aun cuando el cerco se encuentra roto o da\u00f1ado.<\/li>\n<li>Puerto de entrada para control remoto para 20 mandos que integran dos contactos secos permanentes o pulsantes, confirmaci\u00f3n por sirena en apertura y cierre, funci\u00f3n de p\u00e1nico. Alcance de 75 con l\u00ednea de vista +\/- 25%.<\/li>\n<li>Dise\u00f1ado para uso rudo, lo cual permite una operaci\u00f3n continua.<\/li>\n<li>Capacidad para operar 2 sirenas a 12 VDC, 30 watts, 120 dB.<\/li>\n<li>Opci\u00f3n de integrar discadores telef\u00f3nicos o digitales.<\/li>\n<li>Compatible con comunicadores GPRS y Satelital.<\/li>\n<li>Su controlador de energ\u00eda representa la seguridad del intruso sin atenuar la fuerza del rechazo.<\/li>\n<li>Sus circuitos de alimentaci\u00f3n se encuentran protegidos por fusibles, reguladores electr\u00f3nicos de voltaje, supresores de transigentes que protegen al equipo y permite operar con una variaci\u00f3n de +\/- 15% de voltaje de alimentaci\u00f3n.<\/li>\n<li>Operaci\u00f3n sin ruido el\u00e9ctrico por su arrestador de picos integrados.<\/li>\n<\/ul>\n<p><strong>Principales caracter\u00edsticas:<\/strong><\/p>\n<ul>\n<li>Gabinete NEMA 2 briznas y lloviznas.<\/li>\n<li>Dimensiones: 36 cm x 25.5 cm x 11 cm.<\/li>\n<li>Retardante a la flama (cumple con Norma V0).<\/li>\n<li>Peso 3.4 kg aproximadamente.<\/li>\n<li>Protecci\u00f3n contra rayos ultravioleta.<\/li>\n<li>Protecci\u00f3n antioxidante.<\/li>\n<li>Alimentaci\u00f3n 90-220Vac 50-60Hz o Panel Solar 12Vdc<\/li>\n<li>Salida auxiliar (1.5 amp 12 V) para alimentaci\u00f3n de sirenas, interrupciones, sensores, luces estrobosc\u00f3picas, etc.<\/li>\n<li>Salida temporizada para sirenas desde 1 minuto hasta 60 minutos.<\/li>\n<li>Dos salidas a contacto seco temporizadas (relay C NC NA) para aplicaciones de enlace a paneles de alarma de cualquier marca, alimentaci\u00f3n de l\u00e1mparas hasta 1,000 Watts o cualquier tipo de interface.<\/li>\n<li>Aviso de sirena en caso de falla del equipo y auto restablecimiento de sirena en caso de ca\u00edda a tierra moment\u00e1neo.<\/li>\n<li><strong>Dispositivo electr\u00f3nico de alarma que contiene (C\/Interfase):<\/strong><\/li>\n<\/ul>\n<ol>\n<li class=\"ql-indent-1\">Dos zonas de alarma temporizadas entrada y salida para sensores de intrusi\u00f3n NC.<\/li>\n<li class=\"ql-indent-1\">Dos zonas de alarma instant\u00e1neas NA.<\/li>\n<li class=\"ql-indent-1\">Zona para bot\u00f3n de p\u00e1nico.<\/li>\n<li class=\"ql-indent-1\">Zona para sensores de humo.<\/li>\n<li class=\"ql-indent-1\">Memoria de alarma en zonas.<\/li>\n<\/ol>\n<ul>\n<li>Rango de operaci\u00f3n -20\u00b0C hasta 120 \u00b0C.<\/li>\n<li>Electr\u00f3nica de estado s\u00f3lido grado militar<\/li>\n<li>Cargador de bater\u00eda de respaldo hasta 40 amp\/hora.<\/li>\n<li>Puerto de alimentaci\u00f3n para panel solar.<\/li>\n<li>Salida para contacto seco para automatizaci\u00f3n.<\/li>\n<li>M\u00e1ximo factor de humedad 72%.<\/li>\n<li>M\u00e1ximo factor de vibraci\u00f3n 12 Hz\/cm.<\/li>\n<li>Inmune a RF.<\/li>\n<li>Frecuencia de operaci\u00f3n de salida: 1Hz.<\/li>\n<li>Su circuito de control de corriente representa la seguridad del intruso sin atenuar la fuerza de rechazo.<\/li>\n<\/ul>\n<p><strong>Par\u00e1metros<\/strong>:<\/p>\n<p><strong>Consumo:<\/strong>\u00a00.3 AMP. 3.6 W\/H.<\/p>\n<p><strong>Tensi\u00f3n de Salida:<\/strong>\u00a01,000 V a 10,000 V Antiplantas.<\/p>\n<p><strong>Fuerza de Pulso:<\/strong>\u00a01.2 a 8 Joules.<\/p>\n<p><strong>Respaldo de Bater\u00eda:<\/strong>\u00a03 d\u00edas con bater\u00eda interna y 30 d\u00edas bater\u00eda externa.<\/p>\n<p><strong>Consumo:<\/strong>\u00a03.5 W en operaci\u00f3n, 4.1 W en alarma + consumo de sirenas<\/p>\n<p><strong>Alcance lineal de alambre<\/strong>: 10,000 metros lineales.<\/p>\n<p><strong>Gasto en consumo de energ\u00eda el\u00e9ctrica aproximado:<\/strong>\u00a0$0.30 USD mensuales = 2.6 kw\/mes.<\/p>\n<p><strong>NOTA:<\/strong><\/p>\n<p><strong>Este producto es de alta frecuencia, al encender el equipo y ajustar el potenci\u00f3metro este estar\u00e1 emitiendo un zumbido durante su funcionamiento, este sonido es de manera normal as\u00ed trabaja el equipo.<\/strong><\/p>\n<p><img decoding=\"async\" class=\"overview-center-img-web\" src=\"https:\/\/tvc.mx\/media\/31600\/paquete-YON1250003.jpg\" alt=\"\" \/><\/div>\n<\/div>\n<div class=\"row aling-items-center padding-bottom-2x\">\n<div class=\"col-lg-12\">\n<h5 class=\"card-title text-center\">Bobina de alambre de aluminio 500 mts.<\/h5>\n<h3 class=\"ql-align-center\"><strong>Bobina de alambre de aluminio de 500 Mts para cercos electricos YONUSA \/ Calibre 16 \/ Resistente a la corrosi\u00f3n<\/strong><\/h3>\n<ul>\n<li>Rollo de 500 metros, cable de aluminio para cercas electrificadas.<\/li>\n<li>Excelente conductor del sistema de Cerca El\u00e9ctrica<\/li>\n<li>Con la misma bobina de alambre podemos realizar los puentes que lleva nuestra instalaci\u00f3n de cerco el\u00e9ctrico.<\/li>\n<\/ul>\n<p><strong>Principales caracter\u00edsticas:<\/strong><\/p>\n<ul>\n<li>Hecho de aleaci\u00f3n de aluminio.<\/li>\n<li>Anti-oxidaci\u00f3n.<\/li>\n<li>Resistente a la corrosi\u00f3n.<\/li>\n<li>Fuerza de extensi\u00f3n: 280 Mpa.<\/li>\n<li>Maleabilidad 15%.<\/li>\n<li>Resistencia: 0.049 ohm \/ mm2.<\/li>\n<li>Di\u00e1metro: 127 mm. (1.25 &#8211; 1.27mm).<\/li>\n<li>Bobina de cable 500 mts.<\/li>\n<li>Especial para cerco el\u00e9ctrico.<\/li>\n<\/ul>\n<p><img decoding=\"async\" class=\"overview-center-img-web\" src=\"https:\/\/tvc.mx\/media\/31601\/paquete-YON1250002-1.jpg\" alt=\"\" \/><\/div>\n<\/div>\n<div class=\"row aling-items-center padding-bottom-2x\">\n<div class=\"col-lg-12\">\n<h5 class=\"card-title text-center\">Bateria de respaldo recargable<\/h5>\n<h3 class=\"ql-align-center\"><strong>Bater\u00eda de respaldo recargable YLI Compatible con equipos MERIK 7511W clave MER349032 y energizadores YONUSA<\/strong><\/h3>\n<p class=\"ql-align-justify\">La bater\u00eda\u00a0<strong>YLI YPB7<\/strong>\u00a0para respaldo ofrece al usuario la comodidad de contar siempre con una alternativa cuando la alimentaci\u00f3n directa de corriente es interrumpida por medios externos o por mantenimientos dentro del \u00e1rea de la instalaci\u00f3n. Esta bater\u00eda cuenta con una alimentaci\u00f3n de\u00a0<strong>12V\u00a0<\/strong>para los dispositivos de control de acceso independientes o paneles de control de acceso.<\/p>\n<p class=\"ql-align-justify\"><strong>Funciones principales:<\/strong><\/p>\n<ul>\n<li>Proveer de corriente a los dispositivos de control de acceso<\/li>\n<li>Bater\u00eda de 12V<\/li>\n<li class=\"ql-align-justify\">F\u00e1cil instalaci\u00f3n<\/li>\n<\/ul>\n<p class=\"ql-align-justify\"><strong>Que necesito para que funcione:<\/strong><\/p>\n<p class=\"ql-align-justify\">Solo se colocan las terminales de positivo y negativo de los paneles de control de acceso en las terminales de la bater\u00eda en + y &#8211; seg\u00fan correspondan para poder tener alimentaci\u00f3n y carga continua en la bater\u00eda.<\/p>\n<p class=\"ql-align-justify\"><strong>Especificaciones:<\/strong><\/p>\n<ul>\n<li>Voltaje nominal: 12V<\/li>\n<li>Bater\u00eda recargable de Plomo-\u00c1cido, sellada (SLA), 12V 4.5Ah.<\/li>\n<li class=\"ql-align-justify\">Tama\u00f1o M\u00e1ximo (L x A x P): 10 cm x 9 cm x 6.7cm.<\/li>\n<\/ul>\n<p><img decoding=\"async\" class=\"overview-center-img-web\" src=\"https:\/\/tvc.mx\/media\/31602\/paquete-YON1250002-2.jpg\" alt=\"\" \/><\/div>\n<\/div>\n<div class=\"row aling-items-center padding-bottom-2x\">\n<div class=\"col-lg-12\">\n<h5 class=\"card-title text-center\">Cable bujia o doble aislado para cercos electricos<\/h5>\n<h3 class=\"ql-align-center\"><strong>Cable bujia o doble aislado para cercos electricos YONUSA \/ MULTIFILAR 22 AWG \/ Bobina de 20 Mts<\/strong><\/h3>\n<p>Estos cables son llamados cables de alta tensi\u00f3n, est\u00e1n dise\u00f1ados para conducir el alto voltaje producido por el electrificador ( hasta 30,000 V). Cuentas con un doble forro de silic\u00f3n aislante, esto para evitar que se formen arcos de voltaje.<\/p>\n<p><strong>Descripci\u00f3n:<\/strong><\/p>\n<ul>\n<li>Conductor de alto voltaje<\/li>\n<li>Cable para cercas el\u00e9ctricas<\/li>\n<li>Aislamiento P.P<\/li>\n<li>Cubierta de PVC retardante a la flama contra los rayos ultra violeta.<\/li>\n<li>Calibre AWG 22<\/li>\n<li>Color blanco<\/li>\n<li>Espesor de aislamiento 3.5mm.<\/li>\n<li>Espesor cubierta 1.04 mm.<\/li>\n<li>Temperatura de aislamiento 70 \u2013 90\u00b0C<\/li>\n<\/ul>\n<p><strong>Se utiliza para:<\/strong><\/p>\n<ul>\n<li class=\"ql-indent-1\">Para el ingreso y retorno de la energ\u00eda el\u00e9ctrica.<\/li>\n<li class=\"ql-indent-1\">Cable aislado especial para cercas el\u00e9ctricas<\/li>\n<li class=\"ql-indent-1\">Doblemente aislado lo que hace mas confiable y seguro para exterior<\/li>\n<\/ul>\n<p><img decoding=\"async\" class=\"overview-center-img-web\" src=\"https:\/\/tvc.mx\/media\/31603\/paquete14.jpg\" alt=\"\" \/><\/div>\n<\/div>\n<div class=\"row aling-items-center padding-bottom-2x\">\n<div class=\"col-lg-12\">\n<h5 class=\"card-title text-center\">Letrero generico de alta tensi\u00f3n<\/h5>\n<h3 class=\"ql-align-center\"><strong>Letrero generico de alta tensi\u00f3n para colocaci\u00f3n en cercas el\u00e9ctricas YONUSA<\/strong><\/h3>\n<p>Letrero el cual indica precauci\u00f3n por alto voltaje que circula por la cerca el\u00e9ctrica.<\/p>\n<p><strong>Funciones<\/strong>:<\/p>\n<ul>\n<li>Estos letreros o avisos de peligro tienen por objetivo prevenir los riesgos potenciales gracias a un s\u00edmbolo explicito para que sea mas que la persona que llegue a acercarse pueda recibir alguna descarga el\u00e9ctrica.<\/li>\n<li>Permite entender de un vistazo el peligro que se presenta.<\/li>\n<li>Pictograma de peligro disponible en 2 versiones: panel r\u00edgido o autoadhesivo.<\/li>\n<\/ul>\n<p><strong>Caracter\u00edsticas:<\/strong><\/p>\n<p>Peso producto: 0.04 kg.<\/p>\n<p>Fabricante: Yonusa.<\/p>\n<p><img decoding=\"async\" class=\"overview-center-img-web\" src=\"https:\/\/tvc.mx\/media\/31604\/paquete-YON1250002-3.jpg\" alt=\"\" \/><\/div>\n<\/div>\n<div class=\"row aling-items-center padding-bottom-2x\">\n<div class=\"col-lg-12\">\n<h5 class=\"card-title text-center\">Sirena Alambrica para Exterior 12 VCD 30W 2 tonos 120 dB<\/h5>\n<h3 class=\"ql-align-center\"><strong>DSC SD30W &#8211; Sirena alambrica para Exterior 12 VCD 30W 2 tonos 120 dB<\/strong><\/h3>\n<p>La sirena SD-30W es una sirena de dos tonos\u00a0(Yelp y Permanente) con 120 Db y 30 W\u00a0para exterior\u00a0con montaje. Est\u00e1 dise\u00f1ada para todo tipo de ambiente\u00a0o tambi\u00e9n es apta para sistemas de incendio\u00a0o cercas el\u00e9ctricas.<\/p>\n<h1><\/h1>\n<p><strong>Especificaciones T\u00e9cnicas<\/strong><\/p>\n<ul>\n<li>Fabricada en pl\u00e1stico ABS<\/li>\n<li>Nivel de sonido: 120db<\/li>\n<li>Tono: Yelp y Permanente<\/li>\n<li>Potencia: 6\u00a0&#8211;\u00a012 DC<\/li>\n<li>Corriente: 1,100ma<\/li>\n<li>Dimensiones: 8\u00bb x 5.5\u00bb x 9\u00bb<\/li>\n<\/ul>\n<p><img decoding=\"async\" class=\"overview-center-img-web\" src=\"https:\/\/tvc.mx\/media\/31605\/paquete-YON1250002-4.jpg\" alt=\"\" \/><\/div>\n<\/div>\n<div class=\"row aling-items-center padding-bottom-2x\">\n<div class=\"col-lg-12\">\n<h5 class=\"card-title text-center\">Gabinete Met\u00e1lico para Sirena Exterior<\/h5>\n<h3 class=\"ql-align-center\"><strong>Gabinete Met\u00e1lico para Sirena Exterior de 30 WATTS<\/strong><\/h3>\n<ul>\n<li class=\"ql-align-justify\">Gabinete met\u00e1lico ideal para albergar una sirena de 30 Watts.<\/li>\n<li class=\"ql-align-justify\">Dise\u00f1ado para brindar mayor seguridad y funcionamiento \u00f3ptimo de los equipos.<\/li>\n<li class=\"ql-align-justify\">Soporta la instalaci\u00f3n de una sirena de 30 watts.<\/li>\n<li class=\"ql-align-justify\">Fabricado en lamina de acero dimensiones 23 x 27 x 17 cm.<\/li>\n<\/ul>\n<p><strong>Beneficios adicionales:<\/strong><\/p>\n<p>Funcionamiento \u00f3ptimo de la sirena.<\/p>\n<p class=\"ql-align-justify\"><strong>Compatibilidad:<\/strong><\/p>\n<p class=\"ql-align-justify\">Sirena SD-30Watts.<\/p>\n<p><strong>Funcionalidad:<\/strong><\/p>\n<p class=\"ql-align-justify\">Permite albergar la sirena, brindando mayor protecci\u00f3n del equipo<\/p>\n<p><strong>Especificaciones T\u00e9cnicas:<\/strong><\/p>\n<ul>\n<li>Tapa exterior desmontable<\/li>\n<li>Material: L\u00e1mina de acero RF cal.22<\/li>\n<li>Color: Gris<\/li>\n<li>Dimensiones: (Alto x Ancho x Profundidad) 23 x 27 x 17 cm.<\/li>\n<\/ul>\n<p class=\"ql-align-justify\"><strong>Notas Adicionales<\/strong>:<\/p>\n<p class=\"ql-align-justify\">Evite instalar el gabinete en lugares que est\u00e9n expuestos a chorros de agua, para mayor seguridad de la sirena.<\/p>\n<p><img decoding=\"async\" class=\"overview-center-img-web\" src=\"https:\/\/tvc.mx\/media\/31606\/paquete-YON1250002-5.jpg\" alt=\"\" \/><\/div>\n<\/div>\n","protected":false},"excerpt":{"rendered":"<p>Descripci\u00f3n del paquete YONUSA PACK127AF YONUSA PACK127AF &#8211; Paquete de energizador de alta frecuencia con interface 10,000 V\/ Sirena y gabinete met\u00e1lico\/ Bobina de alambre 500 mts\/ Bobina cable buj\u00eda\/ bater\u00eda y 5 letreros El paquete incluye lo siguiente: 1 Energizador de alta frecuencia para&hellip;<\/p>\n","protected":false},"featured_media":4332,"comment_status":"open","ping_status":"closed","template":"","meta":{"om_disable_all_campaigns":false,"_monsterinsights_skip_tracking":false,"_monsterinsights_sitenote_active":false,"_monsterinsights_sitenote_note":"","_monsterinsights_sitenote_category":0},"product_brand":[],"product_cat":[314],"product_tag":[212,211,151],"class_list":{"0":"post-4333","1":"product","2":"type-product","3":"status-publish","4":"has-post-thumbnail","6":"product_cat-energizadores","7":"product_tag-alarmas","8":"product_tag-alarmas-e-intrusion","9":"product_tag-seguridad","11":"first","12":"instock","13":"sale","14":"taxable","15":"shipping-taxable","16":"purchasable","17":"product-type-simple"},"aioseo_notices":[],"_links":{"self":[{"href":"https:\/\/tecsecmty.com\/index.php\/wp-json\/wp\/v2\/product\/4333","targetHints":{"allow":["GET"]}}],"collection":[{"href":"https:\/\/tecsecmty.com\/index.php\/wp-json\/wp\/v2\/product"}],"about":[{"href":"https:\/\/tecsecmty.com\/index.php\/wp-json\/wp\/v2\/types\/product"}],"replies":[{"embeddable":true,"href":"https:\/\/tecsecmty.com\/index.php\/wp-json\/wp\/v2\/comments?post=4333"}],"version-history":[{"count":0,"href":"https:\/\/tecsecmty.com\/index.php\/wp-json\/wp\/v2\/product\/4333\/revisions"}],"wp:featuredmedia":[{"embeddable":true,"href":"https:\/\/tecsecmty.com\/index.php\/wp-json\/wp\/v2\/media\/4332"}],"wp:attachment":[{"href":"https:\/\/tecsecmty.com\/index.php\/wp-json\/wp\/v2\/media?parent=4333"}],"wp:term":[{"taxonomy":"product_brand","embeddable":true,"href":"https:\/\/tecsecmty.com\/index.php\/wp-json\/wp\/v2\/product_brand?post=4333"},{"taxonomy":"product_cat","embeddable":true,"href":"https:\/\/tecsecmty.com\/index.php\/wp-json\/wp\/v2\/product_cat?post=4333"},{"taxonomy":"product_tag","embeddable":true,"href":"https:\/\/tecsecmty.com\/index.php\/wp-json\/wp\/v2\/product_tag?post=4333"}],"curies":[{"name":"wp","href":"https:\/\/api.w.org\/{rel}","templated":true}]}}